{"id":198,"date":"2016-02-02T12:04:38","date_gmt":"2016-02-02T11:04:38","guid":{"rendered":"http:\/\/agora.xtec.cat\/ceip-jverdaguer-palleja\/?page_id=198"},"modified":"2021-01-28T14:49:52","modified_gmt":"2021-01-28T13:49:52","slug":"contacte","status":"publish","type":"page","link":"https:\/\/agora.xtec.cat\/ceip-jverdaguer-palleja\/lescola\/contacte\/","title":{"rendered":"Contacte"},"content":{"rendered":"<p><span style=\"font-family: arial, helvetica, sans-serif;\">Ramon Llull,1<\/span><\/p>\n<p><span style=\"font-family: arial, helvetica, sans-serif;\">08780 Pallej\u00e0<\/span><\/p>\n<p><span style=\"font-family: arial, helvetica, sans-serif;\">Barcelona.<\/span><\/p>\n<ul>\n<li>Tel\u00e8fon <strong>93 663 02 74<\/strong>\/ <strong>616 61 32 88<\/strong><\/li>\n<li>Direcci\u00f3 <strong>634 79 08 92<\/strong><\/li>\n<li>Correu electr\u00f2nic de comunicaci\u00f3 amb l&#8217;escola <strong>a8022677@xtec.cat<\/strong><\/li>\n<\/ul>\n<p><iframe loading=\"lazy\" src=\"https:\/\/maps.google.es\/maps\/ms?msid=200302125306167922576.0004b53e9d0a7d3c4b675&amp;msa=0&amp;ie=UTF8&amp;t=h&amp;iwloc=0004b53ea7d1474f83a09&amp;ll=41.421732,1.994684&amp;spn=0.005366,0.011362&amp;output=embed\" width=\"425\" height=\"350\" frameborder=\"0\"><\/iframe><br \/>\n<small>Mostra <a style=\"color: #0000ff; text-align: left;\" href=\"https:\/\/maps.google.es\/maps\/ms?msid=200302125306167922576.0004b53e9d0a7d3c4b675&amp;msa=0&amp;ie=UTF8&amp;t=h&amp;iwloc=0004b53ea7d1474f83a09&amp;ll=41.421732,1.994684&amp;spn=0.005366,0.011362&amp;source=embed\">Escola Jacint verdaguer<\/a> en un mapa m\u00e9s gran<\/small><\/p>\n","protected":false},"excerpt":{"rendered":"<p>Ramon Llull,1 08780 Pallej\u00e0 Barcelona. Tel\u00e8fon 93 663 02 74\/ 616 61 32 88 Direcci\u00f3 634 79 08 92 Correu electr\u00f2nic de comunicaci\u00f3 amb l&#8217;escola a8022677@xtec.cat Mostra Escola Jacint verdaguer en un mapa m\u00e9s gran<\/p>\n","protected":false},"author":1,"featured_media":0,"parent":22,"menu_order":50,"comment_status":"closed","ping_status":"closed","template":"page-templates\/side-menu.php","meta":{"_bbp_topic_count":0,"_bbp_reply_count":0,"_bbp_total_topic_count":0,"_bbp_total_reply_count":0,"_bbp_voice_count":0,"_bbp_anonymous_reply_count":0,"_bbp_topic_count_hidden":0,"_bbp_reply_count_hidden":0,"_bbp_forum_subforum_count":0,"site-sidebar-layout":"default","site-content-layout":"","ast-site-content-layout":"","site-content-style":"default","site-sidebar-style":"default","ast-global-header-display":"","ast-banner-title-visibility":"","ast-main-header-display":"","ast-hfb-above-header-display":"","ast-hfb-below-header-display":"","ast-hfb-mobile-header-display":"","site-post-title":"","ast-breadcrumbs-content":"","ast-featured-img":"","footer-sml-layout":"","theme-transparent-header-meta":"","adv-header-id-meta":"","stick-header-meta":"","header-above-stick-meta":"","header-main-stick-meta":"","header-below-stick-meta":"","astra-migrate-meta-layouts":"default","ast-page-background-enabled":"default","ast-page-background-meta":{"desktop":{"background-color":"var(--ast-global-color-4)","background-image":"","background-repeat":"repeat","background-position":"center center","background-size":"auto","background-attachment":"scroll","background-type":"","background-media":"","overlay-type":"","overlay-color":"","overlay-opacity":"","overlay-gradient":""},"tablet":{"background-color":"","background-image":"","background-repeat":"repeat","background-position":"center center","background-size":"auto","background-attachment":"scroll","background-type":"","background-media":"","overlay-type":"","overlay-color":"","overlay-opacity":"","overlay-gradient":""},"mobile":{"background-color":"","background-image":"","background-repeat":"repeat","background-position":"center center","background-size":"auto","background-attachment":"scroll","background-type":"","background-media":"","overlay-type":"","overlay-color":"","overlay-opacity":"","overlay-gradient":""}},"ast-content-background-meta":{"desktop":{"background-color":"var(--ast-global-color-5)","background-image":"","background-repeat":"repeat","background-position":"center center","background-size":"auto","background-attachment":"scroll","background-type":"","background-media":"","overlay-type":"","overlay-color":"","overlay-opacity":"","overlay-gradient":""},"tablet":{"background-color":"var(--ast-global-color-5)","background-image":"","background-repeat":"repeat","background-position":"center center","background-size":"auto","background-attachment":"scroll","background-type":"","background-media":"","overlay-type":"","overlay-color":"","overlay-opacity":"","overlay-gradient":""},"mobile":{"background-color":"var(--ast-global-color-5)","background-image":"","background-repeat":"repeat","background-position":"center center","background-size":"auto","background-attachment":"scroll","background-type":"","background-media":"","overlay-type":"","overlay-color":"","overlay-opacity":"","overlay-gradient":""}},"footnotes":""},"class_list":["post-198","page","type-page","status-publish","hentry"],"post_mailing_queue_ids":[],"_links":{"self":[{"href":"https:\/\/agora.xtec.cat\/ceip-jverdaguer-palleja\/wp-json\/wp\/v2\/pages\/198","targetHints":{"allow":["GET"]}}],"collection":[{"href":"https:\/\/agora.xtec.cat\/ceip-jverdaguer-palleja\/wp-json\/wp\/v2\/pages"}],"about":[{"href":"https:\/\/agora.xtec.cat\/ceip-jverdaguer-palleja\/wp-json\/wp\/v2\/types\/page"}],"author":[{"embeddable":true,"href":"https:\/\/agora.xtec.cat\/ceip-jverdaguer-palleja\/wp-json\/wp\/v2\/users\/1"}],"replies":[{"embeddable":true,"href":"https:\/\/agora.xtec.cat\/ceip-jverdaguer-palleja\/wp-json\/wp\/v2\/comments?post=198"}],"version-history":[{"count":3,"href":"https:\/\/agora.xtec.cat\/ceip-jverdaguer-palleja\/wp-json\/wp\/v2\/pages\/198\/revisions"}],"predecessor-version":[{"id":2369,"href":"https:\/\/agora.xtec.cat\/ceip-jverdaguer-palleja\/wp-json\/wp\/v2\/pages\/198\/revisions\/2369"}],"up":[{"embeddable":true,"href":"https:\/\/agora.xtec.cat\/ceip-jverdaguer-palleja\/wp-json\/wp\/v2\/pages\/22"}],"wp:attachment":[{"href":"https:\/\/agora.xtec.cat\/ceip-jverdaguer-palleja\/wp-json\/wp\/v2\/media?parent=198"}],"curies":[{"name":"wp","href":"https:\/\/api.w.org\/{rel}","templated":true}]}}