{"id":71,"date":"2014-09-18T12:44:56","date_gmt":"2014-09-18T11:44:56","guid":{"rendered":"http:\/\/agora.xtec.cat\/ceip-juncadella\/?page_id=71"},"modified":"2023-04-26T16:07:10","modified_gmt":"2023-04-26T14:07:10","slug":"serveis-digitals","status":"publish","type":"page","link":"https:\/\/agora.xtec.cat\/ceip-juncadella\/serveis\/serveis-digitals\/","title":{"rendered":"Serveis digitals"},"content":{"rendered":"<p>L&#8217;Escola Juncadella utilitza l&#8217;aplicaci\u00f3 <strong>TokApp School<\/strong> per enviar notificacions, autoritzacions, informacions importants i per fer pagaments.<\/p>\n<p><a href=\"https:\/\/agora.xtec.cat\/ceip-juncadella\/serveis\/serveis-digitals\/attachment\/tokapp-school-logo\/\" rel=\"attachment wp-att-827\"><img loading=\"lazy\" decoding=\"async\" class=\"aligncenter size-medium wp-image-827\" src=\"https:\/\/agora.xtec.cat\/ceip-juncadella\/wp-content\/uploads\/usu2423\/2023\/04\/TokApp-School-logo-300x117.png\" alt=\"\" width=\"300\" height=\"117\" srcset=\"https:\/\/agora.xtec.cat\/ceip-juncadella\/wp-content\/uploads\/usu2423\/2023\/04\/TokApp-School-logo-300x117.png 300w, https:\/\/agora.xtec.cat\/ceip-juncadella\/wp-content\/uploads\/usu2423\/2023\/04\/TokApp-School-logo-768x300.png 768w, https:\/\/agora.xtec.cat\/ceip-juncadella\/wp-content\/uploads\/usu2423\/2023\/04\/TokApp-School-logo.png 1024w\" sizes=\"auto, (max-width: 300px) 100vw, 300px\" \/><\/a><\/p>\n<p>Qu\u00e8 heu de fer per poder-ne fer \u00fas?<\/p>\n<ol>\n<li>Entreu a la botiga App Store, Google Play Store del\u00a0 vostre tel\u00e8fon o tauleta<\/li>\n<li>Cerqueu l\u2019aplicaci\u00f3 de Tokapp \u00a0School<\/li>\n<li>Descarregueu-vos l\u2019app de Tokapp School<\/li>\n<li>Registreu-vos i faciliteu el vostre n\u00famero de tel\u00e8fon i el vostre correu electr\u00f2nic a l\u2019organitzaci\u00f3<\/li>\n<\/ol>\n<p>Per a qualsevol dubte o consulta, contacteu amb el servei t\u00e8cnic de TokApp School.<\/p>\n<ul>\n<li>Tel\u00e8fon.: 917 372 901<\/li>\n<li>Web:\u00a0<a href=\"http:\/\/www.tokappschool.com\/Ayuda\">http:\/\/www.tokappschool.com\/Ayuda<\/a><\/li>\n<\/ul>\n","protected":false},"excerpt":{"rendered":"<p>L&#8217;Escola Juncadella utilitza l&#8217;aplicaci\u00f3 TokApp School per enviar notificacions, autoritzacions, informacions importants i per fer pagaments.<br \/>\n<a href=\"https:\/\/agora.xtec.cat\/ceip-juncadella\/serveis\/serveis-digitals\/attachment\/tokapp-school-logo\/\" rel=\"attachment wp-att-827\"><\/a><br \/>\nQu\u00e8 heu de fer per poder-ne fer \u00fas?<\/p>\n<ol>\n<li>Entreu a la botiga App Store, Google Play Store del\u00a0 vostre tel\u00e8fon o tauleta<\/li>\n<li>Cerqueu l\u2019aplicaci\u00f3 de Tokapp \u00a0School<\/li>\n<li>Descarregueu-vos l\u2019app de&hellip;  <a href=\"https:\/\/agora.xtec.cat\/ceip-juncadella\/serveis\/serveis-digitals\/\" title=\"Read Serveis digitals\">Llegeix m\u00e9s\u00bb<\/a><br \/>\n","protected":false},"author":1,"featured_media":0,"parent":66,"menu_order":10,"comment_status":"closed","ping_status":"closed","template":"page-templates\/side-menu.php","meta":{"_bbp_topic_count":0,"_bbp_reply_count":0,"_bbp_total_topic_count":0,"_bbp_total_reply_count":0,"_bbp_voice_count":0,"_bbp_anonymous_reply_count":0,"_bbp_topic_count_hidden":0,"_bbp_reply_count_hidden":0,"_bbp_forum_subforum_count":0,"footnotes":""},"class_list":["post-71","page","type-page","status-publish","hentry"],"post_mailing_queue_ids":[],"_links":{"self":[{"href":"https:\/\/agora.xtec.cat\/ceip-juncadella\/wp-json\/wp\/v2\/pages\/71","targetHints":{"allow":["GET"]}}],"collection":[{"href":"https:\/\/agora.xtec.cat\/ceip-juncadella\/wp-json\/wp\/v2\/pages"}],"about":[{"href":"https:\/\/agora.xtec.cat\/ceip-juncadella\/wp-json\/wp\/v2\/types\/page"}],"author":[{"embeddable":true,"href":"https:\/\/agora.xtec.cat\/ceip-juncadella\/wp-json\/wp\/v2\/users\/1"}],"replies":[{"embeddable":true,"href":"https:\/\/agora.xtec.cat\/ceip-juncadella\/wp-json\/wp\/v2\/comments?post=71"}],"version-history":[{"count":3,"href":"https:\/\/agora.xtec.cat\/ceip-juncadella\/wp-json\/wp\/v2\/pages\/71\/revisions"}],"predecessor-version":[{"id":829,"href":"https:\/\/agora.xtec.cat\/ceip-juncadella\/wp-json\/wp\/v2\/pages\/71\/revisions\/829"}],"up":[{"embeddable":true,"href":"https:\/\/agora.xtec.cat\/ceip-juncadella\/wp-json\/wp\/v2\/pages\/66"}],"wp:attachment":[{"href":"https:\/\/agora.xtec.cat\/ceip-juncadella\/wp-json\/wp\/v2\/media?parent=71"}],"curies":[{"name":"wp","href":"https:\/\/api.w.org\/{rel}","templated":true}]}}