{"id":638,"date":"2022-02-16T12:37:19","date_gmt":"2022-02-16T11:37:19","guid":{"rendered":"https:\/\/agora.xtec.cat\/ceip-juncadella\/?page_id=638"},"modified":"2026-04-29T10:14:02","modified_gmt":"2026-04-29T08:14:02","slug":"preinscripcio-i-jornada-de-portes-obertes","status":"publish","type":"page","link":"https:\/\/agora.xtec.cat\/ceip-juncadella\/lescola\/preinscripcio-i-jornada-de-portes-obertes\/","title":{"rendered":"Preinscripci\u00f3 i Matr\u00edcula"},"content":{"rendered":"<h2 style=\"text-align: center;\"><strong>CURS 2026\/27<\/strong><\/h2>\n<p><em><strong>Preinscripci\u00f3 2026\/27:<\/strong> Educaci\u00f3 infantil de segon cicle i educaci\u00f3 prim\u00e0ria del 4 al 18 de mar\u00e7 de 2026.<\/em><\/p>\n<p><a href=\"https:\/\/agora.xtec.cat\/ceip-juncadella\/general\/jornada-de-portes-obertes-2026\/attachment\/portes-obertes-3\/\" rel=\"attachment wp-att-1227\"><img loading=\"lazy\" decoding=\"async\" class=\"aligncenter wp-image-1227\" src=\"https:\/\/agora.xtec.cat\/ceip-juncadella\/wp-content\/uploads\/usu2423\/2026\/01\/portes-obertes-724x1024.png\" alt=\"\" width=\"261\" height=\"369\" srcset=\"https:\/\/agora.xtec.cat\/ceip-juncadella\/wp-content\/uploads\/usu2423\/2026\/01\/portes-obertes-724x1024.png 724w, https:\/\/agora.xtec.cat\/ceip-juncadella\/wp-content\/uploads\/usu2423\/2026\/01\/portes-obertes-212x300.png 212w, https:\/\/agora.xtec.cat\/ceip-juncadella\/wp-content\/uploads\/usu2423\/2026\/01\/portes-obertes-768x1086.png 768w, https:\/\/agora.xtec.cat\/ceip-juncadella\/wp-content\/uploads\/usu2423\/2026\/01\/portes-obertes-1086x1536.png 1086w, https:\/\/agora.xtec.cat\/ceip-juncadella\/wp-content\/uploads\/usu2423\/2026\/01\/portes-obertes-1448x2048.png 1448w, https:\/\/agora.xtec.cat\/ceip-juncadella\/wp-content\/uploads\/usu2423\/2026\/01\/portes-obertes.png 1587w\" sizes=\"auto, (max-width: 261px) 100vw, 261px\" \/><\/a><\/p>\n<p><strong><a href=\"https:\/\/forms.gle\/thmXLUFD7UXHmgSs5\">Formulari:<\/a><\/strong> <span class=\"a_GcMg font-feature-liga-off font-feature-clig-off font-feature-calt-off text-decoration-none text-strikethrough-none\">Omplint el seg\u00fcent formulari, les fam\u00edlies podran facilitar la seva informaci\u00f3 a l\u2019escola per tal d\u2019establir canals de comunicaci\u00f3 i rebre la informaci\u00f3 necess\u00e0ria sobre el proc\u00e9s de preinscripci\u00f3, aix\u00ed com permetre fer una previsi\u00f3 d&#8217;assist\u00e8ncia a la Jornada de Portes Obertes.<\/span><\/p>\n<p>&nbsp;<\/p>\n<h3 style=\"text-align: center;\"><span style=\"text-decoration: underline;\">PREINSCRIPCI\u00d3 2026\/2027<\/span><\/h3>\n<p>&nbsp;<\/p>\n<h4 style=\"text-align: center;\">\u00a0 \u00a0C<strong>ALENDARI DEL PROC\u00c9S<\/strong><\/h4>\n<table class=\" aligncenter\" style=\"border-collapse: collapse; width: 66.3622%; height: 448px;\">\n<tbody>\n<tr style=\"height: 32px;\">\n<td style=\"width: 37.3984%; height: 32px;\">Difusi\u00f3 de l&#8217;oferta inicial<\/td>\n<td style=\"width: 15.4994%; height: 32px;\"><a href=\"https:\/\/drive.google.com\/file\/d\/1BWPXL1n47F0pr0GisAYUiw7pfdFC83vl\/view?usp=sharing\">3 de mar\u00e7<\/a><\/td>\n<\/tr>\n<tr style=\"height: 96px;\">\n<td style=\"width: 37.3984%; height: 96px;\"><strong>Presentaci\u00f3 de sol\u00b7licituds<\/strong><\/p>\n<p>Presentaci\u00f3 de documentaci\u00f3 complement\u00e0ria (si \u00e9s el cas)<\/td>\n<td style=\"width: 15.4994%; height: 96px;\"><a href=\"https:\/\/tramits.gencat.cat\/ca\/tramits\/tramits-temes\/perinscripcio-obligatoris?&amp;moda=1\"><strong>del 4 al 18 de mar\u00e7<\/strong><\/a><\/p>\n<p>fins al 19 de mar\u00e7<\/td>\n<\/tr>\n<tr style=\"height: 96px;\">\n<td style=\"width: 37.3984%; height: 96px;\"><strong>Publicaci\u00f3 llistes amb puntuaci\u00f3 provisional<\/strong><\/p>\n<p>Reclamacions a la puntuaci\u00f3 provisional<\/td>\n<td style=\"width: 15.4994%; height: 96px;\"><a href=\"https:\/\/drive.google.com\/file\/d\/1O7Jh1Nwz1bw69yxezUbgGaj4DUNot3EK\/view?usp=sharing\"><strong>15 d&#8217;abril<\/strong><\/a><\/p>\n<p>del 15 al 20 d&#8217;abril<\/td>\n<\/tr>\n<tr style=\"height: 32px;\">\n<td style=\"width: 37.3984%; height: 32px;\">Publicaci\u00f3 llistes amb puntuaci\u00f3 definitiva<\/td>\n<td style=\"width: 15.4994%; height: 32px;\"><strong><a href=\"https:\/\/drive.google.com\/file\/d\/1Qdqk5qTT-U7iJPWD17Wz_qpBxAz1hhrO\/view?usp=drive_link\">23 d&#8217;abril<\/a><\/strong><\/td>\n<\/tr>\n<tr style=\"height: 32px;\">\n<td style=\"width: 37.3984%; height: 32px;\">Sorteig del n\u00famero de desempat<\/td>\n<td style=\"width: 15.4994%; height: 32px;\"><a href=\"https:\/\/drive.google.com\/file\/d\/1IClZjT_Uk81W4keQ-PTWedx4f63zlZWV\/view?usp=drive_link\">28 d&#8217;abril<\/a><\/td>\n<\/tr>\n<tr style=\"height: 32px;\">\n<td style=\"width: 37.3984%; height: 32px;\"><strong>Publicaci\u00f3 de llistes ordenades definitives<\/strong><\/td>\n<td style=\"width: 15.4994%; height: 32px;\"><a href=\"https:\/\/drive.google.com\/file\/d\/1DHEK0Uh52IDjGgFZD9Uo650-c4id5zz3\/view?usp=drive_link\"><strong>29 d&#8217;abril<\/strong><\/a><\/td>\n<\/tr>\n<tr style=\"height: 32px;\">\n<td style=\"width: 37.3984%; height: 32px;\">Difusi\u00f3 de l&#8217;oferta final<\/td>\n<td style=\"width: 15.4994%; height: 32px;\">10 de juny<\/td>\n<\/tr>\n<tr style=\"height: 32px;\">\n<td style=\"width: 37.3984%; height: 32px;\"><strong>Publicaci\u00f3 llistes d&#8217;admesos i llista d&#8217;espera<\/strong><\/td>\n<td style=\"width: 15.4994%; height: 32px;\"><strong>10 de juny<\/strong><\/td>\n<\/tr>\n<tr style=\"height: 32px;\">\n<td style=\"width: 37.3984%; height: 32px;\"><strong>Matr\u00edcula<\/strong><\/td>\n<td style=\"width: 15.4994%; height: 32px;\"><strong>del 22 al 30 de juny<\/strong><\/td>\n<\/tr>\n<tr style=\"height: 32px;\">\n<td style=\"width: 37.3984%; height: 32px;\">Llistes d&#8217;alumnes matriculats procedents de preinscripci\u00f3 i nova admissi\u00f3<\/td>\n<td style=\"width: 15.4994%; height: 32px;\">30 de setembre<\/td>\n<\/tr>\n<\/tbody>\n<\/table>\n<p>&nbsp;<\/p>\n<p style=\"text-align: center;\"><span style=\"font-family: inherit; font-size: 1em;\">Podeu trobar tota la informaci\u00f3 del Departament d&#8217;Educaci\u00f3 i Formaci\u00f3 Professional en aquest enlla\u00e7 del <\/span><a style=\"font-family: inherit; font-size: 1em;\" href=\"https:\/\/preinscripcio.gencat.cat\/ca\/estudis\/infantil-3-6\/inici\/index.html\">proc\u00e9s telem\u00e0tic<\/a>. <span style=\"text-decoration: underline;\">No hi ha la possibilitat de fer-la en suport paper.<\/span><\/p>\n<p style=\"text-align: center;\"><span style=\"font-family: inherit; font-size: 1em;\">Si necessiteu un cop de m\u00e0 per presentar la sol\u00b7licitud, <span style=\"text-decoration: underline;\">podeu demanar cita pr\u00e8via mitjan\u00e7ant al correu electr\u00f2nic de l&#8217;escola<\/span>: <strong>b7003781@xtec.cat<\/strong><\/span><\/p>\n<h3><\/h3>\n<h3>\u00a0 <strong>INFORMACIONS I\/O RECOMANACIONS:<\/strong><\/h3>\n<ul>\n<li><strong>Preparar la documentaci\u00f3 per si cal adjuntar-la a la sol\u00b7licitud.<\/strong> \u00a0 \u00a0 <a style=\"color: #2795b6;\" href=\"https:\/\/youtu.be\/kAm26LWm51U?si=GsxrHMmzLYpuWjCn\">https:\/\/youtu.be\/kAm26LWm51U?si=GsxrHMmzLYpuWjCn<\/a>\n<ol>\n<li>Fes les fotografies de les p\u00e0gines del\u00a0<strong>llibre de fam\u00edlia<\/strong> on consten les dades d&#8217;inscripci\u00f3 <span style=\"text-decoration: underline;\">vostres com a tutors i la del vostre fill\/a<\/span> i, tamb\u00e9 la del <strong>DNI\/NIE\/PASSAPORT dels tutors de\u00a0 l&#8217;infant <\/strong>(tant per davant com per darrera).\u00a0 <img loading=\"lazy\" decoding=\"async\" class=\"aligncenter\" src=\"https:\/\/agora.xtec.cat\/ceipestalella\/wp-content\/uploads\/usu318\/2022\/03\/foto-5.jpg\" alt=\"\" width=\"746\" height=\"274\" \/><\/li>\n<li>Aquests documents els heu de tenir disponibles en el dispositiu que utilitzareu per omplir el formulari, ja sigui un ordinador, una tauleta o un tel\u00e8fon intel\u00b7ligent.<\/li>\n<li>El codi d&#8217;aquest centre \u00e9s 17003781.<\/li>\n<li>Cenyiu-vos al calendari establert, lliurar la sol\u00b7licitud i\/o la documentaci\u00f3 fora de termini, US FA PERDRE TOTS ELS DRETS D&#8217;ADSCRIPCI\u00d3.<\/li>\n<\/ol>\n<\/li>\n<\/ul>\n<h3><\/h3>\n<h3 style=\"text-align: center;\"><strong>PROCEDIMENT PER TAL DE FER LA PREINSCRIPCI\u00d3<\/strong><\/h3>\n<p>&nbsp;<\/p>\n<ul>\n<li><strong>Sol\u00b7licitud de preinscripci\u00f3 d&#8217;Educaci\u00f3 Infantil i\/o Prim\u00e0ria (si s&#8217;escau) :<\/strong> <a href=\"https:\/\/preinscripcio.gencat.cat\/ca\/estudis\/infantil-3-6\/preinscriute\/sollicitud\/\">https:\/\/preinscripcio.gencat.cat\/ca\/estudis\/infantil-3-6\/preinscriute\/sollicitud\/<\/a><\/li>\n<li><strong>Anar a: Presenta la sol\u00b7licitud de preinscripci\u00f3 i <a href=\"https:\/\/educacio.gencat.cat\/ca\/tramits\/tramits-temes\/20483-obligatoris?moda=1#modal_internet\">clica inicia<\/a><\/strong><a href=\"https:\/\/agora.xtec.cat\/ceip-juncadella\/lescola\/preinscripcio-i-jornada-de-portes-obertes\/attachment\/captura\/\" rel=\"attachment wp-att-956\"><br \/>\n<img loading=\"lazy\" decoding=\"async\" class=\"aligncenter wp-image-956\" src=\"https:\/\/agora.xtec.cat\/ceip-juncadella\/wp-content\/uploads\/usu2423\/2024\/02\/Captura-300x127.png\" alt=\"\" width=\"361\" height=\"153\" srcset=\"https:\/\/agora.xtec.cat\/ceip-juncadella\/wp-content\/uploads\/usu2423\/2024\/02\/Captura-300x127.png 300w, https:\/\/agora.xtec.cat\/ceip-juncadella\/wp-content\/uploads\/usu2423\/2024\/02\/Captura-1024x433.png 1024w, https:\/\/agora.xtec.cat\/ceip-juncadella\/wp-content\/uploads\/usu2423\/2024\/02\/Captura-768x325.png 768w, https:\/\/agora.xtec.cat\/ceip-juncadella\/wp-content\/uploads\/usu2423\/2024\/02\/Captura.png 1225w\" sizes=\"auto, (max-width: 361px) 100vw, 361px\" \/><\/a><\/li>\n<li><strong>Triar l&#8217;opci\u00f3 segons:\u00a0<\/strong>\n<ul>\n<li style=\"list-style-type: none;\">\n<ul>\n<li><strong>SOL\u00b7LICITUD ELECTR\u00d2NICA\u00a0<\/strong>(necessiteu l&#8217;identificador digital: certificat digital, DNI electr\u00f2nic, Cl<span class=\"\">@VE, IdCAT&#8230;.. (si no se&#8217;n disposa es pot demanar un a l&#8217;<a href=\"https:\/\/www.idcatmobil.cat\/\">idCAT M\u00f2bil <\/a><\/span>omplint el formulari.<\/li>\n<li><strong>SOL\u00b7LICITUD EN SUPORT INFORM\u00c0TIC <\/strong>(sense identificador digital)En ambd\u00f3s casos s\u2019haur\u00e0 d\u2019entrar a la web del Departament:\u00a0<a href=\"https:\/\/preinscripcio.gencat.cat\/ca\/estudis\/infantil-3-6\/inici\/\">https:\/\/preinscripcio.gencat.cat\/ca\/inici\/<\/a>\u00a0, identificar-se i seguir les instruccions de la mateixa p\u00e0gina i adjuntar la documentaci\u00f3 (escanejada o fotografiada) que us demani.Per a les sol\u00b7licitud de preinscripci\u00f3 (d\u2019alumnes que ja han estat escolaritzats a Catalunya) caldr\u00e0 introduir el n\u00famero d\u2019identificaci\u00f3 de l\u2019alumne\/a proporcionat per l&#8217;escola anterior\u00a0 \u00a0 \u00a0 \u00a0 \u00a0\u00a0 i\/o llar d&#8217;infants.<br \/>\n<h3><\/h3>\n<h3><\/h3>\n<h3><strong>BAREMACI\u00d3 (puntuacions extres)<\/strong><\/h3>\n<p><strong>\u00a0<\/strong>Per tal de baremar les sol\u00b7licituds de preinscripci\u00f3 es tindran en compte els criteris seg\u00fcents:<\/li>\n<li><strong>CRITERIS GENERALS DE PRIORITAT<\/strong><br \/>\n<table width=\"601\">\n<tbody>\n<tr>\n<td width=\"516\">Exist\u00e8ncia de\u00a0<strong>germans<\/strong>\u00a0escolaritzats al centre demanat en primera opci\u00f3 en el moment de presentar la sol\u00b7licitud de preinscripci\u00f3.<\/td>\n<td width=\"85\">50 punts<\/td>\n<\/tr>\n<tr>\n<td width=\"516\"><strong>Proximitat<\/strong>\u00a0del domicili habitual al centre o, si s\u2019escau, proximitat del lloc de treball de, com a m\u00ednim, un responsables de l\u2019alumne.<\/p>\n<p>\u2013 Quan el domicili habitual es troba <span style=\"text-decoration: underline;\">dins la zona educativa<\/span> (La Cellera de Ter)<\/p>\n<p>\u2013 Quan, a inst\u00e0ncia de la persona sol\u00b7licitant es prengui en consideraci\u00f3, en comptes del domicili habitual, l\u2019adre\u00e7a del lloc de treball d\u2019un d\u2019ells, i aquest \u00e9s dins del municipi del centre<\/p>\n<p>NO ES POT ACUMULAR M\u00c9S D\u2019UNA PUNTUACI\u00d3 (no compte viure i treballar)<\/td>\n<td width=\"85\">30 punts<\/p>\n<p>&nbsp;<\/p>\n<p>20 punts<\/td>\n<\/tr>\n<tr>\n<td width=\"516\"><strong>Renda<\/strong>\u00a0per c\u00e0pita de la unitat familiar. Quan, com a m\u00ednim, un responsable siguin beneficiaris de l\u2019ajut de la renda m\u00ednima d\u2019inserci\u00f3, calculat en funci\u00f3 dels fills a c\u00e0rrec de la persona perceptora:<\/td>\n<td width=\"85\">&nbsp;<\/p>\n<p>15 punts<\/td>\n<\/tr>\n<\/tbody>\n<\/table>\n<p style=\"text-align: left;\"><strong>IMPORTANT<\/strong><\/p>\n<p><strong>Quan al criteri de proximitat al centre, totes les fam\u00edlies que visquin a La Cellera de Ter,\u00a0<span style=\"text-decoration: underline;\">han de marcar la casella de \u201cZona educativa\u201d<\/span> i <\/strong>NO\u00a0la de \u201cMateix municipi\u201d ja que dona menys puntuaci\u00f3.<\/li>\n<li><strong>CRITERIS COMPLEMENTARIS DE PRIORITAT (nom\u00e9s es tindran en compte en cas d\u2019empat dels criteris generals).<\/strong><br \/>\n<table width=\"602\">\n<tbody>\n<tr>\n<td><strong>Discapacitat<\/strong>\u00a0en l\u2019alumne\/a, el pare, la mare o els germans (quan l\u2019alumne\/a, el pare, la mare, el tutor o la tutora, un germ\u00e0 o una germana de l\u2019alumne\/a acreditin discapacitat igual o superior al 33%)<\/td>\n<td>15 punts<\/td>\n<\/tr>\n<tr>\n<td width=\"517\">Quan el pare, mare, tutor o tutora legal treball en el centre on se presenta la preinscripci\u00f3 en el moment de presentar-la.<\/td>\n<td width=\"85\">10 punts<\/td>\n<\/tr>\n<tr>\n<td width=\"517\">Pel fet de formar part d\u2019una fam\u00edlia nombrosa<\/td>\n<td width=\"85\">10 punts<\/td>\n<\/tr>\n<tr>\n<td width=\"517\">Pel fet de formar part d\u2019una fam\u00edlia monoparental<\/td>\n<td width=\"85\">10 punts<\/td>\n<\/tr>\n<tr>\n<td width=\"517\">Quan l\u2019alumne o alumna hagi nascut en un part m\u00faltiple<\/td>\n<td width=\"85\">10 punts<\/td>\n<\/tr>\n<tr>\n<td>Pel fet que l\u2019alumne\/a es trobi en situaci\u00f3 d\u2019acolliment familiar.<\/td>\n<td>10 punts<\/td>\n<\/tr>\n<tr>\n<td width=\"517\">Quan s\u2019acrediti la condici\u00f3 de v\u00edctima de g\u00e8nere o terrorisme.<\/td>\n<td width=\"85\">10 punts<\/td>\n<\/tr>\n<\/tbody>\n<\/table>\n<h4>EN CAS DE VOLER FER UNA PETICI\u00d3 DE PLA\u00c7A AL CENTRE, UN COP ACABAT EL TERMINI, S\u2019HAUR\u00c0 DE FER DES L&#8217;ENLLA\u00c7 SEG\u00dcENT:\u00a0 <a href=\"https:\/\/educacio.gencat.cat\/ca\/tramits\/tramits-temes\/admissio-centre-fora-proces-preinscripcio?category=74447ed8-a82c-11e3-a972-000c29052e2c\" target=\"_blank\" rel=\"noopener\">https:\/\/educacio.gencat.cat\/ca\/tramits\/tramits-temes\/admissio-centre-fora-proces-preinscripcio?category=74447ed8-a82c-11e3-a972-000c29052e2c<\/a><\/h4>\n<\/li>\n<\/ul>\n<\/li>\n<\/ul>\n<\/li>\n<\/ul>\n","protected":false},"excerpt":{"rendered":"<p>CURS 2026\/27<br \/>\nPreinscripci\u00f3 2026\/27: Educaci\u00f3 infantil de segon cicle i educaci\u00f3 prim\u00e0ria del 4 al 18 de mar\u00e7 de 2026.<br \/>\n<a href=\"https:\/\/agora.xtec.cat\/ceip-juncadella\/general\/jornada-de-portes-obertes-2026\/attachment\/portes-obertes-3\/\" rel=\"attachment wp-att-1227\"><\/a><br \/>\n<a href=\"https:\/\/forms.gle\/thmXLUFD7UXHmgSs5\">Formulari:<\/a> Omplint el seg\u00fcent formulari, les fam\u00edlies podran facilitar la seva informaci\u00f3 a l\u2019escola per tal d\u2019establir canals de comunicaci\u00f3 i rebre la&hellip;  <a href=\"https:\/\/agora.xtec.cat\/ceip-juncadella\/lescola\/preinscripcio-i-jornada-de-portes-obertes\/\" title=\"Read Preinscripci\u00f3 i Matr\u00edcula\">Llegeix m\u00e9s\u00bb<\/a><\/p>\n","protected":false},"author":1,"featured_media":0,"parent":22,"menu_order":0,"comment_status":"closed","ping_status":"closed","template":"page-templates\/side-menu.php","meta":{"_bbp_topic_count":0,"_bbp_reply_count":0,"_bbp_total_topic_count":0,"_bbp_total_reply_count":0,"_bbp_voice_count":0,"_bbp_anonymous_reply_count":0,"_bbp_topic_count_hidden":0,"_bbp_reply_count_hidden":0,"_bbp_forum_subforum_count":0,"footnotes":""},"class_list":["post-638","page","type-page","status-publish","hentry"],"post_mailing_queue_ids":[],"_links":{"self":[{"href":"https:\/\/agora.xtec.cat\/ceip-juncadella\/wp-json\/wp\/v2\/pages\/638","targetHints":{"allow":["GET"]}}],"collection":[{"href":"https:\/\/agora.xtec.cat\/ceip-juncadella\/wp-json\/wp\/v2\/pages"}],"about":[{"href":"https:\/\/agora.xtec.cat\/ceip-juncadella\/wp-json\/wp\/v2\/types\/page"}],"author":[{"embeddable":true,"href":"https:\/\/agora.xtec.cat\/ceip-juncadella\/wp-json\/wp\/v2\/users\/1"}],"replies":[{"embeddable":true,"href":"https:\/\/agora.xtec.cat\/ceip-juncadella\/wp-json\/wp\/v2\/comments?post=638"}],"version-history":[{"count":7,"href":"https:\/\/agora.xtec.cat\/ceip-juncadella\/wp-json\/wp\/v2\/pages\/638\/revisions"}],"predecessor-version":[{"id":1253,"href":"https:\/\/agora.xtec.cat\/ceip-juncadella\/wp-json\/wp\/v2\/pages\/638\/revisions\/1253"}],"up":[{"embeddable":true,"href":"https:\/\/agora.xtec.cat\/ceip-juncadella\/wp-json\/wp\/v2\/pages\/22"}],"wp:attachment":[{"href":"https:\/\/agora.xtec.cat\/ceip-juncadella\/wp-json\/wp\/v2\/media?parent=638"}],"curies":[{"name":"wp","href":"https:\/\/api.w.org\/{rel}","templated":true}]}}