{"id":28,"date":"2014-09-18T12:29:35","date_gmt":"2014-09-18T11:29:35","guid":{"rendered":"http:\/\/agora.xtec.cat\/ceip-juncadella\/?page_id=28"},"modified":"2025-12-04T10:49:48","modified_gmt":"2025-12-04T09:49:48","slug":"consell-escolar","status":"publish","type":"page","link":"https:\/\/agora.xtec.cat\/ceip-juncadella\/lescola\/consell-escolar\/","title":{"rendered":"Consell escolar"},"content":{"rendered":"<div dir=\"ltr\">\n<div style=\"display: block; text-align: center; margin-right: auto; margin-left: auto;\"><\/div>\n<\/div>\n<div dir=\"ltr\">\n<div style=\"text-align: left; display: block; margin-right: auto; margin-left: auto;\">\n<p><a href=\"https:\/\/drive.google.com\/drive\/folders\/1CymSPQVtZ9lk1WNQEZdmLpvO3RrQ7Wma?usp=sharing\"><span style=\"text-decoration: underline;\"><strong><span style=\"color: #222222; background-color: transparent; vertical-align: baseline; white-space: pre-wrap;\"><span style=\"font-family: verdana, sans-serif; font-size: medium;\"><b>ACORDS CONSELL ESCOLAR curs 2025-26<\/b><\/span><\/span><\/strong><\/span><\/a><\/p>\n<p>El consell escolar del centre \u00e9s l&#8217;<strong>\u00f2rgan col\u00b7legiat de participaci\u00f3<\/strong>\u00a0de la comunitat escolar en el govern del centre. En el consell escolar hi ha representats tots els col\u00b7lectius que intervenen en la comunitat educativa: director, professorat, alumnat, personal d&#8217;administraci\u00f3 i serveis, etc.<\/p>\n<p>En els centres p\u00fablics, la funci\u00f3 principal del consell escolar \u00e9s participar en la presa de decisions en relaci\u00f3 amb aquells temes importants per al funcionament i l&#8217;organitzaci\u00f3 del centre: el projecte educatiu, la programaci\u00f3 general, la gesti\u00f3 econ\u00f2mica, etc. En el cas dels centres privats concertats, el consell escolar debat, avalua, analitza i pren decisions sobre els temes proposats pel titular del centre.<\/p>\n<p>Els membres del consell escolar s\u00f3n elegits per un per\u00edode de quatre anys i es renoven per meitats cada dos anys.<\/p>\n<p><span style=\"color: #222222; background-color: transparent; vertical-align: baseline; white-space: pre-wrap;\"><span style=\"font-family: verdana, sans-serif; font-size: medium;\"><b>COMPOSICI\u00d3 CONSELL ESCOLAR <\/b><\/span><\/span><\/p>\n<table style=\"border-collapse: collapse; width: 44.9754%; height: 494px;\">\n<tbody>\n<tr>\n<td style=\"width: 33.4116%;\"><span style=\"font-size: 12pt; font-family: Arial; color: #000000; background-color: transparent; font-weight: bold; font-style: normal; font-variant: normal; text-decoration: none; vertical-align: baseline; white-space: pre-wrap;\">PRESIDENT<\/span><\/td>\n<td style=\"width: 31.2405%;\">JORDI COMAJUAN<\/td>\n<\/tr>\n<tr>\n<td style=\"width: 33.4116%;\"><span style=\"font-size: 12pt; font-family: Arial; color: #000000; background-color: transparent; font-weight: bold; font-style: normal; font-variant: normal; text-decoration: none; vertical-align: baseline; white-space: pre-wrap;\">CAP D\u2019ESTUDIS<\/span><\/td>\n<td style=\"width: 31.2405%;\">ROSAURA GARCIA<\/td>\n<\/tr>\n<tr>\n<td style=\"width: 33.4116%;\"><span style=\"font-size: 12pt; font-family: Arial; color: #000000; background-color: transparent; font-weight: bold; font-style: normal; font-variant: normal; text-decoration: none; vertical-align: baseline; white-space: pre-wrap;\">SECRET\u00c0RIA<\/span><\/td>\n<td style=\"width: 31.2405%;\">MARTA BERGA<\/td>\n<\/tr>\n<tr>\n<td style=\"width: 33.4116%;\"><span style=\"font-size: 12pt; font-family: Arial; color: #000000; background-color: transparent; font-weight: bold; font-style: normal; font-variant: normal; text-decoration: none; vertical-align: baseline; white-space: pre-wrap;\">PAS ( Administraci\u00f3 i Serveis)<\/span><\/td>\n<td style=\"width: 31.2405%;\">PILAR ALFARO<\/td>\n<\/tr>\n<tr>\n<td style=\"width: 33.4116%;\" rowspan=\"5\"><span style=\"font-size: 12pt; font-family: Arial; color: #000000; background-color: transparent; font-weight: bold; font-style: normal; font-variant: normal; text-decoration: none; vertical-align: baseline; white-space: pre-wrap;\">REPRESENTANTS SECTOR MESTRES<\/span><\/td>\n<td style=\"width: 31.2405%;\">EVA MASACHS<\/td>\n<\/tr>\n<tr>\n<td style=\"width: 31.2405%;\">GL\u00d2RIA CERRILLO<\/td>\n<\/tr>\n<tr>\n<td style=\"width: 31.2405%;\">PATR\u00cdCIA MOLINERO<\/td>\n<\/tr>\n<tr>\n<td style=\"width: 31.2405%;\">N\u00daRIA BABOT<\/td>\n<\/tr>\n<tr>\n<td style=\"width: 31.2405%;\">L\u00cdDIA ATERO<\/td>\n<\/tr>\n<tr>\n<td style=\"width: 33.4116%;\" rowspan=\"4\"><span style=\"font-size: 12pt; font-family: Arial; color: #000000; background-color: transparent; font-weight: bold; font-style: normal; font-variant: normal; text-decoration: none; vertical-align: baseline; white-space: pre-wrap;\">REPRESENTANTS SECTOR FAM\u00cdLIES<\/span><\/td>\n<td style=\"width: 31.2405%;\">AINA BOSCH<\/td>\n<\/tr>\n<tr>\n<td style=\"width: 31.2405%;\">ANNA PINT\u00d3<\/td>\n<\/tr>\n<tr>\n<td style=\"width: 31.2405%;\">TONY ALONSO<\/td>\n<\/tr>\n<tr>\n<td style=\"width: 31.2405%;\">MARIONA CARRERAS<\/td>\n<\/tr>\n<tr>\n<td style=\"width: 33.4116%;\"><span style=\"font-size: 12pt; font-family: Arial; color: #000000; background-color: transparent; font-weight: bold; font-style: normal; font-variant: normal; text-decoration: none; vertical-align: baseline; white-space: pre-wrap;\">REPRESENTANT AFA<\/span><\/td>\n<td style=\"width: 31.2405%;\">XAVIER VIL\u00c0<\/td>\n<\/tr>\n<tr>\n<td style=\"width: 33.4116%;\"><span style=\"font-size: 12pt; font-family: Arial; color: #000000; background-color: transparent; font-weight: bold; font-style: normal; font-variant: normal; text-decoration: none; vertical-align: baseline; white-space: pre-wrap;\">REPRESENTANT AJUNTAMENT<\/span><\/td>\n<td style=\"width: 31.2405%;\">ANNIA VILAR\u00d3<\/td>\n<\/tr>\n<\/tbody>\n<\/table>\n<p style=\"line-height: 1.38; margin-top: 0pt; margin-bottom: 0pt;\"><span style=\"font-size: 12pt; font-family: Arial; color: #000000; background-color: transparent; font-weight: bold; font-style: normal; font-variant: normal; text-decoration: none; vertical-align: baseline; white-space: pre-wrap;\">COMISSIONS DEL CONSELL<\/span><\/p>\n<\/div>\n<table style=\"border-collapse: collapse; width: 83.6261%;\">\n<tbody>\n<tr>\n<td style=\"width: 23.6472%;\"><span style=\"font-size: 12pt; font-family: Arial; color: #000000; background-color: transparent; font-weight: bold; font-style: normal; font-variant: normal; text-decoration: none; vertical-align: baseline; white-space: pre-wrap;\">COMISSI\u00d3 PERMANENT<\/span><\/td>\n<td style=\"width: 59.9789%;\">JORDI COMAJUAN, L\u00cdDIA ATERO, N\u00daRIA BABOT, ANNIA VILAR\u00d3, MARIONA CARRERAS I XAVIER VIL\u00c0.<\/td>\n<\/tr>\n<tr>\n<td style=\"width: 23.6472%;\"><span style=\"font-size: 12pt; font-family: Arial; color: #000000; background-color: transparent; font-weight: bold; font-style: normal; font-variant: normal; text-decoration: none; vertical-align: baseline; white-space: pre-wrap;\">COMISSI\u00d3 CONVIV\u00c8NCIA I COEDUCACI\u00d3<\/span><\/td>\n<td style=\"width: 59.9789%;\">JORDI COMAJUAN, ROSAURA GARCIA, PATR\u00cdCIA MOLINERO, GL\u00d2RIA CERRILLO, TONY ALONSO I XAVIER VIL\u00c0.<\/td>\n<\/tr>\n<tr>\n<td style=\"width: 23.6472%;\"><span style=\"font-size: 12pt; font-family: Arial; color: #000000; background-color: transparent; font-weight: bold; font-style: normal; font-variant: normal; text-decoration: none; vertical-align: baseline; white-space: pre-wrap;\">COMISSI\u00d3 ECON\u00d2MICA<\/span><\/td>\n<td style=\"width: 59.9789%;\">JORDI COMAJUAN, MARTA BERGA, AINA BOSCH I PILAR ALFARO.<\/td>\n<\/tr>\n<\/tbody>\n<\/table>\n<div><\/div>\n<div><span style=\"font-size: 12pt; font-family: Arial; color: #000000; background-color: transparent; font-weight: bold; vertical-align: baseline; white-space: pre-wrap;\">CALENDARI DE REUNIONS<\/span><\/div>\n<\/div>\n<div>\n<table style=\"border-collapse: collapse; width: 83.5559%;\">\n<tbody>\n<tr>\n<td style=\"width: 23.9283%;\"><span style=\"font-size: 12pt; font-family: Arial; color: #000000; background-color: transparent; font-weight: bold; vertical-align: baseline; white-space: pre-wrap;\">1r trimestre<\/span><\/td>\n<td style=\"width: 59.6276%;\"><span style=\"font-size: 12pt; font-family: Arial; color: #000000; background-color: transparent; vertical-align: baseline; white-space: pre-wrap;\">Aprovaci\u00f3\u00a0 <\/span><span style=\"font-size: 12pt; font-family: Arial; color: #000000; background-color: transparent; font-weight: bold; vertical-align: baseline; white-space: pre-wrap;\">PLA D\u2019ORGANITZACI\u00d3 I PROGRAMACI\u00d3 GENERAL DE CENTRE<span style=\"font-size: 12pt; font-family: Arial; color: #000000; background-color: transparent; vertical-align: baseline; white-space: pre-wrap;\">: <\/span><\/span><span style=\"font-size: 12pt; font-family: Arial; color: #000000; background-color: transparent; vertical-align: baseline; white-space: pre-wrap;\"><span style=\"font-size: 12pt; font-family: Arial; color: #000000; background-color: transparent; vertical-align: baseline; white-space: pre-wrap;\">Setembre ACORDS<\/span><\/span><\/td>\n<\/tr>\n<tr>\n<td style=\"width: 23.9283%;\"><span style=\"font-size: 12pt; font-family: Arial; color: #000000; background-color: transparent; font-weight: bold; vertical-align: baseline; white-space: pre-wrap;\">2n trimestre<\/span><\/td>\n<td style=\"width: 59.6276%;\"><span style=\"font-size: 12pt; font-family: Arial; color: #000000; background-color: transparent; vertical-align: baseline; white-space: pre-wrap;\">Aprovaci\u00f3 <\/span><span style=\"font-size: 12pt; font-family: Arial; color: #000000; background-color: transparent; font-weight: bold; vertical-align: baseline; white-space: pre-wrap;\">PRESSUPOSTOS: <\/span><span style=\"font-size: 12pt; font-family: Arial; color: #000000; background-color: transparent; vertical-align: baseline; white-space: pre-wrap;\">Febrer ACORDS<\/span><\/td>\n<\/tr>\n<tr>\n<td style=\"width: 23.9283%;\"><span style=\"font-size: 12pt; font-family: Arial; color: #000000; background-color: transparent; font-weight: bold; vertical-align: baseline; white-space: pre-wrap;\">3r trimestre<\/span><\/td>\n<td style=\"width: 59.6276%;\"><span style=\"font-size: 12pt; font-family: Arial; color: #000000; background-color: transparent; vertical-align: baseline; white-space: pre-wrap;\">Aprovaci\u00f3 <\/span><span style=\"font-size: 12pt; font-family: Arial; color: #000000; background-color: transparent; font-weight: bold; vertical-align: baseline; white-space: pre-wrap;\">CALENDARI i MEM\u00d2RIA:<\/span><span style=\"font-size: 12pt; font-family: Arial; color: #000000; background-color: transparent; vertical-align: baseline; white-space: pre-wrap;\"> Juny ACORDS<\/span><\/td>\n<\/tr>\n<\/tbody>\n<\/table>\n<\/div>\n<p>&nbsp;<\/p>\n","protected":false},"excerpt":{"rendered":"<p><a href=\"https:\/\/drive.google.com\/drive\/folders\/1CymSPQVtZ9lk1WNQEZdmLpvO3RrQ7Wma?usp=sharing\">ACORDS CONSELL ESCOLAR curs 2025-26<\/a><br \/>\nEl consell escolar del centre \u00e9s l&#8217;\u00f2rgan col\u00b7legiat de participaci\u00f3\u00a0de la comunitat escolar en el govern del centre. En el consell escolar hi ha representats tots els col\u00b7lectius que intervenen en la comunitat educativa: director, professorat, alumnat, personal d&#8217;administraci\u00f3 i&hellip;  <a href=\"https:\/\/agora.xtec.cat\/ceip-juncadella\/lescola\/consell-escolar\/\" title=\"Read Consell escolar\">Llegeix m\u00e9s\u00bb<\/a><\/p>\n","protected":false},"author":1,"featured_media":0,"parent":22,"menu_order":30,"comment_status":"closed","ping_status":"closed","template":"page-templates\/side-menu.php","meta":{"_bbp_topic_count":0,"_bbp_reply_count":0,"_bbp_total_topic_count":0,"_bbp_total_reply_count":0,"_bbp_voice_count":0,"_bbp_anonymous_reply_count":0,"_bbp_topic_count_hidden":0,"_bbp_reply_count_hidden":0,"_bbp_forum_subforum_count":0,"footnotes":""},"class_list":["post-28","page","type-page","status-publish","hentry"],"post_mailing_queue_ids":[],"_links":{"self":[{"href":"https:\/\/agora.xtec.cat\/ceip-juncadella\/wp-json\/wp\/v2\/pages\/28","targetHints":{"allow":["GET"]}}],"collection":[{"href":"https:\/\/agora.xtec.cat\/ceip-juncadella\/wp-json\/wp\/v2\/pages"}],"about":[{"href":"https:\/\/agora.xtec.cat\/ceip-juncadella\/wp-json\/wp\/v2\/types\/page"}],"author":[{"embeddable":true,"href":"https:\/\/agora.xtec.cat\/ceip-juncadella\/wp-json\/wp\/v2\/users\/1"}],"replies":[{"embeddable":true,"href":"https:\/\/agora.xtec.cat\/ceip-juncadella\/wp-json\/wp\/v2\/comments?post=28"}],"version-history":[{"count":6,"href":"https:\/\/agora.xtec.cat\/ceip-juncadella\/wp-json\/wp\/v2\/pages\/28\/revisions"}],"predecessor-version":[{"id":1219,"href":"https:\/\/agora.xtec.cat\/ceip-juncadella\/wp-json\/wp\/v2\/pages\/28\/revisions\/1219"}],"up":[{"embeddable":true,"href":"https:\/\/agora.xtec.cat\/ceip-juncadella\/wp-json\/wp\/v2\/pages\/22"}],"wp:attachment":[{"href":"https:\/\/agora.xtec.cat\/ceip-juncadella\/wp-json\/wp\/v2\/media?parent=28"}],"curies":[{"name":"wp","href":"https:\/\/api.w.org\/{rel}","templated":true}]}}