{"id":22,"date":"2014-09-18T12:19:57","date_gmt":"2014-09-18T11:19:57","guid":{"rendered":"http:\/\/agora.xtec.cat\/ceip-juncadella\/?page_id=22"},"modified":"2022-08-30T12:40:58","modified_gmt":"2022-08-30T10:40:58","slug":"lescola","status":"publish","type":"page","link":"https:\/\/agora.xtec.cat\/ceip-juncadella\/lescola\/","title":{"rendered":"L&#8217;escola"},"content":{"rendered":"<p>L\u2019escola Juncadella, amb m\u00e9s de 40 anys d\u2019hist\u00f2ria, est\u00e0 ubicada en una zona rural de la Selva, al municipi de la Cellera de Ter, en un entorn\u00a0de gran riquesa paisatg\u00edstica, amb vistes al Puigdefrou i a les ribes del riu Ter. El seu teixit social \u00e9s envejable, amb m\u00e9s de 30 entitats i associacions. Coneguda tamb\u00e9 com a la \u201cVila del moble\u201d, \u00e9s el bressol de diferents artistes: m\u00fasics, pintors, actors,&#8230;<\/p>\n<p>L\u2019escola Juncadella forma part de la xarxa d\u2019educaci\u00f3 p\u00fablica de la Generalitat de\u00a0Catalunya i \u00e9s per tant una escola p\u00fablica, catalana, aconfessional i democr\u00e0tica.<\/p>\n<p>\u00c9s una escola de poble d\u2019una sola l\u00ednia.<\/p>\n","protected":false},"excerpt":{"rendered":"<p>L\u2019escola Juncadella, amb m\u00e9s de 40 anys d\u2019hist\u00f2ria, est\u00e0 ubicada en una zona rural de la Selva, al municipi de la Cellera de Ter, en un entorn\u00a0de gran riquesa paisatg\u00edstica, amb vistes al Puigdefrou i a les ribes del riu Ter. El seu teixit social&hellip;  <a href=\"https:\/\/agora.xtec.cat\/ceip-juncadella\/lescola\/\" title=\"Read L&#8217;escola\">Llegeix m\u00e9s\u00bb<\/a><\/p>\n","protected":false},"author":1,"featured_media":0,"parent":0,"menu_order":0,"comment_status":"closed","ping_status":"closed","template":"page-templates\/side-menu.php","meta":{"_bbp_topic_count":0,"_bbp_reply_count":0,"_bbp_total_topic_count":0,"_bbp_total_reply_count":0,"_bbp_voice_count":0,"_bbp_anonymous_reply_count":0,"_bbp_topic_count_hidden":0,"_bbp_reply_count_hidden":0,"_bbp_forum_subforum_count":0,"footnotes":""},"class_list":["post-22","page","type-page","status-publish","hentry"],"post_mailing_queue_ids":[],"_links":{"self":[{"href":"https:\/\/agora.xtec.cat\/ceip-juncadella\/wp-json\/wp\/v2\/pages\/22","targetHints":{"allow":["GET"]}}],"collection":[{"href":"https:\/\/agora.xtec.cat\/ceip-juncadella\/wp-json\/wp\/v2\/pages"}],"about":[{"href":"https:\/\/agora.xtec.cat\/ceip-juncadella\/wp-json\/wp\/v2\/types\/page"}],"author":[{"embeddable":true,"href":"https:\/\/agora.xtec.cat\/ceip-juncadella\/wp-json\/wp\/v2\/users\/1"}],"replies":[{"embeddable":true,"href":"https:\/\/agora.xtec.cat\/ceip-juncadella\/wp-json\/wp\/v2\/comments?post=22"}],"version-history":[{"count":1,"href":"https:\/\/agora.xtec.cat\/ceip-juncadella\/wp-json\/wp\/v2\/pages\/22\/revisions"}],"predecessor-version":[{"id":702,"href":"https:\/\/agora.xtec.cat\/ceip-juncadella\/wp-json\/wp\/v2\/pages\/22\/revisions\/702"}],"wp:attachment":[{"href":"https:\/\/agora.xtec.cat\/ceip-juncadella\/wp-json\/wp\/v2\/media?parent=22"}],"curies":[{"name":"wp","href":"https:\/\/api.w.org\/{rel}","templated":true}]}}