{"id":870,"date":"2019-11-23T22:23:07","date_gmt":"2019-11-23T21:23:07","guid":{"rendered":"https:\/\/agora.xtec.cat\/ceip-jruyra-l-h\/?page_id=870"},"modified":"2023-11-15T09:17:33","modified_gmt":"2023-11-15T08:17:33","slug":"model-dialogic-prevencio-i-resolucio-de-conflictes","status":"publish","type":"page","link":"https:\/\/agora.xtec.cat\/ceip-jruyra-l-h\/cda\/model-dialogic-prevencio-i-resolucio-de-conflictes\/","title":{"rendered":"Model Dial\u00f2gic prevenci\u00f3 i resoluci\u00f3 de conflictes"},"content":{"rendered":"<p><iframe loading=\"lazy\" title=\"YouTube video player\" src=\"https:\/\/www.youtube.com\/embed\/vX4HDE3Z_jI\" width=\"560\" height=\"315\" frameborder=\"0\" allowfullscreen=\"allowfullscreen\"><\/iframe><\/p>\n<div>\n<p style=\"text-align: justify;\">Aquest model de prevenci\u00f3 i resoluci\u00f3 de conflictes es fonamenta en el di\u00e0leg com a eina que permet superar les desigualtats. En el tractament del conflicte pren protagonisme el consens entre totes les parts implicades, especialment l&#8217;alumnat, sobre les normes de conviv\u00e8ncia, generant un di\u00e0leg compartit per tota la comunitat en tot el proc\u00e9s normatiu.<\/p>\n<\/div>\n<p>Quan alumnat, fam\u00edlies i professorat tenen oportunitats d\u2019opinar i participar conjuntament en la creaci\u00f3 de normes consensuades, la conviv\u00e8ncia millora i el centre educatiu s\u2019impregna d\u2019una cultura de participaci\u00f3 trencant les estructures de poder i teixint relacions igualit\u00e0ries lliures de viol\u00e8ncia.<\/p>\n<p><iframe loading=\"lazy\" title=\"YouTube video player\" src=\"https:\/\/www.youtube.com\/embed\/t6V29QWZoZo\" width=\"560\" height=\"315\" frameborder=\"0\" allowfullscreen=\"allowfullscreen\"><\/iframe><\/p>\n<p><iframe loading=\"lazy\" title=\"YouTube video player\" src=\"https:\/\/www.youtube.com\/embed\/peu4j6bpjdo?si=4pWtP1-OMfjwtdLa\" width=\"560\" height=\"315\" frameborder=\"0\" allowfullscreen=\"allowfullscreen\"><\/iframe><\/p>\n<p><a href=\"https:\/\/agora.xtec.cat\/ceip-jruyra-l-h\/wp-content\/uploads\/usu2049\/2019\/12\/valents.jpg\"><img loading=\"lazy\" decoding=\"async\" class=\"alignnone wp-image-1141\" src=\"https:\/\/agora.xtec.cat\/ceip-jruyra-l-h\/wp-content\/uploads\/usu2049\/2019\/12\/valents-1024x715.jpg\" alt=\"\" width=\"757\" height=\"528\" srcset=\"https:\/\/agora.xtec.cat\/ceip-jruyra-l-h\/wp-content\/uploads\/usu2049\/2019\/12\/valents-1024x715.jpg 1024w, https:\/\/agora.xtec.cat\/ceip-jruyra-l-h\/wp-content\/uploads\/usu2049\/2019\/12\/valents-300x209.jpg 300w, https:\/\/agora.xtec.cat\/ceip-jruyra-l-h\/wp-content\/uploads\/usu2049\/2019\/12\/valents-768x536.jpg 768w, https:\/\/agora.xtec.cat\/ceip-jruyra-l-h\/wp-content\/uploads\/usu2049\/2019\/12\/valents.jpg 2048w\" sizes=\"auto, (max-width: 757px) 100vw, 757px\" \/><\/a><\/p>\n<p><a href=\"https:\/\/agora.xtec.cat\/ceip-jruyra-l-h\/wp-content\/uploads\/usu2049\/2019\/12\/IMG_8454-1-e1575543174664.jpeg\"><img loading=\"lazy\" decoding=\"async\" class=\"alignnone wp-image-1027\" src=\"https:\/\/agora.xtec.cat\/ceip-jruyra-l-h\/wp-content\/uploads\/usu2049\/2019\/12\/IMG_8454-1-e1575543174664-1024x768.jpeg\" alt=\"\" width=\"757\" height=\"567\" srcset=\"https:\/\/agora.xtec.cat\/ceip-jruyra-l-h\/wp-content\/uploads\/usu2049\/2019\/12\/IMG_8454-1-e1575543174664-1024x768.jpeg 1024w, https:\/\/agora.xtec.cat\/ceip-jruyra-l-h\/wp-content\/uploads\/usu2049\/2019\/12\/IMG_8454-1-e1575543174664-300x225.jpeg 300w, https:\/\/agora.xtec.cat\/ceip-jruyra-l-h\/wp-content\/uploads\/usu2049\/2019\/12\/IMG_8454-1-e1575543174664-768x576.jpeg 768w, https:\/\/agora.xtec.cat\/ceip-jruyra-l-h\/wp-content\/uploads\/usu2049\/2019\/12\/IMG_8454-1-e1575543174664-200x150.jpeg 200w, https:\/\/agora.xtec.cat\/ceip-jruyra-l-h\/wp-content\/uploads\/usu2049\/2019\/12\/IMG_8454-1-e1575543174664.jpeg 2048w\" sizes=\"auto, (max-width: 757px) 100vw, 757px\" \/><\/a><\/p>\n","protected":false},"excerpt":{"rendered":"<p>Aquest model de prevenci\u00f3 i resoluci\u00f3 de conflictes es fonamenta en el di\u00e0leg com a eina que permet superar les desigualtats. En el tractament del conflicte pren protagonisme el consens entre totes les parts implicades, especialment l&#8217;alumnat, sobre les normes de conviv\u00e8ncia, generant un di\u00e0leg&hellip;  <a href=\"https:\/\/agora.xtec.cat\/ceip-jruyra-l-h\/cda\/model-dialogic-prevencio-i-resolucio-de-conflictes\/\" title=\"Read Model Dial\u00f2gic prevenci\u00f3 i resoluci\u00f3 de conflictes\">Llegeix m\u00e9s\u00bb<\/a><\/p>\n","protected":false},"author":1,"featured_media":0,"parent":2,"menu_order":4,"comment_status":"closed","ping_status":"closed","template":"page-templates\/side-menu.php","meta":{"_bbp_topic_count":0,"_bbp_reply_count":0,"_bbp_total_topic_count":0,"_bbp_total_reply_count":0,"_bbp_voice_count":0,"_bbp_anonymous_reply_count":0,"_bbp_topic_count_hidden":0,"_bbp_reply_count_hidden":0,"_bbp_forum_subforum_count":0,"footnotes":""},"class_list":["post-870","page","type-page","status-publish","hentry"],"post_mailing_queue_ids":[],"_links":{"self":[{"href":"https:\/\/agora.xtec.cat\/ceip-jruyra-l-h\/wp-json\/wp\/v2\/pages\/870","targetHints":{"allow":["GET"]}}],"collection":[{"href":"https:\/\/agora.xtec.cat\/ceip-jruyra-l-h\/wp-json\/wp\/v2\/pages"}],"about":[{"href":"https:\/\/agora.xtec.cat\/ceip-jruyra-l-h\/wp-json\/wp\/v2\/types\/page"}],"author":[{"embeddable":true,"href":"https:\/\/agora.xtec.cat\/ceip-jruyra-l-h\/wp-json\/wp\/v2\/users\/1"}],"replies":[{"embeddable":true,"href":"https:\/\/agora.xtec.cat\/ceip-jruyra-l-h\/wp-json\/wp\/v2\/comments?post=870"}],"version-history":[{"count":5,"href":"https:\/\/agora.xtec.cat\/ceip-jruyra-l-h\/wp-json\/wp\/v2\/pages\/870\/revisions"}],"predecessor-version":[{"id":14960,"href":"https:\/\/agora.xtec.cat\/ceip-jruyra-l-h\/wp-json\/wp\/v2\/pages\/870\/revisions\/14960"}],"up":[{"embeddable":true,"href":"https:\/\/agora.xtec.cat\/ceip-jruyra-l-h\/wp-json\/wp\/v2\/pages\/2"}],"wp:attachment":[{"href":"https:\/\/agora.xtec.cat\/ceip-jruyra-l-h\/wp-json\/wp\/v2\/media?parent=870"}],"curies":[{"name":"wp","href":"https:\/\/api.w.org\/{rel}","templated":true}]}}