{"id":4108,"date":"2021-03-07T09:24:41","date_gmt":"2021-03-07T08:24:41","guid":{"rendered":"http:\/\/agora.xtec.cat\/ceip-jrj\/?page_id=4108"},"modified":"2025-02-12T12:53:59","modified_gmt":"2025-02-12T11:53:59","slug":"tallers-i-activitats","status":"publish","type":"page","link":"https:\/\/agora.xtec.cat\/ceip-jrj\/serveis-2\/menjador\/tallers-i-activitats\/","title":{"rendered":"Tallers i activitats"},"content":{"rendered":"<p><strong>TASTAOLLETES<\/strong><\/p>\n<p data-start=\"0\" data-end=\"144\">Aquesta activitat permet a les fam\u00edlies compartir un \u00e0pat amb els nens i nenes i viure de primera m\u00e0 l&#8217;experi\u00e8ncia de &#8220;quedar-se al menjador&#8221;.<\/p>\n<p data-start=\"146\" data-end=\"244\" data-is-last-node=\"\">Per fer la reserva, podeu enviar un WhatsApp al 660 527 786 o utilitzar l&#8217;aplicaci\u00f3 Campos Estela.<\/p>\n<p>&nbsp;<\/p>\n<p>&nbsp;<\/p>\n<p>&nbsp;<\/p>\n<p>&nbsp;<\/p>\n","protected":false},"excerpt":{"rendered":"<p>TASTAOLLETES<br \/>\nAquesta activitat permet a les fam\u00edlies compartir un \u00e0pat amb els nens i nenes i viure de primera m\u00e0 l&#8217;experi\u00e8ncia de &#8220;quedar-se al menjador&#8221;.<br \/>\nPer fer la reserva, podeu enviar un WhatsApp al 660 527 786 o utilitzar l&#8217;aplicaci\u00f3 Campos Estela.<br \/>\n&nbsp;<br \/>\n&nbsp;<br \/>\n&nbsp;<br \/>\n&nbsp;<\/p>\n","protected":false},"author":1,"featured_media":0,"parent":322,"menu_order":0,"comment_status":"closed","ping_status":"closed","template":"","meta":{"_bbp_topic_count":0,"_bbp_reply_count":0,"_bbp_total_topic_count":0,"_bbp_total_reply_count":0,"_bbp_voice_count":0,"_bbp_anonymous_reply_count":0,"_bbp_topic_count_hidden":0,"_bbp_reply_count_hidden":0,"_bbp_forum_subforum_count":0,"footnotes":""},"class_list":["post-4108","page","type-page","status-publish","hentry"],"post_mailing_queue_ids":[],"_links":{"self":[{"href":"https:\/\/agora.xtec.cat\/ceip-jrj\/wp-json\/wp\/v2\/pages\/4108","targetHints":{"allow":["GET"]}}],"collection":[{"href":"https:\/\/agora.xtec.cat\/ceip-jrj\/wp-json\/wp\/v2\/pages"}],"about":[{"href":"https:\/\/agora.xtec.cat\/ceip-jrj\/wp-json\/wp\/v2\/types\/page"}],"author":[{"embeddable":true,"href":"https:\/\/agora.xtec.cat\/ceip-jrj\/wp-json\/wp\/v2\/users\/1"}],"replies":[{"embeddable":true,"href":"https:\/\/agora.xtec.cat\/ceip-jrj\/wp-json\/wp\/v2\/comments?post=4108"}],"version-history":[{"count":6,"href":"https:\/\/agora.xtec.cat\/ceip-jrj\/wp-json\/wp\/v2\/pages\/4108\/revisions"}],"predecessor-version":[{"id":7348,"href":"https:\/\/agora.xtec.cat\/ceip-jrj\/wp-json\/wp\/v2\/pages\/4108\/revisions\/7348"}],"up":[{"embeddable":true,"href":"https:\/\/agora.xtec.cat\/ceip-jrj\/wp-json\/wp\/v2\/pages\/322"}],"wp:attachment":[{"href":"https:\/\/agora.xtec.cat\/ceip-jrj\/wp-json\/wp\/v2\/media?parent=4108"}],"curies":[{"name":"wp","href":"https:\/\/api.w.org\/{rel}","templated":true}]}}