{"id":3890,"date":"2021-01-31T18:10:38","date_gmt":"2021-01-31T17:10:38","guid":{"rendered":"http:\/\/agora.xtec.cat\/ceip-jrj\/?page_id=3890"},"modified":"2024-08-26T22:14:46","modified_gmt":"2024-08-26T20:14:46","slug":"contacte","status":"publish","type":"page","link":"https:\/\/agora.xtec.cat\/ceip-jrj\/serveis-2\/menjador\/contacte\/","title":{"rendered":"Contacte"},"content":{"rendered":"<p>&nbsp;<\/p>\n<p>Aqu\u00ed teniu l&#8217;enlla\u00e7 a la web de Campos Estela i informar-vos dels seus projectes, men\u00fas,\u00a0 veure fotos, etc<\/p>\n<p><a href=\"http:\/\/www.camposestela.com\/\">http:\/\/www.camposestela.com\/<\/a><\/p>\n<p>Si voleu contactar directament amb l\u2019oficina de l\u2019empresa de menjador \u201cCampos Estela\u201d ho podeu fer trucant al tel\u00e8fon\u00a0<strong>936745016<\/strong>.<\/p>\n<p>Desc\u00e0rregues:<\/p>\n<p><a href=\"https:\/\/drive.google.com\/file\/d\/10GYOPzvv1URwOgRXT7zrmgQnO64uoSHu\/view?usp=sharing\">INSTRUCCIONS ALTA APP MENJADOR<\/a><\/p>\n","protected":false},"excerpt":{"rendered":"<p>&nbsp;<br \/>\nAqu\u00ed teniu l&#8217;enlla\u00e7 a la web de Campos Estela i informar-vos dels seus projectes, men\u00fas,\u00a0 veure fotos, etc<br \/>\n<a href=\"http:\/\/www.camposestela.com\/\">http:\/\/www.camposestela.com\/<\/a><br \/>\nSi voleu contactar directament amb l\u2019oficina de l\u2019empresa de menjador \u201cCampos Estela\u201d ho podeu fer trucant al tel\u00e8fon\u00a0936745016.<br \/>\nDesc\u00e0rregues:<br \/>\n<a href=\"https:\/\/drive.google.com\/file\/d\/10GYOPzvv1URwOgRXT7zrmgQnO64uoSHu\/view?usp=sharing\">INSTRUCCIONS ALTA APP MENJADOR<\/a><\/p>\n","protected":false},"author":1,"featured_media":0,"parent":322,"menu_order":0,"comment_status":"closed","ping_status":"closed","template":"","meta":{"_bbp_topic_count":0,"_bbp_reply_count":0,"_bbp_total_topic_count":0,"_bbp_total_reply_count":0,"_bbp_voice_count":0,"_bbp_anonymous_reply_count":0,"_bbp_topic_count_hidden":0,"_bbp_reply_count_hidden":0,"_bbp_forum_subforum_count":0,"footnotes":""},"class_list":["post-3890","page","type-page","status-publish","hentry"],"post_mailing_queue_ids":[],"_links":{"self":[{"href":"https:\/\/agora.xtec.cat\/ceip-jrj\/wp-json\/wp\/v2\/pages\/3890","targetHints":{"allow":["GET"]}}],"collection":[{"href":"https:\/\/agora.xtec.cat\/ceip-jrj\/wp-json\/wp\/v2\/pages"}],"about":[{"href":"https:\/\/agora.xtec.cat\/ceip-jrj\/wp-json\/wp\/v2\/types\/page"}],"author":[{"embeddable":true,"href":"https:\/\/agora.xtec.cat\/ceip-jrj\/wp-json\/wp\/v2\/users\/1"}],"replies":[{"embeddable":true,"href":"https:\/\/agora.xtec.cat\/ceip-jrj\/wp-json\/wp\/v2\/comments?post=3890"}],"version-history":[{"count":4,"href":"https:\/\/agora.xtec.cat\/ceip-jrj\/wp-json\/wp\/v2\/pages\/3890\/revisions"}],"predecessor-version":[{"id":6896,"href":"https:\/\/agora.xtec.cat\/ceip-jrj\/wp-json\/wp\/v2\/pages\/3890\/revisions\/6896"}],"up":[{"embeddable":true,"href":"https:\/\/agora.xtec.cat\/ceip-jrj\/wp-json\/wp\/v2\/pages\/322"}],"wp:attachment":[{"href":"https:\/\/agora.xtec.cat\/ceip-jrj\/wp-json\/wp\/v2\/media?parent=3890"}],"curies":[{"name":"wp","href":"https:\/\/api.w.org\/{rel}","templated":true}]}}