{"id":337,"date":"2015-10-21T22:21:30","date_gmt":"2015-10-21T21:21:30","guid":{"rendered":"http:\/\/agora.xtec.cat\/ceip-jrj\/?page_id=337"},"modified":"2025-07-10T13:12:40","modified_gmt":"2025-07-10T11:12:40","slug":"secretaria","status":"publish","type":"page","link":"https:\/\/agora.xtec.cat\/ceip-jrj\/serveis-2\/secretaria\/","title":{"rendered":"Secretaria"},"content":{"rendered":"<p>La Secretaria de l&#8217;escola, ubicada a l&#8217;edifici de Direcci\u00f3, restar\u00e0 oberta al p\u00fablic de <b><span style=\"font-size: small;\">DILLUNS a <\/span><\/b><b><span style=\"font-size: small;\">DIVENDRES<\/span><\/b> en el seg\u00fcent horari:<\/p>\n<p>SETEMBRE I JUNY:<\/p>\n<ul>\n<li>Mat\u00ed: de\u00a0 9 a\u00a0 12.30h<\/li>\n<\/ul>\n<p>D&#8217;OCTUBRE A MAIG (ambd\u00f3s inclosos):<\/p>\n<ul>\n<li>Mat\u00ed: de 9 a 12.30 h<\/li>\n<li>Tarda: de 16 a les 16.30 h.<\/li>\n<\/ul>\n<p><strong>Tel. 93 775 10 66\u00a0<\/strong><\/p>\n","protected":false},"excerpt":{"rendered":"<p>La Secretaria de l&#8217;escola, ubicada a l&#8217;edifici de Direcci\u00f3, restar\u00e0 oberta al p\u00fablic de DILLUNS a DIVENDRES en el seg\u00fcent horari:<br \/>\nSETEMBRE I JUNY:<\/p>\n<ul>\n<li>Mat\u00ed: de\u00a0 9 a\u00a0 12.30h<\/li>\n<\/ul>\n<p>D&#8217;OCTUBRE A MAIG (ambd\u00f3s inclosos):<\/p>\n<ul>\n<li>Mat\u00ed: de 9 a 12.30 h<\/li>\n<li>Tarda: de 16 a les 16.30 h.<\/li>\n<\/ul>\n<p>Tel. 93 775 10&hellip;  <a href=\"https:\/\/agora.xtec.cat\/ceip-jrj\/serveis-2\/secretaria\/\" title=\"Read Secretaria\">Llegeix m\u00e9s\u00bb<\/a><\/p>\n","protected":false},"author":1,"featured_media":0,"parent":251,"menu_order":0,"comment_status":"closed","ping_status":"closed","template":"page-templates\/side-menu.php","meta":{"_bbp_topic_count":0,"_bbp_reply_count":0,"_bbp_total_topic_count":0,"_bbp_total_reply_count":0,"_bbp_voice_count":0,"_bbp_anonymous_reply_count":0,"_bbp_topic_count_hidden":0,"_bbp_reply_count_hidden":0,"_bbp_forum_subforum_count":0,"footnotes":""},"class_list":["post-337","page","type-page","status-publish","hentry"],"post_mailing_queue_ids":[],"_links":{"self":[{"href":"https:\/\/agora.xtec.cat\/ceip-jrj\/wp-json\/wp\/v2\/pages\/337","targetHints":{"allow":["GET"]}}],"collection":[{"href":"https:\/\/agora.xtec.cat\/ceip-jrj\/wp-json\/wp\/v2\/pages"}],"about":[{"href":"https:\/\/agora.xtec.cat\/ceip-jrj\/wp-json\/wp\/v2\/types\/page"}],"author":[{"embeddable":true,"href":"https:\/\/agora.xtec.cat\/ceip-jrj\/wp-json\/wp\/v2\/users\/1"}],"replies":[{"embeddable":true,"href":"https:\/\/agora.xtec.cat\/ceip-jrj\/wp-json\/wp\/v2\/comments?post=337"}],"version-history":[{"count":6,"href":"https:\/\/agora.xtec.cat\/ceip-jrj\/wp-json\/wp\/v2\/pages\/337\/revisions"}],"predecessor-version":[{"id":7723,"href":"https:\/\/agora.xtec.cat\/ceip-jrj\/wp-json\/wp\/v2\/pages\/337\/revisions\/7723"}],"up":[{"embeddable":true,"href":"https:\/\/agora.xtec.cat\/ceip-jrj\/wp-json\/wp\/v2\/pages\/251"}],"wp:attachment":[{"href":"https:\/\/agora.xtec.cat\/ceip-jrj\/wp-json\/wp\/v2\/media?parent=337"}],"curies":[{"name":"wp","href":"https:\/\/api.w.org\/{rel}","templated":true}]}}