{"id":309,"date":"2015-10-21T22:15:51","date_gmt":"2015-10-21T21:15:51","guid":{"rendered":"http:\/\/agora.xtec.cat\/ceip-jrj\/?page_id=309"},"modified":"2024-08-26T22:04:11","modified_gmt":"2024-08-26T20:04:11","slug":"entrevistes-i-tutories","status":"publish","type":"page","link":"https:\/\/agora.xtec.cat\/ceip-jrj\/organitzacio\/horaris\/entrevistes-i-tutories\/","title":{"rendered":"Entrevistes i tutories"},"content":{"rendered":"<p>&nbsp;<\/p>\n<p>Per sol\u00b7licitar les entrevistes es far\u00e0 de la seg\u00fcent manera:<\/p>\n<ol>\n<li>Per l&#8217;agenda escolar a prim\u00e0ria.<\/li>\n<li>Pel correu de la classe a infantil.<\/li>\n<li>Telef\u00f2nicament o per mail del centre.<\/li>\n<\/ol>\n<p>La relaci\u00f3 de docents del centre, c\u00e0rrecs que ocupen i horari d&#8217;atenci\u00f3 a les fam\u00edlies \u00e9s el seg\u00fcent:<\/p>\n<p>Docents i atenci\u00f3 a les fam\u00edlies<\/p>\n","protected":false},"excerpt":{"rendered":"<p>&nbsp;<br \/>\nPer sol\u00b7licitar les entrevistes es far\u00e0 de la seg\u00fcent manera:<\/p>\n<ol>\n<li>Per l&#8217;agenda escolar a prim\u00e0ria.<\/li>\n<li>Pel correu de la classe a infantil.<\/li>\n<li>Telef\u00f2nicament o per mail del centre.<\/li>\n<\/ol>\n<p>La relaci\u00f3 de docents del centre, c\u00e0rrecs que ocupen i horari d&#8217;atenci\u00f3 a les fam\u00edlies \u00e9s el seg\u00fcent:<br \/>\nDocents i atenci\u00f3 a&hellip;  <a href=\"https:\/\/agora.xtec.cat\/ceip-jrj\/organitzacio\/horaris\/entrevistes-i-tutories\/\" title=\"Read Entrevistes i tutories\">Llegeix m\u00e9s\u00bb<\/a><\/p>\n","protected":false},"author":1,"featured_media":0,"parent":305,"menu_order":0,"comment_status":"closed","ping_status":"closed","template":"page-templates\/side-menu.php","meta":{"_bbp_topic_count":0,"_bbp_reply_count":0,"_bbp_total_topic_count":0,"_bbp_total_reply_count":0,"_bbp_voice_count":0,"_bbp_anonymous_reply_count":0,"_bbp_topic_count_hidden":0,"_bbp_reply_count_hidden":0,"_bbp_forum_subforum_count":0,"footnotes":""},"class_list":["post-309","page","type-page","status-publish","hentry"],"post_mailing_queue_ids":[],"_links":{"self":[{"href":"https:\/\/agora.xtec.cat\/ceip-jrj\/wp-json\/wp\/v2\/pages\/309","targetHints":{"allow":["GET"]}}],"collection":[{"href":"https:\/\/agora.xtec.cat\/ceip-jrj\/wp-json\/wp\/v2\/pages"}],"about":[{"href":"https:\/\/agora.xtec.cat\/ceip-jrj\/wp-json\/wp\/v2\/types\/page"}],"author":[{"embeddable":true,"href":"https:\/\/agora.xtec.cat\/ceip-jrj\/wp-json\/wp\/v2\/users\/1"}],"replies":[{"embeddable":true,"href":"https:\/\/agora.xtec.cat\/ceip-jrj\/wp-json\/wp\/v2\/comments?post=309"}],"version-history":[{"count":6,"href":"https:\/\/agora.xtec.cat\/ceip-jrj\/wp-json\/wp\/v2\/pages\/309\/revisions"}],"predecessor-version":[{"id":6890,"href":"https:\/\/agora.xtec.cat\/ceip-jrj\/wp-json\/wp\/v2\/pages\/309\/revisions\/6890"}],"up":[{"embeddable":true,"href":"https:\/\/agora.xtec.cat\/ceip-jrj\/wp-json\/wp\/v2\/pages\/305"}],"wp:attachment":[{"href":"https:\/\/agora.xtec.cat\/ceip-jrj\/wp-json\/wp\/v2\/media?parent=309"}],"curies":[{"name":"wp","href":"https:\/\/api.w.org\/{rel}","templated":true}]}}