{"id":301,"date":"2015-10-21T22:14:28","date_gmt":"2015-10-21T21:14:28","guid":{"rendered":"http:\/\/agora.xtec.cat\/ceip-jrj\/?page_id=301"},"modified":"2026-04-20T18:59:24","modified_gmt":"2026-04-20T16:59:24","slug":"grups-i-ratios","status":"publish","type":"page","link":"https:\/\/agora.xtec.cat\/ceip-jrj\/organitzacio\/grups-i-ratios\/","title":{"rendered":"Grups i r\u00e0tios"},"content":{"rendered":"<p>A l&#8217;Escola s&#8217;imparteixen els ensenyaments d&#8217;Educaci\u00f3 Infantil de segon cicle i els tres cicles de l&#8217;Educaci\u00f3 Prim\u00e0ria. Per aix\u00f2 assisteixen nens i nenes des dels 3 fins al 12 anys.<\/p>\n<table style=\"width: 71.201%; height: 307px;\">\n<tbody>\n<tr style=\"height: 33px;\">\n<td style=\"width: 128px; height: 33px;\"><\/td>\n<td style=\"width: 128px; height: 33px;\"><\/td>\n<td style=\"width: 91px; height: 33px;\"><\/td>\n<td style=\"width: 74px; height: 33px;\">Grup A<\/td>\n<td style=\"width: 74px; height: 33px;\">Grup B<\/td>\n<td style=\"width: 74px; height: 33px;\">Grup C<\/td>\n<td style=\"width: 74px; height: 33px;\">Total<\/td>\n<\/tr>\n<tr style=\"height: 33px;\">\n<td style=\"width: 128px; height: 33px;\">Ed. Infantil:<\/td>\n<td style=\"width: 128px; height: 33px;\">Infantil<\/td>\n<td style=\"width: 91px; height: 33px;\">3 anys<\/td>\n<td style=\"width: 74px; height: 33px;\">21<\/td>\n<td style=\"width: 74px; height: 33px;\"><\/td>\n<td style=\"width: 74px; height: 33px;\"><\/td>\n<td style=\"width: 74px; height: 33px;\">21<\/td>\n<\/tr>\n<tr style=\"height: 33px;\">\n<td style=\"width: 128px; height: 33px;\"><\/td>\n<td style=\"width: 128px; height: 33px;\"><\/td>\n<td style=\"width: 91px; height: 33px;\">4 anys<\/td>\n<td style=\"width: 74px; height: 33px;\">20<\/td>\n<td style=\"width: 74px; height: 33px;\"><\/td>\n<td style=\"width: 74px; height: 33px;\"><\/td>\n<td style=\"width: 74px; height: 33px;\">20<\/td>\n<\/tr>\n<tr>\n<td style=\"width: 128px;\"><\/td>\n<td style=\"width: 128px;\"><\/td>\n<td style=\"width: 91px;\">5 anys<\/td>\n<td style=\"width: 74px;\">13<\/td>\n<td style=\"width: 74px;\">16<\/td>\n<td style=\"width: 74px;\"><\/td>\n<td style=\"width: 74px;\">29<\/td>\n<\/tr>\n<tr style=\"height: 33px;\">\n<td style=\"width: 128px; height: 33px;\">Ed. Prim\u00e0ria:<\/td>\n<td style=\"width: 128px; height: 33px;\">C. Inicial:<\/td>\n<td style=\"width: 91px; height: 33px;\">1r nivell<\/td>\n<td style=\"width: 74px; height: 33px;\">19<\/td>\n<td style=\"width: 74px; height: 33px;\">20<\/td>\n<td style=\"width: 74px; height: 33px;\"><\/td>\n<td style=\"width: 74px; height: 33px;\">39<\/td>\n<\/tr>\n<tr style=\"height: 33px;\">\n<td style=\"width: 128px; height: 33px;\"><\/td>\n<td style=\"width: 128px; height: 33px;\"><\/td>\n<td style=\"width: 91px; height: 33px;\">2n nivell<\/td>\n<td style=\"width: 74px; height: 33px;\">25<\/td>\n<td style=\"width: 74px; height: 33px;\"><\/td>\n<td style=\"width: 74px; height: 33px;\"><\/td>\n<td style=\"width: 74px; height: 33px;\">25<\/td>\n<\/tr>\n<tr style=\"height: 33px;\">\n<td style=\"width: 128px; height: 33px;\"><\/td>\n<td style=\"width: 128px; height: 33px;\">C. Mitj\u00e0:<\/td>\n<td style=\"width: 91px; height: 33px;\">3r nivell<\/td>\n<td style=\"width: 74px; height: 33px;\">23<\/td>\n<td style=\"width: 74px; height: 33px;\">23<\/td>\n<td style=\"width: 74px; height: 33px;\"><\/td>\n<td style=\"width: 74px; height: 33px;\">46<\/td>\n<\/tr>\n<tr style=\"height: 33px;\">\n<td style=\"width: 128px; height: 33px;\"><\/td>\n<td style=\"width: 128px; height: 33px;\"><\/td>\n<td style=\"width: 91px; height: 33px;\">4t nivell<\/td>\n<td style=\"width: 74px; height: 33px;\">25<\/td>\n<td style=\"width: 74px; height: 33px;\">25<\/td>\n<td style=\"width: 74px; height: 33px;\"><\/td>\n<td style=\"width: 74px; height: 33px;\">50<\/td>\n<\/tr>\n<tr style=\"height: 33px;\">\n<td style=\"width: 128px; height: 33px;\"><\/td>\n<td style=\"width: 128px; height: 33px;\">C. Superior:<\/td>\n<td style=\"width: 91px; height: 33px;\">5\u00e8 nivell<\/td>\n<td style=\"width: 74px; height: 33px;\">24<\/td>\n<td style=\"width: 74px; height: 33px;\">26<\/td>\n<td style=\"width: 74px; height: 33px;\"><\/td>\n<td style=\"width: 74px; height: 33px;\">50<\/td>\n<\/tr>\n<tr style=\"height: 33px;\">\n<td style=\"width: 128px; height: 33px;\"><\/td>\n<td style=\"width: 128px; height: 33px;\"><\/td>\n<td style=\"width: 91px; height: 33px;\">6\u00e8 nivell<\/td>\n<td style=\"width: 74px; height: 33px;\">24<\/td>\n<td style=\"width: 74px; height: 33px;\">24<\/td>\n<td style=\"width: 74px; height: 33px;\">25<\/td>\n<td style=\"width: 74px; height: 33px;\">73<\/td>\n<\/tr>\n<\/tbody>\n<\/table>\n","protected":false},"excerpt":{"rendered":"<p>A l&#8217;Escola s&#8217;imparteixen els ensenyaments d&#8217;Educaci\u00f3 Infantil de segon cicle i els tres cicles de l&#8217;Educaci\u00f3 Prim\u00e0ria. Per aix\u00f2 assisteixen nens i nenes des dels 3 fins al 12 anys.<\/p>\n<p>Grup A<br \/>\nGrup B<br \/>\nGrup C<br \/>\nTotal<\/p>\n<p>Ed. Infantil:<br \/>\nInfantil<br \/>\n3 anys<br \/>\n21<\/p>\n<p>21<\/p>\n<p>4 anys<br \/>\n20<\/p>\n<p>20<\/p>\n<p>5 anys<br \/>\n13<br \/>\n16<\/p>\n<p>29<\/p>\n<p>Ed. Prim\u00e0ria:<br \/>\nC. Inicial:<br \/>\n1r nivell<br \/>\n19<br \/>\n20<\/p>\n<p>39<\/p>\n<p>2n nivell<br \/>\n25<\/p>\n<p>25<\/p>\n<p>C. Mitj\u00e0:<br \/>\n3r nivell<br \/>\n23<br \/>\n23<\/p>\n<p>46<\/p>\n<p>4t nivell<br \/>\n25<br \/>\n25<\/p>\n<p>50<\/p>\n<p>C. Superior:<br \/>\n5\u00e8&hellip;  <a href=\"https:\/\/agora.xtec.cat\/ceip-jrj\/organitzacio\/grups-i-ratios\/\" title=\"Read Grups i r\u00e0tios\">Llegeix m\u00e9s\u00bb<\/a><\/p>\n","protected":false},"author":1,"featured_media":0,"parent":248,"menu_order":0,"comment_status":"closed","ping_status":"closed","template":"page-templates\/side-menu.php","meta":{"_bbp_topic_count":0,"_bbp_reply_count":0,"_bbp_total_topic_count":0,"_bbp_total_reply_count":0,"_bbp_voice_count":0,"_bbp_anonymous_reply_count":0,"_bbp_topic_count_hidden":0,"_bbp_reply_count_hidden":0,"_bbp_forum_subforum_count":0,"footnotes":""},"class_list":["post-301","page","type-page","status-publish","hentry"],"post_mailing_queue_ids":[],"_links":{"self":[{"href":"https:\/\/agora.xtec.cat\/ceip-jrj\/wp-json\/wp\/v2\/pages\/301","targetHints":{"allow":["GET"]}}],"collection":[{"href":"https:\/\/agora.xtec.cat\/ceip-jrj\/wp-json\/wp\/v2\/pages"}],"about":[{"href":"https:\/\/agora.xtec.cat\/ceip-jrj\/wp-json\/wp\/v2\/types\/page"}],"author":[{"embeddable":true,"href":"https:\/\/agora.xtec.cat\/ceip-jrj\/wp-json\/wp\/v2\/users\/1"}],"replies":[{"embeddable":true,"href":"https:\/\/agora.xtec.cat\/ceip-jrj\/wp-json\/wp\/v2\/comments?post=301"}],"version-history":[{"count":9,"href":"https:\/\/agora.xtec.cat\/ceip-jrj\/wp-json\/wp\/v2\/pages\/301\/revisions"}],"predecessor-version":[{"id":8120,"href":"https:\/\/agora.xtec.cat\/ceip-jrj\/wp-json\/wp\/v2\/pages\/301\/revisions\/8120"}],"up":[{"embeddable":true,"href":"https:\/\/agora.xtec.cat\/ceip-jrj\/wp-json\/wp\/v2\/pages\/248"}],"wp:attachment":[{"href":"https:\/\/agora.xtec.cat\/ceip-jrj\/wp-json\/wp\/v2\/media?parent=301"}],"curies":[{"name":"wp","href":"https:\/\/api.w.org\/{rel}","templated":true}]}}