{"id":297,"date":"2015-10-21T22:13:41","date_gmt":"2015-10-21T21:13:41","guid":{"rendered":"http:\/\/agora.xtec.cat\/ceip-jrj\/?page_id=297"},"modified":"2025-07-10T13:08:04","modified_gmt":"2025-07-10T11:08:04","slug":"zones-desbarjo","status":"publish","type":"page","link":"https:\/\/agora.xtec.cat\/ceip-jrj\/escola\/instal%c2%b7lacions\/zones-desbarjo\/","title":{"rendered":"Zones d&#8217;esbarjo"},"content":{"rendered":"<p><a href=\"https:\/\/agora.xtec.cat\/ceip-jrj\/wp-content\/uploads\/usu280\/2025\/07\/zones-exteriors.jpg\"><img loading=\"lazy\" decoding=\"async\" class=\" wp-image-7717 alignleft\" src=\"https:\/\/agora.xtec.cat\/ceip-jrj\/wp-content\/uploads\/usu280\/2025\/07\/zones-exteriors-724x1024.jpg\" alt=\"\" width=\"319\" height=\"451\" srcset=\"https:\/\/agora.xtec.cat\/ceip-jrj\/wp-content\/uploads\/usu280\/2025\/07\/zones-exteriors-724x1024.jpg 724w, https:\/\/agora.xtec.cat\/ceip-jrj\/wp-content\/uploads\/usu280\/2025\/07\/zones-exteriors-212x300.jpg 212w, https:\/\/agora.xtec.cat\/ceip-jrj\/wp-content\/uploads\/usu280\/2025\/07\/zones-exteriors-768x1086.jpg 768w, https:\/\/agora.xtec.cat\/ceip-jrj\/wp-content\/uploads\/usu280\/2025\/07\/zones-exteriors-1086x1536.jpg 1086w, https:\/\/agora.xtec.cat\/ceip-jrj\/wp-content\/uploads\/usu280\/2025\/07\/zones-exteriors.jpg 1414w\" sizes=\"auto, (max-width: 319px) 100vw, 319px\" \/><\/a><\/p>\n<p>&nbsp;<\/p>\n<p style=\"text-align: justify;\">L&#8217;escola disposa d&#8217;\u00e0mplies zones, organitzades amb tot tipus de material i preparades perqu\u00e8 els nens i lesnenes de diferents edats gaudeixen al m\u00e0xim del seu d&#8217;esbarjo.<\/p>\n<p>&nbsp;<\/p>\n","protected":false},"excerpt":{"rendered":"<p><a href=\"https:\/\/agora.xtec.cat\/ceip-jrj\/wp-content\/uploads\/usu280\/2025\/07\/zones-exteriors.jpg\"><\/a><br \/>\n&nbsp;<br \/>\nL&#8217;escola disposa d&#8217;\u00e0mplies zones, organitzades amb tot tipus de material i preparades perqu\u00e8 els nens i lesnenes de diferents edats gaudeixen al m\u00e0xim del seu d&#8217;esbarjo.<br \/>\n&nbsp;<\/p>\n","protected":false},"author":1,"featured_media":0,"parent":265,"menu_order":0,"comment_status":"closed","ping_status":"closed","template":"page-templates\/side-menu.php","meta":{"_bbp_topic_count":0,"_bbp_reply_count":0,"_bbp_total_topic_count":0,"_bbp_total_reply_count":0,"_bbp_voice_count":0,"_bbp_anonymous_reply_count":0,"_bbp_topic_count_hidden":0,"_bbp_reply_count_hidden":0,"_bbp_forum_subforum_count":0,"footnotes":""},"class_list":["post-297","page","type-page","status-publish","hentry"],"post_mailing_queue_ids":[],"_links":{"self":[{"href":"https:\/\/agora.xtec.cat\/ceip-jrj\/wp-json\/wp\/v2\/pages\/297","targetHints":{"allow":["GET"]}}],"collection":[{"href":"https:\/\/agora.xtec.cat\/ceip-jrj\/wp-json\/wp\/v2\/pages"}],"about":[{"href":"https:\/\/agora.xtec.cat\/ceip-jrj\/wp-json\/wp\/v2\/types\/page"}],"author":[{"embeddable":true,"href":"https:\/\/agora.xtec.cat\/ceip-jrj\/wp-json\/wp\/v2\/users\/1"}],"replies":[{"embeddable":true,"href":"https:\/\/agora.xtec.cat\/ceip-jrj\/wp-json\/wp\/v2\/comments?post=297"}],"version-history":[{"count":7,"href":"https:\/\/agora.xtec.cat\/ceip-jrj\/wp-json\/wp\/v2\/pages\/297\/revisions"}],"predecessor-version":[{"id":7719,"href":"https:\/\/agora.xtec.cat\/ceip-jrj\/wp-json\/wp\/v2\/pages\/297\/revisions\/7719"}],"up":[{"embeddable":true,"href":"https:\/\/agora.xtec.cat\/ceip-jrj\/wp-json\/wp\/v2\/pages\/265"}],"wp:attachment":[{"href":"https:\/\/agora.xtec.cat\/ceip-jrj\/wp-json\/wp\/v2\/media?parent=297"}],"curies":[{"name":"wp","href":"https:\/\/api.w.org\/{rel}","templated":true}]}}