{"id":295,"date":"2015-10-21T22:13:20","date_gmt":"2015-10-21T21:13:20","guid":{"rendered":"http:\/\/agora.xtec.cat\/ceip-jrj\/?page_id=295"},"modified":"2021-02-01T22:23:52","modified_gmt":"2021-02-01T21:23:52","slug":"pistes-esportives","status":"publish","type":"page","link":"https:\/\/agora.xtec.cat\/ceip-jrj\/escola\/instal%c2%b7lacions\/pistes-esportives\/","title":{"rendered":"Pistes esportives"},"content":{"rendered":"<p style=\"text-align: justify;\">Les instal\u00b7lacions esportives exteriors que tenim s\u00f3n: 2 pistes de b\u00e0squet (una de elles coberta), 1 pista d&#8217;handbol i 1 pista de futbol sala, per\u00f2 tamb\u00e9 comptem amb adaptacions per muntar 2 pistes de voleibol i altres dues de tennis.<\/p>\n<p style=\"text-align: justify;\"><a href=\"http:\/\/agora.xtec.cat\/ceip-jrj\/wp-content\/uploads\/usu280\/2015\/10\/pista.jpg\"><img loading=\"lazy\" decoding=\"async\" class=\"alignnone size-large wp-image-1366\" src=\"http:\/\/agora.xtec.cat\/ceip-jrj\/wp-content\/uploads\/usu280\/2015\/10\/pista-1024x365.jpg\" alt=\"pista\" width=\"1024\" height=\"365\" srcset=\"https:\/\/agora.xtec.cat\/ceip-jrj\/wp-content\/uploads\/usu280\/2015\/10\/pista.jpg 1024w, https:\/\/agora.xtec.cat\/ceip-jrj\/wp-content\/uploads\/usu280\/2015\/10\/pista-300x107.jpg 300w, https:\/\/agora.xtec.cat\/ceip-jrj\/wp-content\/uploads\/usu280\/2015\/10\/pista-768x274.jpg 768w\" sizes=\"auto, (max-width: 1024px) 100vw, 1024px\" \/><\/a><\/p>\n","protected":false},"excerpt":{"rendered":"<p>Les instal\u00b7lacions esportives exteriors que tenim s\u00f3n: 2 pistes de b\u00e0squet (una de elles coberta), 1 pista d&#8217;handbol i 1 pista de futbol sala, per\u00f2 tamb\u00e9 comptem amb adaptacions per muntar 2 pistes de voleibol i altres dues de tennis.<br \/>\n<a href=\"http:\/\/agora.xtec.cat\/ceip-jrj\/wp-content\/uploads\/usu280\/2015\/10\/pista.jpg\"><\/a><\/p>\n","protected":false},"author":1,"featured_media":0,"parent":265,"menu_order":0,"comment_status":"closed","ping_status":"closed","template":"page-templates\/side-menu.php","meta":{"_bbp_topic_count":0,"_bbp_reply_count":0,"_bbp_total_topic_count":0,"_bbp_total_reply_count":0,"_bbp_voice_count":0,"_bbp_anonymous_reply_count":0,"_bbp_topic_count_hidden":0,"_bbp_reply_count_hidden":0,"_bbp_forum_subforum_count":0,"footnotes":""},"class_list":["post-295","page","type-page","status-publish","hentry"],"post_mailing_queue_ids":[],"_links":{"self":[{"href":"https:\/\/agora.xtec.cat\/ceip-jrj\/wp-json\/wp\/v2\/pages\/295","targetHints":{"allow":["GET"]}}],"collection":[{"href":"https:\/\/agora.xtec.cat\/ceip-jrj\/wp-json\/wp\/v2\/pages"}],"about":[{"href":"https:\/\/agora.xtec.cat\/ceip-jrj\/wp-json\/wp\/v2\/types\/page"}],"author":[{"embeddable":true,"href":"https:\/\/agora.xtec.cat\/ceip-jrj\/wp-json\/wp\/v2\/users\/1"}],"replies":[{"embeddable":true,"href":"https:\/\/agora.xtec.cat\/ceip-jrj\/wp-json\/wp\/v2\/comments?post=295"}],"version-history":[{"count":3,"href":"https:\/\/agora.xtec.cat\/ceip-jrj\/wp-json\/wp\/v2\/pages\/295\/revisions"}],"predecessor-version":[{"id":3942,"href":"https:\/\/agora.xtec.cat\/ceip-jrj\/wp-json\/wp\/v2\/pages\/295\/revisions\/3942"}],"up":[{"embeddable":true,"href":"https:\/\/agora.xtec.cat\/ceip-jrj\/wp-json\/wp\/v2\/pages\/265"}],"wp:attachment":[{"href":"https:\/\/agora.xtec.cat\/ceip-jrj\/wp-json\/wp\/v2\/media?parent=295"}],"curies":[{"name":"wp","href":"https:\/\/api.w.org\/{rel}","templated":true}]}}