{"id":289,"date":"2015-10-21T22:12:14","date_gmt":"2015-10-21T21:12:14","guid":{"rendered":"http:\/\/agora.xtec.cat\/ceip-jrj\/?page_id=289"},"modified":"2025-07-10T12:53:13","modified_gmt":"2025-07-10T10:53:13","slug":"gimnas","status":"publish","type":"page","link":"https:\/\/agora.xtec.cat\/ceip-jrj\/escola\/instal%c2%b7lacions\/gimnas\/","title":{"rendered":"Gimn\u00e0s"},"content":{"rendered":"<p style=\"text-align: justify;\">Un dels edificis que formen l&#8217;Escola \u00e9s el Gimn\u00e0s, que compta tamb\u00e9 amb dos magatzems de material esportiu, dos vestuaris, dos lavabos i un vestuari pel al professorat.<\/p>\n<p><a href=\"https:\/\/agora.xtec.cat\/ceip-jrj\/wp-content\/uploads\/usu280\/2025\/07\/gimnas.png\"><img loading=\"lazy\" decoding=\"async\" class=\"wp-image-7712 aligncenter\" src=\"https:\/\/agora.xtec.cat\/ceip-jrj\/wp-content\/uploads\/usu280\/2025\/07\/gimnas-1024x713.png\" alt=\"\" width=\"603\" height=\"420\" srcset=\"https:\/\/agora.xtec.cat\/ceip-jrj\/wp-content\/uploads\/usu280\/2025\/07\/gimnas-1024x713.png 1024w, https:\/\/agora.xtec.cat\/ceip-jrj\/wp-content\/uploads\/usu280\/2025\/07\/gimnas-300x209.png 300w, https:\/\/agora.xtec.cat\/ceip-jrj\/wp-content\/uploads\/usu280\/2025\/07\/gimnas-768x534.png 768w, https:\/\/agora.xtec.cat\/ceip-jrj\/wp-content\/uploads\/usu280\/2025\/07\/gimnas.png 1414w\" sizes=\"auto, (max-width: 603px) 100vw, 603px\" \/><\/a><\/p>\n","protected":false},"excerpt":{"rendered":"<p>Un dels edificis que formen l&#8217;Escola \u00e9s el Gimn\u00e0s, que compta tamb\u00e9 amb dos magatzems de material esportiu, dos vestuaris, dos lavabos i un vestuari pel al professorat.<br \/>\n<a href=\"https:\/\/agora.xtec.cat\/ceip-jrj\/wp-content\/uploads\/usu280\/2025\/07\/gimnas.png\"><\/a><\/p>\n","protected":false},"author":1,"featured_media":0,"parent":265,"menu_order":0,"comment_status":"closed","ping_status":"closed","template":"page-templates\/side-menu.php","meta":{"_bbp_topic_count":0,"_bbp_reply_count":0,"_bbp_total_topic_count":0,"_bbp_total_reply_count":0,"_bbp_voice_count":0,"_bbp_anonymous_reply_count":0,"_bbp_topic_count_hidden":0,"_bbp_reply_count_hidden":0,"_bbp_forum_subforum_count":0,"footnotes":""},"class_list":["post-289","page","type-page","status-publish","hentry"],"post_mailing_queue_ids":[],"_links":{"self":[{"href":"https:\/\/agora.xtec.cat\/ceip-jrj\/wp-json\/wp\/v2\/pages\/289","targetHints":{"allow":["GET"]}}],"collection":[{"href":"https:\/\/agora.xtec.cat\/ceip-jrj\/wp-json\/wp\/v2\/pages"}],"about":[{"href":"https:\/\/agora.xtec.cat\/ceip-jrj\/wp-json\/wp\/v2\/types\/page"}],"author":[{"embeddable":true,"href":"https:\/\/agora.xtec.cat\/ceip-jrj\/wp-json\/wp\/v2\/users\/1"}],"replies":[{"embeddable":true,"href":"https:\/\/agora.xtec.cat\/ceip-jrj\/wp-json\/wp\/v2\/comments?post=289"}],"version-history":[{"count":4,"href":"https:\/\/agora.xtec.cat\/ceip-jrj\/wp-json\/wp\/v2\/pages\/289\/revisions"}],"predecessor-version":[{"id":7713,"href":"https:\/\/agora.xtec.cat\/ceip-jrj\/wp-json\/wp\/v2\/pages\/289\/revisions\/7713"}],"up":[{"embeddable":true,"href":"https:\/\/agora.xtec.cat\/ceip-jrj\/wp-json\/wp\/v2\/pages\/265"}],"wp:attachment":[{"href":"https:\/\/agora.xtec.cat\/ceip-jrj\/wp-json\/wp\/v2\/media?parent=289"}],"curies":[{"name":"wp","href":"https:\/\/api.w.org\/{rel}","templated":true}]}}