{"id":281,"date":"2015-10-21T22:10:44","date_gmt":"2015-10-21T21:10:44","guid":{"rendered":"http:\/\/agora.xtec.cat\/ceip-jrj\/?page_id=281"},"modified":"2021-02-01T21:20:11","modified_gmt":"2021-02-01T20:20:11","slug":"aula-de-musica","status":"publish","type":"page","link":"https:\/\/agora.xtec.cat\/ceip-jrj\/escola\/instal%c2%b7lacions\/aula-de-musica\/","title":{"rendered":"Aula de M\u00fasica"},"content":{"rendered":"<p style=\"text-align: justify;\">L&#8217;Aula de M\u00fasica \u00e9s el lloc adient per impartir aquesta \u00c0rea a tots els nens i nenes del Centre. Est\u00e0 especialment preparada fer realitzar audicions i dotada d&#8217;alguns instruments i de gran quantitat de material musical escolar.<\/p>\n<p style=\"text-align: justify;\"><a href=\"http:\/\/agora.xtec.cat\/ceip-jrj\/wp-content\/uploads\/usu280\/2015\/10\/IMG_1219.jpg\"><img loading=\"lazy\" decoding=\"async\" class=\"wp-image-1352 aligncenter\" src=\"http:\/\/agora.xtec.cat\/ceip-jrj\/wp-content\/uploads\/usu280\/2015\/10\/IMG_1219-1024x313.jpg\" alt=\"img_1219\" width=\"645\" height=\"197\" srcset=\"https:\/\/agora.xtec.cat\/ceip-jrj\/wp-content\/uploads\/usu280\/2015\/10\/IMG_1219.jpg 1024w, https:\/\/agora.xtec.cat\/ceip-jrj\/wp-content\/uploads\/usu280\/2015\/10\/IMG_1219-300x92.jpg 300w, https:\/\/agora.xtec.cat\/ceip-jrj\/wp-content\/uploads\/usu280\/2015\/10\/IMG_1219-768x235.jpg 768w\" sizes=\"auto, (max-width: 645px) 100vw, 645px\" \/><\/a><\/p>\n","protected":false},"excerpt":{"rendered":"<p>L&#8217;Aula de M\u00fasica \u00e9s el lloc adient per impartir aquesta \u00c0rea a tots els nens i nenes del Centre. Est\u00e0 especialment preparada fer realitzar audicions i dotada d&#8217;alguns instruments i de gran quantitat de material musical escolar.<br \/>\n<a href=\"http:\/\/agora.xtec.cat\/ceip-jrj\/wp-content\/uploads\/usu280\/2015\/10\/IMG_1219.jpg\"><\/a><\/p>\n","protected":false},"author":1,"featured_media":0,"parent":265,"menu_order":0,"comment_status":"closed","ping_status":"closed","template":"page-templates\/side-menu.php","meta":{"_bbp_topic_count":0,"_bbp_reply_count":0,"_bbp_total_topic_count":0,"_bbp_total_reply_count":0,"_bbp_voice_count":0,"_bbp_anonymous_reply_count":0,"_bbp_topic_count_hidden":0,"_bbp_reply_count_hidden":0,"_bbp_forum_subforum_count":0,"footnotes":""},"class_list":["post-281","page","type-page","status-publish","hentry"],"post_mailing_queue_ids":[],"_links":{"self":[{"href":"https:\/\/agora.xtec.cat\/ceip-jrj\/wp-json\/wp\/v2\/pages\/281","targetHints":{"allow":["GET"]}}],"collection":[{"href":"https:\/\/agora.xtec.cat\/ceip-jrj\/wp-json\/wp\/v2\/pages"}],"about":[{"href":"https:\/\/agora.xtec.cat\/ceip-jrj\/wp-json\/wp\/v2\/types\/page"}],"author":[{"embeddable":true,"href":"https:\/\/agora.xtec.cat\/ceip-jrj\/wp-json\/wp\/v2\/users\/1"}],"replies":[{"embeddable":true,"href":"https:\/\/agora.xtec.cat\/ceip-jrj\/wp-json\/wp\/v2\/comments?post=281"}],"version-history":[{"count":3,"href":"https:\/\/agora.xtec.cat\/ceip-jrj\/wp-json\/wp\/v2\/pages\/281\/revisions"}],"predecessor-version":[{"id":3926,"href":"https:\/\/agora.xtec.cat\/ceip-jrj\/wp-json\/wp\/v2\/pages\/281\/revisions\/3926"}],"up":[{"embeddable":true,"href":"https:\/\/agora.xtec.cat\/ceip-jrj\/wp-json\/wp\/v2\/pages\/265"}],"wp:attachment":[{"href":"https:\/\/agora.xtec.cat\/ceip-jrj\/wp-json\/wp\/v2\/media?parent=281"}],"curies":[{"name":"wp","href":"https:\/\/api.w.org\/{rel}","templated":true}]}}