{"id":275,"date":"2015-10-21T22:09:39","date_gmt":"2015-10-21T21:09:39","guid":{"rendered":"http:\/\/agora.xtec.cat\/ceip-jrj\/?page_id=275"},"modified":"2021-02-02T10:45:21","modified_gmt":"2021-02-02T09:45:21","slug":"aula-dinformatica-1","status":"publish","type":"page","link":"https:\/\/agora.xtec.cat\/ceip-jrj\/escola\/instal%c2%b7lacions\/aula-dinformatica-1\/","title":{"rendered":"Aula d&#8217;Inform\u00e0tica 1"},"content":{"rendered":"<p style=\"text-align: justify;\">Aquesta Aula d&#8217;Inform\u00e0tica est\u00e0 dotada amb 21 ordinadors, 1 impressora, un esc\u00e0ner, un videoprojector i una pantalla de projecci\u00f3. Tots els ordinador estan connectat en xarxa i accedeixen a Internet a trav\u00e9s d&#8217;una l\u00ednia ADSL de 1000 Mb.<\/p>\n<p style=\"text-align: justify;\"><a href=\"http:\/\/agora.xtec.cat\/ceip-jrj\/wp-content\/uploads\/usu280\/2015\/10\/IMG_1228.jpg\"><img loading=\"lazy\" decoding=\"async\" class=\"wp-image-1341 aligncenter\" src=\"http:\/\/agora.xtec.cat\/ceip-jrj\/wp-content\/uploads\/usu280\/2015\/10\/IMG_1228-1024x552.jpg\" alt=\"img_1228\" width=\"627\" height=\"338\" srcset=\"https:\/\/agora.xtec.cat\/ceip-jrj\/wp-content\/uploads\/usu280\/2015\/10\/IMG_1228.jpg 1024w, https:\/\/agora.xtec.cat\/ceip-jrj\/wp-content\/uploads\/usu280\/2015\/10\/IMG_1228-300x162.jpg 300w, https:\/\/agora.xtec.cat\/ceip-jrj\/wp-content\/uploads\/usu280\/2015\/10\/IMG_1228-768x414.jpg 768w\" sizes=\"auto, (max-width: 627px) 100vw, 627px\" \/><\/a><\/p>\n","protected":false},"excerpt":{"rendered":"<p>Aquesta Aula d&#8217;Inform\u00e0tica est\u00e0 dotada amb 21 ordinadors, 1 impressora, un esc\u00e0ner, un videoprojector i una pantalla de projecci\u00f3. Tots els ordinador estan connectat en xarxa i accedeixen a Internet a trav\u00e9s d&#8217;una l\u00ednia ADSL de 1000 Mb.<br \/>\n<a href=\"http:\/\/agora.xtec.cat\/ceip-jrj\/wp-content\/uploads\/usu280\/2015\/10\/IMG_1228.jpg\"><\/a><\/p>\n","protected":false},"author":1,"featured_media":0,"parent":265,"menu_order":0,"comment_status":"closed","ping_status":"closed","template":"page-templates\/side-menu.php","meta":{"_bbp_topic_count":0,"_bbp_reply_count":0,"_bbp_total_topic_count":0,"_bbp_total_reply_count":0,"_bbp_voice_count":0,"_bbp_anonymous_reply_count":0,"_bbp_topic_count_hidden":0,"_bbp_reply_count_hidden":0,"_bbp_forum_subforum_count":0,"footnotes":""},"class_list":["post-275","page","type-page","status-publish","hentry"],"post_mailing_queue_ids":[],"_links":{"self":[{"href":"https:\/\/agora.xtec.cat\/ceip-jrj\/wp-json\/wp\/v2\/pages\/275","targetHints":{"allow":["GET"]}}],"collection":[{"href":"https:\/\/agora.xtec.cat\/ceip-jrj\/wp-json\/wp\/v2\/pages"}],"about":[{"href":"https:\/\/agora.xtec.cat\/ceip-jrj\/wp-json\/wp\/v2\/types\/page"}],"author":[{"embeddable":true,"href":"https:\/\/agora.xtec.cat\/ceip-jrj\/wp-json\/wp\/v2\/users\/1"}],"replies":[{"embeddable":true,"href":"https:\/\/agora.xtec.cat\/ceip-jrj\/wp-json\/wp\/v2\/comments?post=275"}],"version-history":[{"count":3,"href":"https:\/\/agora.xtec.cat\/ceip-jrj\/wp-json\/wp\/v2\/pages\/275\/revisions"}],"predecessor-version":[{"id":3947,"href":"https:\/\/agora.xtec.cat\/ceip-jrj\/wp-json\/wp\/v2\/pages\/275\/revisions\/3947"}],"up":[{"embeddable":true,"href":"https:\/\/agora.xtec.cat\/ceip-jrj\/wp-json\/wp\/v2\/pages\/265"}],"wp:attachment":[{"href":"https:\/\/agora.xtec.cat\/ceip-jrj\/wp-json\/wp\/v2\/media?parent=275"}],"curies":[{"name":"wp","href":"https:\/\/api.w.org\/{rel}","templated":true}]}}