{"id":273,"date":"2015-10-21T22:08:53","date_gmt":"2015-10-21T21:08:53","guid":{"rendered":"http:\/\/agora.xtec.cat\/ceip-jrj\/?page_id=273"},"modified":"2017-03-01T13:06:11","modified_gmt":"2017-03-01T12:06:11","slug":"aula-dangles","status":"publish","type":"page","link":"https:\/\/agora.xtec.cat\/ceip-jrj\/escola\/instal%c2%b7lacions\/aula-dangles\/","title":{"rendered":"Aula d&#8217;Angl\u00e8s"},"content":{"rendered":"<p style=\"text-align: justify;\">Per tal d&#8217;impartir la Llengua Estrangera (Angl\u00e8s) amb els mitjans m\u00e9s adients i imnovadors, disposem d&#8217;una aula especialitzada i totalment equipada amb xarxes d&#8217;audio, v\u00eddeo i internet per a 26 alumnes. Per ella passen tots els alumnes de Prim\u00e0ria (de 1r a 6\u00e8 nivell).<\/p>\n<p style=\"text-align: justify;\">\n<p style=\"text-align: justify;\"><a href=\"http:\/\/agora.xtec.cat\/ceip-jrj\/wp-content\/uploads\/usu280\/2015\/10\/IMG_1221.jpg\"><img loading=\"lazy\" decoding=\"async\" class=\"wp-image-1334 aligncenter\" src=\"http:\/\/agora.xtec.cat\/ceip-jrj\/wp-content\/uploads\/usu280\/2015\/10\/IMG_1221-1024x534.jpg\" alt=\"img_1221\" width=\"597\" height=\"311\" srcset=\"https:\/\/agora.xtec.cat\/ceip-jrj\/wp-content\/uploads\/usu280\/2015\/10\/IMG_1221.jpg 1024w, https:\/\/agora.xtec.cat\/ceip-jrj\/wp-content\/uploads\/usu280\/2015\/10\/IMG_1221-300x156.jpg 300w, https:\/\/agora.xtec.cat\/ceip-jrj\/wp-content\/uploads\/usu280\/2015\/10\/IMG_1221-768x401.jpg 768w\" sizes=\"auto, (max-width: 597px) 100vw, 597px\" \/><\/a><\/p>\n","protected":false},"excerpt":{"rendered":"<p>Per tal d&#8217;impartir la Llengua Estrangera (Angl\u00e8s) amb els mitjans m\u00e9s adients i imnovadors, disposem d&#8217;una aula especialitzada i totalment equipada amb xarxes d&#8217;audio, v\u00eddeo i internet per a 26 alumnes. Per ella passen tots els alumnes de Prim\u00e0ria (de 1r a 6\u00e8 nivell).<\/p>\n<p><a href=\"http:\/\/agora.xtec.cat\/ceip-jrj\/wp-content\/uploads\/usu280\/2015\/10\/IMG_1221.jpg\"><\/a><\/p>\n","protected":false},"author":1,"featured_media":0,"parent":265,"menu_order":0,"comment_status":"closed","ping_status":"closed","template":"page-templates\/side-menu.php","meta":{"_bbp_topic_count":0,"_bbp_reply_count":0,"_bbp_total_topic_count":0,"_bbp_total_reply_count":0,"_bbp_voice_count":0,"_bbp_anonymous_reply_count":0,"_bbp_topic_count_hidden":0,"_bbp_reply_count_hidden":0,"_bbp_forum_subforum_count":0,"footnotes":""},"class_list":["post-273","page","type-page","status-publish","hentry"],"post_mailing_queue_ids":[],"_links":{"self":[{"href":"https:\/\/agora.xtec.cat\/ceip-jrj\/wp-json\/wp\/v2\/pages\/273","targetHints":{"allow":["GET"]}}],"collection":[{"href":"https:\/\/agora.xtec.cat\/ceip-jrj\/wp-json\/wp\/v2\/pages"}],"about":[{"href":"https:\/\/agora.xtec.cat\/ceip-jrj\/wp-json\/wp\/v2\/types\/page"}],"author":[{"embeddable":true,"href":"https:\/\/agora.xtec.cat\/ceip-jrj\/wp-json\/wp\/v2\/users\/1"}],"replies":[{"embeddable":true,"href":"https:\/\/agora.xtec.cat\/ceip-jrj\/wp-json\/wp\/v2\/comments?post=273"}],"version-history":[{"count":3,"href":"https:\/\/agora.xtec.cat\/ceip-jrj\/wp-json\/wp\/v2\/pages\/273\/revisions"}],"predecessor-version":[{"id":1344,"href":"https:\/\/agora.xtec.cat\/ceip-jrj\/wp-json\/wp\/v2\/pages\/273\/revisions\/1344"}],"up":[{"embeddable":true,"href":"https:\/\/agora.xtec.cat\/ceip-jrj\/wp-json\/wp\/v2\/pages\/265"}],"wp:attachment":[{"href":"https:\/\/agora.xtec.cat\/ceip-jrj\/wp-json\/wp\/v2\/media?parent=273"}],"curies":[{"name":"wp","href":"https:\/\/api.w.org\/{rel}","templated":true}]}}