{"id":1925,"date":"2018-10-15T13:49:45","date_gmt":"2018-10-15T11:49:45","guid":{"rendered":"http:\/\/agora.xtec.cat\/ceip-jrj\/?page_id=1925"},"modified":"2025-07-10T12:39:12","modified_gmt":"2025-07-10T10:39:12","slug":"autoritzacions-per-descarregar","status":"publish","type":"page","link":"https:\/\/agora.xtec.cat\/ceip-jrj\/autoritzacions-per-descarregar\/","title":{"rendered":"AUTORITZACIONS i FULLS D&#8217;INSCRIPCI\u00d3 PER DESCARREGAR"},"content":{"rendered":"<p>Clica en els t\u00edtols per poder descarregar les autoritzacions i fulls d&#8217;inscripci\u00f3<\/p>\n<p><a href=\"https:\/\/drive.google.com\/file\/d\/1fBpRhUldibmyj4LPr8If70iaHSQy5xXg\/view?usp=drive_link\">AUTORITZACI\u00d3 ADMINISTRACI\u00d3 DE MEDICAMENTS<\/a><\/p>\n<p style=\"text-align: left;\"><a href=\"https:\/\/drive.google.com\/file\/d\/1HK8IVTiLlXAGHLqQrHc1gvadI9lAHhcK\/view?usp=drive_link\" target=\"_blank\" rel=\"noopener\">SERVEI D&#8217;ACOLLIDA<\/a><\/p>\n<p><a href=\"https:\/\/drive.google.com\/file\/d\/1Jft-kY_LdMpVbHT-c8_K3zuvicncSF2e\/view?usp=sharing\" target=\"_blank\" rel=\"noopener\">ACCEPTACI\u00d3 ENSENYAMENT DE RELIGI\u00d3<\/a><\/p>\n<p><a href=\"https:\/\/drive.google.com\/file\/d\/1zUCJgN8dUMS6as0giz5vsj3QXYIIEFHr\/view?usp=drive_link\">AUTORITZACI\u00d3 DE RECOLLIDA PER A L&#8217;ALUMNAT D&#8217;I3 a 2n<\/a><\/p>\n<p><a href=\"https:\/\/drive.google.com\/file\/d\/1T_HRvCLCsBfipC1xtHgP5D9nbm1Ed9C2\/view?usp=drive_link\">AUTORITZACI\u00d3 SORTIDA DE L&#8217;ALUMNAT SOL DE 3r A 6\u00e8<\/a><\/p>\n<p><a href=\"https:\/\/drive.google.com\/file\/d\/1AtMwGu-XCY5IGeB0MW2BDHZ8qVxJ0w_S\/view?usp=drive_link\">AUTORITZACI\u00d3 D&#8217;\u00daS D&#8217;IMATGES<\/a><\/p>\n<p><a href=\"https:\/\/drive.google.com\/file\/d\/1pQOjWow8SU_xZHC2m0Vilutu2sgsPuuH\/view?usp=drive_link\">AUTORITZACI\u00d3 \u00daS D&#8217;IMATGES AJUNTAMENT DE MARTORELL<\/a><\/p>\n<p><a href=\"https:\/\/drive.google.com\/file\/d\/1h4B2-0Gqoo8Wvsk_u3aImszkTQ76X8AS\/view?usp=drive_link\">FULL D&#8217;INSCRIPCI\u00d3 NOUS SOCIS AFA<\/a><\/p>\n","protected":false},"excerpt":{"rendered":"<p>Clica en els t\u00edtols per poder descarregar les autoritzacions i fulls d&#8217;inscripci\u00f3<br \/>\n<a href=\"https:\/\/drive.google.com\/file\/d\/1fBpRhUldibmyj4LPr8If70iaHSQy5xXg\/view?usp=drive_link\">AUTORITZACI\u00d3 ADMINISTRACI\u00d3 DE MEDICAMENTS<\/a><br \/>\n<a href=\"https:\/\/drive.google.com\/file\/d\/1HK8IVTiLlXAGHLqQrHc1gvadI9lAHhcK\/view?usp=drive_link\" target=\"_blank\" rel=\"noopener\">SERVEI D&#8217;ACOLLIDA<\/a><br \/>\n<a href=\"https:\/\/drive.google.com\/file\/d\/1Jft-kY_LdMpVbHT-c8_K3zuvicncSF2e\/view?usp=sharing\" target=\"_blank\" rel=\"noopener\">ACCEPTACI\u00d3 ENSENYAMENT DE RELIGI\u00d3<\/a><br \/>\n<a href=\"https:\/\/drive.google.com\/file\/d\/1zUCJgN8dUMS6as0giz5vsj3QXYIIEFHr\/view?usp=drive_link\">AUTORITZACI\u00d3 DE RECOLLIDA PER A L&#8217;ALUMNAT D&#8217;I3 a 2n<\/a><br \/>\n<a href=\"https:\/\/drive.google.com\/file\/d\/1T_HRvCLCsBfipC1xtHgP5D9nbm1Ed9C2\/view?usp=drive_link\">AUTORITZACI\u00d3 SORTIDA DE L&#8217;ALUMNAT SOL DE 3r A 6\u00e8<\/a><br \/>\n<a href=\"https:\/\/drive.google.com\/file\/d\/1AtMwGu-XCY5IGeB0MW2BDHZ8qVxJ0w_S\/view?usp=drive_link\">AUTORITZACI\u00d3&hellip;  <a href=\"https:\/\/agora.xtec.cat\/ceip-jrj\/autoritzacions-per-descarregar\/\" title=\"Read AUTORITZACIONS i FULLS D&#8217;INSCRIPCI\u00d3 PER DESCARREGAR\">Llegeix m\u00e9s\u00bb<\/a><\/p>\n","protected":false},"author":1,"featured_media":0,"parent":0,"menu_order":0,"comment_status":"closed","ping_status":"closed","template":"","meta":{"_bbp_topic_count":0,"_bbp_reply_count":0,"_bbp_total_topic_count":0,"_bbp_total_reply_count":0,"_bbp_voice_count":0,"_bbp_anonymous_reply_count":0,"_bbp_topic_count_hidden":0,"_bbp_reply_count_hidden":0,"_bbp_forum_subforum_count":0,"footnotes":""},"class_list":["post-1925","page","type-page","status-publish","hentry"],"post_mailing_queue_ids":[],"_links":{"self":[{"href":"https:\/\/agora.xtec.cat\/ceip-jrj\/wp-json\/wp\/v2\/pages\/1925","targetHints":{"allow":["GET"]}}],"collection":[{"href":"https:\/\/agora.xtec.cat\/ceip-jrj\/wp-json\/wp\/v2\/pages"}],"about":[{"href":"https:\/\/agora.xtec.cat\/ceip-jrj\/wp-json\/wp\/v2\/types\/page"}],"author":[{"embeddable":true,"href":"https:\/\/agora.xtec.cat\/ceip-jrj\/wp-json\/wp\/v2\/users\/1"}],"replies":[{"embeddable":true,"href":"https:\/\/agora.xtec.cat\/ceip-jrj\/wp-json\/wp\/v2\/comments?post=1925"}],"version-history":[{"count":8,"href":"https:\/\/agora.xtec.cat\/ceip-jrj\/wp-json\/wp\/v2\/pages\/1925\/revisions"}],"predecessor-version":[{"id":7706,"href":"https:\/\/agora.xtec.cat\/ceip-jrj\/wp-json\/wp\/v2\/pages\/1925\/revisions\/7706"}],"wp:attachment":[{"href":"https:\/\/agora.xtec.cat\/ceip-jrj\/wp-json\/wp\/v2\/media?parent=1925"}],"curies":[{"name":"wp","href":"https:\/\/api.w.org\/{rel}","templated":true}]}}