{"id":934,"date":"2016-10-27T16:09:58","date_gmt":"2016-10-27T14:09:58","guid":{"rendered":"http:\/\/agora.xtec.cat\/ceip-josepcarner\/?page_id=934"},"modified":"2016-11-08T20:31:34","modified_gmt":"2016-11-08T19:31:34","slug":"30-lectura","status":"publish","type":"page","link":"https:\/\/agora.xtec.cat\/ceip-josepcarner\/com-treballem\/30-lectura\/","title":{"rendered":"30&#8242; Lectura"},"content":{"rendered":"<p><u>30\u2019<\/u><u> DE LECTURA en una mateixa franja hor\u00e0ria<\/u><\/p>\n<ul>\n<li>EL CONVIDAT. Als nens i nenes els agrada molt que vingui gent volunt\u00e0ria a explicar contes i hist\u00f2ries diferents.<\/li>\n<li>TERT\u00daLIES DIAL\u00d2GIQUES. A partir de la lectura dels cl\u00e0ssics, es produeixen converses i di\u00e0legs molt i molt interessants sobre tots els aspectes de la vida que interessen als infants.<\/li>\n<li>APADRINAMENT Els alumnes de 5\u00e8 apadrinen als alumnes de P5 i els alumnes de 6\u00e8 apadrinen als alumnes de 1r. Dos anys consecutius de parelles lectores que es troben cada setmana per a gaudir de la lectura i de les hist\u00f2ries compartides. El gran ajuda i guia al petit. L\u2019experi\u00e8ncia enriqueix a ambd\u00f3s.<\/li>\n<li>La programaci\u00f3 dels 30&#8242; de lectura la tenim al moodle de l&#8217;escola. Cal demanar acc\u00e9s per poder-la consultar.<\/li>\n<\/ul>\n<p><a href=\"http:\/\/agora.xtec.cat\/ceip-josepcarner\/com-treballem\/30-lectura\/attachment\/apadrinament\/\" rel=\"attachment wp-att-1024\"><img loading=\"lazy\" decoding=\"async\" class=\"wp-image-1024 aligncenter\" src=\"http:\/\/agora.xtec.cat\/ceip-josepcarner\/wp-content\/uploads\/usu220\/2016\/10\/apadrinament-1024x1024.jpg\" alt=\"apadrinament\" width=\"395\" height=\"395\" srcset=\"https:\/\/agora.xtec.cat\/ceip-josepcarner\/wp-content\/uploads\/usu220\/2016\/10\/apadrinament-1024x1024.jpg 1024w, https:\/\/agora.xtec.cat\/ceip-josepcarner\/wp-content\/uploads\/usu220\/2016\/10\/apadrinament-150x150.jpg 150w, https:\/\/agora.xtec.cat\/ceip-josepcarner\/wp-content\/uploads\/usu220\/2016\/10\/apadrinament-300x300.jpg 300w, https:\/\/agora.xtec.cat\/ceip-josepcarner\/wp-content\/uploads\/usu220\/2016\/10\/apadrinament-768x768.jpg 768w, https:\/\/agora.xtec.cat\/ceip-josepcarner\/wp-content\/uploads\/usu220\/2016\/10\/apadrinament.jpg 1440w\" sizes=\"auto, (max-width: 395px) 100vw, 395px\" \/><\/a><\/p>\n","protected":false},"excerpt":{"rendered":"<p>30\u2019 DE LECTURA en una mateixa franja hor\u00e0ria EL CONVIDAT. Als nens i nenes els agrada molt que vingui gent volunt\u00e0ria a explicar contes i hist\u00f2ries diferents. TERT\u00daLIES DIAL\u00d2GIQUES. A partir de la lectura dels cl\u00e0ssics, es produeixen converses i di\u00e0legs molt i molt interessants sobre tots els aspectes de la vida que interessen als [&hellip;]<\/p>\n","protected":false},"author":1,"featured_media":0,"parent":352,"menu_order":0,"comment_status":"closed","ping_status":"closed","template":"page-templates\/side-menu.php","meta":{"_bbp_topic_count":0,"_bbp_reply_count":0,"_bbp_total_topic_count":0,"_bbp_total_reply_count":0,"_bbp_voice_count":0,"_bbp_anonymous_reply_count":0,"_bbp_topic_count_hidden":0,"_bbp_reply_count_hidden":0,"_bbp_forum_subforum_count":0,"site-sidebar-layout":"default","site-content-layout":"","ast-site-content-layout":"","site-content-style":"default","site-sidebar-style":"default","ast-global-header-display":"","ast-banner-title-visibility":"","ast-main-header-display":"","ast-hfb-above-header-display":"","ast-hfb-below-header-display":"","ast-hfb-mobile-header-display":"","site-post-title":"","ast-breadcrumbs-content":"","ast-featured-img":"","footer-sml-layout":"","theme-transparent-header-meta":"","adv-header-id-meta":"","stick-header-meta":"","header-above-stick-meta":"","header-main-stick-meta":"","header-below-stick-meta":"","astra-migrate-meta-layouts":"default","ast-page-background-enabled":"default","ast-page-background-meta":{"desktop":{"background-color":"var(--ast-global-color-4)","background-image":"","background-repeat":"repeat","background-position":"center center","background-size":"auto","background-attachment":"scroll","background-type":"","background-media":"","overlay-type":"","overlay-color":"","overlay-opacity":"","overlay-gradient":""},"tablet":{"background-color":"","background-image":"","background-repeat":"repeat","background-position":"center center","background-size":"auto","background-attachment":"scroll","background-type":"","background-media":"","overlay-type":"","overlay-color":"","overlay-opacity":"","overlay-gradient":""},"mobile":{"background-color":"","background-image":"","background-repeat":"repeat","background-position":"center center","background-size":"auto","background-attachment":"scroll","background-type":"","background-media":"","overlay-type":"","overlay-color":"","overlay-opacity":"","overlay-gradient":""}},"ast-content-background-meta":{"desktop":{"background-color":"var(--ast-global-color-5)","background-image":"","background-repeat":"repeat","background-position":"center center","background-size":"auto","background-attachment":"scroll","background-type":"","background-media":"","overlay-type":"","overlay-color":"","overlay-opacity":"","overlay-gradient":""},"tablet":{"background-color":"var(--ast-global-color-5)","background-image":"","background-repeat":"repeat","background-position":"center center","background-size":"auto","background-attachment":"scroll","background-type":"","background-media":"","overlay-type":"","overlay-color":"","overlay-opacity":"","overlay-gradient":""},"mobile":{"background-color":"var(--ast-global-color-5)","background-image":"","background-repeat":"repeat","background-position":"center center","background-size":"auto","background-attachment":"scroll","background-type":"","background-media":"","overlay-type":"","overlay-color":"","overlay-opacity":"","overlay-gradient":""}},"footnotes":""},"class_list":["post-934","page","type-page","status-publish","hentry"],"post_mailing_queue_ids":[],"_links":{"self":[{"href":"https:\/\/agora.xtec.cat\/ceip-josepcarner\/wp-json\/wp\/v2\/pages\/934","targetHints":{"allow":["GET"]}}],"collection":[{"href":"https:\/\/agora.xtec.cat\/ceip-josepcarner\/wp-json\/wp\/v2\/pages"}],"about":[{"href":"https:\/\/agora.xtec.cat\/ceip-josepcarner\/wp-json\/wp\/v2\/types\/page"}],"author":[{"embeddable":true,"href":"https:\/\/agora.xtec.cat\/ceip-josepcarner\/wp-json\/wp\/v2\/users\/1"}],"replies":[{"embeddable":true,"href":"https:\/\/agora.xtec.cat\/ceip-josepcarner\/wp-json\/wp\/v2\/comments?post=934"}],"version-history":[{"count":3,"href":"https:\/\/agora.xtec.cat\/ceip-josepcarner\/wp-json\/wp\/v2\/pages\/934\/revisions"}],"predecessor-version":[{"id":1025,"href":"https:\/\/agora.xtec.cat\/ceip-josepcarner\/wp-json\/wp\/v2\/pages\/934\/revisions\/1025"}],"up":[{"embeddable":true,"href":"https:\/\/agora.xtec.cat\/ceip-josepcarner\/wp-json\/wp\/v2\/pages\/352"}],"wp:attachment":[{"href":"https:\/\/agora.xtec.cat\/ceip-josepcarner\/wp-json\/wp\/v2\/media?parent=934"}],"curies":[{"name":"wp","href":"https:\/\/api.w.org\/{rel}","templated":true}]}}