{"id":755,"date":"2015-12-21T20:23:26","date_gmt":"2015-12-21T19:23:26","guid":{"rendered":"http:\/\/agora.xtec.cat\/ceip-josepcarner\/?page_id=755"},"modified":"2026-04-10T16:37:57","modified_gmt":"2026-04-10T14:37:57","slug":"videos","status":"publish","type":"page","link":"https:\/\/agora.xtec.cat\/ceip-josepcarner\/videos\/","title":{"rendered":"V\u00eddeos- Fotos"},"content":{"rendered":"\n<h1 class=\"wp-block-heading\">Sant Jordi<\/h1>\n\n\n\n<figure class=\"wp-block-image\"><a href=\"http:\/\/agora.xtec.cat\/ceip-josepcarner\/celebracions\/videos\/attachment\/sant-jordi-2-web\/\" rel=\"attachment wp-att-982\"><img loading=\"lazy\" decoding=\"async\" width=\"1024\" height=\"768\" src=\"http:\/\/agora.xtec.cat\/ceip-josepcarner\/wp-content\/uploads\/usu220\/2015\/12\/SAnt-Jordi-2-web-1024x768.gif\" alt=\"sant-jordi-2-web\" class=\"wp-image-982\" srcset=\"https:\/\/agora.xtec.cat\/ceip-josepcarner\/wp-content\/uploads\/usu220\/2015\/12\/SAnt-Jordi-2-web-1024x768.gif 1024w, https:\/\/agora.xtec.cat\/ceip-josepcarner\/wp-content\/uploads\/usu220\/2015\/12\/SAnt-Jordi-2-web-300x225.gif 300w, https:\/\/agora.xtec.cat\/ceip-josepcarner\/wp-content\/uploads\/usu220\/2015\/12\/SAnt-Jordi-2-web-768x576.gif 768w, https:\/\/agora.xtec.cat\/ceip-josepcarner\/wp-content\/uploads\/usu220\/2015\/12\/SAnt-Jordi-2-web-200x150.gif 200w\" sizes=\"auto, (max-width: 1024px) 100vw, 1024px\" \/><\/a><\/figure>\n\n\n\n<figure class=\"wp-block-image\" style=\"margin-top:var(--wp--preset--spacing--70);margin-bottom:var(--wp--preset--spacing--70)\"><a href=\"http:\/\/agora.xtec.cat\/ceip-josepcarner\/celebracions\/videos\/attachment\/sant-jordi-web\/\" rel=\"attachment wp-att-983\"><img loading=\"lazy\" decoding=\"async\" width=\"1024\" height=\"768\" src=\"http:\/\/agora.xtec.cat\/ceip-josepcarner\/wp-content\/uploads\/usu220\/2015\/12\/SAnt-Jordi-web-1024x768.gif\" alt=\"sant-jordi-web\" class=\"wp-image-983\" srcset=\"https:\/\/agora.xtec.cat\/ceip-josepcarner\/wp-content\/uploads\/usu220\/2015\/12\/SAnt-Jordi-web-1024x768.gif 1024w, https:\/\/agora.xtec.cat\/ceip-josepcarner\/wp-content\/uploads\/usu220\/2015\/12\/SAnt-Jordi-web-300x225.gif 300w, https:\/\/agora.xtec.cat\/ceip-josepcarner\/wp-content\/uploads\/usu220\/2015\/12\/SAnt-Jordi-web-768x576.gif 768w, https:\/\/agora.xtec.cat\/ceip-josepcarner\/wp-content\/uploads\/usu220\/2015\/12\/SAnt-Jordi-web-200x150.gif 200w\" sizes=\"auto, (max-width: 1024px) 100vw, 1024px\" \/><\/a><\/figure>\n\n\n\n<figure class=\"wp-block-image alignleft\"><a href=\"http:\/\/agora.xtec.cat\/ceip-josepcarner\/wp-content\/uploads\/usu220\/2015\/12\/IMG_20160201_111939.jpg\"><img loading=\"lazy\" decoding=\"async\" width=\"1024\" height=\"768\" src=\"http:\/\/agora.xtec.cat\/ceip-josepcarner\/wp-content\/uploads\/usu220\/2015\/12\/IMG_20160201_111939-1024x768.jpg\" alt=\"IMG_20160201_111939\" class=\"wp-image-769\" srcset=\"https:\/\/agora.xtec.cat\/ceip-josepcarner\/wp-content\/uploads\/usu220\/2015\/12\/IMG_20160201_111939-1024x768.jpg 1024w, https:\/\/agora.xtec.cat\/ceip-josepcarner\/wp-content\/uploads\/usu220\/2015\/12\/IMG_20160201_111939-300x225.jpg 300w, https:\/\/agora.xtec.cat\/ceip-josepcarner\/wp-content\/uploads\/usu220\/2015\/12\/IMG_20160201_111939-200x150.jpg 200w\" sizes=\"auto, (max-width: 1024px) 100vw, 1024px\" \/><\/a><\/figure>\n\n\n\n<figure class=\"wp-block-image alignleft\"><a href=\"http:\/\/agora.xtec.cat\/ceip-josepcarner\/wp-content\/uploads\/usu220\/2015\/12\/IMG-20160201-WA0006.jpg\"><img loading=\"lazy\" decoding=\"async\" width=\"576\" height=\"1024\" src=\"http:\/\/agora.xtec.cat\/ceip-josepcarner\/wp-content\/uploads\/usu220\/2015\/12\/IMG-20160201-WA0006-576x1024.jpg\" alt=\"IMG-20160201-WA0006\" class=\"wp-image-770\" srcset=\"https:\/\/agora.xtec.cat\/ceip-josepcarner\/wp-content\/uploads\/usu220\/2015\/12\/IMG-20160201-WA0006-576x1024.jpg 576w, https:\/\/agora.xtec.cat\/ceip-josepcarner\/wp-content\/uploads\/usu220\/2015\/12\/IMG-20160201-WA0006-169x300.jpg 169w, https:\/\/agora.xtec.cat\/ceip-josepcarner\/wp-content\/uploads\/usu220\/2015\/12\/IMG-20160201-WA0006.jpg 900w\" sizes=\"auto, (max-width: 576px) 100vw, 576px\" \/><\/a><\/figure>\n\n\n\n<h1 class=\"wp-block-heading has-text-align-left\"><span style=\"color: #ff0000;\">Nadal<br><\/span><\/h1>\n\n\n\n<h3 class=\"wp-block-heading\">&nbsp;<span style=\"color: #0000ff;\">Educaci\u00f3 Infantil<\/span><\/h3>\n\n\n\n<p>P3 A+B<\/p>\n\n\n\n<figure class=\"wp-block-embed\"><div class=\"wp-block-embed__wrapper\">\nhttps:\/\/youtu.be\/EHHTI-t-YQg\n<\/div><\/figure>\n\n\n\n<p>P3A<\/p>\n\n\n\n<figure class=\"wp-block-embed\"><div class=\"wp-block-embed__wrapper\">\nhttps:\/\/youtu.be\/4J_umLELiv8\n<\/div><\/figure>\n\n\n\n<p>P3B<\/p>\n\n\n\n<figure class=\"wp-block-embed\"><div class=\"wp-block-embed__wrapper\">\nhttps:\/\/youtu.be\/LfpDmThy4eI\n<\/div><\/figure>\n\n\n\n<p>P4 AiB<\/p>\n\n\n\n<figure class=\"wp-block-embed\"><div class=\"wp-block-embed__wrapper\">\nhttps:\/\/youtu.be\/rj9k8TI58sI\n<\/div><\/figure>\n\n\n\n<p>P4A<\/p>\n\n\n\n<figure class=\"wp-block-embed\"><div class=\"wp-block-embed__wrapper\">\nhttps:\/\/youtu.be\/tsVzc0DNIm8\n<\/div><\/figure>\n\n\n\n<p>P4B<\/p>\n\n\n\n<figure class=\"wp-block-embed\"><div class=\"wp-block-embed__wrapper\">\nhttps:\/\/youtu.be\/SwUUlxHajJs\n<\/div><\/figure>\n\n\n\n<h5 class=\"wp-block-heading\">&nbsp;P5 AiB<\/h5>\n\n\n\n<figure class=\"wp-block-embed\"><div class=\"wp-block-embed__wrapper\">\nhttps:\/\/youtu.be\/VaG0DQd93jE\n<\/div><\/figure>\n\n\n\n<p>P5A<\/p>\n\n\n\n<figure class=\"wp-block-embed\"><div class=\"wp-block-embed__wrapper\">\nhttps:\/\/youtu.be\/j5lLFlNOwB4\n<\/div><\/figure>\n\n\n\n<p>P5B<\/p>\n\n\n\n<figure class=\"wp-block-embed\"><div class=\"wp-block-embed__wrapper\">\nhttps:\/\/youtu.be\/xzCVRVWtDLQ\n<\/div><\/figure>\n\n\n\n<h3 class=\"wp-block-heading\"><span style=\"color: #0000ff;\">Prim\u00e0ria grups A<\/span><\/h3>\n\n\n\n<p>1rA<\/p>\n\n\n\n<figure class=\"wp-block-embed\"><div class=\"wp-block-embed__wrapper\">\nhttps:\/\/youtu.be\/lz79KDu74w4\n<\/div><\/figure>\n\n\n\n<p>1rA Burrito Sabanero<\/p>\n\n\n\n<figure class=\"wp-block-embed\"><div class=\"wp-block-embed__wrapper\">\nhttps:\/\/youtu.be\/i0uvcEc6dp4\n<\/div><\/figure>\n\n\n\n<p>1rA Poema<\/p>\n\n\n\n<figure class=\"wp-block-embed\"><div class=\"wp-block-embed__wrapper\">\nhttps:\/\/youtu.be\/L5CvLAcLAdQ\n<\/div><\/figure>\n\n\n\n<p>2nA Pessebre M\u00e0gic<\/p>\n\n\n\n<figure class=\"wp-block-embed\"><div class=\"wp-block-embed__wrapper\">\nhttps:\/\/youtu.be\/2j3sCZiozww\n<\/div><\/figure>\n\n\n\n<p>2nA Christmas tree<\/p>\n\n\n\n<figure class=\"wp-block-embed\"><div class=\"wp-block-embed__wrapper\">\nhttps:\/\/youtu.be\/6BsGI9zF_UI\n<\/div><\/figure>\n\n\n\n<p>2nA Poema<\/p>\n\n\n\n<figure class=\"wp-block-embed\"><div class=\"wp-block-embed__wrapper\">\nhttps:\/\/youtu.be\/c4pPWp3hSkg\n<\/div><\/figure>\n\n\n\n<p>3rA L&#8217;Avet de Nadal<\/p>\n\n\n\n<figure class=\"wp-block-embed\"><div class=\"wp-block-embed__wrapper\">\nhttps:\/\/youtu.be\/5CWbIUPOc6s\n<\/div><\/figure>\n\n\n\n<p>3rA \u00a1Qu\u00e9 bonita es Badalona!<\/p>\n\n\n\n<figure class=\"wp-block-embed\"><div class=\"wp-block-embed__wrapper\">\nhttps:\/\/youtu.be\/Eirqs28M03c\n<\/div><\/figure>\n\n\n\n<p>4tA Christmas rock<\/p>\n\n\n\n<figure class=\"wp-block-embed\"><div class=\"wp-block-embed__wrapper\">\nhttps:\/\/youtu.be\/ytzC0Jquvr4\n<\/div><\/figure>\n\n\n\n<p>4tA Somiem tots junts<\/p>\n\n\n\n<figure class=\"wp-block-embed\"><div class=\"wp-block-embed__wrapper\">\nhttps:\/\/youtu.be\/wjuP9TjnKQw\n<\/div><\/figure>\n\n\n\n<p>5\u00e8A Mecano<\/p>\n\n\n\n<figure class=\"wp-block-embed\"><div class=\"wp-block-embed__wrapper\">\nhttps:\/\/youtu.be\/4e9SMIJPYlI\n<\/div><\/figure>\n\n\n\n<p>5\u00e8A All\u00e0 dalt de la muntanya<\/p>\n\n\n\n<figure class=\"wp-block-embed\"><div class=\"wp-block-embed__wrapper\">\nhttps:\/\/youtu.be\/iZxcnh4zQMY\n<\/div><\/figure>\n\n\n\n<p>6\u00e8A Hey brother<\/p>\n\n\n\n<figure class=\"wp-block-embed\"><div class=\"wp-block-embed__wrapper\">\nhttps:\/\/youtu.be\/hWgtSwIfjgc\n<\/div><\/figure>\n\n\n\n<p>6\u00e8A Celebrem la nostra festa<\/p>\n\n\n\n<figure class=\"wp-block-embed\"><div class=\"wp-block-embed__wrapper\">\nhttps:\/\/youtu.be\/6DScW8mnVx4\n<\/div><\/figure>\n\n\n\n<h5 class=\"wp-block-heading\"><span style=\"color: #0000ff;\">Prim\u00e0ria grups B<\/span><\/h5>\n\n\n\n<p>1rB Betlem<\/p>\n\n\n\n<figure class=\"wp-block-embed\"><div class=\"wp-block-embed__wrapper\">\nhttps:\/\/youtu.be\/_KwsAPlACII\n<\/div><\/figure>\n\n\n\n<p>1rB Burrito Sabanero<\/p>\n\n\n\n<figure class=\"wp-block-embed\"><div class=\"wp-block-embed__wrapper\">\nhttps:\/\/youtu.be\/PK00AE__lFk\n<\/div><\/figure>\n\n\n\n<p>1r Poema<\/p>\n\n\n\n<figure class=\"wp-block-embed\"><div class=\"wp-block-embed__wrapper\">\nhttps:\/\/youtu.be\/Q6q5DhVy2H8\n<\/div><\/figure>\n\n\n\n<p>2nB Pessebre M\u00e0gic<\/p>\n\n\n\n<figure class=\"wp-block-embed\"><div class=\"wp-block-embed__wrapper\">\nhttps:\/\/youtu.be\/PTNthAbq2xw\n<\/div><\/figure>\n\n\n\n<p>2nB Christmas tree<\/p>\n\n\n\n<figure class=\"wp-block-embed\"><div class=\"wp-block-embed__wrapper\">\nhttps:\/\/youtu.be\/RAxKIul0brE\n<\/div><\/figure>\n\n\n\n<p>2nB Poema<\/p>\n\n\n\n<figure class=\"wp-block-embed\"><div class=\"wp-block-embed__wrapper\">\nhttps:\/\/youtu.be\/MNirW_7oCG0\n<\/div><\/figure>\n\n\n\n<p>3rB L&#8217;Avet de Nadal<\/p>\n\n\n\n<figure class=\"wp-block-embed\"><div class=\"wp-block-embed__wrapper\">\nhttps:\/\/youtu.be\/bqHSmFaiBWI\n<\/div><\/figure>\n\n\n\n<p>3rB \u00a1Qu\u00e9 bonita es Badalona!<\/p>\n\n\n\n<figure class=\"wp-block-embed\"><div class=\"wp-block-embed__wrapper\">\nhttps:\/\/youtu.be\/De29k0c7pDE\n<\/div><\/figure>\n\n\n\n<p>4tB Christmas rock<\/p>\n\n\n\n<figure class=\"wp-block-embed\"><div class=\"wp-block-embed__wrapper\">\nhttps:\/\/youtu.be\/xY6_BJL6yLI\n<\/div><\/figure>\n\n\n\n<p>4tB Somiem tots junts<\/p>\n\n\n\n<figure class=\"wp-block-embed\"><div class=\"wp-block-embed__wrapper\">\nhttps:\/\/youtu.be\/ypwfbSOwefo\n<\/div><\/figure>\n\n\n\n<figure class=\"wp-block-embed\"><div class=\"wp-block-embed__wrapper\">\nhttps:\/\/youtu.be\/AvV0s8kEJj0\n<\/div><\/figure>\n\n\n\n<p>5\u00e8B All\u00e0 dalt de la muntanya<\/p>\n\n\n\n<figure class=\"wp-block-embed\"><div class=\"wp-block-embed__wrapper\">\nhttps:\/\/youtu.be\/xYs6Hhc8qLw\n<\/div><\/figure>\n\n\n\n<p>5\u00e8B Mecano<\/p>\n\n\n\n<figure class=\"wp-block-embed\"><div class=\"wp-block-embed__wrapper\">\nhttps:\/\/youtu.be\/jtUFFF4y58M\n<\/div><\/figure>\n\n\n\n<p>6\u00e8B Hey brother<\/p>\n\n\n\n<figure class=\"wp-block-embed\"><div class=\"wp-block-embed__wrapper\">\nhttps:\/\/youtu.be\/V99CGDqpNT8\n<\/div><\/figure>\n\n\n\n<p>6\u00e8B Celebrem la nostra festa<\/p>\n\n\n\n<figure class=\"wp-block-embed\"><div class=\"wp-block-embed__wrapper\">\nhttps:\/\/youtu.be\/pJiviNmH38o\n<\/div><\/figure>\n","protected":false},"excerpt":{"rendered":"<p>Sant Jordi Nadal &nbsp;Educaci\u00f3 Infantil P3 A+B P3A P3B P4 AiB P4A P4B &nbsp;P5 AiB P5A P5B Prim\u00e0ria grups A 1rA 1rA Burrito Sabanero 1rA Poema 2nA Pessebre M\u00e0gic 2nA Christmas tree 2nA Poema 3rA L&#8217;Avet de Nadal 3rA \u00a1Qu\u00e9 bonita es Badalona! 4tA Christmas rock 4tA Somiem tots junts 5\u00e8A Mecano 5\u00e8A All\u00e0 dalt [&hellip;]<\/p>\n","protected":false},"author":1,"featured_media":0,"parent":0,"menu_order":0,"comment_status":"closed","ping_status":"closed","template":"","meta":{"_bbp_topic_count":0,"_bbp_reply_count":0,"_bbp_total_topic_count":0,"_bbp_total_reply_count":0,"_bbp_voice_count":0,"_bbp_anonymous_reply_count":0,"_bbp_topic_count_hidden":0,"_bbp_reply_count_hidden":0,"_bbp_forum_subforum_count":0,"site-sidebar-layout":"default","site-content-layout":"","ast-site-content-layout":"default","site-content-style":"default","site-sidebar-style":"default","ast-global-header-display":"","ast-banner-title-visibility":"","ast-main-header-display":"","ast-hfb-above-header-display":"","ast-hfb-below-header-display":"","ast-hfb-mobile-header-display":"","site-post-title":"","ast-breadcrumbs-content":"","ast-featured-img":"","footer-sml-layout":"","theme-transparent-header-meta":"","adv-header-id-meta":"","stick-header-meta":"","header-above-stick-meta":"","header-main-stick-meta":"","header-below-stick-meta":"","astra-migrate-meta-layouts":"set","ast-page-background-enabled":"default","ast-page-background-meta":{"desktop":{"background-color":"var(--ast-global-color-4)","background-image":"","background-repeat":"repeat","background-position":"center center","background-size":"auto","background-attachment":"scroll","background-type":"","background-media":"","overlay-type":"","overlay-color":"","overlay-opacity":"","overlay-gradient":""},"tablet":{"background-color":"","background-image":"","background-repeat":"repeat","background-position":"center center","background-size":"auto","background-attachment":"scroll","background-type":"","background-media":"","overlay-type":"","overlay-color":"","overlay-opacity":"","overlay-gradient":""},"mobile":{"background-color":"","background-image":"","background-repeat":"repeat","background-position":"center center","background-size":"auto","background-attachment":"scroll","background-type":"","background-media":"","overlay-type":"","overlay-color":"","overlay-opacity":"","overlay-gradient":""}},"ast-content-background-meta":{"desktop":{"background-color":"var(--ast-global-color-5)","background-image":"","background-repeat":"repeat","background-position":"center center","background-size":"auto","background-attachment":"scroll","background-type":"","background-media":"","overlay-type":"","overlay-color":"","overlay-opacity":"","overlay-gradient":""},"tablet":{"background-color":"var(--ast-global-color-5)","background-image":"","background-repeat":"repeat","background-position":"center center","background-size":"auto","background-attachment":"scroll","background-type":"","background-media":"","overlay-type":"","overlay-color":"","overlay-opacity":"","overlay-gradient":""},"mobile":{"background-color":"var(--ast-global-color-5)","background-image":"","background-repeat":"repeat","background-position":"center center","background-size":"auto","background-attachment":"scroll","background-type":"","background-media":"","overlay-type":"","overlay-color":"","overlay-opacity":"","overlay-gradient":""}},"footnotes":""},"class_list":["post-755","page","type-page","status-publish","hentry"],"post_mailing_queue_ids":[],"_links":{"self":[{"href":"https:\/\/agora.xtec.cat\/ceip-josepcarner\/wp-json\/wp\/v2\/pages\/755","targetHints":{"allow":["GET"]}}],"collection":[{"href":"https:\/\/agora.xtec.cat\/ceip-josepcarner\/wp-json\/wp\/v2\/pages"}],"about":[{"href":"https:\/\/agora.xtec.cat\/ceip-josepcarner\/wp-json\/wp\/v2\/types\/page"}],"author":[{"embeddable":true,"href":"https:\/\/agora.xtec.cat\/ceip-josepcarner\/wp-json\/wp\/v2\/users\/1"}],"replies":[{"embeddable":true,"href":"https:\/\/agora.xtec.cat\/ceip-josepcarner\/wp-json\/wp\/v2\/comments?post=755"}],"version-history":[{"count":4,"href":"https:\/\/agora.xtec.cat\/ceip-josepcarner\/wp-json\/wp\/v2\/pages\/755\/revisions"}],"predecessor-version":[{"id":5212,"href":"https:\/\/agora.xtec.cat\/ceip-josepcarner\/wp-json\/wp\/v2\/pages\/755\/revisions\/5212"}],"wp:attachment":[{"href":"https:\/\/agora.xtec.cat\/ceip-josepcarner\/wp-json\/wp\/v2\/media?parent=755"}],"curies":[{"name":"wp","href":"https:\/\/api.w.org\/{rel}","templated":true}]}}