{"id":730,"date":"2015-09-17T15:11:33","date_gmt":"2015-09-17T14:11:33","guid":{"rendered":"http:\/\/agora.xtec.cat\/ceip-josepcarner\/?page_id=730"},"modified":"2018-01-20T12:57:53","modified_gmt":"2018-01-20T11:57:53","slug":"compartim-lectures","status":"publish","type":"page","link":"https:\/\/agora.xtec.cat\/ceip-josepcarner\/com-treballem\/compartim-lectures\/","title":{"rendered":"Projectes"},"content":{"rendered":"<header class=\"entry-header\">\n<header class=\"entry-header\">\n<h5 class=\"entry-title\" style=\"text-align: center;\"><\/h5>\n<h5 class=\"entry-title\" style=\"text-align: center;\"><span style=\"color: #ff0000;\">Projecte Escola Verda<\/span><\/h5>\n<\/header>\n<div class=\"entry-content\">\n<div align=\"justify\">El treball per fer del nostre Centre una escola ecol\u00f2gica i sostenible va comen\u00e7ar el curs 1990-91. Com que a l\u2019escola sempre hi ha hagut preocupaci\u00f3 pels temes ambientals i, des de fa anys treballem perqu\u00e8 els nostres nois i noies aprenguin a con\u00e8ixer i respectar el seu entorn, al novembre de 2008 la nostra escola va rebre el distintiu d\u2019Escola Verda mitjan\u00e7ant una resoluci\u00f3n conjunta dels departaments d\u2019Ensenyament i de Medi Ambient, atenent a les caracter\u00edstiques i als m\u00e8rits de la nostra feina en Educaci\u00f3 Ambiental.<br \/>\nLa xarxa Escoles verdes inclou aquells centres que treballen a favor del medi ambient, dissenyant plans d\u2019actuaci\u00f3 en funci\u00f3 de les seves possibilitats. \u00c9s un programa dissenyat pels departaments d\u2019Ensenyament i Medi Ambient de la Generalitat i t\u00e9 com a objectiu principal consolidar una conducta m\u00e9s respectuosa amb el medi ambient.<\/div>\n<p>Des de fa anys al nostre centre treballem els seg\u00fcents aspectes ambientals:<\/p>\n<ul>\n<li>Recollida selectiva dels residus (Paper, pl\u00e0stic, piles i org\u00e0nic)<\/li>\n<li>Reducci\u00f3 del paper d\u2019alumini als esmorzars (campanya de la carmanyola)<\/li>\n<li>Reutilitzaci\u00f3 dels llibres de text<\/li>\n<li>Utilitzaci\u00f3 de paper reciclat. L\u2019\u00fas del paper per les dues cares<\/li>\n<li>Substituci\u00f3 de les tovalletes de paper per tovalles de roba.<\/li>\n<li>Estalvi energ\u00e8tic<\/li>\n<li>Aixetes amb polsador temporitzat<\/li>\n<li>L\u2019hort<\/li>\n<li>El compostatge<\/li>\n<\/ul>\n<div align=\"justify\"><b>L\u2019objectiu de totes aquestes accions \u00e9s fer dels nostres alumnes uns futurs ciutadans que respectin el medi ambient i es comprometin amb la construcci\u00f3 d\u2019una societat sostenible.<\/b><\/div>\n<p>ESTALVI ENERG\u00c8TIC: IMATGE DEL NINOT \u201cPUNXETES\u201d SITUAT ALS INTERRUPTORS<\/p>\n<div class=\"separator\"><\/div>\n<div class=\"separator\"><a href=\"http:\/\/1.bp.blogspot.com\/-8kCPUrwXaJw\/T9dVs8yQWYI\/AAAAAAAAClc\/39SPIIOvt8o\/s1600\/punxetesinterruptor.jpg\"><img loading=\"lazy\" decoding=\"async\" class=\"alignleft\" src=\"http:\/\/1.bp.blogspot.com\/-8kCPUrwXaJw\/T9dVs8yQWYI\/AAAAAAAAClc\/39SPIIOvt8o\/s320\/punxetesinterruptor.jpg\" width=\"170\" height=\"146\" border=\"0\" \/><\/a><\/div>\n<div class=\"separator\"><\/div>\n<div class=\"addtoany_share_save_container addtoany_content_bottom\">\n<div class=\"a2a_kit a2a_kit_size_25 addtoany_list\" data-a2a-url=\"http:\/\/agora.xtec.cat\/ceip-josepcarner\/com-treballem\/medi-ambient\/\" data-a2a-title=\"Projecte Escola Verda\"><a class=\"a2a_button_facebook\" title=\"Facebook\" href=\"http:\/\/agora.xtec.cat\/#facebook\" target=\"_blank\" rel=\"nofollow noopener noreferrer\"><span class=\"a2a_label\">Facebook<\/span><\/a><a class=\"a2a_button_twitter\" title=\"Twitter\" href=\"http:\/\/agora.xtec.cat\/#twitter\" target=\"_blank\" rel=\"nofollow noopener noreferrer\"><span class=\"a2a_label\">Twitter<\/span><\/a><a class=\"a2a_button_whatsapp\" title=\"WhatsApp\" href=\"http:\/\/agora.xtec.cat\/#whatsapp\" target=\"_blank\" rel=\"nofollow noopener noreferrer\"><span class=\"a2a_label\">WhatsApp<\/span><\/a><\/div>\n<\/div>\n<\/div>\n<\/header>\n<header class=\"entry-header\">\n<header class=\"entry-header\"><\/header>\n<header class=\"entry-header\"><strong><span style=\"color: #ff0000;\">\u00a0\u00a0\u00a0\u00a0\u00a0\u00a0\u00a0\u00a0\u00a0\u00a0\u00a0\u00a0\u00a0\u00a0\u00a0\u00a0\u00a0\u00a0\u00a0\u00a0\u00a0\u00a0\u00a0\u00a0\u00a0\u00a0\u00a0\u00a0\u00a0\u00a0\u00a0\u00a0\u00a0 <\/span><\/strong><\/header>\n<header class=\"entry-header\"><\/header>\n<header class=\"entry-header\"><\/header>\n<header class=\"entry-header\"><\/header>\n<header class=\"entry-header\"><\/header>\n<header class=\"entry-header\"><\/header>\n<header class=\"entry-header\"><\/header>\n<header class=\"entry-header\"><\/header>\n<header class=\"entry-header\"><strong><span style=\"color: #ff0000;\">Projecte Fruita a l\u2019Escola<\/span><\/strong><\/header>\n<div class=\"entry-content\">\n<div class=\"basic_text col-xs-12\">\n<div class=\"pd-15x\">\n<p>Per millorar la salut cal menjar fruita i verdura en cada \u00e0pat, tant a casa com a l\u2019escola, i tenir un estil de vida actiu: caminar, pujar escales, jugar, fer esport\u2026 Cal potenciar accions que afavoreixin la salut dels infants.<\/p>\n<p><img loading=\"lazy\" decoding=\"async\" class=\"widthResponsive alignleft\" src=\"http:\/\/agricultura.gencat.cat\/web\/.content\/04-alimentacio\/pla-consum-fruita-escoles\/imatges\/fitxers-binaris\/2015-2016-triptic-fruites.jpg_1119010567.jpg\" alt=\"Els teus cracks preferits mengen fruita\" width=\"313\" height=\"220\" \/><\/p>\n<p>&nbsp;<\/p>\n<\/div>\n<\/div>\n<div class=\"addtoany_share_save_container addtoany_content_bottom\">\n<div class=\"a2a_kit a2a_kit_size_25 addtoany_list\" data-a2a-url=\"http:\/\/agora.xtec.cat\/ceip-josepcarner\/com-treballem\/fruita-a-lescola\/\" data-a2a-title=\"Projecte Fruita a l\u2019Escola\"><a class=\"a2a_button_facebook\" title=\"Facebook\" href=\"http:\/\/agora.xtec.cat\/#facebook\" target=\"_blank\" rel=\"nofollow noopener noreferrer\"><span class=\"a2a_label\">Facebook<\/span><\/a><a class=\"a2a_button_twitter\" title=\"Twitter\" href=\"http:\/\/agora.xtec.cat\/#twitter\" target=\"_blank\" rel=\"nofollow noopener noreferrer\"><span class=\"a2a_label\">Twitter<\/span><\/a><a class=\"a2a_button_whatsapp\" title=\"WhatsApp\" href=\"http:\/\/agora.xtec.cat\/#whatsapp\" target=\"_blank\" rel=\"nofollow noopener noreferrer\"><span class=\"a2a_label\">WhatsApp<\/span><\/a><a class=\"a2a_button_google_gmail\" title=\"Google Gmail\" href=\"http:\/\/agora.xtec.cat\/#google_gmail\" target=\"_blank\" rel=\"nofollow noopener noreferrer\"><span class=\"a2a_label\">Google Gmail<\/span><\/a><\/div>\n<\/div>\n<\/div>\n<footer class=\"entry-footer\">\n<div class=\"edit-link\"><a class=\"post-edit-link\" href=\"https:\/\/agora.xtec.cat\/ceip-josepcarner\/wp-admin\/post.php?post=920&amp;action=edit\">Edita<\/a><\/div>\n<\/footer>\n<h5 class=\"entry-title\" style=\"text-align: center;\"><\/h5>\n<h5 class=\"entry-title\" style=\"text-align: center;\"><\/h5>\n<h5 class=\"entry-title\" style=\"text-align: center;\"><\/h5>\n<h5 class=\"entry-title\" style=\"text-align: center;\"><\/h5>\n<h5 class=\"entry-title\" style=\"text-align: center;\"><\/h5>\n<h5 class=\"entry-title\" style=\"text-align: center;\"><\/h5>\n<h5 class=\"entry-title\" style=\"text-align: center;\"><span style=\"color: #ff0000;\"><strong>Projecte MAV<\/strong><\/span><\/h5>\n<\/header>\n<div class=\"entry-content\">\n<h6 class=\"entry-title\"><a title=\"Iaco Subirats\" href=\"http:\/\/agora.xtec.cat\/ceip-josepcarner\/portada\/noticia\/\" rel=\"bookmark\">Iaco Subirats<\/a><\/h6>\n<p>Titulat en Direcci\u00f3 Cinematogr\u00e0fica al CECC i llicenciat en Filosofia a la UB. Amb llarga experi\u00e8ncia en l\u2019\u00e0mbit de l\u2019educaci\u00f3 audiovisual. En Iaco Subirats realitza a la nostra escola el taller MAV (Mitjans audio visuals).<br \/>\n<a title=\"Blog MAV Josep Carner\" href=\"http:\/\/projectemav.blogspot.com.es\/p\/ceip-josep-carner-de-badalona.html\">http:\/\/projectemav.blogspot.com.es\/p\/ceip-josep-carner-de-badalona.html<\/a><\/p>\n<\/div>\n<h5 style=\"text-align: center;\"><\/h5>\n<h5 style=\"text-align: center;\"><span style=\"color: #ff0000;\"><strong>Projecte Compartim Lectures<\/strong><\/span><\/h5>\n<h6><span style=\"color: #3366ff;\">Mar Gonz\u00e1lez Novell<\/span><\/h6>\n<p>L\u2019escola compta amb la pres\u00e8ncia de la Mar Gonz\u00e1lez Novell. Mediadora de lectura, formadora i mestra en diferents contextos educatius en qu\u00e8 realitza una tasca de mediaci\u00f3 lectora i formaci\u00f3 per contribuir a qu\u00e8 la lectura i els llibres estiguin presents en tots els racons. Especialista en Literatura Infantil i juvenil ha impartit nombrosos tallers, cursos i sessions de narraci\u00f3 en un bon nombre de pobles i llocs (Barcelona, Oviedo, Val\u00e8ncia, M\u00farcia, Zamora, Salamanca, Illes Can\u00e0ries, Badia Blanca \u2026)<\/p>\n<p><a href=\"http:\/\/Compartim lectures\">http:\/\/manenocompartimlectures.blogspot.com.es\/<\/a><\/p>\n<p><img loading=\"lazy\" decoding=\"async\" class=\"alignnone wp-image-480\" src=\"http:\/\/agora.xtec.cat\/ceip-josepcarner\/wp-content\/uploads\/usu220\/2015\/02\/mar-gonzalez-novell_big-300x300.jpg\" alt=\"mar-gonzalez-novell_big\" width=\"225\" height=\"225\" srcset=\"https:\/\/agora.xtec.cat\/ceip-josepcarner\/wp-content\/uploads\/usu220\/2015\/02\/mar-gonzalez-novell_big-300x300.jpg 300w, https:\/\/agora.xtec.cat\/ceip-josepcarner\/wp-content\/uploads\/usu220\/2015\/02\/mar-gonzalez-novell_big-150x150.jpg 150w, https:\/\/agora.xtec.cat\/ceip-josepcarner\/wp-content\/uploads\/usu220\/2015\/02\/mar-gonzalez-novell_big.jpg 400w\" sizes=\"auto, (max-width: 225px) 100vw, 225px\" \/><\/p>\n<p>&nbsp;<\/p>\n<p>&nbsp;<\/p>\n","protected":false},"excerpt":{"rendered":"<p>Projecte Escola Verda El treball per fer del nostre Centre una escola ecol\u00f2gica i sostenible va comen\u00e7ar el curs 1990-91. Com que a l\u2019escola sempre hi ha hagut preocupaci\u00f3 pels temes ambientals i, des de fa anys treballem perqu\u00e8 els nostres nois i noies aprenguin a con\u00e8ixer i respectar el seu entorn, al novembre de [&hellip;]<\/p>\n","protected":false},"author":1,"featured_media":0,"parent":352,"menu_order":0,"comment_status":"closed","ping_status":"closed","template":"page-templates\/side-menu.php","meta":{"_bbp_topic_count":0,"_bbp_reply_count":0,"_bbp_total_topic_count":0,"_bbp_total_reply_count":0,"_bbp_voice_count":0,"_bbp_anonymous_reply_count":0,"_bbp_topic_count_hidden":0,"_bbp_reply_count_hidden":0,"_bbp_forum_subforum_count":0,"site-sidebar-layout":"default","site-content-layout":"","ast-site-content-layout":"","site-content-style":"default","site-sidebar-style":"default","ast-global-header-display":"","ast-banner-title-visibility":"","ast-main-header-display":"","ast-hfb-above-header-display":"","ast-hfb-below-header-display":"","ast-hfb-mobile-header-display":"","site-post-title":"","ast-breadcrumbs-content":"","ast-featured-img":"","footer-sml-layout":"","theme-transparent-header-meta":"","adv-header-id-meta":"","stick-header-meta":"","header-above-stick-meta":"","header-main-stick-meta":"","header-below-stick-meta":"","astra-migrate-meta-layouts":"default","ast-page-background-enabled":"default","ast-page-background-meta":{"desktop":{"background-color":"var(--ast-global-color-4)","background-image":"","background-repeat":"repeat","background-position":"center center","background-size":"auto","background-attachment":"scroll","background-type":"","background-media":"","overlay-type":"","overlay-color":"","overlay-opacity":"","overlay-gradient":""},"tablet":{"background-color":"","background-image":"","background-repeat":"repeat","background-position":"center center","background-size":"auto","background-attachment":"scroll","background-type":"","background-media":"","overlay-type":"","overlay-color":"","overlay-opacity":"","overlay-gradient":""},"mobile":{"background-color":"","background-image":"","background-repeat":"repeat","background-position":"center center","background-size":"auto","background-attachment":"scroll","background-type":"","background-media":"","overlay-type":"","overlay-color":"","overlay-opacity":"","overlay-gradient":""}},"ast-content-background-meta":{"desktop":{"background-color":"var(--ast-global-color-5)","background-image":"","background-repeat":"repeat","background-position":"center center","background-size":"auto","background-attachment":"scroll","background-type":"","background-media":"","overlay-type":"","overlay-color":"","overlay-opacity":"","overlay-gradient":""},"tablet":{"background-color":"var(--ast-global-color-5)","background-image":"","background-repeat":"repeat","background-position":"center center","background-size":"auto","background-attachment":"scroll","background-type":"","background-media":"","overlay-type":"","overlay-color":"","overlay-opacity":"","overlay-gradient":""},"mobile":{"background-color":"var(--ast-global-color-5)","background-image":"","background-repeat":"repeat","background-position":"center center","background-size":"auto","background-attachment":"scroll","background-type":"","background-media":"","overlay-type":"","overlay-color":"","overlay-opacity":"","overlay-gradient":""}},"footnotes":""},"class_list":["post-730","page","type-page","status-publish","hentry"],"post_mailing_queue_ids":[],"_links":{"self":[{"href":"https:\/\/agora.xtec.cat\/ceip-josepcarner\/wp-json\/wp\/v2\/pages\/730","targetHints":{"allow":["GET"]}}],"collection":[{"href":"https:\/\/agora.xtec.cat\/ceip-josepcarner\/wp-json\/wp\/v2\/pages"}],"about":[{"href":"https:\/\/agora.xtec.cat\/ceip-josepcarner\/wp-json\/wp\/v2\/types\/page"}],"author":[{"embeddable":true,"href":"https:\/\/agora.xtec.cat\/ceip-josepcarner\/wp-json\/wp\/v2\/users\/1"}],"replies":[{"embeddable":true,"href":"https:\/\/agora.xtec.cat\/ceip-josepcarner\/wp-json\/wp\/v2\/comments?post=730"}],"version-history":[{"count":3,"href":"https:\/\/agora.xtec.cat\/ceip-josepcarner\/wp-json\/wp\/v2\/pages\/730\/revisions"}],"predecessor-version":[{"id":1279,"href":"https:\/\/agora.xtec.cat\/ceip-josepcarner\/wp-json\/wp\/v2\/pages\/730\/revisions\/1279"}],"up":[{"embeddable":true,"href":"https:\/\/agora.xtec.cat\/ceip-josepcarner\/wp-json\/wp\/v2\/pages\/352"}],"wp:attachment":[{"href":"https:\/\/agora.xtec.cat\/ceip-josepcarner\/wp-json\/wp\/v2\/media?parent=730"}],"curies":[{"name":"wp","href":"https:\/\/api.w.org\/{rel}","templated":true}]}}