{"id":712,"date":"2015-09-08T20:46:31","date_gmt":"2015-09-08T19:46:31","guid":{"rendered":"http:\/\/agora.xtec.cat\/ceip-josepcarner\/?page_id=712"},"modified":"2016-10-31T19:46:36","modified_gmt":"2016-10-31T18:46:36","slug":"la-rotllana","status":"publish","type":"page","link":"https:\/\/agora.xtec.cat\/ceip-josepcarner\/treball-en-xarxa\/la-rotllana\/","title":{"rendered":"La Rotllana"},"content":{"rendered":"<p><img loading=\"lazy\" decoding=\"async\" class=\"dem-home\" src=\"http:\/\/rotllana.cat\/wp-content\/uploads\/2013\/07\/cropped-perfilrotllana2.jpg\" alt=\"\" width=\"112\" height=\"112\" \/><\/p>\n<pre><span style=\"color: #000000;\">Associaci\u00f3 sense \u00e0nim de lucre que treballa pels infants, joves i comunitat amb una especial motivaci\u00f3 per donar suport a les persones amb menys oportunitats.<\/span><\/pre>\n<h5><\/h5>\n<h5>ACTIVITATS amb la ROTLLANA<\/h5>\n<ul style=\"list-style-type: circle;\">\n<li>Casal d&#8217;Estiu<\/li>\n<li>Intercanvi Internacional<\/li>\n<li>Auxiliars de conversa en Angl\u00e8s<\/li>\n<li>Korball en angl\u00e8s<\/li>\n<li>CIATE<\/li>\n<\/ul>\n<p>Per a m\u00e9s informaci\u00f3 premeu el seg\u00fcent enlla\u00e7:<\/p>\n<p><a href=\"http:\/\/rotllana.cat\/\" target=\"_blank\">La Rotllana<\/a><\/p>\n<p><a href=\"http:\/\/agora.xtec.cat\/ceip-josepcarner\/wp-content\/uploads\/usu220\/2015\/09\/1.jpg\"><img loading=\"lazy\" decoding=\"async\" class=\" wp-image-772 alignleft\" src=\"http:\/\/agora.xtec.cat\/ceip-josepcarner\/wp-content\/uploads\/usu220\/2015\/09\/1.jpg\" alt=\"Rotllana\" width=\"259\" height=\"194\" srcset=\"https:\/\/agora.xtec.cat\/ceip-josepcarner\/wp-content\/uploads\/usu220\/2015\/09\/1.jpg 400w, https:\/\/agora.xtec.cat\/ceip-josepcarner\/wp-content\/uploads\/usu220\/2015\/09\/1-300x225.jpg 300w, https:\/\/agora.xtec.cat\/ceip-josepcarner\/wp-content\/uploads\/usu220\/2015\/09\/1-200x150.jpg 200w\" sizes=\"auto, (max-width: 259px) 100vw, 259px\" \/><\/a> <a href=\"http:\/\/agora.xtec.cat\/ceip-josepcarner\/wp-content\/uploads\/usu220\/2015\/09\/2.jpg\"><img loading=\"lazy\" decoding=\"async\" class=\" wp-image-773 aligncenter\" src=\"http:\/\/agora.xtec.cat\/ceip-josepcarner\/wp-content\/uploads\/usu220\/2015\/09\/2.jpg\" alt=\"2\" width=\"258\" height=\"193\" srcset=\"https:\/\/agora.xtec.cat\/ceip-josepcarner\/wp-content\/uploads\/usu220\/2015\/09\/2.jpg 400w, https:\/\/agora.xtec.cat\/ceip-josepcarner\/wp-content\/uploads\/usu220\/2015\/09\/2-300x225.jpg 300w, https:\/\/agora.xtec.cat\/ceip-josepcarner\/wp-content\/uploads\/usu220\/2015\/09\/2-200x150.jpg 200w\" sizes=\"auto, (max-width: 258px) 100vw, 258px\" \/><\/a><\/p>\n<p><a href=\"http:\/\/agora.xtec.cat\/ceip-josepcarner\/treball-en-xarxa\/la-rotllana\/attachment\/foto-rotllana-habitacio-1\/\" rel=\"attachment wp-att-980\"><img loading=\"lazy\" decoding=\"async\" class=\"alignnone wp-image-980\" src=\"http:\/\/agora.xtec.cat\/ceip-josepcarner\/wp-content\/uploads\/usu220\/2015\/09\/foto-rotllana-habitaci\u00f3-1-1024x768.gif\" alt=\"foto-rotllana-habitacio-1\" width=\"261\" height=\"196\" srcset=\"https:\/\/agora.xtec.cat\/ceip-josepcarner\/wp-content\/uploads\/usu220\/2015\/09\/foto-rotllana-habitaci\u00f3-1-1024x768.gif 1024w, https:\/\/agora.xtec.cat\/ceip-josepcarner\/wp-content\/uploads\/usu220\/2015\/09\/foto-rotllana-habitaci\u00f3-1-300x225.gif 300w, https:\/\/agora.xtec.cat\/ceip-josepcarner\/wp-content\/uploads\/usu220\/2015\/09\/foto-rotllana-habitaci\u00f3-1-768x576.gif 768w, https:\/\/agora.xtec.cat\/ceip-josepcarner\/wp-content\/uploads\/usu220\/2015\/09\/foto-rotllana-habitaci\u00f3-1-200x150.gif 200w\" sizes=\"auto, (max-width: 261px) 100vw, 261px\" \/><\/a><\/p>\n","protected":false},"excerpt":{"rendered":"<p>Associaci\u00f3 sense \u00e0nim de lucre que treballa pels infants, joves i comunitat amb una especial motivaci\u00f3 per donar suport a les persones amb menys oportunitats. ACTIVITATS amb la ROTLLANA Casal d&#8217;Estiu Intercanvi Internacional Auxiliars de conversa en Angl\u00e8s Korball en angl\u00e8s CIATE Per a m\u00e9s informaci\u00f3 premeu el seg\u00fcent enlla\u00e7: La Rotllana<\/p>\n","protected":false},"author":1,"featured_media":0,"parent":519,"menu_order":0,"comment_status":"closed","ping_status":"closed","template":"page-templates\/side-menu.php","meta":{"_bbp_topic_count":0,"_bbp_reply_count":0,"_bbp_total_topic_count":0,"_bbp_total_reply_count":0,"_bbp_voice_count":0,"_bbp_anonymous_reply_count":0,"_bbp_topic_count_hidden":0,"_bbp_reply_count_hidden":0,"_bbp_forum_subforum_count":0,"site-sidebar-layout":"default","site-content-layout":"","ast-site-content-layout":"","site-content-style":"default","site-sidebar-style":"default","ast-global-header-display":"","ast-banner-title-visibility":"","ast-main-header-display":"","ast-hfb-above-header-display":"","ast-hfb-below-header-display":"","ast-hfb-mobile-header-display":"","site-post-title":"","ast-breadcrumbs-content":"","ast-featured-img":"","footer-sml-layout":"","theme-transparent-header-meta":"","adv-header-id-meta":"","stick-header-meta":"","header-above-stick-meta":"","header-main-stick-meta":"","header-below-stick-meta":"","astra-migrate-meta-layouts":"default","ast-page-background-enabled":"default","ast-page-background-meta":{"desktop":{"background-color":"var(--ast-global-color-4)","background-image":"","background-repeat":"repeat","background-position":"center center","background-size":"auto","background-attachment":"scroll","background-type":"","background-media":"","overlay-type":"","overlay-color":"","overlay-opacity":"","overlay-gradient":""},"tablet":{"background-color":"","background-image":"","background-repeat":"repeat","background-position":"center center","background-size":"auto","background-attachment":"scroll","background-type":"","background-media":"","overlay-type":"","overlay-color":"","overlay-opacity":"","overlay-gradient":""},"mobile":{"background-color":"","background-image":"","background-repeat":"repeat","background-position":"center center","background-size":"auto","background-attachment":"scroll","background-type":"","background-media":"","overlay-type":"","overlay-color":"","overlay-opacity":"","overlay-gradient":""}},"ast-content-background-meta":{"desktop":{"background-color":"var(--ast-global-color-5)","background-image":"","background-repeat":"repeat","background-position":"center center","background-size":"auto","background-attachment":"scroll","background-type":"","background-media":"","overlay-type":"","overlay-color":"","overlay-opacity":"","overlay-gradient":""},"tablet":{"background-color":"var(--ast-global-color-5)","background-image":"","background-repeat":"repeat","background-position":"center center","background-size":"auto","background-attachment":"scroll","background-type":"","background-media":"","overlay-type":"","overlay-color":"","overlay-opacity":"","overlay-gradient":""},"mobile":{"background-color":"var(--ast-global-color-5)","background-image":"","background-repeat":"repeat","background-position":"center center","background-size":"auto","background-attachment":"scroll","background-type":"","background-media":"","overlay-type":"","overlay-color":"","overlay-opacity":"","overlay-gradient":""}},"footnotes":""},"class_list":["post-712","page","type-page","status-publish","hentry"],"post_mailing_queue_ids":[],"_links":{"self":[{"href":"https:\/\/agora.xtec.cat\/ceip-josepcarner\/wp-json\/wp\/v2\/pages\/712","targetHints":{"allow":["GET"]}}],"collection":[{"href":"https:\/\/agora.xtec.cat\/ceip-josepcarner\/wp-json\/wp\/v2\/pages"}],"about":[{"href":"https:\/\/agora.xtec.cat\/ceip-josepcarner\/wp-json\/wp\/v2\/types\/page"}],"author":[{"embeddable":true,"href":"https:\/\/agora.xtec.cat\/ceip-josepcarner\/wp-json\/wp\/v2\/users\/1"}],"replies":[{"embeddable":true,"href":"https:\/\/agora.xtec.cat\/ceip-josepcarner\/wp-json\/wp\/v2\/comments?post=712"}],"version-history":[{"count":4,"href":"https:\/\/agora.xtec.cat\/ceip-josepcarner\/wp-json\/wp\/v2\/pages\/712\/revisions"}],"predecessor-version":[{"id":981,"href":"https:\/\/agora.xtec.cat\/ceip-josepcarner\/wp-json\/wp\/v2\/pages\/712\/revisions\/981"}],"up":[{"embeddable":true,"href":"https:\/\/agora.xtec.cat\/ceip-josepcarner\/wp-json\/wp\/v2\/pages\/519"}],"wp:attachment":[{"href":"https:\/\/agora.xtec.cat\/ceip-josepcarner\/wp-json\/wp\/v2\/media?parent=712"}],"curies":[{"name":"wp","href":"https:\/\/api.w.org\/{rel}","templated":true}]}}