{"id":676,"date":"2015-07-19T11:09:08","date_gmt":"2015-07-19T10:09:08","guid":{"rendered":"http:\/\/agora.xtec.cat\/ceip-josepcarner\/?page_id=676"},"modified":"2016-10-27T16:48:01","modified_gmt":"2016-10-27T14:48:01","slug":"centre-obert-salut-alta","status":"publish","type":"page","link":"https:\/\/agora.xtec.cat\/ceip-josepcarner\/treball-en-xarxa\/centre-obert-salut-alta\/","title":{"rendered":"Fundaci\u00f3 La Salut Alta"},"content":{"rendered":"<p>El <strong>Centre Obert Salut Alta<\/strong>, iniciat el 2004,\u00a0\u00e9s el projecte amb m\u00e9s traject\u00f2ria dins de la fundaci\u00f3. Es dirigeix a 30 infants de 6 a 12 anys dels barris de <strong>La Salut <\/strong>i<strong> Llefi\u00e0<\/strong>, que v\u00e9nen majorit\u00e0riament a trav\u00e9s de Serveis socials o de les escoles del barri, amb qui es fa un seguiment coordinat de cada infant i de la seva fam\u00edlia.<\/p>\n<p>El Centre Obert funciona de dilluns a divendres, de 17h a 20h, al llarg de tot el curs escolar. Cada tarda, els infants es divideixen en tres grups de 10, repartits segons les edats: <strong>Petits<\/strong> (primer cicle de Prim\u00e0ria), <strong>Mitjans<\/strong> (segon cicle de Prim\u00e0ria) i <strong>Grans<\/strong> (tercer cicle de Prim\u00e0ria).<\/p>\n<p><a title=\"Fundaci\u00f3 La Salut Alta\" href=\"http:\/\/fundaciolasalutalta.org\/que-fem\/centreobert\/\" target=\"_blank\">http:\/\/fundaciolasalutalta.org\/que-fem\/centreobert\/<\/a><\/p>\n<h5>ApreniJoc<\/h5>\n<p>&nbsp;<\/p>\n","protected":false},"excerpt":{"rendered":"<p>El Centre Obert Salut Alta, iniciat el 2004,\u00a0\u00e9s el projecte amb m\u00e9s traject\u00f2ria dins de la fundaci\u00f3. Es dirigeix a 30 infants de 6 a 12 anys dels barris de La Salut i Llefi\u00e0, que v\u00e9nen majorit\u00e0riament a trav\u00e9s de Serveis socials o de les escoles del barri, amb qui es fa un seguiment coordinat [&hellip;]<\/p>\n","protected":false},"author":1,"featured_media":0,"parent":519,"menu_order":0,"comment_status":"closed","ping_status":"closed","template":"page-templates\/side-menu.php","meta":{"_bbp_topic_count":0,"_bbp_reply_count":0,"_bbp_total_topic_count":0,"_bbp_total_reply_count":0,"_bbp_voice_count":0,"_bbp_anonymous_reply_count":0,"_bbp_topic_count_hidden":0,"_bbp_reply_count_hidden":0,"_bbp_forum_subforum_count":0,"site-sidebar-layout":"default","site-content-layout":"","ast-site-content-layout":"","site-content-style":"default","site-sidebar-style":"default","ast-global-header-display":"","ast-banner-title-visibility":"","ast-main-header-display":"","ast-hfb-above-header-display":"","ast-hfb-below-header-display":"","ast-hfb-mobile-header-display":"","site-post-title":"","ast-breadcrumbs-content":"","ast-featured-img":"","footer-sml-layout":"","theme-transparent-header-meta":"","adv-header-id-meta":"","stick-header-meta":"","header-above-stick-meta":"","header-main-stick-meta":"","header-below-stick-meta":"","astra-migrate-meta-layouts":"default","ast-page-background-enabled":"default","ast-page-background-meta":{"desktop":{"background-color":"var(--ast-global-color-4)","background-image":"","background-repeat":"repeat","background-position":"center center","background-size":"auto","background-attachment":"scroll","background-type":"","background-media":"","overlay-type":"","overlay-color":"","overlay-opacity":"","overlay-gradient":""},"tablet":{"background-color":"","background-image":"","background-repeat":"repeat","background-position":"center center","background-size":"auto","background-attachment":"scroll","background-type":"","background-media":"","overlay-type":"","overlay-color":"","overlay-opacity":"","overlay-gradient":""},"mobile":{"background-color":"","background-image":"","background-repeat":"repeat","background-position":"center center","background-size":"auto","background-attachment":"scroll","background-type":"","background-media":"","overlay-type":"","overlay-color":"","overlay-opacity":"","overlay-gradient":""}},"ast-content-background-meta":{"desktop":{"background-color":"var(--ast-global-color-5)","background-image":"","background-repeat":"repeat","background-position":"center center","background-size":"auto","background-attachment":"scroll","background-type":"","background-media":"","overlay-type":"","overlay-color":"","overlay-opacity":"","overlay-gradient":""},"tablet":{"background-color":"var(--ast-global-color-5)","background-image":"","background-repeat":"repeat","background-position":"center center","background-size":"auto","background-attachment":"scroll","background-type":"","background-media":"","overlay-type":"","overlay-color":"","overlay-opacity":"","overlay-gradient":""},"mobile":{"background-color":"var(--ast-global-color-5)","background-image":"","background-repeat":"repeat","background-position":"center center","background-size":"auto","background-attachment":"scroll","background-type":"","background-media":"","overlay-type":"","overlay-color":"","overlay-opacity":"","overlay-gradient":""}},"footnotes":""},"class_list":["post-676","page","type-page","status-publish","hentry"],"post_mailing_queue_ids":[],"_links":{"self":[{"href":"https:\/\/agora.xtec.cat\/ceip-josepcarner\/wp-json\/wp\/v2\/pages\/676","targetHints":{"allow":["GET"]}}],"collection":[{"href":"https:\/\/agora.xtec.cat\/ceip-josepcarner\/wp-json\/wp\/v2\/pages"}],"about":[{"href":"https:\/\/agora.xtec.cat\/ceip-josepcarner\/wp-json\/wp\/v2\/types\/page"}],"author":[{"embeddable":true,"href":"https:\/\/agora.xtec.cat\/ceip-josepcarner\/wp-json\/wp\/v2\/users\/1"}],"replies":[{"embeddable":true,"href":"https:\/\/agora.xtec.cat\/ceip-josepcarner\/wp-json\/wp\/v2\/comments?post=676"}],"version-history":[{"count":2,"href":"https:\/\/agora.xtec.cat\/ceip-josepcarner\/wp-json\/wp\/v2\/pages\/676\/revisions"}],"predecessor-version":[{"id":949,"href":"https:\/\/agora.xtec.cat\/ceip-josepcarner\/wp-json\/wp\/v2\/pages\/676\/revisions\/949"}],"up":[{"embeddable":true,"href":"https:\/\/agora.xtec.cat\/ceip-josepcarner\/wp-json\/wp\/v2\/pages\/519"}],"wp:attachment":[{"href":"https:\/\/agora.xtec.cat\/ceip-josepcarner\/wp-json\/wp\/v2\/media?parent=676"}],"curies":[{"name":"wp","href":"https:\/\/api.w.org\/{rel}","templated":true}]}}