{"id":608,"date":"2015-05-31T19:38:53","date_gmt":"2015-05-31T18:38:53","guid":{"rendered":"http:\/\/agora.xtec.cat\/ceip-josepcarner\/?page_id=608"},"modified":"2016-11-08T21:16:55","modified_gmt":"2016-11-08T20:16:55","slug":"robotica","status":"publish","type":"page","link":"https:\/\/agora.xtec.cat\/ceip-josepcarner\/com-treballem\/robotica\/","title":{"rendered":"Rob\u00f2tica"},"content":{"rendered":"<h6>Iniciaci\u00f3 a la programaci\u00f3 rob\u00f2tica.<\/h6>\n<p>A l\u2019hora de plantejar-nos la introducci\u00f3 de la rob\u00f2tica educativa a l\u2019escola vam fer un any de prova. Durant el primer any vam demanar prestats els Bee-bots al Centre de Recursos de Badalona. Despr\u00e9s de veure l&#8217;\u00e8xit d&#8217;implicaci\u00f3 dels nostres alumnes, no vam dubtar en tirar endavant el projecte i realitzar la inversi\u00f3 econ\u00f2mica en Bee-Bots.<\/p>\n<p>En aquests moments hem augmentat el n\u00famero de Bee-bots. I hem implementat el projecte a prim\u00e0ria amb programaci\u00f3 Scratch.<\/p>\n<p>Els nens de Educaci\u00f3 Infantil programen els<strong><span style=\"color: #008000;\"> BEEBOTS<\/span><\/strong>. Donen ordres a petits robots.<\/p>\n<p><iframe loading=\"lazy\" src=\"https:\/\/www.youtube.com\/embed\/jwCIR6r90QE\" width=\"560\" height=\"315\" frameborder=\"0\" allowfullscreen=\"allowfullscreen\"><\/iframe><\/p>\n<h5 style=\"text-align: center;\"><strong><span style=\"color: #008000;\">Scratch<\/span><\/strong><\/h5>\n<p><a href=\"http:\/\/agora.xtec.cat\/ceip-josepcarner\/wp-content\/uploads\/usu220\/2015\/05\/Scratch.jpg\"><img loading=\"lazy\" decoding=\"async\" class=\"wp-image-801 aligncenter\" src=\"http:\/\/agora.xtec.cat\/ceip-josepcarner\/wp-content\/uploads\/usu220\/2015\/05\/Scratch.jpg\" alt=\"Scratch\" width=\"279\" height=\"209\" srcset=\"https:\/\/agora.xtec.cat\/ceip-josepcarner\/wp-content\/uploads\/usu220\/2015\/05\/Scratch.jpg 400w, https:\/\/agora.xtec.cat\/ceip-josepcarner\/wp-content\/uploads\/usu220\/2015\/05\/Scratch-300x225.jpg 300w, https:\/\/agora.xtec.cat\/ceip-josepcarner\/wp-content\/uploads\/usu220\/2015\/05\/Scratch-200x150.jpg 200w\" sizes=\"auto, (max-width: 279px) 100vw, 279px\" \/><\/a><\/p>\n<p style=\"text-align: center;\"><strong><span style=\"color: #008000;\">BEEBOTS i SCRATCH<br \/>\n<\/span><\/strong><\/p>\n<p style=\"text-align: center;\"><a href=\"http:\/\/agora.xtec.cat\/ceip-josepcarner\/com-treballem\/robotica\/attachment\/robotica-2\/\" rel=\"attachment wp-att-1042\"><img loading=\"lazy\" decoding=\"async\" class=\"wp-image-1042 aligncenter\" src=\"http:\/\/agora.xtec.cat\/ceip-josepcarner\/wp-content\/uploads\/usu220\/2015\/05\/Rob\u00f2tica-1024x1024.jpg\" alt=\"robotica\" width=\"499\" height=\"499\" srcset=\"https:\/\/agora.xtec.cat\/ceip-josepcarner\/wp-content\/uploads\/usu220\/2015\/05\/Rob\u00f2tica-1024x1024.jpg 1024w, https:\/\/agora.xtec.cat\/ceip-josepcarner\/wp-content\/uploads\/usu220\/2015\/05\/Rob\u00f2tica-150x150.jpg 150w, https:\/\/agora.xtec.cat\/ceip-josepcarner\/wp-content\/uploads\/usu220\/2015\/05\/Rob\u00f2tica-300x300.jpg 300w, https:\/\/agora.xtec.cat\/ceip-josepcarner\/wp-content\/uploads\/usu220\/2015\/05\/Rob\u00f2tica-768x768.jpg 768w, https:\/\/agora.xtec.cat\/ceip-josepcarner\/wp-content\/uploads\/usu220\/2015\/05\/Rob\u00f2tica.jpg 1440w\" sizes=\"auto, (max-width: 499px) 100vw, 499px\" \/><\/a><\/p>\n<h5 style=\"text-align: center;\"><strong><span style=\"color: #008000;\">\u00a0<\/span><\/strong><\/h5>\n<h5 style=\"text-align: center;\"><\/h5>\n","protected":false},"excerpt":{"rendered":"<p>Iniciaci\u00f3 a la programaci\u00f3 rob\u00f2tica. A l\u2019hora de plantejar-nos la introducci\u00f3 de la rob\u00f2tica educativa a l\u2019escola vam fer un any de prova. Durant el primer any vam demanar prestats els Bee-bots al Centre de Recursos de Badalona. Despr\u00e9s de veure l&#8217;\u00e8xit d&#8217;implicaci\u00f3 dels nostres alumnes, no vam dubtar en tirar endavant el projecte i [&hellip;]<\/p>\n","protected":false},"author":1,"featured_media":0,"parent":352,"menu_order":0,"comment_status":"closed","ping_status":"closed","template":"page-templates\/side-menu.php","meta":{"_bbp_topic_count":0,"_bbp_reply_count":0,"_bbp_total_topic_count":0,"_bbp_total_reply_count":0,"_bbp_voice_count":0,"_bbp_anonymous_reply_count":0,"_bbp_topic_count_hidden":0,"_bbp_reply_count_hidden":0,"_bbp_forum_subforum_count":0,"site-sidebar-layout":"default","site-content-layout":"","ast-site-content-layout":"","site-content-style":"default","site-sidebar-style":"default","ast-global-header-display":"","ast-banner-title-visibility":"","ast-main-header-display":"","ast-hfb-above-header-display":"","ast-hfb-below-header-display":"","ast-hfb-mobile-header-display":"","site-post-title":"","ast-breadcrumbs-content":"","ast-featured-img":"","footer-sml-layout":"","theme-transparent-header-meta":"","adv-header-id-meta":"","stick-header-meta":"","header-above-stick-meta":"","header-main-stick-meta":"","header-below-stick-meta":"","astra-migrate-meta-layouts":"default","ast-page-background-enabled":"default","ast-page-background-meta":{"desktop":{"background-color":"var(--ast-global-color-4)","background-image":"","background-repeat":"repeat","background-position":"center center","background-size":"auto","background-attachment":"scroll","background-type":"","background-media":"","overlay-type":"","overlay-color":"","overlay-opacity":"","overlay-gradient":""},"tablet":{"background-color":"","background-image":"","background-repeat":"repeat","background-position":"center center","background-size":"auto","background-attachment":"scroll","background-type":"","background-media":"","overlay-type":"","overlay-color":"","overlay-opacity":"","overlay-gradient":""},"mobile":{"background-color":"","background-image":"","background-repeat":"repeat","background-position":"center center","background-size":"auto","background-attachment":"scroll","background-type":"","background-media":"","overlay-type":"","overlay-color":"","overlay-opacity":"","overlay-gradient":""}},"ast-content-background-meta":{"desktop":{"background-color":"var(--ast-global-color-5)","background-image":"","background-repeat":"repeat","background-position":"center center","background-size":"auto","background-attachment":"scroll","background-type":"","background-media":"","overlay-type":"","overlay-color":"","overlay-opacity":"","overlay-gradient":""},"tablet":{"background-color":"var(--ast-global-color-5)","background-image":"","background-repeat":"repeat","background-position":"center center","background-size":"auto","background-attachment":"scroll","background-type":"","background-media":"","overlay-type":"","overlay-color":"","overlay-opacity":"","overlay-gradient":""},"mobile":{"background-color":"var(--ast-global-color-5)","background-image":"","background-repeat":"repeat","background-position":"center center","background-size":"auto","background-attachment":"scroll","background-type":"","background-media":"","overlay-type":"","overlay-color":"","overlay-opacity":"","overlay-gradient":""}},"footnotes":""},"class_list":["post-608","page","type-page","status-publish","hentry"],"post_mailing_queue_ids":[],"_links":{"self":[{"href":"https:\/\/agora.xtec.cat\/ceip-josepcarner\/wp-json\/wp\/v2\/pages\/608","targetHints":{"allow":["GET"]}}],"collection":[{"href":"https:\/\/agora.xtec.cat\/ceip-josepcarner\/wp-json\/wp\/v2\/pages"}],"about":[{"href":"https:\/\/agora.xtec.cat\/ceip-josepcarner\/wp-json\/wp\/v2\/types\/page"}],"author":[{"embeddable":true,"href":"https:\/\/agora.xtec.cat\/ceip-josepcarner\/wp-json\/wp\/v2\/users\/1"}],"replies":[{"embeddable":true,"href":"https:\/\/agora.xtec.cat\/ceip-josepcarner\/wp-json\/wp\/v2\/comments?post=608"}],"version-history":[{"count":3,"href":"https:\/\/agora.xtec.cat\/ceip-josepcarner\/wp-json\/wp\/v2\/pages\/608\/revisions"}],"predecessor-version":[{"id":1043,"href":"https:\/\/agora.xtec.cat\/ceip-josepcarner\/wp-json\/wp\/v2\/pages\/608\/revisions\/1043"}],"up":[{"embeddable":true,"href":"https:\/\/agora.xtec.cat\/ceip-josepcarner\/wp-json\/wp\/v2\/pages\/352"}],"wp:attachment":[{"href":"https:\/\/agora.xtec.cat\/ceip-josepcarner\/wp-json\/wp\/v2\/media?parent=608"}],"curies":[{"name":"wp","href":"https:\/\/api.w.org\/{rel}","templated":true}]}}