{"id":5420,"date":"2026-05-13T13:52:23","date_gmt":"2026-05-13T11:52:23","guid":{"rendered":"https:\/\/agora.xtec.cat\/ceip-josepcarner\/?page_id=5420"},"modified":"2026-05-13T13:52:24","modified_gmt":"2026-05-13T11:52:24","slug":"beques-menjador-26-27","status":"publish","type":"page","link":"https:\/\/agora.xtec.cat\/ceip-josepcarner\/beques-menjador-26-27\/","title":{"rendered":"Beques Menjador 26-27"},"content":{"rendered":"\n<p>S&#8217;ha obert el termini per sol\u00b7licitar l\u2019ajut de menjador que ser\u00e0 fins el dia 31 de maig.<\/p>\n\n\n\n<p>Aquest curs 26-27 el tr\u00e0mit \u00e9s&nbsp;<strong>100% en l\u00ednia<\/strong>&nbsp;i <strong><u>s\u2019ha de fer des del m\u00f2bil o l&#8217;ordinador.<\/u><\/strong><\/p>\n\n\n\n<p><strong>Dades impor<\/strong><a href=\"https:\/\/amb.pigaim.cat\/registre.2026\/\" target=\"_blank\" rel=\"noreferrer noopener\"><strong>tants per a la sol\u00b7licitud:<\/strong><\/a><\/p>\n\n\n\n<ul class=\"wp-block-list\">\n<li><strong>Per omplir la sol\u00b7licitud en l\u00ednia<\/strong>: haureu de registrar-vos amb un correu electr\u00f2nic i un n\u00famero de m\u00f2bil, que haureu de tenir a m\u00e0.<\/li>\n\n\n\n<li>Aquest any <strong>s\u2019ha de fer una \u00fanica sol\u00b7licitud per als familiars que viuen al mateix domicili (unitat familiar),<\/strong> en qu\u00e8 s\u2019han d\u2019incloure tots els alumnes per als quals es demana l\u2019ajut.<\/li>\n\n\n\n<li><a href=\"https:\/\/amb.pigaim.cat\/registre.2026\/\" target=\"_blank\" rel=\"noreferrer noopener\"><strong>Enlla\u00e7 per fer la sol\u00b7licitud<\/strong><\/a><strong>:<\/strong>\u00a0<a href=\"https:\/\/amb.pigaim.cat\/registre.2026\/\" target=\"_blank\" rel=\"noreferrer noopener\">https:\/\/amb.pigaim.cat\/registre.2026\/<\/a><\/li>\n\n\n\n<li><strong>Codi IDALU de l\u2019alumne: <\/strong>\u00c9s el n\u00famero d\u2019identificaci\u00f3 de l\u2019alumne al registre de la Generalitat. El podeu trobar en informes de notes de cursos anteriors. Tamb\u00e9 se\u2019ls ha facilitat als alumnes.<\/li>\n\n\n\n<li><strong>Correu electr\u00f2nic:<\/strong>\u00a0Cal un compte de correu per cada sol\u00b7licitud familiar.<\/li>\n\n\n\n<li><strong>Tel\u00e8fon m\u00f2bil:<\/strong>\u00a0L&#8217;heu de tenir a m\u00e0 per rebre el codi de signatura per SMS.<\/li>\n<\/ul>\n\n\n\n<p style=\"border-style:none;border-width:0px\"><strong><u><mark>Com aquest any s\u2019ha modificat el procediment s\u2019ha de tornar a presentar tota la documentaci\u00f3.<\/mark><\/u><\/strong><\/p>\n\n\n\n<p><strong>Abans de comen\u00e7ar, prepareu cadasc\u00fa d&#8217;aquests documents en un sol fitxer (foto o PDF):<\/strong><\/p>\n\n\n\n<ol class=\"wp-block-list\">\n<li>DNI\/NIE o Passaport de\u00a0<strong>tots<\/strong>\u00a0els membres de la unitat familiar (les dues cares).<\/li>\n\n\n\n<li>Si no en teniu, el Llibre de Fam\u00edlia complet.<\/li>\n\n\n\n<li>Altra documentaci\u00f3:\n<ul class=\"wp-block-list\">\n<li><span style=\"background-color: rgba(0, 0, 0, 0); font-size: 1rem; font-weight: inherit;\">Si sou treballador o treballadora de la llar, <\/span><strong style=\"background-color: rgba(0, 0, 0, 0); font-size: 1rem;\">contracte vigent <\/strong><span style=\"background-color: rgba(0, 0, 0, 0); font-size: 1rem; font-weight: inherit;\">(si en teniu m\u00e9s d\u2019un, els haureu d\u2019adjuntar en un sol arxiu)<\/span><\/li>\n\n\n\n<li><span style=\"background-color: rgba(0, 0, 0, 0); font-size: 1rem; font-weight: inherit;\">En cas de separaci\u00f3 o divorci, el conveni aprovat per un jutge o per un notari, la sent\u00e8ncia o l\u2019acta final de mediaci\u00f3 del Departament de Just\u00edcia i Qualitat Democr\u00e0tic. I en el cas d\u2019alumnes provinents d\u2019altres pa\u00efsos, l\u2019autoritzaci\u00f3 notarial de sortida del pa\u00eds i, si escau, el conveni regulador de separaci\u00f3 o divorci (adjuntat en l\u2019idioma original i amb la traducci\u00f3 jurada al catal\u00e0 o al castell\u00e0)<\/span><\/li>\n\n\n\n<li>En cas de viudetat, certificat de defunci\u00f3 del c\u00f2njuge.<\/li>\n<\/ul>\n<\/li>\n<\/ol>\n\n\n\n<p>Nom\u00e9s si teniu dificultats t\u00e8cniques, podeu demanar cita a secretaria en aquest enlla\u00e7: <strong> <\/strong><a href=\"https:\/\/calendar.app.google\/FNgGVQjBFsD6W2Cy8\" target=\"_blank\" rel=\"noreferrer noopener\"><strong>Cita secretaria<\/strong><\/a><strong> <\/strong><strong> <\/strong>(\u00e9s\u00a0<strong>imprescindible<\/strong>\u00a0portar tota la documentaci\u00f3 preparada i el tel\u00e8fon m\u00f2bil a sobre)<\/p>\n\n\n\n<p>&nbsp;Podeu consultar tota la informaci\u00f3 a <a href=\"https:\/\/ajutsmenjador.amb.cat\" target=\"_blank\" rel=\"noreferrer noopener\"><strong>https:\/\/ajutsmenjador.amb.cat<\/strong><\/a><\/p>\n","protected":false},"excerpt":{"rendered":"<p>S&#8217;ha obert el termini per sol\u00b7licitar l\u2019ajut de menjador que ser\u00e0 fins el dia 31 de maig. Aquest curs 26-27 el tr\u00e0mit \u00e9s&nbsp;100% en l\u00ednia&nbsp;i s\u2019ha de fer des del m\u00f2bil o l&#8217;ordinador. Dades importants per a la sol\u00b7licitud: Com aquest any s\u2019ha modificat el procediment s\u2019ha de tornar a presentar tota la documentaci\u00f3. Abans [&hellip;]<\/p>\n","protected":false},"author":1,"featured_media":0,"parent":0,"menu_order":0,"comment_status":"closed","ping_status":"close","template":"","meta":{"_bbp_topic_count":0,"_bbp_reply_count":0,"_bbp_total_topic_count":0,"_bbp_total_reply_count":0,"_bbp_voice_count":0,"_bbp_anonymous_reply_count":0,"_bbp_topic_count_hidden":0,"_bbp_reply_count_hidden":0,"_bbp_forum_subforum_count":0,"site-sidebar-layout":"default","site-content-layout":"","ast-site-content-layout":"default","site-content-style":"default","site-sidebar-style":"default","ast-global-header-display":"","ast-banner-title-visibility":"","ast-main-header-display":"","ast-hfb-above-header-display":"","ast-hfb-below-header-display":"","ast-hfb-mobile-header-display":"","site-post-title":"","ast-breadcrumbs-content":"","ast-featured-img":"","footer-sml-layout":"","theme-transparent-header-meta":"","adv-header-id-meta":"","stick-header-meta":"","header-above-stick-meta":"","header-main-stick-meta":"","header-below-stick-meta":"","astra-migrate-meta-layouts":"set","ast-page-background-enabled":"default","ast-page-background-meta":{"desktop":{"background-color":"var(--ast-global-color-4)","background-image":"","background-repeat":"repeat","background-position":"center center","background-size":"auto","background-attachment":"scroll","background-type":"","background-media":"","overlay-type":"","overlay-color":"","overlay-opacity":"","overlay-gradient":""},"tablet":{"background-color":"","background-image":"","background-repeat":"repeat","background-position":"center center","background-size":"auto","background-attachment":"scroll","background-type":"","background-media":"","overlay-type":"","overlay-color":"","overlay-opacity":"","overlay-gradient":""},"mobile":{"background-color":"","background-image":"","background-repeat":"repeat","background-position":"center center","background-size":"auto","background-attachment":"scroll","background-type":"","background-media":"","overlay-type":"","overlay-color":"","overlay-opacity":"","overlay-gradient":""}},"ast-content-background-meta":{"desktop":{"background-color":"var(--ast-global-color-5)","background-image":"","background-repeat":"repeat","background-position":"center center","background-size":"auto","background-attachment":"scroll","background-type":"","background-media":"","overlay-type":"","overlay-color":"","overlay-opacity":"","overlay-gradient":""},"tablet":{"background-color":"var(--ast-global-color-5)","background-image":"","background-repeat":"repeat","background-position":"center center","background-size":"auto","background-attachment":"scroll","background-type":"","background-media":"","overlay-type":"","overlay-color":"","overlay-opacity":"","overlay-gradient":""},"mobile":{"background-color":"var(--ast-global-color-5)","background-image":"","background-repeat":"repeat","background-position":"center center","background-size":"auto","background-attachment":"scroll","background-type":"","background-media":"","overlay-type":"","overlay-color":"","overlay-opacity":"","overlay-gradient":""}},"footnotes":""},"class_list":["post-5420","page","type-page","status-publish","hentry"],"post_mailing_queue_ids":[],"_links":{"self":[{"href":"https:\/\/agora.xtec.cat\/ceip-josepcarner\/wp-json\/wp\/v2\/pages\/5420","targetHints":{"allow":["GET"]}}],"collection":[{"href":"https:\/\/agora.xtec.cat\/ceip-josepcarner\/wp-json\/wp\/v2\/pages"}],"about":[{"href":"https:\/\/agora.xtec.cat\/ceip-josepcarner\/wp-json\/wp\/v2\/types\/page"}],"author":[{"embeddable":true,"href":"https:\/\/agora.xtec.cat\/ceip-josepcarner\/wp-json\/wp\/v2\/users\/1"}],"replies":[{"embeddable":true,"href":"https:\/\/agora.xtec.cat\/ceip-josepcarner\/wp-json\/wp\/v2\/comments?post=5420"}],"version-history":[{"count":1,"href":"https:\/\/agora.xtec.cat\/ceip-josepcarner\/wp-json\/wp\/v2\/pages\/5420\/revisions"}],"predecessor-version":[{"id":5421,"href":"https:\/\/agora.xtec.cat\/ceip-josepcarner\/wp-json\/wp\/v2\/pages\/5420\/revisions\/5421"}],"wp:attachment":[{"href":"https:\/\/agora.xtec.cat\/ceip-josepcarner\/wp-json\/wp\/v2\/media?parent=5420"}],"curies":[{"name":"wp","href":"https:\/\/api.w.org\/{rel}","templated":true}]}}