{"id":5234,"date":"2026-04-11T12:33:00","date_gmt":"2026-04-11T10:33:00","guid":{"rendered":"https:\/\/agora.xtec.cat\/ceip-josepcarner\/?page_id=5234"},"modified":"2026-04-29T14:46:10","modified_gmt":"2026-04-29T12:46:10","slug":"preinscripcio","status":"publish","type":"page","link":"https:\/\/agora.xtec.cat\/ceip-josepcarner\/pagines-dinici\/preinscripcio\/","title":{"rendered":"Preinscripci\u00f3 26-27"},"content":{"rendered":"\n<figure class=\"wp-block-image alignleft size-full is-resized\"><a href=\"https:\/\/agora.xtec.cat\/ceip-josepcarner\/wp-content\/uploads\/usu220\/2025\/03\/GENE_CONSTRUIM-FUTURS_BANNER_832x468_V03_Text.jpg\"><img decoding=\"async\" src=\"https:\/\/agora.xtec.cat\/ceip-josepcarner\/wp-content\/uploads\/usu220\/2025\/03\/GENE_CONSTRUIM-FUTURS_BANNER_832x468_V03_Text.jpg\" alt=\"\" class=\"wp-image-5042\" style=\"width:311px;height:auto\"\/><\/a><\/figure>\n\n\n\n<h1 class=\"wp-block-heading has-text-align-left has-medium-font-size\"><u>INFORMACI\u00d3 PREINSCRIPCI\u00d3 2026-2027<\/u><\/h1>\n\n\n\n<p class=\"has-text-align-left\"><strong>Per\u00edode: <\/strong>del 4 al 18 de mar\u00e7 de 2026<\/p>\n\n\n\n<p class=\"has-text-align-left has-small-font-size\">TOTES LES SOL\u00b7LICITUDS S\u00d3N EN FORMAT TELEM\u00c0TIC, PER TANT, NO HI HA LA POSSIBILITAT DE FULL DE PREINSCRIPCI\u00d3 EN PAPER.<\/p>\n\n\n\n<p class=\"has-text-align-left\"><strong>Sol\u00b7licitud:<\/strong><a href=\"https:\/\/preinscripcio.gencat.cat\/ca\/inici\/\" target=\"_blank\" rel=\"noreferrer noopener\"><strong> <\/strong>https:\/\/preinscripcio.gencat.cat\/ca\/inici\/<\/a><\/p>\n\n\n\n<p class=\"has-text-align-left\">Si necessiteu ajuda, podeu demanar cita pr\u00e8via al tel\u00e8fon: 933835803.<\/p>\n\n\n\n<div class=\"wp-block-getwid-tabs\" data-active-tab=\"0\"><ul class=\"wp-block-getwid-tabs__nav-links\"><\/ul>\n<div class=\"wp-block-getwid-tabs__nav-link\"><span class=\"wp-block-getwid-tabs__title-wrapper\"><a href=\"#\"><span class=\"wp-block-getwid-tabs__title\">Oferta Inicial<\/span><\/a><\/span><\/div><div class=\"wp-block-getwid-tabs__tab-content-wrapper\"><div class=\"wp-block-getwid-tabs__tab-content\">\n<p><a href=\"https:\/\/agora.xtec.cat\/ceip-josepcarner\/wp-content\/uploads\/usu220\/2026\/03\/INFORME_OFERTA_OME_INFORME_OFERTA.pdf\" target=\"_blank\" rel=\"noreferrer noopener\"><strong>Oferta inicial<\/strong><\/a><\/p>\n<\/div><\/div>\n\n\n\n<div class=\"wp-block-getwid-tabs__nav-link\"><span class=\"wp-block-getwid-tabs__title-wrapper\"><a href=\"#\"><span class=\"wp-block-getwid-tabs__title\">LLista p. prov.<\/span><\/a><\/span><\/div><div class=\"wp-block-getwid-tabs__tab-content-wrapper\"><div class=\"wp-block-getwid-tabs__tab-content\">\n<p><strong>Publicaci\u00f3 de&nbsp;la&nbsp;llista de sol\u00b7licituds amb la puntuaci\u00f3 provisional.<\/strong>&nbsp;<\/p>\n\n\n\n<div class=\"wp-block-file\"><a id=\"wp-block-file--media-0b63bc59-f075-4131-9794-cba0fff736d4\" href=\"https:\/\/agora.xtec.cat\/ceip-josepcarner\/wp-content\/uploads\/usu220\/2026\/04\/INFORME_BAREM_PROVISIONAL_BAREM.pdf\" target=\"_blank\" rel=\"noreferrer noopener\"><strong>Llistat amb puntuaci\u00f3 provisional<\/strong><\/a><\/div>\n\n\n\n<p class=\"has-text-align-center\"><\/p>\n<\/div><\/div>\n\n\n\n<div class=\"wp-block-getwid-tabs__nav-link\"><span class=\"wp-block-getwid-tabs__title-wrapper\"><a href=\"#\"><span class=\"wp-block-getwid-tabs__title\">Llista barem recl.<\/span><\/a><\/span><\/div><div class=\"wp-block-getwid-tabs__tab-content-wrapper\"><div class=\"wp-block-getwid-tabs__tab-content\">\n<p><strong>Llista amb barem una vegada resoltes les reclamacions presentades:<\/strong><\/p>\n\n\n\n<div class=\"wp-block-file\"><a id=\"wp-block-file--media-2a887712-2e4e-4bfc-8baf-b089042ba1bc\" href=\"https:\/\/agora.xtec.cat\/ceip-josepcarner\/wp-content\/uploads\/usu220\/2026\/04\/INFORME_BAREM_RESOLTES_BAREM.pdf\" target=\"_blank\" rel=\"noreferrer noopener\"><strong>Llista amb barem (resoltes les reclamacions)<\/strong><\/a><a href=\"https:\/\/agora.xtec.cat\/ceip-josepcarner\/wp-content\/uploads\/usu220\/2026\/04\/INFORME_BAREM_RESOLTES_BAREM.pdf\" class=\"wp-block-file__button wp-element-button\" download aria-describedby=\"wp-block-file--media-2a887712-2e4e-4bfc-8baf-b089042ba1bc\">Baixa<\/a><\/div>\n<\/div><\/div>\n\n\n\n<div class=\"wp-block-getwid-tabs__nav-link\"><span class=\"wp-block-getwid-tabs__title-wrapper\"><a href=\"#\"><span class=\"wp-block-getwid-tabs__title\">Llista ordenada barem<\/span><\/a><\/span><\/div><div class=\"wp-block-getwid-tabs__tab-content-wrapper\"><div class=\"wp-block-getwid-tabs__tab-content\">\n<p><strong>Llista ordenada pel barem<\/strong><\/p>\n\n\n\n<div class=\"wp-block-file\"><a id=\"wp-block-file--media-0c129b9b-b2a1-4dd5-b384-bc95b56796db\" href=\"https:\/\/agora.xtec.cat\/ceip-josepcarner\/wp-content\/uploads\/usu220\/2026\/04\/INFORME_BAREM_DEFINITIU_BAREM.pdf\" target=\"_blank\" rel=\"noreferrer noopener\">Llista ordena amb barem definitiu<\/a><a href=\"https:\/\/agora.xtec.cat\/ceip-josepcarner\/wp-content\/uploads\/usu220\/2026\/04\/INFORME_BAREM_DEFINITIU_BAREM.pdf\" class=\"wp-block-file__button wp-element-button\" download aria-describedby=\"wp-block-file--media-0c129b9b-b2a1-4dd5-b384-bc95b56796db\">Baixa<\/a><\/div>\n<\/div><\/div>\n<\/div>\n","protected":false},"excerpt":{"rendered":"<p>INFORMACI\u00d3 PREINSCRIPCI\u00d3 2026-2027 Per\u00edode: del 4 al 18 de mar\u00e7 de 2026 TOTES LES SOL\u00b7LICITUDS S\u00d3N EN FORMAT TELEM\u00c0TIC, PER TANT, NO HI HA LA POSSIBILITAT DE FULL DE PREINSCRIPCI\u00d3 EN PAPER. Sol\u00b7licitud: https:\/\/preinscripcio.gencat.cat\/ca\/inici\/ Si necessiteu ajuda, podeu demanar cita pr\u00e8via al tel\u00e8fon: 933835803.<\/p>\n","protected":false},"author":1,"featured_media":0,"parent":7,"menu_order":0,"comment_status":"closed","ping_status":"close","template":"","meta":{"_bbp_topic_count":0,"_bbp_reply_count":0,"_bbp_total_topic_count":0,"_bbp_total_reply_count":0,"_bbp_voice_count":0,"_bbp_anonymous_reply_count":0,"_bbp_topic_count_hidden":0,"_bbp_reply_count_hidden":0,"_bbp_forum_subforum_count":0,"site-sidebar-layout":"default","site-content-layout":"","ast-site-content-layout":"default","site-content-style":"default","site-sidebar-style":"default","ast-global-header-display":"","ast-banner-title-visibility":"","ast-main-header-display":"","ast-hfb-above-header-display":"","ast-hfb-below-header-display":"","ast-hfb-mobile-header-display":"","site-post-title":"disabled","ast-breadcrumbs-content":"","ast-featured-img":"","footer-sml-layout":"","theme-transparent-header-meta":"","adv-header-id-meta":"","stick-header-meta":"","header-above-stick-meta":"","header-main-stick-meta":"","header-below-stick-meta":"","astra-migrate-meta-layouts":"set","ast-page-background-enabled":"default","ast-page-background-meta":{"desktop":{"background-color":"var(--ast-global-color-4)","background-image":"","background-repeat":"repeat","background-position":"center center","background-size":"auto","background-attachment":"scroll","background-type":"","background-media":"","overlay-type":"","overlay-color":"","overlay-opacity":"","overlay-gradient":""},"tablet":{"background-color":"","background-image":"","background-repeat":"repeat","background-position":"center center","background-size":"auto","background-attachment":"scroll","background-type":"","background-media":"","overlay-type":"","overlay-color":"","overlay-opacity":"","overlay-gradient":""},"mobile":{"background-color":"","background-image":"","background-repeat":"repeat","background-position":"center center","background-size":"auto","background-attachment":"scroll","background-type":"","background-media":"","overlay-type":"","overlay-color":"","overlay-opacity":"","overlay-gradient":""}},"ast-content-background-meta":{"desktop":{"background-color":"var(--ast-global-color-5)","background-image":"","background-repeat":"repeat","background-position":"center center","background-size":"auto","background-attachment":"scroll","background-type":"","background-media":"","overlay-type":"","overlay-color":"","overlay-opacity":"","overlay-gradient":""},"tablet":{"background-color":"var(--ast-global-color-5)","background-image":"","background-repeat":"repeat","background-position":"center center","background-size":"auto","background-attachment":"scroll","background-type":"","background-media":"","overlay-type":"","overlay-color":"","overlay-opacity":"","overlay-gradient":""},"mobile":{"background-color":"var(--ast-global-color-5)","background-image":"","background-repeat":"repeat","background-position":"center center","background-size":"auto","background-attachment":"scroll","background-type":"","background-media":"","overlay-type":"","overlay-color":"","overlay-opacity":"","overlay-gradient":""}},"footnotes":""},"class_list":["post-5234","page","type-page","status-publish","hentry"],"post_mailing_queue_ids":[],"_links":{"self":[{"href":"https:\/\/agora.xtec.cat\/ceip-josepcarner\/wp-json\/wp\/v2\/pages\/5234","targetHints":{"allow":["GET"]}}],"collection":[{"href":"https:\/\/agora.xtec.cat\/ceip-josepcarner\/wp-json\/wp\/v2\/pages"}],"about":[{"href":"https:\/\/agora.xtec.cat\/ceip-josepcarner\/wp-json\/wp\/v2\/types\/page"}],"author":[{"embeddable":true,"href":"https:\/\/agora.xtec.cat\/ceip-josepcarner\/wp-json\/wp\/v2\/users\/1"}],"replies":[{"embeddable":true,"href":"https:\/\/agora.xtec.cat\/ceip-josepcarner\/wp-json\/wp\/v2\/comments?post=5234"}],"version-history":[{"count":6,"href":"https:\/\/agora.xtec.cat\/ceip-josepcarner\/wp-json\/wp\/v2\/pages\/5234\/revisions"}],"predecessor-version":[{"id":5411,"href":"https:\/\/agora.xtec.cat\/ceip-josepcarner\/wp-json\/wp\/v2\/pages\/5234\/revisions\/5411"}],"up":[{"embeddable":true,"href":"https:\/\/agora.xtec.cat\/ceip-josepcarner\/wp-json\/wp\/v2\/pages\/7"}],"wp:attachment":[{"href":"https:\/\/agora.xtec.cat\/ceip-josepcarner\/wp-json\/wp\/v2\/media?parent=5234"}],"curies":[{"name":"wp","href":"https:\/\/api.w.org\/{rel}","templated":true}]}}