{"id":513,"date":"2025-01-20T09:00:14","date_gmt":"2025-01-20T08:00:14","guid":{"rendered":"http:\/\/agora.xtec.cat\/ceip-josepcarner\/?page_id=513"},"modified":"2025-11-12T16:37:33","modified_gmt":"2025-11-12T15:37:33","slug":"organigrama","status":"publish","type":"page","link":"https:\/\/agora.xtec.cat\/ceip-josepcarner\/pagines-dinici\/organigrama\/","title":{"rendered":"Organigrama"},"content":{"rendered":"<h3 style=\"text-align: left;\"><strong><span style=\"color: #008000;\"><u>ORGANIGRAMA CURS 2025-2026<\/u><\/span><\/strong><\/h3>\n<table style=\"border-collapse: collapse; width: 49.6409%;\">\n<tbody>\n<tr style=\"height: 49px;\">\n<td style=\"height: 49px; width: 23.6437%;\" width=\"181\"><strong>Directora<\/strong><\/td>\n<td style=\"height: 49px; width: 25.8957%;\" width=\"176\">Dolors Fern\u00e1ndez i Floriach<\/td>\n<\/tr>\n<tr style=\"height: 33px;\">\n<td style=\"height: 33px; width: 23.6437%;\"><strong>Secret\u00e0ria<\/strong><\/td>\n<td style=\"height: 33px; width: 25.8957%;\">Laura Rubio Pulido<\/td>\n<\/tr>\n<tr style=\"height: 33px;\">\n<td style=\"height: 33px; width: 23.6437%;\"><strong>Cap d&#8217;Estudis<\/strong><\/td>\n<td style=\"height: 33px; width: 25.8957%;\">Sonia Belmonte P\u00e1ez<\/td>\n<\/tr>\n<tr style=\"height: 33px;\">\n<td style=\"height: 33px; width: 23.6437%;\"><strong>Administrativa<\/strong><\/td>\n<td style=\"height: 33px; width: 25.8957%;\">Cl\u00e0udia Aroca S\u00e1nchez<\/td>\n<\/tr>\n<tr style=\"height: 33px;\">\n<td style=\"height: 33px; width: 23.6437%;\"><strong>Oficial d&#8217;Oficis<\/strong><\/td>\n<td style=\"height: 33px; width: 25.8957%;\">Robert Guirao<\/td>\n<\/tr>\n<tr style=\"height: 49px;\">\n<td style=\"height: 49px; width: 23.6437%;\"><strong>Coordinadora de menjador<\/strong><\/td>\n<td style=\"height: 49px; width: 25.8957%;\">Esther Valiente<\/td>\n<\/tr>\n<\/tbody>\n<\/table>\n<div><\/div>\n<div>\n<table style=\"width: 50.1994%;\" width=\"364\">\n<tbody>\n<tr>\n<td style=\"width: 132.116%;\" colspan=\"4\" width=\"364\"><strong>COMUNITAT PETITA<\/strong><\/td>\n<\/tr>\n<tr>\n<td style=\"width: 21.3296%;\"><strong>EI3 A<\/strong><\/td>\n<td style=\"width: 35.7341%;\">Vanessa Novell<\/td>\n<td style=\"width: 10.5998%;\"><strong>EI3B<\/strong><\/td>\n<td style=\"width: 64.4524%;\">Neli Pereira<\/td>\n<\/tr>\n<tr>\n<td style=\"width: 21.3296%;\"><strong>EI4A<\/strong><\/td>\n<td style=\"width: 35.7341%;\">Sandra Molina<\/td>\n<td style=\"width: 10.5998%;\"><strong>EI4B<\/strong><\/td>\n<td style=\"width: 64.4524%;\">Laia Fuentes<\/td>\n<\/tr>\n<tr>\n<td style=\"width: 21.3296%;\"><strong>EI5A<\/strong><\/td>\n<td style=\"width: 35.7341%;\">Esmeralda Moral<\/td>\n<td style=\"width: 10.5998%;\"><strong>EI5B<\/strong><\/td>\n<td style=\"width: 64.4524%;\">Laura Berlanga<\/td>\n<\/tr>\n<tr>\n<td style=\"width: 21.3296%;\"><strong>TEI<\/strong><\/td>\n<td style=\"width: 110.786%;\" colspan=\"3\">Irene Escorihuela<\/td>\n<\/tr>\n<tr>\n<td style=\"width: 21.3296%;\"><strong>M\u00fasica<\/strong><\/td>\n<td style=\"width: 110.786%;\" colspan=\"3\">Lourdes Cabero<\/td>\n<\/tr>\n<tr>\n<td style=\"width: 21.3296%;\"><strong>Refor\u00e7<\/strong><\/td>\n<td style=\"width: 110.786%;\" colspan=\"3\">Soraya Corp\u00e0s<\/p>\n<p>S\u00f2nia Manzanera<\/p>\n<p>Andrea Garc\u00eda<\/td>\n<\/tr>\n<tr>\n<td style=\"width: 21.3296%;\" width=\"74\"><strong>Educaci\u00f3<\/strong><br \/>\n<strong>Especial<\/strong><\/td>\n<td style=\"width: 110.786%;\" colspan=\"3\">Aida Olmo<\/td>\n<\/tr>\n<\/tbody>\n<\/table>\n<\/div>\n<div style=\"text-align: center;\">\n<table style=\"width: 50.061%; height: 393px;\" width=\"364\">\n<tbody>\n<tr style=\"height: 33px;\">\n<td style=\"text-align: left; width: 134.626%; height: 33px;\" colspan=\"4\" width=\"364\"><strong>COMUNITAT MITJANA<\/strong><\/td>\n<\/tr>\n<tr style=\"height: 33px;\">\n<td style=\"width: 22.7147%; height: 33px;\"><strong>1rA<\/strong><\/td>\n<td style=\"width: 37.9014%; height: 33px;\">Erica Moyano<\/td>\n<td style=\"width: 10.0453%; height: 33px;\"><strong>1rB<\/strong><\/td>\n<td style=\"width: 63.9646%; height: 33px;\">Noelia Gadella<\/td>\n<\/tr>\n<tr style=\"height: 33px;\">\n<td style=\"width: 22.7147%; height: 33px;\"><strong>2nA<\/strong><\/td>\n<td style=\"width: 37.9014%; height: 33px;\">Yolanda Amigo<\/td>\n<td style=\"width: 10.0453%; height: 33px;\"><strong>2nB<\/strong><\/td>\n<td style=\"width: 63.9646%; height: 33px;\">Ximo Bel<\/td>\n<\/tr>\n<tr style=\"height: 33px;\">\n<td style=\"width: 22.7147%; height: 33px;\"><strong>3rA<\/strong><\/td>\n<td style=\"width: 37.9014%; height: 33px;\">Anna Ria\u00f1o<\/td>\n<td style=\"width: 10.0453%; height: 33px;\"><strong>3rB<\/strong><\/td>\n<td style=\"width: 63.9646%; height: 33px;\">Carme Lupia\u00f1ez<\/td>\n<\/tr>\n<tr style=\"height: 33px;\">\n<td style=\"width: 22.7147%; height: 33px;\"><strong>Angl\u00e8s<\/strong><\/td>\n<td style=\"width: 111.911%; height: 33px;\" colspan=\"3\">Raquel Mulero<\/td>\n<\/tr>\n<tr style=\"height: 33px;\">\n<td style=\"width: 22.7147%; height: 33px;\"><strong>M\u00fasica<\/strong><\/td>\n<td style=\"height: 33px;\" colspan=\"3\">Vera del Pino (1r i 3r)<\/p>\n<p>Lourdes Cabero (2n)<\/td>\n<\/tr>\n<tr style=\"height: 49px;\">\n<td style=\"width: 22.7147%; height: 49px;\"><strong>Educaci\u00f3 F\u00edsica<\/strong><\/td>\n<td style=\"width: 111.911%; height: 49px;\" colspan=\"3\">Ana Belen Morales<\/td>\n<\/tr>\n<tr style=\"height: 49px;\">\n<td style=\"width: 22.7147%; height: 49px;\" width=\"74\"><strong>Educaci\u00f3<\/strong><br \/>\n<strong>Especial<\/strong><\/td>\n<td style=\"width: 111.911%; height: 49px;\" colspan=\"3\">Elena Manchado<\/td>\n<\/tr>\n<tr style=\"height: 97px;\">\n<td style=\"width: 22.7147%; height: 97px;\" width=\"74\"><strong>Docents<\/strong><br \/>\n<strong>de Suport<\/strong><\/td>\n<td style=\"width: 111.911%; height: 97px;\" colspan=\"3\">\u00a0Lourdes Domingo<\/p>\n<p>Ana Isabel Gonz\u00e1lez<\/p>\n<p>Raquel Tajuelo<\/td>\n<\/tr>\n<\/tbody>\n<\/table>\n<table style=\"width: 49.2474%; height: 290px;\" width=\"364\">\n<tbody>\n<tr style=\"height: 33px;\">\n<td style=\"text-align: left; width: 131.856%; height: 33px;\" colspan=\"4\" width=\"364\"><strong>COMUNITAT GRAN<\/strong><\/td>\n<\/tr>\n<tr style=\"height: 33px;\">\n<td style=\"width: 22.7147%; height: 33px;\"><strong>4tA<\/strong><\/td>\n<td style=\"width: 38.302%; height: 33px;\">Marc Fern\u00e1ndez<\/td>\n<td style=\"width: 6.3666%; height: 33px;\"><strong>4tB<\/strong><\/td>\n<td style=\"width: 64.4727%; height: 33px;\">Elena Aguado<\/td>\n<\/tr>\n<tr style=\"height: 33px;\">\n<td style=\"width: 22.7147%; height: 33px;\"><strong>5\u00e8A<\/strong><\/td>\n<td style=\"width: 38.302%; height: 33px;\">Edgar \u00c1lvarez<\/td>\n<td style=\"width: 6.3666%; height: 33px;\"><strong>5\u00e8B<\/strong><\/td>\n<td style=\"width: 64.4727%; height: 33px;\">Laia Colldecarrera<\/td>\n<\/tr>\n<tr style=\"height: 33px;\">\n<td style=\"width: 22.7147%; height: 33px;\"><strong>6\u00e8A<\/strong><\/td>\n<td style=\"width: 38.302%; height: 33px;\">Montse L\u00f3pez<\/td>\n<td style=\"width: 6.3666%; height: 33px;\"><strong>6\u00e8B<\/strong><\/td>\n<td style=\"width: 64.4727%; height: 33px;\">Maika Vaquero<\/td>\n<\/tr>\n<tr style=\"height: 33px;\">\n<td style=\"width: 22.7147%; height: 33px;\"><strong>Angl\u00e8s<\/strong><\/td>\n<td style=\"width: 109.141%; height: 33px;\" colspan=\"3\">Eva Garc\u00eda<\/td>\n<\/tr>\n<tr style=\"height: 45px;\">\n<td style=\"width: 22.7147%; height: 45px;\"><strong>M\u00fasica<\/strong><\/td>\n<td style=\"height: 45px; width: 109.141%;\" colspan=\"3\">Vera del Pino<\/td>\n<\/tr>\n<tr style=\"height: 10px;\">\n<td style=\"width: 22.7147%; height: 10px;\"><strong>Educaci\u00f3 F\u00edsica<\/strong><\/td>\n<td style=\"width: 109.141%; height: 10px;\" colspan=\"3\">Daniel Figueres<\/td>\n<\/tr>\n<tr style=\"height: 21px;\">\n<td style=\"width: 22.7147%; height: 21px;\" width=\"74\"><strong>Educaci\u00f3<\/strong><br \/>\n<strong>Especial<\/strong><\/td>\n<td style=\"width: 109.141%; height: 21px;\" colspan=\"3\">S\u00f2nia Luque<\/td>\n<\/tr>\n<tr style=\"height: 49px;\">\n<td style=\"width: 22.7147%; height: 49px;\" width=\"74\"><strong>Docents<\/strong><br \/>\n<strong>de Suport<\/strong><\/td>\n<td style=\"width: 109.141%; height: 49px;\" colspan=\"3\">Lourdes Domingo<\/p>\n<p>Ana Isabel Gonz\u00e1lez<\/p>\n<p>Raquel Tajuelo<\/td>\n<\/tr>\n<\/tbody>\n<\/table>\n<table style=\"width: 48.0449%; height: 137px;\" width=\"357\">\n<tbody>\n<tr style=\"height: 33px;\">\n<td style=\"width: 50%; text-align: left; height: 33px;\" width=\"181\"><strong>Mestre Audici\u00f3 i Llenguatge<\/strong><\/td>\n<td style=\"width: 83.8068%; height: 33px;\" width=\"176\">Daniel G\u00f3mez<\/td>\n<\/tr>\n<tr style=\"height: 33px;\">\n<td style=\"width: 50%; text-align: left; height: 33px;\"><strong>Aula Acollida<\/strong><\/td>\n<td style=\"width: 83.8068%; height: 33px;\">Yolanda Cort\u00e9s<\/td>\n<\/tr>\n<tr style=\"height: 33px;\">\n<td style=\"width: 50%; text-align: left; height: 33px;\"><strong>T\u00e8cnica Integraci\u00f3 Social<\/strong><\/td>\n<td style=\"width: 83.8068%; height: 33px;\">Judit L\u00f3pez<\/td>\n<\/tr>\n<tr style=\"height: 38px;\">\n<td style=\"width: 50%; text-align: left; height: 38px;\"><strong>Educadora SIEI<\/strong><\/td>\n<td style=\"width: 83.8068%; height: 38px;\">Mercedes Hell\u00edn<\/td>\n<\/tr>\n<tr>\n<td style=\"width: 50%; text-align: left;\"><strong>Tutora SIEI<\/strong><\/td>\n<td style=\"width: 83.8068%;\">Laia Olmo<\/td>\n<\/tr>\n<\/tbody>\n<\/table>\n<\/div>\n<div><\/div>\n<div>\n<p>&nbsp;<\/p>\n<\/div>\n<p>&nbsp;<\/p>\n<p>&nbsp;<\/p>\n","protected":false},"excerpt":{"rendered":"<p>ORGANIGRAMA CURS 2025-2026 Directora Dolors Fern\u00e1ndez i Floriach Secret\u00e0ria Laura Rubio Pulido Cap d&#8217;Estudis Sonia Belmonte P\u00e1ez Administrativa Cl\u00e0udia Aroca S\u00e1nchez Oficial d&#8217;Oficis Robert Guirao Coordinadora de menjador Esther Valiente COMUNITAT PETITA EI3 A Vanessa Novell EI3B Neli Pereira EI4A Sandra Molina EI4B Laia Fuentes EI5A Esmeralda Moral EI5B Laura Berlanga TEI Irene Escorihuela M\u00fasica [&hellip;]<\/p>\n","protected":false},"author":1,"featured_media":0,"parent":7,"menu_order":0,"comment_status":"closed","ping_status":"closed","template":"page-templates\/side-menu.php","meta":{"_bbp_topic_count":0,"_bbp_reply_count":0,"_bbp_total_topic_count":0,"_bbp_total_reply_count":0,"_bbp_voice_count":0,"_bbp_anonymous_reply_count":0,"_bbp_topic_count_hidden":0,"_bbp_reply_count_hidden":0,"_bbp_forum_subforum_count":0,"site-sidebar-layout":"default","site-content-layout":"","ast-site-content-layout":"","site-content-style":"default","site-sidebar-style":"default","ast-global-header-display":"","ast-banner-title-visibility":"","ast-main-header-display":"","ast-hfb-above-header-display":"","ast-hfb-below-header-display":"","ast-hfb-mobile-header-display":"","site-post-title":"","ast-breadcrumbs-content":"","ast-featured-img":"","footer-sml-layout":"","theme-transparent-header-meta":"","adv-header-id-meta":"","stick-header-meta":"","header-above-stick-meta":"","header-main-stick-meta":"","header-below-stick-meta":"","astra-migrate-meta-layouts":"default","ast-page-background-enabled":"default","ast-page-background-meta":{"desktop":{"background-color":"var(--ast-global-color-4)","background-image":"","background-repeat":"repeat","background-position":"center center","background-size":"auto","background-attachment":"scroll","background-type":"","background-media":"","overlay-type":"","overlay-color":"","overlay-opacity":"","overlay-gradient":""},"tablet":{"background-color":"","background-image":"","background-repeat":"repeat","background-position":"center center","background-size":"auto","background-attachment":"scroll","background-type":"","background-media":"","overlay-type":"","overlay-color":"","overlay-opacity":"","overlay-gradient":""},"mobile":{"background-color":"","background-image":"","background-repeat":"repeat","background-position":"center center","background-size":"auto","background-attachment":"scroll","background-type":"","background-media":"","overlay-type":"","overlay-color":"","overlay-opacity":"","overlay-gradient":""}},"ast-content-background-meta":{"desktop":{"background-color":"var(--ast-global-color-5)","background-image":"","background-repeat":"repeat","background-position":"center center","background-size":"auto","background-attachment":"scroll","background-type":"","background-media":"","overlay-type":"","overlay-color":"","overlay-opacity":"","overlay-gradient":""},"tablet":{"background-color":"var(--ast-global-color-5)","background-image":"","background-repeat":"repeat","background-position":"center center","background-size":"auto","background-attachment":"scroll","background-type":"","background-media":"","overlay-type":"","overlay-color":"","overlay-opacity":"","overlay-gradient":""},"mobile":{"background-color":"var(--ast-global-color-5)","background-image":"","background-repeat":"repeat","background-position":"center center","background-size":"auto","background-attachment":"scroll","background-type":"","background-media":"","overlay-type":"","overlay-color":"","overlay-opacity":"","overlay-gradient":""}},"footnotes":""},"class_list":["post-513","page","type-page","status-publish","hentry"],"post_mailing_queue_ids":[],"_links":{"self":[{"href":"https:\/\/agora.xtec.cat\/ceip-josepcarner\/wp-json\/wp\/v2\/pages\/513","targetHints":{"allow":["GET"]}}],"collection":[{"href":"https:\/\/agora.xtec.cat\/ceip-josepcarner\/wp-json\/wp\/v2\/pages"}],"about":[{"href":"https:\/\/agora.xtec.cat\/ceip-josepcarner\/wp-json\/wp\/v2\/types\/page"}],"author":[{"embeddable":true,"href":"https:\/\/agora.xtec.cat\/ceip-josepcarner\/wp-json\/wp\/v2\/users\/1"}],"replies":[{"embeddable":true,"href":"https:\/\/agora.xtec.cat\/ceip-josepcarner\/wp-json\/wp\/v2\/comments?post=513"}],"version-history":[{"count":6,"href":"https:\/\/agora.xtec.cat\/ceip-josepcarner\/wp-json\/wp\/v2\/pages\/513\/revisions"}],"predecessor-version":[{"id":5127,"href":"https:\/\/agora.xtec.cat\/ceip-josepcarner\/wp-json\/wp\/v2\/pages\/513\/revisions\/5127"}],"up":[{"embeddable":true,"href":"https:\/\/agora.xtec.cat\/ceip-josepcarner\/wp-json\/wp\/v2\/pages\/7"}],"wp:attachment":[{"href":"https:\/\/agora.xtec.cat\/ceip-josepcarner\/wp-json\/wp\/v2\/media?parent=513"}],"curies":[{"name":"wp","href":"https:\/\/api.w.org\/{rel}","templated":true}]}}