{"id":499,"date":"2015-03-03T10:59:06","date_gmt":"2015-03-03T09:59:06","guid":{"rendered":"http:\/\/agora.xtec.cat\/ceip-josepcarner\/?page_id=499"},"modified":"2026-04-11T13:47:26","modified_gmt":"2026-04-11T11:47:26","slug":"ampa1","status":"publish","type":"page","link":"https:\/\/agora.xtec.cat\/ceip-josepcarner\/ampa1\/","title":{"rendered":"AMPA."},"content":{"rendered":"<header class=\"archive-header\">\n<div class=\"archive-meta\">\n<h5><strong>Per contactar amb l&#8217;AMPA:<\/strong><\/h5>\n<p>Tel\u00e8fon: 653 44 92 82<br \/>\nCorreu electr\u00f2nic: <a href=\"mailto:ampajosepcarner@badalona.lamalla.net\">ampajosepcarner@gmail.com<\/a><br \/>\nEst\u00e0 situat al Carrer Brasil s\/n (Badalona)<\/p>\n<p>L\u00b4AMPA som tots els pares i mares que tenim fills i filles com alumnes a l&#8217;escola Josep Carner. Tots nosaltres en som membres de ple dret, amb els mateixos drets i deures. La missi\u00f3 principal de l\u2019AMPA \u00e9s contribuir a la millora de la qualitat del sistema educatiu i de les condicions d\u2019escolaritzaci\u00f3 dels i les alumnes del centre. El seu funcionament es basa en el di\u00e0leg i en la col\u00b7laboraci\u00f3 amb tots els sectors de la comunitat educativa.<br \/>\n<b><br \/>\n<\/b>Un tret que ha caracteritzat la nostra escola \u00e9s la bona sintonia i la voluntat rec\u00edproca de treball en com\u00fa amb l\u2019equip directiu de l\u2019Escola. I aix\u00f2 ha estat sempre possible o b\u00e9 a trav\u00e9s del contacte continu entre la Junta de l\u2019AMPA i l\u2019Equip Directiu, o b\u00e9 a trav\u00e9s de la representaci\u00f3 de l\u2019AMPA en el Consell Escolar.<\/p>\n<p>L\u2019AMPA ofereix a totes les fam\u00edlies una oportunitat \u00fanica per participar en la vida del centre educatiu i en l\u2019educaci\u00f3 que reben els nostres fills. El suport de tots els pares i mares \u00e9s fonamental perqu\u00e8 l\u2019associaci\u00f3 sigui m\u00e9s s\u00f2lida i participativa. Des de l\u2019AMPA les fam\u00edlies podem influir en l\u2019educaci\u00f3 de tots els alumnes i en la bona marxa de l\u2019escola.<\/p>\n<ul>\n<li>Representa els interessos dels pares i mares en qualsevol tema relacionat amb l\u2019estada dels nens i nenes a l\u2019escola.<\/li>\n<li>Gestiona serveis, com el menjador, l\u2019acollida matinal, els casals d\u2019estiu i les activitats extraescolars.<\/li>\n<li>Col\u00b7labora amb l\u2019escola en les festes tradicionals com la Castanyada, el Carnestoltes i altres, jornada medi ambient i Sant Jordi.<\/li>\n<li>D\u00f3na suport assumint pagaments que ajuden a l\u2019escola a donar als nostres fills un major nivell de qualitat d\u2019ensenyament i benestar.<\/li>\n<\/ul>\n<h5><a href=\"https:\/\/drive.google.com\/open?id=1X2cPbbWo4ta4-xZfjEAYAE7HHAz7rjJ5\">ESTATUTS<\/a><\/h5>\n<h5><\/h5>\n<\/div>\n<\/header>\n<p>Podreu trobar m\u00e9s informaci\u00f3 en el bloc de l&#8217;AMPA: <a title=\"AMPA enlla\u00e7\" href=\"http:\/\/blocampajosepcarner.blogspot.com.es\/\" target=\"_blank\" rel=\"noopener\">http:\/\/blocampajosepcarner.blogspot.com.es\/<\/a><\/p>\n<p><strong>L&#8217;equip de la junta de l&#8217;AMPA s\u00f3n:<\/strong><\/p>\n<p>Presidenta: Alicia Alonso<\/p>\n<p>Secretaria: Ana Gonz\u00e1lez<\/p>\n<p>Tresorera: Yolanda Mart\u00edn<\/p>\n<p>Vocales: David P\u00e9rez, Noelia Mohedano i Ingrid Hurtado<\/p>\n<p><i><b>\u00a0<\/b><\/i><\/p>\n","protected":false},"excerpt":{"rendered":"<p>Per contactar amb l&#8217;AMPA: Tel\u00e8fon: 653 44 92 82 Correu electr\u00f2nic: ampajosepcarner@gmail.com Est\u00e0 situat al Carrer Brasil s\/n (Badalona) L\u00b4AMPA som tots els pares i mares que tenim fills i filles com alumnes a l&#8217;escola Josep Carner. Tots nosaltres en som membres de ple dret, amb els mateixos drets i deures. La missi\u00f3 principal de [&hellip;]<\/p>\n","protected":false},"author":1,"featured_media":0,"parent":0,"menu_order":6,"comment_status":"closed","ping_status":"closed","template":"","meta":{"_bbp_topic_count":0,"_bbp_reply_count":0,"_bbp_total_topic_count":0,"_bbp_total_reply_count":0,"_bbp_voice_count":0,"_bbp_anonymous_reply_count":0,"_bbp_topic_count_hidden":0,"_bbp_reply_count_hidden":0,"_bbp_forum_subforum_count":0,"site-sidebar-layout":"default","site-content-layout":"","ast-site-content-layout":"default","site-content-style":"default","site-sidebar-style":"default","ast-global-header-display":"","ast-banner-title-visibility":"","ast-main-header-display":"","ast-hfb-above-header-display":"","ast-hfb-below-header-display":"","ast-hfb-mobile-header-display":"","site-post-title":"","ast-breadcrumbs-content":"","ast-featured-img":"","footer-sml-layout":"","theme-transparent-header-meta":"","adv-header-id-meta":"","stick-header-meta":"","header-above-stick-meta":"","header-main-stick-meta":"","header-below-stick-meta":"","astra-migrate-meta-layouts":"set","ast-page-background-enabled":"default","ast-page-background-meta":{"desktop":{"background-color":"var(--ast-global-color-4)","background-image":"","background-repeat":"repeat","background-position":"center center","background-size":"auto","background-attachment":"scroll","background-type":"","background-media":"","overlay-type":"","overlay-color":"","overlay-opacity":"","overlay-gradient":""},"tablet":{"background-color":"","background-image":"","background-repeat":"repeat","background-position":"center center","background-size":"auto","background-attachment":"scroll","background-type":"","background-media":"","overlay-type":"","overlay-color":"","overlay-opacity":"","overlay-gradient":""},"mobile":{"background-color":"","background-image":"","background-repeat":"repeat","background-position":"center center","background-size":"auto","background-attachment":"scroll","background-type":"","background-media":"","overlay-type":"","overlay-color":"","overlay-opacity":"","overlay-gradient":""}},"ast-content-background-meta":{"desktop":{"background-color":"var(--ast-global-color-5)","background-image":"","background-repeat":"repeat","background-position":"center center","background-size":"auto","background-attachment":"scroll","background-type":"","background-media":"","overlay-type":"","overlay-color":"","overlay-opacity":"","overlay-gradient":""},"tablet":{"background-color":"var(--ast-global-color-5)","background-image":"","background-repeat":"repeat","background-position":"center center","background-size":"auto","background-attachment":"scroll","background-type":"","background-media":"","overlay-type":"","overlay-color":"","overlay-opacity":"","overlay-gradient":""},"mobile":{"background-color":"var(--ast-global-color-5)","background-image":"","background-repeat":"repeat","background-position":"center center","background-size":"auto","background-attachment":"scroll","background-type":"","background-media":"","overlay-type":"","overlay-color":"","overlay-opacity":"","overlay-gradient":""}},"footnotes":""},"class_list":["post-499","page","type-page","status-publish","hentry"],"post_mailing_queue_ids":[],"_links":{"self":[{"href":"https:\/\/agora.xtec.cat\/ceip-josepcarner\/wp-json\/wp\/v2\/pages\/499","targetHints":{"allow":["GET"]}}],"collection":[{"href":"https:\/\/agora.xtec.cat\/ceip-josepcarner\/wp-json\/wp\/v2\/pages"}],"about":[{"href":"https:\/\/agora.xtec.cat\/ceip-josepcarner\/wp-json\/wp\/v2\/types\/page"}],"author":[{"embeddable":true,"href":"https:\/\/agora.xtec.cat\/ceip-josepcarner\/wp-json\/wp\/v2\/users\/1"}],"replies":[{"embeddable":true,"href":"https:\/\/agora.xtec.cat\/ceip-josepcarner\/wp-json\/wp\/v2\/comments?post=499"}],"version-history":[{"count":3,"href":"https:\/\/agora.xtec.cat\/ceip-josepcarner\/wp-json\/wp\/v2\/pages\/499\/revisions"}],"predecessor-version":[{"id":5260,"href":"https:\/\/agora.xtec.cat\/ceip-josepcarner\/wp-json\/wp\/v2\/pages\/499\/revisions\/5260"}],"wp:attachment":[{"href":"https:\/\/agora.xtec.cat\/ceip-josepcarner\/wp-json\/wp\/v2\/media?parent=499"}],"curies":[{"name":"wp","href":"https:\/\/api.w.org\/{rel}","templated":true}]}}