{"id":394,"date":"2015-02-20T08:25:25","date_gmt":"2015-02-20T07:25:25","guid":{"rendered":"http:\/\/agora.xtec.cat\/ceip-josepcarner\/?page_id=394"},"modified":"2017-06-29T15:01:07","modified_gmt":"2017-06-29T13:01:07","slug":"activitats-de-zona","status":"publish","type":"page","link":"https:\/\/agora.xtec.cat\/ceip-josepcarner\/treball-en-xarxa\/activitats-de-zona\/","title":{"rendered":"Activitats amb altres escoles"},"content":{"rendered":"<p><span style=\"color: #000000; font-size: large;\"><strong><span style=\"font-family: verdana,arial,helvetica,sans-serif;\">BADASPORT<\/span><\/strong><\/span><\/p>\n<p><span style=\"font-family: verdana,arial,helvetica,sans-serif;\"><span style=\"color: #ff691f; font-size: small;\"><strong><a href=\"http:\/\/badasport.wordpress.com\/%20%20%20\" target=\"_blank\"><span style=\"font-size: small;\">Badasport<\/span><\/a><\/strong><\/span> <span style=\"color: #000000; font-size: small;\">\u00e9s una activitat impulsada pel Grup de Treball d&#8217;Educaci\u00f3 F\u00edsica del Pla de formaci\u00f3 del professorat de Badalona, amb la finalitat de fomentar la pr\u00e0ctica de l&#8217;esport i els valors i les normes inherents a l&#8217;activitat f\u00edsica.<\/span><\/span><\/p>\n<p><span style=\"font-size: small;\"><span style=\"color: #000000;\"><img loading=\"lazy\" decoding=\"async\" src=\"https:\/\/lh4.googleusercontent.com\/_MpRR26Sz2-U\/TYcfGs0i8DI\/AAAAAAAAAMk\/HEa5PoUhX8A\/s128\/Badasport2.jpg\" alt=\"\" width=\"156\" height=\"123\" align=\"left\" hspace=\"10\" \/>Es realitzen quatre jornades adre\u00e7ades a la pr\u00e0ctica col\u00b7lectiva de diferents esports:<br \/>\n<strong><em>Badaplatja<\/em>:<\/strong> Jocs a la platja per a l&#8217;alumnat de 2n de prim\u00e0ria.<br \/>\n<strong><em>Orienbaci\u00f3<\/em>:<\/strong> Cursa d&#8217;orientaci\u00f3 adre\u00e7ada a l&#8217;alumnat de 4t de prim\u00e0ria.<br \/>\n<strong><em>Badasport<\/em>:<\/strong> Pr\u00e0ctica de diferents proves atl\u00e8tiques i activitats cooperatives.<br \/>\n<strong><em>Korfbada<\/em><\/strong><em>: <\/em>Pr\u00e0ctica del Korfball, esport ideat per promoure els principis de cooperaci\u00f3 i coeducaci\u00f3. <\/span><\/span><\/p>\n<p><span style=\"font-size: small;\"><span style=\"color: #000000;\"><strong><em>Espiribol:<\/em><\/strong><\/span><\/span><\/p>\n<p><a href=\"http:\/\/agora.xtec.cat\/ceip-josepcarner\/treball-en-xarxa\/activitats-de-zona\/attachment\/spiribol\/\" rel=\"attachment wp-att-1051\"><img loading=\"lazy\" decoding=\"async\" class=\"alignnone wp-image-1051\" src=\"http:\/\/agora.xtec.cat\/ceip-josepcarner\/wp-content\/uploads\/usu220\/2015\/02\/Spiribol.jpg\" alt=\"spiribol\" width=\"227\" height=\"227\" srcset=\"https:\/\/agora.xtec.cat\/ceip-josepcarner\/wp-content\/uploads\/usu220\/2015\/02\/Spiribol.jpg 960w, https:\/\/agora.xtec.cat\/ceip-josepcarner\/wp-content\/uploads\/usu220\/2015\/02\/Spiribol-150x150.jpg 150w, https:\/\/agora.xtec.cat\/ceip-josepcarner\/wp-content\/uploads\/usu220\/2015\/02\/Spiribol-300x300.jpg 300w, https:\/\/agora.xtec.cat\/ceip-josepcarner\/wp-content\/uploads\/usu220\/2015\/02\/Spiribol-768x768.jpg 768w\" sizes=\"auto, (max-width: 227px) 100vw, 227px\" \/><\/a> <a href=\"http:\/\/agora.xtec.cat\/ceip-josepcarner\/treball-en-xarxa\/activitats-de-zona\/attachment\/espiribol-1\/\" rel=\"attachment wp-att-1052\"><img loading=\"lazy\" decoding=\"async\" class=\"alignnone wp-image-1052\" src=\"http:\/\/agora.xtec.cat\/ceip-josepcarner\/wp-content\/uploads\/usu220\/2015\/02\/espiribol-1.jpg\" alt=\"espiribol-1\" width=\"301\" height=\"226\" srcset=\"https:\/\/agora.xtec.cat\/ceip-josepcarner\/wp-content\/uploads\/usu220\/2015\/02\/espiribol-1.jpg 960w, https:\/\/agora.xtec.cat\/ceip-josepcarner\/wp-content\/uploads\/usu220\/2015\/02\/espiribol-1-300x225.jpg 300w, https:\/\/agora.xtec.cat\/ceip-josepcarner\/wp-content\/uploads\/usu220\/2015\/02\/espiribol-1-768x576.jpg 768w, https:\/\/agora.xtec.cat\/ceip-josepcarner\/wp-content\/uploads\/usu220\/2015\/02\/espiribol-1-200x150.jpg 200w\" sizes=\"auto, (max-width: 301px) 100vw, 301px\" \/><\/a><\/p>\n<p>&nbsp;<\/p>\n<p align=\"justify\"><span style=\"color: #000000; font-size: large;\"><strong><span style=\"font-family: verdana,arial,helvetica,sans-serif;\">Trobada de nens i nenes dansaires<\/span><\/strong><\/span><\/p>\n<p align=\"justify\"><span style=\"font-size: small;\"><span style=\"font-family: times new roman,times,serif;\"><span style=\"color: #000000;\"><img decoding=\"async\" src=\"https:\/\/lh3.googleusercontent.com\/_MpRR26Sz2-U\/TYcfPqpt8DI\/AAAAAAAAAM4\/zZMPrk1Jc60\/s128\/nens-i-nenes-dansaires.jpg\" alt=\"\" align=\"left\" hspace=\"10\" \/><\/span><\/span><span style=\"font-family: verdana,arial,helvetica,sans-serif;\">La <\/span><\/span><a href=\"http:\/\/agora.xtec.cat\/se-badalona\/intranet\/index.php?module=pagines&amp;func=display&amp;pageid=189\" target=\"_blank\"><span style=\"font-family: verdana,arial,helvetica,sans-serif;\"><span style=\"font-size: small;\"><strong>Trobada de nens i nenes dansaires<\/strong><\/span><\/span><\/a> <span style=\"font-family: verdana,arial,helvetica,sans-serif;\"><span style=\"font-size: small;\">de Badalona \u00e9s una activitat impulsada pel Grup de Treball de mestres de m\u00fasica de prim\u00e0ria i organitzada conjuntament amb el CRP i la Regidoria d&#8217;Educaci\u00f3.<br \/>\nCoincidint amb les Festes de Maig de Badalona, durant dos dies, es reuneixen al Palau Municipal d&#8217;Esports m\u00e9s de 5400 alumnes de P3 a 5\u00e8 curs de prim\u00e0ria d&#8217;escoles de Badalona, per ensenyar a les fam\u00edlies i a la resta d&#8217;escoles les danses populars i d&#8217;arreu del m\u00f3n que han anat practicant durant tot el curs. <\/span><\/span><\/p>\n<ul>\n<li>V\u00eddeo danses 2017<\/li>\n<li><a href=\"http:\/\/V\u00eddeos 2013-14\" target=\"_blank\">Danses i centres curs 2013-2014<\/a><\/li>\n<li><a title=\"13\u00aa TROBADA DANSES 15 de Maig\" href=\"http:\/\/youtu.be\/KJOts-dkBBY\" target=\"_blank\">V\u00eddeo del dia 15 de maig de 2014<\/a><\/li>\n<li><a title=\"13\u00aa TROBADA DANSES 16 de Maig\" href=\"http:\/\/youtu.be\/aU0UdleoCGI\" target=\"_blank\">V\u00eddeo del dia 16 de maig de 2014<\/a><\/li>\n<\/ul>\n<p>&nbsp;<\/p>\n<p><span style=\"color: #000000; font-size: large;\"><strong><span style=\"font-family: verdana,arial,helvetica,sans-serif;\">CANT\u00c0NIA<\/span><\/strong><\/span><\/p>\n<p>Cant\u00e0nia \u00e9s una activitat amb diferents fases d\u2019actuaci\u00f3: sessions de formaci\u00f3 amb el professorat, treball del professorat a la seva aula i un concert interpretats pels nostres alumnes. Durant tot el curs escolar es treballa tant des de l\u2019organitzaci\u00f3 com des de l\u2019escola. L\u2019objectiu \u00e9s organitzar un acte per als alumnes que, per les caracter\u00edstiques globals pensades exclusivament per a ells, per la qualitat i per la implicaci\u00f3 personal i col\u2022lectiva en l\u2019acte, es converteixi en una viv\u00e8ncia musical important i inoblidable per a tots. El concert es realitza amb els alumnes de 5\u00e8 a l&#8217;Auditori de Barcelona.<\/p>\n<p>&nbsp;<\/p>\n","protected":false},"excerpt":{"rendered":"<p>BADASPORT Badasport \u00e9s una activitat impulsada pel Grup de Treball d&#8217;Educaci\u00f3 F\u00edsica del Pla de formaci\u00f3 del professorat de Badalona, amb la finalitat de fomentar la pr\u00e0ctica de l&#8217;esport i els valors i les normes inherents a l&#8217;activitat f\u00edsica. Es realitzen quatre jornades adre\u00e7ades a la pr\u00e0ctica col\u00b7lectiva de diferents esports: Badaplatja: Jocs a la [&hellip;]<\/p>\n","protected":false},"author":1,"featured_media":0,"parent":519,"menu_order":0,"comment_status":"closed","ping_status":"closed","template":"page-templates\/side-menu.php","meta":{"_bbp_topic_count":0,"_bbp_reply_count":0,"_bbp_total_topic_count":0,"_bbp_total_reply_count":0,"_bbp_voice_count":0,"_bbp_anonymous_reply_count":0,"_bbp_topic_count_hidden":0,"_bbp_reply_count_hidden":0,"_bbp_forum_subforum_count":0,"site-sidebar-layout":"default","site-content-layout":"","ast-site-content-layout":"","site-content-style":"default","site-sidebar-style":"default","ast-global-header-display":"","ast-banner-title-visibility":"","ast-main-header-display":"","ast-hfb-above-header-display":"","ast-hfb-below-header-display":"","ast-hfb-mobile-header-display":"","site-post-title":"","ast-breadcrumbs-content":"","ast-featured-img":"","footer-sml-layout":"","theme-transparent-header-meta":"","adv-header-id-meta":"","stick-header-meta":"","header-above-stick-meta":"","header-main-stick-meta":"","header-below-stick-meta":"","astra-migrate-meta-layouts":"default","ast-page-background-enabled":"default","ast-page-background-meta":{"desktop":{"background-color":"var(--ast-global-color-4)","background-image":"","background-repeat":"repeat","background-position":"center center","background-size":"auto","background-attachment":"scroll","background-type":"","background-media":"","overlay-type":"","overlay-color":"","overlay-opacity":"","overlay-gradient":""},"tablet":{"background-color":"","background-image":"","background-repeat":"repeat","background-position":"center center","background-size":"auto","background-attachment":"scroll","background-type":"","background-media":"","overlay-type":"","overlay-color":"","overlay-opacity":"","overlay-gradient":""},"mobile":{"background-color":"","background-image":"","background-repeat":"repeat","background-position":"center center","background-size":"auto","background-attachment":"scroll","background-type":"","background-media":"","overlay-type":"","overlay-color":"","overlay-opacity":"","overlay-gradient":""}},"ast-content-background-meta":{"desktop":{"background-color":"var(--ast-global-color-5)","background-image":"","background-repeat":"repeat","background-position":"center center","background-size":"auto","background-attachment":"scroll","background-type":"","background-media":"","overlay-type":"","overlay-color":"","overlay-opacity":"","overlay-gradient":""},"tablet":{"background-color":"var(--ast-global-color-5)","background-image":"","background-repeat":"repeat","background-position":"center center","background-size":"auto","background-attachment":"scroll","background-type":"","background-media":"","overlay-type":"","overlay-color":"","overlay-opacity":"","overlay-gradient":""},"mobile":{"background-color":"var(--ast-global-color-5)","background-image":"","background-repeat":"repeat","background-position":"center center","background-size":"auto","background-attachment":"scroll","background-type":"","background-media":"","overlay-type":"","overlay-color":"","overlay-opacity":"","overlay-gradient":""}},"footnotes":""},"class_list":["post-394","page","type-page","status-publish","hentry"],"post_mailing_queue_ids":[],"_links":{"self":[{"href":"https:\/\/agora.xtec.cat\/ceip-josepcarner\/wp-json\/wp\/v2\/pages\/394","targetHints":{"allow":["GET"]}}],"collection":[{"href":"https:\/\/agora.xtec.cat\/ceip-josepcarner\/wp-json\/wp\/v2\/pages"}],"about":[{"href":"https:\/\/agora.xtec.cat\/ceip-josepcarner\/wp-json\/wp\/v2\/types\/page"}],"author":[{"embeddable":true,"href":"https:\/\/agora.xtec.cat\/ceip-josepcarner\/wp-json\/wp\/v2\/users\/1"}],"replies":[{"embeddable":true,"href":"https:\/\/agora.xtec.cat\/ceip-josepcarner\/wp-json\/wp\/v2\/comments?post=394"}],"version-history":[{"count":3,"href":"https:\/\/agora.xtec.cat\/ceip-josepcarner\/wp-json\/wp\/v2\/pages\/394\/revisions"}],"predecessor-version":[{"id":1120,"href":"https:\/\/agora.xtec.cat\/ceip-josepcarner\/wp-json\/wp\/v2\/pages\/394\/revisions\/1120"}],"up":[{"embeddable":true,"href":"https:\/\/agora.xtec.cat\/ceip-josepcarner\/wp-json\/wp\/v2\/pages\/519"}],"wp:attachment":[{"href":"https:\/\/agora.xtec.cat\/ceip-josepcarner\/wp-json\/wp\/v2\/media?parent=394"}],"curies":[{"name":"wp","href":"https:\/\/api.w.org\/{rel}","templated":true}]}}