{"id":386,"date":"2015-02-18T08:35:04","date_gmt":"2015-02-18T07:35:04","guid":{"rendered":"http:\/\/agora.xtec.cat\/ceip-josepcarner\/?page_id=386"},"modified":"2019-01-24T17:42:13","modified_gmt":"2019-01-24T16:42:13","slug":"eix-transversal-solidaritat","status":"publish","type":"page","link":"https:\/\/agora.xtec.cat\/ceip-josepcarner\/com-treballem\/eix-transversal-solidaritat\/","title":{"rendered":"Aprenentatge Entre Iguals"},"content":{"rendered":"<p>AL LLARG DEL CURS PROGRAMEM UNA S\u00c8RIE D\u2019ACTIVITATS ON LA BARREJA D\u2019ALUMNAT DE DIFERENTS EDATS I TAMB\u00c9 D\u2019ADULTS I ALUMNES\u00a0 PROPICIA EL PODER APRENDRE UNS DELS ALTRES.<\/p>\n<ul>\n<li>JOCS INTERCICLES. Una bona manera d\u2019acabar el segon trimestre. Jocs cooperatius al pati. Cada equip est\u00e0 format per alumnat de P3 a 6\u00e8. Els alumnes m\u00e9s grans cuiden als meus petits i tots plegats interactuen, s\u2019ajuden i duen a terme els jocs proposats.<\/li>\n<li>SANT JORDI: L\u2019intercanvi de llibres \u00e9s una activitat compartida amb les fam\u00edlies. La cultura de l\u2019intercanvi va molt lligada a la cura del medi ambient que t\u00e9 l\u2019escola. MARAT\u00d3 DE CONTES, els alumnes gaudeixen i aprenen dels voluntaris que durant tot el dia expliquen contes\u00a0 a la biblioteca de l\u2019escola. SUSURRANDO POESIAS, els alumnes i les fam\u00edlies gaudeixen i aprenen dels alumnes de 6\u00e8 que al llarg del dia i en diferents moments passen per recitar poemes a cau d\u2019orella i a trav\u00e9s d\u2019un llarg tub a tothom que els vulgui escoltar.<\/li>\n<li>JORNADA MEDI AMBIENT. \u00c9s un dia molt especial. Els alumnes es barregen formant equips amb companys i companyes d\u2019altres cursos i edats. I les fam\u00edlies tamb\u00e9 hi participen, ja que preparen i lideren les estacions del diferents jocs basats en la cura del medi ambient.<\/li>\n<\/ul>\n<ul>\n<li>TASTETS DE TARDOR. Els alumnes de P3-P4 i P5 es barregen per a fer uns tallers de cuina, creatius i plens de color&#8230;i a la tarda&#8230;taula parada i a menjar les \u201cdelicatessen\u201d que han fet pel mat\u00ed. Un cop m\u00e9s en les tallers internivell, els grans i els petits es barregen, s\u2019ajuden i aprenen.<\/li>\n<\/ul>\n<ul>\n<li>BENVINGUDA A PRIM\u00c0RIA. Moment important. Els alumnes de P5 fan el salt a prim\u00e0ria. La millor manera de saber quins canvis m\u2019esperen, \u00e9s que els meus propis companys i companyes de segon m\u2019ho expliquin. I aix\u00f2 \u00e9s el que fan els alumnes de segon, durant la primera setmana o quinzena del curs es preparen per grups de 4 o 5, totes les q\u00fcestions relatives a projectes, organitzaci\u00f3, activitats&#8230;que fan a cicle inicial i que s\u00f3n diferents d\u2019all\u00f2 que havien estat fent a educaci\u00f3 infantil.<\/li>\n<li>ENSENYEM COM FUNCIONA EL PR\u00c9STEC DE LA BIBLIOTECA ALS ALUMNES DE SEGON. Un altre moment important, s\u2019acaba la maleta viatgera que ha anat i vingut de casa fins a primer, plena de contes i hist\u00f2ries. A partir de segon, els alumnes poden gaudir del pr\u00e9stec escolar i endur-se a casa un llibre de la biblioteca de l\u2019escola cada setmana. Els alumnes de tercer preparen per grups de 4 o 5 tota l\u2019explicaci\u00f3, i l\u2019exposen un dia als alumnes de segon, a m\u00e9s d\u2019ajudar-los a elaborar el carnet lector i a fer una visita guiada per a saber com est\u00e0 organitzada i com funciona la nostra biblioteca.<\/li>\n<\/ul>\n","protected":false},"excerpt":{"rendered":"<p>AL LLARG DEL CURS PROGRAMEM UNA S\u00c8RIE D\u2019ACTIVITATS ON LA BARREJA D\u2019ALUMNAT DE DIFERENTS EDATS I TAMB\u00c9 D\u2019ADULTS I ALUMNES\u00a0 PROPICIA EL PODER APRENDRE UNS DELS ALTRES. JOCS INTERCICLES. Una bona manera d\u2019acabar el segon trimestre. Jocs cooperatius al pati. Cada equip est\u00e0 format per alumnat de P3 a 6\u00e8. Els alumnes m\u00e9s grans cuiden [&hellip;]<\/p>\n","protected":false},"author":1,"featured_media":0,"parent":352,"menu_order":0,"comment_status":"closed","ping_status":"closed","template":"page-templates\/side-menu.php","meta":{"_bbp_topic_count":0,"_bbp_reply_count":0,"_bbp_total_topic_count":0,"_bbp_total_reply_count":0,"_bbp_voice_count":0,"_bbp_anonymous_reply_count":0,"_bbp_topic_count_hidden":0,"_bbp_reply_count_hidden":0,"_bbp_forum_subforum_count":0,"site-sidebar-layout":"default","site-content-layout":"","ast-site-content-layout":"","site-content-style":"default","site-sidebar-style":"default","ast-global-header-display":"","ast-banner-title-visibility":"","ast-main-header-display":"","ast-hfb-above-header-display":"","ast-hfb-below-header-display":"","ast-hfb-mobile-header-display":"","site-post-title":"","ast-breadcrumbs-content":"","ast-featured-img":"","footer-sml-layout":"","theme-transparent-header-meta":"","adv-header-id-meta":"","stick-header-meta":"","header-above-stick-meta":"","header-main-stick-meta":"","header-below-stick-meta":"","astra-migrate-meta-layouts":"default","ast-page-background-enabled":"default","ast-page-background-meta":{"desktop":{"background-color":"var(--ast-global-color-4)","background-image":"","background-repeat":"repeat","background-position":"center center","background-size":"auto","background-attachment":"scroll","background-type":"","background-media":"","overlay-type":"","overlay-color":"","overlay-opacity":"","overlay-gradient":""},"tablet":{"background-color":"","background-image":"","background-repeat":"repeat","background-position":"center center","background-size":"auto","background-attachment":"scroll","background-type":"","background-media":"","overlay-type":"","overlay-color":"","overlay-opacity":"","overlay-gradient":""},"mobile":{"background-color":"","background-image":"","background-repeat":"repeat","background-position":"center center","background-size":"auto","background-attachment":"scroll","background-type":"","background-media":"","overlay-type":"","overlay-color":"","overlay-opacity":"","overlay-gradient":""}},"ast-content-background-meta":{"desktop":{"background-color":"var(--ast-global-color-5)","background-image":"","background-repeat":"repeat","background-position":"center center","background-size":"auto","background-attachment":"scroll","background-type":"","background-media":"","overlay-type":"","overlay-color":"","overlay-opacity":"","overlay-gradient":""},"tablet":{"background-color":"var(--ast-global-color-5)","background-image":"","background-repeat":"repeat","background-position":"center center","background-size":"auto","background-attachment":"scroll","background-type":"","background-media":"","overlay-type":"","overlay-color":"","overlay-opacity":"","overlay-gradient":""},"mobile":{"background-color":"var(--ast-global-color-5)","background-image":"","background-repeat":"repeat","background-position":"center center","background-size":"auto","background-attachment":"scroll","background-type":"","background-media":"","overlay-type":"","overlay-color":"","overlay-opacity":"","overlay-gradient":""}},"footnotes":""},"class_list":["post-386","page","type-page","status-publish","hentry"],"post_mailing_queue_ids":[],"_links":{"self":[{"href":"https:\/\/agora.xtec.cat\/ceip-josepcarner\/wp-json\/wp\/v2\/pages\/386","targetHints":{"allow":["GET"]}}],"collection":[{"href":"https:\/\/agora.xtec.cat\/ceip-josepcarner\/wp-json\/wp\/v2\/pages"}],"about":[{"href":"https:\/\/agora.xtec.cat\/ceip-josepcarner\/wp-json\/wp\/v2\/types\/page"}],"author":[{"embeddable":true,"href":"https:\/\/agora.xtec.cat\/ceip-josepcarner\/wp-json\/wp\/v2\/users\/1"}],"replies":[{"embeddable":true,"href":"https:\/\/agora.xtec.cat\/ceip-josepcarner\/wp-json\/wp\/v2\/comments?post=386"}],"version-history":[{"count":3,"href":"https:\/\/agora.xtec.cat\/ceip-josepcarner\/wp-json\/wp\/v2\/pages\/386\/revisions"}],"predecessor-version":[{"id":2371,"href":"https:\/\/agora.xtec.cat\/ceip-josepcarner\/wp-json\/wp\/v2\/pages\/386\/revisions\/2371"}],"up":[{"embeddable":true,"href":"https:\/\/agora.xtec.cat\/ceip-josepcarner\/wp-json\/wp\/v2\/pages\/352"}],"wp:attachment":[{"href":"https:\/\/agora.xtec.cat\/ceip-josepcarner\/wp-json\/wp\/v2\/media?parent=386"}],"curies":[{"name":"wp","href":"https:\/\/api.w.org\/{rel}","templated":true}]}}