{"id":384,"date":"2015-02-18T08:34:40","date_gmt":"2015-02-18T07:34:40","guid":{"rendered":"http:\/\/agora.xtec.cat\/ceip-josepcarner\/?page_id=384"},"modified":"2019-01-20T11:48:27","modified_gmt":"2019-01-20T10:48:27","slug":"hort-escolar","status":"publish","type":"page","link":"https:\/\/agora.xtec.cat\/ceip-josepcarner\/com-treballem\/hort-escolar\/","title":{"rendered":"Medi Natural i Social"},"content":{"rendered":"<h5><strong><span style=\"color: #008000;\">\u00a0<\/span><\/strong><\/h5>\n<p>Hem adaptat el medi natural i social per a adequar-lo al nou curr\u00edculum competencial a l&#8217;aula. Aquesta adaptaci\u00f3 la hem fet formant-nos en projectes i ampliant les capses d&#8217;aprenentatge. Treballem els temes del curr\u00edculum de medi natural i social amb projectes en catal\u00e0, castell\u00e0 i angl\u00e8s:<\/p>\n<h5><span style=\"color: #008000;\"><strong>HORT<\/strong><\/span><\/h5>\n<address>\u00a0<\/address>\n<address><strong>Professors: <\/strong>tutors de primer i segon, comissi\u00f3 de medi ambient.<\/address>\n<address><strong>Cicle: <\/strong> 1er i 2on nivell de cicle inicial<\/address>\n<address>\u00a0<\/address>\n<p>L\u2019experi\u00e8ncia de l\u2019hort a l\u2019escola, \u00e9s una proposta i un exemple com a partir d\u2019una \u00e0rea en aquest cas coneixement del medi social i natural, i de situacions quotidianes i significatives pels infants, es treballaran continguts curriculars d\u2019altres \u00e0rees es a dir que es presenta una experi\u00e8ncia interdisciplinar, per tal que els nostres alumnes assoleixen les compet\u00e8ncies b\u00e0siques per esdevenir persones responsables i compromeses amb el medi natural i social.<\/p>\n<p>Cal assenyalar que es necessari per portar a terme aquesta experi\u00e8ncia no nom\u00e9s seq\u00fcenciar de manera efectiva els continguts d\u2019aprenentatge, sin\u00f3 que cal potenciar alhora les habilitats personals i socials dels alumnes que inicien un projecte en com\u00fa.<\/p>\n<p><a href=\"http:\/\/agora.xtec.cat\/ceip-josepcarner\/com-treballem\/hort-escolar\/attachment\/hort-2-web\/\" rel=\"attachment wp-att-972\"><img loading=\"lazy\" decoding=\"async\" class=\"wp-image-972 alignleft\" src=\"http:\/\/agora.xtec.cat\/ceip-josepcarner\/wp-content\/uploads\/usu220\/2015\/02\/HORT-2-WEB-1024x576.jpg\" alt=\"hort-2-web\" width=\"240\" height=\"135\" srcset=\"https:\/\/agora.xtec.cat\/ceip-josepcarner\/wp-content\/uploads\/usu220\/2015\/02\/HORT-2-WEB-1024x576.jpg 1024w, https:\/\/agora.xtec.cat\/ceip-josepcarner\/wp-content\/uploads\/usu220\/2015\/02\/HORT-2-WEB-300x169.jpg 300w, https:\/\/agora.xtec.cat\/ceip-josepcarner\/wp-content\/uploads\/usu220\/2015\/02\/HORT-2-WEB-768x432.jpg 768w\" sizes=\"auto, (max-width: 240px) 100vw, 240px\" \/><\/a><\/p>\n<p><a href=\"http:\/\/agora.xtec.cat\/ceip-josepcarner\/com-treballem\/hort-escolar\/attachment\/benq-digital-camera-11\/\" rel=\"attachment wp-att-974\"><img loading=\"lazy\" decoding=\"async\" class=\" wp-image-974\" src=\"http:\/\/agora.xtec.cat\/ceip-josepcarner\/wp-content\/uploads\/usu220\/2015\/02\/Hort-Escola-3-1-1024x768.jpg\" alt=\"BENQ DIGITAL CAMERA\" width=\"233\" height=\"175\" srcset=\"https:\/\/agora.xtec.cat\/ceip-josepcarner\/wp-content\/uploads\/usu220\/2015\/02\/Hort-Escola-3-1-1024x768.jpg 1024w, https:\/\/agora.xtec.cat\/ceip-josepcarner\/wp-content\/uploads\/usu220\/2015\/02\/Hort-Escola-3-1-300x225.jpg 300w, https:\/\/agora.xtec.cat\/ceip-josepcarner\/wp-content\/uploads\/usu220\/2015\/02\/Hort-Escola-3-1-768x576.jpg 768w, https:\/\/agora.xtec.cat\/ceip-josepcarner\/wp-content\/uploads\/usu220\/2015\/02\/Hort-Escola-3-1-200x150.jpg 200w\" sizes=\"auto, (max-width: 233px) 100vw, 233px\" \/><\/a><\/p>\n<h5><span style=\"color: #008000;\"><strong>JARD\u00cd<\/strong><\/span><\/h5>\n<p><a href=\"http:\/\/agora.xtec.cat\/ceip-josepcarner\/com-treballem\/hort-escolar\/attachment\/regar-plantesweb2\/\" rel=\"attachment wp-att-973\"><img loading=\"lazy\" decoding=\"async\" class=\"alignnone wp-image-973\" src=\"http:\/\/agora.xtec.cat\/ceip-josepcarner\/wp-content\/uploads\/usu220\/2015\/02\/regar-plantesWEB2-768x1024.gif\" alt=\"regar-plantesweb2\" width=\"202\" height=\"270\" srcset=\"https:\/\/agora.xtec.cat\/ceip-josepcarner\/wp-content\/uploads\/usu220\/2015\/02\/regar-plantesWEB2-768x1024.gif 768w, https:\/\/agora.xtec.cat\/ceip-josepcarner\/wp-content\/uploads\/usu220\/2015\/02\/regar-plantesWEB2-225x300.gif 225w\" sizes=\"auto, (max-width: 202px) 100vw, 202px\" \/><\/a><a href=\"http:\/\/agora.xtec.cat\/ceip-josepcarner\/com-treballem\/hort-escolar\/attachment\/roseto2web\/\" rel=\"attachment wp-att-971\"><img loading=\"lazy\" decoding=\"async\" class=\"alignnone wp-image-971\" src=\"http:\/\/agora.xtec.cat\/ceip-josepcarner\/wp-content\/uploads\/usu220\/2015\/02\/roseto2WEB-1024x768.jpg\" alt=\"roseto2web\" width=\"193\" height=\"145\" srcset=\"https:\/\/agora.xtec.cat\/ceip-josepcarner\/wp-content\/uploads\/usu220\/2015\/02\/roseto2WEB-1024x768.jpg 1024w, https:\/\/agora.xtec.cat\/ceip-josepcarner\/wp-content\/uploads\/usu220\/2015\/02\/roseto2WEB-300x225.jpg 300w, https:\/\/agora.xtec.cat\/ceip-josepcarner\/wp-content\/uploads\/usu220\/2015\/02\/roseto2WEB-768x576.jpg 768w, https:\/\/agora.xtec.cat\/ceip-josepcarner\/wp-content\/uploads\/usu220\/2015\/02\/roseto2WEB-200x150.jpg 200w\" sizes=\"auto, (max-width: 193px) 100vw, 193px\" \/><\/a><\/p>\n","protected":false},"excerpt":{"rendered":"<p>\u00a0 Hem adaptat el medi natural i social per a adequar-lo al nou curr\u00edculum competencial a l&#8217;aula. Aquesta adaptaci\u00f3 la hem fet formant-nos en projectes i ampliant les capses d&#8217;aprenentatge. Treballem els temes del curr\u00edculum de medi natural i social amb projectes en catal\u00e0, castell\u00e0 i angl\u00e8s: HORT \u00a0 Professors: tutors de primer i segon, [&hellip;]<\/p>\n","protected":false},"author":1,"featured_media":0,"parent":352,"menu_order":0,"comment_status":"closed","ping_status":"closed","template":"page-templates\/side-menu.php","meta":{"_bbp_topic_count":0,"_bbp_reply_count":0,"_bbp_total_topic_count":0,"_bbp_total_reply_count":0,"_bbp_voice_count":0,"_bbp_anonymous_reply_count":0,"_bbp_topic_count_hidden":0,"_bbp_reply_count_hidden":0,"_bbp_forum_subforum_count":0,"site-sidebar-layout":"default","site-content-layout":"","ast-site-content-layout":"","site-content-style":"default","site-sidebar-style":"default","ast-global-header-display":"","ast-banner-title-visibility":"","ast-main-header-display":"","ast-hfb-above-header-display":"","ast-hfb-below-header-display":"","ast-hfb-mobile-header-display":"","site-post-title":"","ast-breadcrumbs-content":"","ast-featured-img":"","footer-sml-layout":"","theme-transparent-header-meta":"","adv-header-id-meta":"","stick-header-meta":"","header-above-stick-meta":"","header-main-stick-meta":"","header-below-stick-meta":"","astra-migrate-meta-layouts":"default","ast-page-background-enabled":"default","ast-page-background-meta":{"desktop":{"background-color":"var(--ast-global-color-4)","background-image":"","background-repeat":"repeat","background-position":"center center","background-size":"auto","background-attachment":"scroll","background-type":"","background-media":"","overlay-type":"","overlay-color":"","overlay-opacity":"","overlay-gradient":""},"tablet":{"background-color":"","background-image":"","background-repeat":"repeat","background-position":"center center","background-size":"auto","background-attachment":"scroll","background-type":"","background-media":"","overlay-type":"","overlay-color":"","overlay-opacity":"","overlay-gradient":""},"mobile":{"background-color":"","background-image":"","background-repeat":"repeat","background-position":"center center","background-size":"auto","background-attachment":"scroll","background-type":"","background-media":"","overlay-type":"","overlay-color":"","overlay-opacity":"","overlay-gradient":""}},"ast-content-background-meta":{"desktop":{"background-color":"var(--ast-global-color-5)","background-image":"","background-repeat":"repeat","background-position":"center center","background-size":"auto","background-attachment":"scroll","background-type":"","background-media":"","overlay-type":"","overlay-color":"","overlay-opacity":"","overlay-gradient":""},"tablet":{"background-color":"var(--ast-global-color-5)","background-image":"","background-repeat":"repeat","background-position":"center center","background-size":"auto","background-attachment":"scroll","background-type":"","background-media":"","overlay-type":"","overlay-color":"","overlay-opacity":"","overlay-gradient":""},"mobile":{"background-color":"var(--ast-global-color-5)","background-image":"","background-repeat":"repeat","background-position":"center center","background-size":"auto","background-attachment":"scroll","background-type":"","background-media":"","overlay-type":"","overlay-color":"","overlay-opacity":"","overlay-gradient":""}},"footnotes":""},"class_list":["post-384","page","type-page","status-publish","hentry"],"post_mailing_queue_ids":[],"_links":{"self":[{"href":"https:\/\/agora.xtec.cat\/ceip-josepcarner\/wp-json\/wp\/v2\/pages\/384","targetHints":{"allow":["GET"]}}],"collection":[{"href":"https:\/\/agora.xtec.cat\/ceip-josepcarner\/wp-json\/wp\/v2\/pages"}],"about":[{"href":"https:\/\/agora.xtec.cat\/ceip-josepcarner\/wp-json\/wp\/v2\/types\/page"}],"author":[{"embeddable":true,"href":"https:\/\/agora.xtec.cat\/ceip-josepcarner\/wp-json\/wp\/v2\/users\/1"}],"replies":[{"embeddable":true,"href":"https:\/\/agora.xtec.cat\/ceip-josepcarner\/wp-json\/wp\/v2\/comments?post=384"}],"version-history":[{"count":4,"href":"https:\/\/agora.xtec.cat\/ceip-josepcarner\/wp-json\/wp\/v2\/pages\/384\/revisions"}],"predecessor-version":[{"id":2349,"href":"https:\/\/agora.xtec.cat\/ceip-josepcarner\/wp-json\/wp\/v2\/pages\/384\/revisions\/2349"}],"up":[{"embeddable":true,"href":"https:\/\/agora.xtec.cat\/ceip-josepcarner\/wp-json\/wp\/v2\/pages\/352"}],"wp:attachment":[{"href":"https:\/\/agora.xtec.cat\/ceip-josepcarner\/wp-json\/wp\/v2\/media?parent=384"}],"curies":[{"name":"wp","href":"https:\/\/api.w.org\/{rel}","templated":true}]}}