{"id":363,"date":"2015-02-17T21:55:16","date_gmt":"2015-02-17T20:55:16","guid":{"rendered":"http:\/\/agora.xtec.cat\/ceip-josepcarner\/?page_id=363"},"modified":"2018-01-20T13:03:31","modified_gmt":"2018-01-20T12:03:31","slug":"grups-interactius","status":"publish","type":"page","link":"https:\/\/agora.xtec.cat\/ceip-josepcarner\/com-treballem\/grups-interactius\/","title":{"rendered":"Aprenentatge-Servei"},"content":{"rendered":"<h5 style=\"text-align: center;\"><span style=\"color: #ff0000;\"><strong>Grups Interactius<\/strong><\/span><\/h5>\n<p><iframe loading=\"lazy\" src=\"https:\/\/docs.google.com\/presentation\/d\/1BJFlq8GLz4yvqtDu3XGlO1rbWsTpcN-vlM8e5LrSgdY\/embed?start=false&amp;loop=false&amp;delayms=2600\" width=\"560\" height=\"449\" frameborder=\"0\" allowfullscreen=\"allowfullscreen\"><\/iframe><\/p>\n<p>Fotos Grups interactius<\/p>\n<p>P5<\/p>\n<p><a href=\"http:\/\/agora.xtec.cat\/ceip-josepcarner\/wp-content\/uploads\/usu220\/2015\/02\/14-15-interact1-p5.jpg\"><img loading=\"lazy\" decoding=\"async\" class=\"alignnone wp-image-780\" src=\"http:\/\/agora.xtec.cat\/ceip-josepcarner\/wp-content\/uploads\/usu220\/2015\/02\/14-15-interact1-p5-1024x576.jpg\" alt=\"14-15 interact1 p5\" width=\"281\" height=\"158\" srcset=\"https:\/\/agora.xtec.cat\/ceip-josepcarner\/wp-content\/uploads\/usu220\/2015\/02\/14-15-interact1-p5-1024x576.jpg 1024w, https:\/\/agora.xtec.cat\/ceip-josepcarner\/wp-content\/uploads\/usu220\/2015\/02\/14-15-interact1-p5-300x169.jpg 300w\" sizes=\"auto, (max-width: 281px) 100vw, 281px\" \/><\/a> <a href=\"http:\/\/agora.xtec.cat\/ceip-josepcarner\/wp-content\/uploads\/usu220\/2015\/02\/14-15-interact2-p5.jpg\"><img loading=\"lazy\" decoding=\"async\" class=\"alignnone wp-image-781\" src=\"http:\/\/agora.xtec.cat\/ceip-josepcarner\/wp-content\/uploads\/usu220\/2015\/02\/14-15-interact2-p5-1024x576.jpg\" alt=\"14-15 interact2 p5\" width=\"280\" height=\"157\" srcset=\"https:\/\/agora.xtec.cat\/ceip-josepcarner\/wp-content\/uploads\/usu220\/2015\/02\/14-15-interact2-p5-1024x576.jpg 1024w, https:\/\/agora.xtec.cat\/ceip-josepcarner\/wp-content\/uploads\/usu220\/2015\/02\/14-15-interact2-p5-300x169.jpg 300w\" sizes=\"auto, (max-width: 280px) 100vw, 280px\" \/><\/a> <a href=\"http:\/\/agora.xtec.cat\/ceip-josepcarner\/wp-content\/uploads\/usu220\/2015\/02\/14-15-interact3-p5.jpg\"><img loading=\"lazy\" decoding=\"async\" class=\"alignnone wp-image-782\" src=\"http:\/\/agora.xtec.cat\/ceip-josepcarner\/wp-content\/uploads\/usu220\/2015\/02\/14-15-interact3-p5-1024x576.jpg\" alt=\"14-15 interact3 p5\" width=\"281\" height=\"158\" srcset=\"https:\/\/agora.xtec.cat\/ceip-josepcarner\/wp-content\/uploads\/usu220\/2015\/02\/14-15-interact3-p5-1024x576.jpg 1024w, https:\/\/agora.xtec.cat\/ceip-josepcarner\/wp-content\/uploads\/usu220\/2015\/02\/14-15-interact3-p5-300x169.jpg 300w\" sizes=\"auto, (max-width: 281px) 100vw, 281px\" \/><\/a> <a href=\"http:\/\/agora.xtec.cat\/ceip-josepcarner\/wp-content\/uploads\/usu220\/2015\/02\/14-15-interact4-p5.jpg\"><img loading=\"lazy\" decoding=\"async\" class=\"alignnone wp-image-783\" src=\"http:\/\/agora.xtec.cat\/ceip-josepcarner\/wp-content\/uploads\/usu220\/2015\/02\/14-15-interact4-p5-1024x576.jpg\" alt=\"14-15 interact4 p5\" width=\"281\" height=\"158\" srcset=\"https:\/\/agora.xtec.cat\/ceip-josepcarner\/wp-content\/uploads\/usu220\/2015\/02\/14-15-interact4-p5-1024x576.jpg 1024w, https:\/\/agora.xtec.cat\/ceip-josepcarner\/wp-content\/uploads\/usu220\/2015\/02\/14-15-interact4-p5-300x169.jpg 300w\" sizes=\"auto, (max-width: 281px) 100vw, 281px\" \/><\/a> <a href=\"http:\/\/agora.xtec.cat\/ceip-josepcarner\/wp-content\/uploads\/usu220\/2015\/02\/14-15-interact5-p5.jpg\"><img loading=\"lazy\" decoding=\"async\" class=\"alignnone wp-image-784\" src=\"http:\/\/agora.xtec.cat\/ceip-josepcarner\/wp-content\/uploads\/usu220\/2015\/02\/14-15-interact5-p5-1024x576.jpg\" alt=\"14-15 interact5 p5\" width=\"283\" height=\"159\" srcset=\"https:\/\/agora.xtec.cat\/ceip-josepcarner\/wp-content\/uploads\/usu220\/2015\/02\/14-15-interact5-p5-1024x576.jpg 1024w, https:\/\/agora.xtec.cat\/ceip-josepcarner\/wp-content\/uploads\/usu220\/2015\/02\/14-15-interact5-p5-300x169.jpg 300w\" sizes=\"auto, (max-width: 283px) 100vw, 283px\" \/><\/a><\/p>\n<p><span style=\"color: #000000;\"><a style=\"color: #000000;\" href=\"http:\/\/agora.xtec.cat\/ceip-josepcarner\/wp-content\/uploads\/usu220\/2015\/02\/14-15-interact5-p5.jpg\">P3<\/a><\/span><\/p>\n<p><a href=\"http:\/\/agora.xtec.cat\/ceip-josepcarner\/wp-content\/uploads\/usu220\/2015\/02\/15-16-interact4-p3.jpg\"><img loading=\"lazy\" decoding=\"async\" class=\"alignnone wp-image-789\" src=\"http:\/\/agora.xtec.cat\/ceip-josepcarner\/wp-content\/uploads\/usu220\/2015\/02\/15-16-interact4-p3-1024x576.jpg\" alt=\"15-16 interact4 p3\" width=\"265\" height=\"149\" srcset=\"https:\/\/agora.xtec.cat\/ceip-josepcarner\/wp-content\/uploads\/usu220\/2015\/02\/15-16-interact4-p3-1024x576.jpg 1024w, https:\/\/agora.xtec.cat\/ceip-josepcarner\/wp-content\/uploads\/usu220\/2015\/02\/15-16-interact4-p3-300x169.jpg 300w, https:\/\/agora.xtec.cat\/ceip-josepcarner\/wp-content\/uploads\/usu220\/2015\/02\/15-16-interact4-p3.jpg 1280w\" sizes=\"auto, (max-width: 265px) 100vw, 265px\" \/><\/a> <a href=\"http:\/\/agora.xtec.cat\/ceip-josepcarner\/wp-content\/uploads\/usu220\/2015\/02\/15-16-interact3-p3.jpg\"><img loading=\"lazy\" decoding=\"async\" class=\"alignnone wp-image-788\" src=\"http:\/\/agora.xtec.cat\/ceip-josepcarner\/wp-content\/uploads\/usu220\/2015\/02\/15-16-interact3-p3-1024x576.jpg\" alt=\"15-16 interact3 p3\" width=\"265\" height=\"149\" srcset=\"https:\/\/agora.xtec.cat\/ceip-josepcarner\/wp-content\/uploads\/usu220\/2015\/02\/15-16-interact3-p3-1024x576.jpg 1024w, https:\/\/agora.xtec.cat\/ceip-josepcarner\/wp-content\/uploads\/usu220\/2015\/02\/15-16-interact3-p3-300x169.jpg 300w, https:\/\/agora.xtec.cat\/ceip-josepcarner\/wp-content\/uploads\/usu220\/2015\/02\/15-16-interact3-p3.jpg 1280w\" sizes=\"auto, (max-width: 265px) 100vw, 265px\" \/><\/a> <a href=\"http:\/\/agora.xtec.cat\/ceip-josepcarner\/wp-content\/uploads\/usu220\/2015\/02\/15-16-interact2-p3.jpg\"><img loading=\"lazy\" decoding=\"async\" class=\"alignnone wp-image-787\" src=\"http:\/\/agora.xtec.cat\/ceip-josepcarner\/wp-content\/uploads\/usu220\/2015\/02\/15-16-interact2-p3-1024x576.jpg\" alt=\"15-16 interact2 p3\" width=\"262\" height=\"147\" srcset=\"https:\/\/agora.xtec.cat\/ceip-josepcarner\/wp-content\/uploads\/usu220\/2015\/02\/15-16-interact2-p3-1024x576.jpg 1024w, https:\/\/agora.xtec.cat\/ceip-josepcarner\/wp-content\/uploads\/usu220\/2015\/02\/15-16-interact2-p3-300x169.jpg 300w, https:\/\/agora.xtec.cat\/ceip-josepcarner\/wp-content\/uploads\/usu220\/2015\/02\/15-16-interact2-p3.jpg 1280w\" sizes=\"auto, (max-width: 262px) 100vw, 262px\" \/><\/a> <a href=\"http:\/\/agora.xtec.cat\/ceip-josepcarner\/wp-content\/uploads\/usu220\/2015\/02\/15-16-interact1-p3.jpg\"><img loading=\"lazy\" decoding=\"async\" class=\"alignnone wp-image-786\" src=\"http:\/\/agora.xtec.cat\/ceip-josepcarner\/wp-content\/uploads\/usu220\/2015\/02\/15-16-interact1-p3-1024x576.jpg\" alt=\"15-16 interact1 p3\" width=\"275\" height=\"155\" srcset=\"https:\/\/agora.xtec.cat\/ceip-josepcarner\/wp-content\/uploads\/usu220\/2015\/02\/15-16-interact1-p3-1024x576.jpg 1024w, https:\/\/agora.xtec.cat\/ceip-josepcarner\/wp-content\/uploads\/usu220\/2015\/02\/15-16-interact1-p3-300x169.jpg 300w, https:\/\/agora.xtec.cat\/ceip-josepcarner\/wp-content\/uploads\/usu220\/2015\/02\/15-16-interact1-p3.jpg 1280w\" sizes=\"auto, (max-width: 275px) 100vw, 275px\" \/><\/a><\/p>\n<p>&nbsp;<\/p>\n<p>&nbsp;<\/p>\n<header class=\"entry-header\">\n<h5 class=\"entry-title\" style=\"text-align: center;\"><span style=\"color: #ff0000;\">Aprenentatge-Servei Lecxit<\/span><\/h5>\n<\/header>\n<div class=\"entry-content\">\n<h4 class=\"title\">Qu\u00e8 \u00e9s LECXIT?<\/h4>\n<div id=\"content-area\">\n<div id=\"node-26\" class=\"node node-type-page build-mode-full clearfix\">\n<div class=\"content\">\n<p class=\"subtitol\">LECXIT vol millorar la comprensi\u00f3 lectora dels infants involucrant escoles, fam\u00edlies i voluntariat<\/p>\n<p>LECXIT \u00e9s un programa que t\u00e9 per objectiu incrementar l\u2019\u00e8xit educatiu dels infants a trav\u00e9s del treball per la millora de la seva <strong>comprensi\u00f3 lectora<\/strong>. La clau de LECXIT est\u00e0 en treballar de forma l\u00fadica i amena gr\u00e0cies al <strong>voluntariat<\/strong> i a la <strong>implicaci\u00f3 de l\u2019entorn<\/strong> dels nens i nenes que participen en el programa.<\/p>\n<p><a title=\"Lecxit\" href=\"http:\/\/www.lectura.cat\/qu%C3%A8-%C3%A9s-lecxit\">http:\/\/www.lectura.cat\/qu%C3%A8-%C3%A9s-lecxit<\/a><\/p>\n<\/div>\n<\/div>\n<\/div>\n<\/div>\n","protected":false},"excerpt":{"rendered":"<p>Grups Interactius Fotos Grups interactius P5 P3 &nbsp; &nbsp; Aprenentatge-Servei Lecxit Qu\u00e8 \u00e9s LECXIT? LECXIT vol millorar la comprensi\u00f3 lectora dels infants involucrant escoles, fam\u00edlies i voluntariat LECXIT \u00e9s un programa que t\u00e9 per objectiu incrementar l\u2019\u00e8xit educatiu dels infants a trav\u00e9s del treball per la millora de la seva comprensi\u00f3 lectora. La clau de [&hellip;]<\/p>\n","protected":false},"author":1,"featured_media":0,"parent":352,"menu_order":0,"comment_status":"closed","ping_status":"closed","template":"page-templates\/side-menu.php","meta":{"_bbp_topic_count":0,"_bbp_reply_count":0,"_bbp_total_topic_count":0,"_bbp_total_reply_count":0,"_bbp_voice_count":0,"_bbp_anonymous_reply_count":0,"_bbp_topic_count_hidden":0,"_bbp_reply_count_hidden":0,"_bbp_forum_subforum_count":0,"site-sidebar-layout":"default","site-content-layout":"","ast-site-content-layout":"","site-content-style":"default","site-sidebar-style":"default","ast-global-header-display":"","ast-banner-title-visibility":"","ast-main-header-display":"","ast-hfb-above-header-display":"","ast-hfb-below-header-display":"","ast-hfb-mobile-header-display":"","site-post-title":"","ast-breadcrumbs-content":"","ast-featured-img":"","footer-sml-layout":"","theme-transparent-header-meta":"","adv-header-id-meta":"","stick-header-meta":"","header-above-stick-meta":"","header-main-stick-meta":"","header-below-stick-meta":"","astra-migrate-meta-layouts":"default","ast-page-background-enabled":"default","ast-page-background-meta":{"desktop":{"background-color":"var(--ast-global-color-4)","background-image":"","background-repeat":"repeat","background-position":"center center","background-size":"auto","background-attachment":"scroll","background-type":"","background-media":"","overlay-type":"","overlay-color":"","overlay-opacity":"","overlay-gradient":""},"tablet":{"background-color":"","background-image":"","background-repeat":"repeat","background-position":"center center","background-size":"auto","background-attachment":"scroll","background-type":"","background-media":"","overlay-type":"","overlay-color":"","overlay-opacity":"","overlay-gradient":""},"mobile":{"background-color":"","background-image":"","background-repeat":"repeat","background-position":"center center","background-size":"auto","background-attachment":"scroll","background-type":"","background-media":"","overlay-type":"","overlay-color":"","overlay-opacity":"","overlay-gradient":""}},"ast-content-background-meta":{"desktop":{"background-color":"var(--ast-global-color-5)","background-image":"","background-repeat":"repeat","background-position":"center center","background-size":"auto","background-attachment":"scroll","background-type":"","background-media":"","overlay-type":"","overlay-color":"","overlay-opacity":"","overlay-gradient":""},"tablet":{"background-color":"var(--ast-global-color-5)","background-image":"","background-repeat":"repeat","background-position":"center center","background-size":"auto","background-attachment":"scroll","background-type":"","background-media":"","overlay-type":"","overlay-color":"","overlay-opacity":"","overlay-gradient":""},"mobile":{"background-color":"var(--ast-global-color-5)","background-image":"","background-repeat":"repeat","background-position":"center center","background-size":"auto","background-attachment":"scroll","background-type":"","background-media":"","overlay-type":"","overlay-color":"","overlay-opacity":"","overlay-gradient":""}},"footnotes":""},"class_list":["post-363","page","type-page","status-publish","hentry"],"post_mailing_queue_ids":[],"_links":{"self":[{"href":"https:\/\/agora.xtec.cat\/ceip-josepcarner\/wp-json\/wp\/v2\/pages\/363","targetHints":{"allow":["GET"]}}],"collection":[{"href":"https:\/\/agora.xtec.cat\/ceip-josepcarner\/wp-json\/wp\/v2\/pages"}],"about":[{"href":"https:\/\/agora.xtec.cat\/ceip-josepcarner\/wp-json\/wp\/v2\/types\/page"}],"author":[{"embeddable":true,"href":"https:\/\/agora.xtec.cat\/ceip-josepcarner\/wp-json\/wp\/v2\/users\/1"}],"replies":[{"embeddable":true,"href":"https:\/\/agora.xtec.cat\/ceip-josepcarner\/wp-json\/wp\/v2\/comments?post=363"}],"version-history":[{"count":4,"href":"https:\/\/agora.xtec.cat\/ceip-josepcarner\/wp-json\/wp\/v2\/pages\/363\/revisions"}],"predecessor-version":[{"id":1280,"href":"https:\/\/agora.xtec.cat\/ceip-josepcarner\/wp-json\/wp\/v2\/pages\/363\/revisions\/1280"}],"up":[{"embeddable":true,"href":"https:\/\/agora.xtec.cat\/ceip-josepcarner\/wp-json\/wp\/v2\/pages\/352"}],"wp:attachment":[{"href":"https:\/\/agora.xtec.cat\/ceip-josepcarner\/wp-json\/wp\/v2\/media?parent=363"}],"curies":[{"name":"wp","href":"https:\/\/api.w.org\/{rel}","templated":true}]}}