{"id":360,"date":"2015-02-17T21:54:15","date_gmt":"2015-02-17T20:54:15","guid":{"rendered":"http:\/\/agora.xtec.cat\/ceip-josepcarner\/?page_id=360"},"modified":"2018-02-13T19:12:06","modified_gmt":"2018-02-13T18:12:06","slug":"espais-daprenentatge","status":"publish","type":"page","link":"https:\/\/agora.xtec.cat\/ceip-josepcarner\/com-treballem\/espais-daprenentatge\/","title":{"rendered":"Espais-Capses Aprenentatge"},"content":{"rendered":"<p><em>Treballem en espais que corresponen a les diferents intel.lig\u00e8ncies. Els alumnes dels diferents nivells treballen junts.<\/em><\/p>\n<p>L\u2019organitzaci\u00f3 dels espais ens permet dissenyar i organitzar entorns d\u2019aprenentatge que recullen els aspectes b\u00e0sics de les \u00e0rees del curr\u00edculum d\u2019infantil i prim\u00e0ria, tot incidint en el desenvolupament de les capacitats i compet\u00e8ncies b\u00e0siques.<\/p>\n<p>El repte \u00e9s respondre a una diversitat m\u00e9s gran, en facilitar el treball dels <strong>grups heterogenis<\/strong> on han de conviure tots els alumnes d\u2019un <strong>mateix cicle<\/strong>, i fer que aquesta diversitat representi un est\u00edmul per a tot l\u2019alumnat creant aix\u00ed, entorns que estimulin els processos individuals respectant els diferents ritmes i interessos.<\/p>\n<p>En cadascun dels espais cal respectar les normes generals i compartides. Els mestres estimulen a trav\u00e9s del material, el modelatge i la pregunta oportuna, aquells aspectes en els que es vol incidir. Es procura verbalitzar i fer evidents els objectius establerts per tal que l\u2019alumnat esdevingui protagonista del seu propi proc\u00e9s.<\/p>\n<p>En el disseny dels espais es t\u00e9 en compte la teoria de les <strong>intel\u00b7lig\u00e8ncies m\u00faltiples descrita per Gadner<\/strong>, que exposa que cada persona t\u00e9 algunes intel\u00b7lig\u00e8ncies dominants a trav\u00e9s de les quals som capa\u00e7os d\u2019entendre el m\u00f3n i interactuar-hi. L\u2019escola ha de permetre que cada infant aprengui respectant el seu estil i les seves capacitats i que al mateix temps se li proporcionin experi\u00e8ncies gratificants que estimulin totes les intel\u00b7lig\u00e8ncies:<\/p>\n<ul>\n<li><strong>Visual-espacial<\/strong>: capacitat per a percebre amb precisi\u00f3 el m\u00f3n visual i espacial, de veure objectes a la ment, manipular-los i tenir una idea realista de la seva <a href=\"http:\/\/ca.wikipedia.org\/wiki\/Mesura\">mesura<\/a> i caracter\u00edstiques. Sol incloure l\u2019habilitat per orientar-se en l\u2019espai i no tenir problemes de <a href=\"http:\/\/ca.wikipedia.org\/wiki\/Lateralitat\">lateralitat<\/a><\/li>\n<li><strong>Ling\u00fc\u00edstica<\/strong>: Es manifesta a trav\u00e9s del llenguatge oral i escrit. Sensibilitat al significat i les funcions de les paraules i del llenguatge. Facilitat per als idiomes, per comunicar-se verbalment i entendre textos o discursos aliens. Sol incloure tamb\u00e9 bona <a href=\"http:\/\/ca.wikipedia.org\/wiki\/Mem%C3%B2ria_humana\">mem\u00f2ria<\/a> i es desenvolupa a trav\u00e9s dels <a href=\"http:\/\/ca.wikipedia.org\/wiki\/Jocs_de_paraules\">jocs de paraules<\/a> i, sobretot, la <a href=\"http:\/\/ca.wikipedia.org\/wiki\/Lectura\">lectura<\/a>.<\/li>\n<li><strong>L\u00f2gico-matem\u00e0tica<\/strong>: Capacitat d\u2019analitzar problemes, portar a terme operacions matem\u00e0tiques, sensibilitat als patrons l\u00f2gics o num\u00e8rics. Capacitat per al c\u00e0lcul i el raonament abstracte. Sol estar relacionada amb la capacitat ling\u00fc\u00edstica i juntes ajuden a la deducci\u00f3 i el pensament cient\u00edfic. Es desenvolupa amb puzzles, jocs d\u2019estrat\u00e8gia i exercicis de <a href=\"http:\/\/ca.wikipedia.org\/wiki\/L%C3%B2gica\">l\u00f2gica<\/a>, entre altres<\/li>\n<li><strong>Cinest\u00e8sica<\/strong>: Capacitat per a controlar els moviments del propi cos i utilitzaci\u00f3 d\u2019objectes amb destresa. Habilitat f\u00edsica, que inclou una bona coordinaci\u00f3 i equilibri<\/li>\n<li><strong>Musical: c<\/strong>apacitat per a apreciar, discriminar, transformar i expressar les formes musicals, sensible al ritme, el to i el ritme. Tradicionalment anomenat &#8220;tenir o\u00efda&#8221;, inclou la capacitat de distingir b\u00e9 els <a href=\"http:\/\/ca.wikipedia.org\/wiki\/So\">sons<\/a> i tenir sentit del <a href=\"http:\/\/ca.wikipedia.org\/wiki\/Ritme\">ritme<\/a>. Pot ajudar a la lectura<\/li>\n<li><strong>Naturalista<\/strong>: Capacitat per a comprendre el m\u00f3n natural i treballar efica\u00e7ment en ell. Inclou facilitat per a relacionar-se amb \u00e9ssers vius (cuidar plantes, animals), aix\u00ed com un sentit innat per a la classificaci\u00f3<\/li>\n<li><strong>Interpersonal<\/strong>: \u00c9s la capacitat per entendre i respondre de manera adequada als estats d\u2019\u00e0nim, temperaments, motivacions i desitjos dels altres. \u00c9s l\u2019habilitat per relacionar-se amb els altres. Inclou qualitats com l\u2019empatia, la sociabilitat i l\u2019extraversi\u00f3<\/li>\n<li><strong>Intrapersonal<\/strong>: Capacitat per a accedir als sentiments propis, comprendre\u2019s un mateix i utilitzar aquesta informaci\u00f3 amb efic\u00e0cia en la regulaci\u00f3 de la pr\u00f2pia vida. \u00c9s la capacitat de tenir un bon <a href=\"http:\/\/ca.wikipedia.org\/wiki\/Autoconeixement\">autoconeixement<\/a>. Inclou tend\u00e8ncia a la reflexi\u00f3 i sol incloure\u2019s, juntament amb l\u2019anterior, dins l\u2019anomenada <a href=\"http:\/\/ca.wikipedia.org\/wiki\/Intel%C2%B7lig%C3%A8ncia_emocional\">intel\u00b7lig\u00e8ncia emocional<\/a>.<\/li>\n<\/ul>\n<p>&nbsp;<\/p>\n<p style=\"text-align: center;\"><span style=\"color: #000000;\"><strong>En els seg\u00fcents enlla\u00e7os hem elaborat unes presentacions en les quals podr\u00e0s trobar m\u00e9s informaci\u00f3 sobre els nostres Espais d&#8217;Aprenentatge.<\/strong><\/span><\/p>\n<div dir=\"ltr\">\n<div><a href=\"http:\/\/goog_2010355685\" target=\"_blank\" rel=\"noopener noreferrer\">\u00a0<\/a><\/div>\n<div><a href=\"https:\/\/drive.google.com\/open?id=0BzZp9fFx9QxUMnZJWHg3dnFiLUE\" target=\"_blank\" rel=\"noopener noreferrer\">Espais d&#8217;aprenentatge Educaci\u00f3 Infantil i Cicle Inicial<\/a><\/div>\n<\/div>\n<div><\/div>\n<div>\n<div><a href=\"https:\/\/drive.google.com\/open?id=0BzZp9fFx9QxUOWhnU2xtdElSX2M\" target=\"_blank\" rel=\"noopener noreferrer\">Propostes capses d&#8217;aprenentatge Cicle Mitj\u00e0 i Cicle Superior<\/a><\/div>\n<div><\/div>\n<\/div>\n<p>&nbsp;<\/p>\n<h3 style=\"text-align: center;\"><span style=\"color: #993366;\">Espais Educaci\u00f3 Infantil<\/span><\/h3>\n<p><iframe loading=\"lazy\" src=\"https:\/\/www.youtube.com\/embed\/pYN7zeUnjY8\" width=\"560\" height=\"315\" frameborder=\"0\" allowfullscreen=\"allowfullscreen\"><\/iframe><\/p>\n<h3 style=\"text-align: center;\"><span style=\"color: #993366;\">Espais Cicle Inicial<\/span><\/h3>\n<p><iframe loading=\"lazy\" src=\"https:\/\/www.youtube.com\/embed\/xG8QP-vRYno\" width=\"560\" height=\"315\" frameborder=\"0\" allowfullscreen=\"allowfullscreen\"><\/iframe><\/p>\n<h3 style=\"text-align: center;\"><span style=\"color: #993366;\">Fotos Espais <\/span><\/h3>\n<p style=\"text-align: center;\"><strong>Espai comunicaci\u00f3<\/strong><\/p>\n<p><a href=\"http:\/\/agora.xtec.cat\/ceip-josepcarner\/com-treballem\/espais-daprenentatge\/attachment\/comunicacio\/\" rel=\"attachment wp-att-1028\"><img loading=\"lazy\" decoding=\"async\" class=\"wp-image-1028 aligncenter\" src=\"http:\/\/agora.xtec.cat\/ceip-josepcarner\/wp-content\/uploads\/usu220\/2015\/02\/Comunicaci\u00f3-1024x1024.jpg\" alt=\"comunicacio\" width=\"380\" height=\"380\" srcset=\"https:\/\/agora.xtec.cat\/ceip-josepcarner\/wp-content\/uploads\/usu220\/2015\/02\/Comunicaci\u00f3-1024x1024.jpg 1024w, https:\/\/agora.xtec.cat\/ceip-josepcarner\/wp-content\/uploads\/usu220\/2015\/02\/Comunicaci\u00f3-150x150.jpg 150w, https:\/\/agora.xtec.cat\/ceip-josepcarner\/wp-content\/uploads\/usu220\/2015\/02\/Comunicaci\u00f3-300x300.jpg 300w, https:\/\/agora.xtec.cat\/ceip-josepcarner\/wp-content\/uploads\/usu220\/2015\/02\/Comunicaci\u00f3-768x768.jpg 768w, https:\/\/agora.xtec.cat\/ceip-josepcarner\/wp-content\/uploads\/usu220\/2015\/02\/Comunicaci\u00f3.jpg 1440w\" sizes=\"auto, (max-width: 380px) 100vw, 380px\" \/><\/a><\/p>\n<p style=\"text-align: center;\"><strong>Espai Art<\/strong><\/p>\n<p style=\"text-align: center;\"><a href=\"http:\/\/agora.xtec.cat\/ceip-josepcarner\/com-treballem\/espais-daprenentatge\/attachment\/art2\/\" rel=\"attachment wp-att-1046\"><img loading=\"lazy\" decoding=\"async\" class=\"wp-image-1046 aligncenter\" src=\"http:\/\/agora.xtec.cat\/ceip-josepcarner\/wp-content\/uploads\/usu220\/2015\/02\/Art2-1024x1024.jpg\" alt=\"art2\" width=\"453\" height=\"453\" srcset=\"https:\/\/agora.xtec.cat\/ceip-josepcarner\/wp-content\/uploads\/usu220\/2015\/02\/Art2-1024x1024.jpg 1024w, https:\/\/agora.xtec.cat\/ceip-josepcarner\/wp-content\/uploads\/usu220\/2015\/02\/Art2-150x150.jpg 150w, https:\/\/agora.xtec.cat\/ceip-josepcarner\/wp-content\/uploads\/usu220\/2015\/02\/Art2-300x300.jpg 300w, https:\/\/agora.xtec.cat\/ceip-josepcarner\/wp-content\/uploads\/usu220\/2015\/02\/Art2-768x768.jpg 768w, https:\/\/agora.xtec.cat\/ceip-josepcarner\/wp-content\/uploads\/usu220\/2015\/02\/Art2.jpg 1440w\" sizes=\"auto, (max-width: 453px) 100vw, 453px\" \/><\/a><\/p>\n<p style=\"text-align: center;\"><strong>Espai Construcci\u00f3<\/strong><\/p>\n<p><a href=\"http:\/\/agora.xtec.cat\/ceip-josepcarner\/wp-content\/uploads\/usu220\/2015\/02\/14-15espais-ccia2.jpg\"><img loading=\"lazy\" decoding=\"async\" class=\"wp-image-1030 aligncenter\" src=\"http:\/\/agora.xtec.cat\/ceip-josepcarner\/wp-content\/uploads\/usu220\/2015\/02\/Construccions-1024x1024.jpg\" alt=\"construccions\" width=\"472\" height=\"472\" srcset=\"https:\/\/agora.xtec.cat\/ceip-josepcarner\/wp-content\/uploads\/usu220\/2015\/02\/Construccions-1024x1024.jpg 1024w, https:\/\/agora.xtec.cat\/ceip-josepcarner\/wp-content\/uploads\/usu220\/2015\/02\/Construccions-150x150.jpg 150w, https:\/\/agora.xtec.cat\/ceip-josepcarner\/wp-content\/uploads\/usu220\/2015\/02\/Construccions-300x300.jpg 300w, https:\/\/agora.xtec.cat\/ceip-josepcarner\/wp-content\/uploads\/usu220\/2015\/02\/Construccions-768x768.jpg 768w, https:\/\/agora.xtec.cat\/ceip-josepcarner\/wp-content\/uploads\/usu220\/2015\/02\/Construccions.jpg 1440w\" sizes=\"auto, (max-width: 472px) 100vw, 472px\" \/><\/a><a href=\"http:\/\/agora.xtec.cat\/ceip-josepcarner\/wp-content\/uploads\/usu220\/2015\/02\/14-15espais-ccia3.jpg\">\u00a0\u00a0\u00a0 <\/a><\/p>\n<p style=\"text-align: center;\"><strong>Espai Llum<\/strong><\/p>\n<p style=\"text-align: center;\"><a href=\"http:\/\/agora.xtec.cat\/ceip-josepcarner\/com-treballem\/espais-daprenentatge\/attachment\/espai-llum2\/\" rel=\"attachment wp-att-1048\"><img loading=\"lazy\" decoding=\"async\" class=\"alignnone wp-image-1048\" src=\"http:\/\/agora.xtec.cat\/ceip-josepcarner\/wp-content\/uploads\/usu220\/2015\/02\/Espai-llum2-1024x1024.jpg\" alt=\"espai-llum2\" width=\"680\" height=\"680\" srcset=\"https:\/\/agora.xtec.cat\/ceip-josepcarner\/wp-content\/uploads\/usu220\/2015\/02\/Espai-llum2-1024x1024.jpg 1024w, https:\/\/agora.xtec.cat\/ceip-josepcarner\/wp-content\/uploads\/usu220\/2015\/02\/Espai-llum2-150x150.jpg 150w, https:\/\/agora.xtec.cat\/ceip-josepcarner\/wp-content\/uploads\/usu220\/2015\/02\/Espai-llum2-300x300.jpg 300w, https:\/\/agora.xtec.cat\/ceip-josepcarner\/wp-content\/uploads\/usu220\/2015\/02\/Espai-llum2-768x768.jpg 768w, https:\/\/agora.xtec.cat\/ceip-josepcarner\/wp-content\/uploads\/usu220\/2015\/02\/Espai-llum2.jpg 1440w\" sizes=\"auto, (max-width: 680px) 100vw, 680px\" \/><\/a> <a href=\"http:\/\/agora.xtec.cat\/ceip-josepcarner\/com-treballem\/espais-daprenentatge\/attachment\/espai-llum3\/\" rel=\"attachment wp-att-1049\"><img loading=\"lazy\" decoding=\"async\" class=\"alignnone wp-image-1049\" src=\"http:\/\/agora.xtec.cat\/ceip-josepcarner\/wp-content\/uploads\/usu220\/2015\/02\/Espai-Llum3-1024x1024.jpg\" alt=\"espai-llum3\" width=\"684\" height=\"684\" srcset=\"https:\/\/agora.xtec.cat\/ceip-josepcarner\/wp-content\/uploads\/usu220\/2015\/02\/Espai-Llum3-1024x1024.jpg 1024w, https:\/\/agora.xtec.cat\/ceip-josepcarner\/wp-content\/uploads\/usu220\/2015\/02\/Espai-Llum3-150x150.jpg 150w, https:\/\/agora.xtec.cat\/ceip-josepcarner\/wp-content\/uploads\/usu220\/2015\/02\/Espai-Llum3-300x300.jpg 300w, https:\/\/agora.xtec.cat\/ceip-josepcarner\/wp-content\/uploads\/usu220\/2015\/02\/Espai-Llum3-768x768.jpg 768w, https:\/\/agora.xtec.cat\/ceip-josepcarner\/wp-content\/uploads\/usu220\/2015\/02\/Espai-Llum3.jpg 1440w\" sizes=\"auto, (max-width: 684px) 100vw, 684px\" \/><\/a><\/p>\n<p>&nbsp;<\/p>\n<p style=\"text-align: center;\"><strong>Espai Cient\u00edfics<\/strong><\/p>\n<p><a href=\"http:\/\/agora.xtec.cat\/ceip-josepcarner\/wp-content\/uploads\/usu220\/2015\/02\/15-16espais-ccia4.jpg\"><img loading=\"lazy\" decoding=\"async\" class=\"wp-image-1036 aligncenter\" src=\"http:\/\/agora.xtec.cat\/ceip-josepcarner\/wp-content\/uploads\/usu220\/2015\/02\/Experiments-1024x1024.jpg\" alt=\"experiments\" width=\"441\" height=\"441\" srcset=\"https:\/\/agora.xtec.cat\/ceip-josepcarner\/wp-content\/uploads\/usu220\/2015\/02\/Experiments-1024x1024.jpg 1024w, https:\/\/agora.xtec.cat\/ceip-josepcarner\/wp-content\/uploads\/usu220\/2015\/02\/Experiments-150x150.jpg 150w, https:\/\/agora.xtec.cat\/ceip-josepcarner\/wp-content\/uploads\/usu220\/2015\/02\/Experiments-300x300.jpg 300w, https:\/\/agora.xtec.cat\/ceip-josepcarner\/wp-content\/uploads\/usu220\/2015\/02\/Experiments-768x768.jpg 768w, https:\/\/agora.xtec.cat\/ceip-josepcarner\/wp-content\/uploads\/usu220\/2015\/02\/Experiments.jpg 1440w\" sizes=\"auto, (max-width: 441px) 100vw, 441px\" \/>\u00a0\u00a0\u00a0<\/a><a href=\"http:\/\/agora.xtec.cat\/ceip-josepcarner\/wp-content\/uploads\/usu220\/2015\/02\/15-16espais-ccia2.jpg\">\u00a0 <\/a><\/p>\n<p style=\"text-align: center;\"><strong>Espai de Moviment<\/strong><\/p>\n<p style=\"text-align: center;\"><a href=\"http:\/\/agora.xtec.cat\/ceip-josepcarner\/com-treballem\/espais-daprenentatge\/attachment\/moviment\/\" rel=\"attachment wp-att-1040\"><img loading=\"lazy\" decoding=\"async\" class=\"wp-image-1040 aligncenter\" src=\"http:\/\/agora.xtec.cat\/ceip-josepcarner\/wp-content\/uploads\/usu220\/2015\/02\/Moviment-1024x1024.jpg\" alt=\"moviment\" width=\"399\" height=\"399\" srcset=\"https:\/\/agora.xtec.cat\/ceip-josepcarner\/wp-content\/uploads\/usu220\/2015\/02\/Moviment-1024x1024.jpg 1024w, https:\/\/agora.xtec.cat\/ceip-josepcarner\/wp-content\/uploads\/usu220\/2015\/02\/Moviment-150x150.jpg 150w, https:\/\/agora.xtec.cat\/ceip-josepcarner\/wp-content\/uploads\/usu220\/2015\/02\/Moviment-300x300.jpg 300w, https:\/\/agora.xtec.cat\/ceip-josepcarner\/wp-content\/uploads\/usu220\/2015\/02\/Moviment-768x768.jpg 768w, https:\/\/agora.xtec.cat\/ceip-josepcarner\/wp-content\/uploads\/usu220\/2015\/02\/Moviment.jpg 1440w\" sizes=\"auto, (max-width: 399px) 100vw, 399px\" \/><\/a><\/p>\n<p><a href=\"http:\/\/agora.xtec.cat\/ceip-josepcarner\/wp-content\/uploads\/usu220\/2015\/02\/IMG-20160204-WA0015.jpg\"><img loading=\"lazy\" decoding=\"async\" class=\" wp-image-815 alignleft\" src=\"http:\/\/agora.xtec.cat\/ceip-josepcarner\/wp-content\/uploads\/usu220\/2015\/02\/IMG-20160204-WA0015-1024x576.jpg\" alt=\"IMG-20160204-WA0015\" width=\"263\" height=\"148\" srcset=\"https:\/\/agora.xtec.cat\/ceip-josepcarner\/wp-content\/uploads\/usu220\/2015\/02\/IMG-20160204-WA0015-1024x576.jpg 1024w, https:\/\/agora.xtec.cat\/ceip-josepcarner\/wp-content\/uploads\/usu220\/2015\/02\/IMG-20160204-WA0015-300x169.jpg 300w, https:\/\/agora.xtec.cat\/ceip-josepcarner\/wp-content\/uploads\/usu220\/2015\/02\/IMG-20160204-WA0015.jpg 1328w\" sizes=\"auto, (max-width: 263px) 100vw, 263px\" \/><\/a><a href=\"http:\/\/agora.xtec.cat\/ceip-josepcarner\/wp-content\/uploads\/usu220\/2015\/02\/IMG-20160204-WA0025.jpg\"><img loading=\"lazy\" decoding=\"async\" class=\"alignnone wp-image-818\" src=\"http:\/\/agora.xtec.cat\/ceip-josepcarner\/wp-content\/uploads\/usu220\/2015\/02\/IMG-20160204-WA0025-1024x576.jpg\" alt=\"IMG-20160204-WA0025\" width=\"261\" height=\"147\" srcset=\"https:\/\/agora.xtec.cat\/ceip-josepcarner\/wp-content\/uploads\/usu220\/2015\/02\/IMG-20160204-WA0025-1024x576.jpg 1024w, https:\/\/agora.xtec.cat\/ceip-josepcarner\/wp-content\/uploads\/usu220\/2015\/02\/IMG-20160204-WA0025-300x169.jpg 300w, https:\/\/agora.xtec.cat\/ceip-josepcarner\/wp-content\/uploads\/usu220\/2015\/02\/IMG-20160204-WA0025.jpg 1328w\" sizes=\"auto, (max-width: 261px) 100vw, 261px\" \/><\/a> <a href=\"http:\/\/agora.xtec.cat\/ceip-josepcarner\/wp-content\/uploads\/usu220\/2015\/02\/IMG-20160204-WA0025.jpg\"> \u00a0 \u00a0 \u00a0 \u00a0 \u00a0<\/a><\/p>\n<p><a href=\"http:\/\/agora.xtec.cat\/ceip-josepcarner\/wp-content\/uploads\/usu220\/2015\/02\/IMG-20160204-WA0022.jpg\"><img loading=\"lazy\" decoding=\"async\" class=\"wp-image-817 alignleft\" src=\"http:\/\/agora.xtec.cat\/ceip-josepcarner\/wp-content\/uploads\/usu220\/2015\/02\/IMG-20160204-WA0022-1024x576.jpg\" alt=\"IMG-20160204-WA0022\" width=\"262\" height=\"148\" srcset=\"https:\/\/agora.xtec.cat\/ceip-josepcarner\/wp-content\/uploads\/usu220\/2015\/02\/IMG-20160204-WA0022-1024x576.jpg 1024w, https:\/\/agora.xtec.cat\/ceip-josepcarner\/wp-content\/uploads\/usu220\/2015\/02\/IMG-20160204-WA0022-300x169.jpg 300w, https:\/\/agora.xtec.cat\/ceip-josepcarner\/wp-content\/uploads\/usu220\/2015\/02\/IMG-20160204-WA0022.jpg 1328w\" sizes=\"auto, (max-width: 262px) 100vw, 262px\" \/><\/a><a href=\"http:\/\/agora.xtec.cat\/ceip-josepcarner\/wp-content\/uploads\/usu220\/2015\/02\/IMG-20160204-WA0015.jpg\">\u00a0\u00a0 \u00a0\u00a0\u00a0<\/a><a href=\"http:\/\/agora.xtec.cat\/ceip-josepcarner\/wp-content\/uploads\/usu220\/2015\/02\/IMG-20160204-WA0017.jpg\"><img loading=\"lazy\" decoding=\"async\" class=\"wp-image-816 alignleft\" src=\"http:\/\/agora.xtec.cat\/ceip-josepcarner\/wp-content\/uploads\/usu220\/2015\/02\/IMG-20160204-WA0017-1024x576.jpg\" alt=\"IMG-20160204-WA0017\" width=\"254\" height=\"143\" srcset=\"https:\/\/agora.xtec.cat\/ceip-josepcarner\/wp-content\/uploads\/usu220\/2015\/02\/IMG-20160204-WA0017-1024x576.jpg 1024w, https:\/\/agora.xtec.cat\/ceip-josepcarner\/wp-content\/uploads\/usu220\/2015\/02\/IMG-20160204-WA0017-300x169.jpg 300w, https:\/\/agora.xtec.cat\/ceip-josepcarner\/wp-content\/uploads\/usu220\/2015\/02\/IMG-20160204-WA0017.jpg 1328w\" sizes=\"auto, (max-width: 254px) 100vw, 254px\" \/><\/a><\/p>\n<div dir=\"ltr\"><\/div>\n<div><a href=\"http:\/\/agora.xtec.cat\/ceip-josepcarner\/wp-content\/uploads\/usu220\/2015\/02\/IMG-20160204-WA0017.jpg\">\u00a0 <\/a><\/div>\n<div><\/div>\n<div><\/div>\n<div><\/div>\n<div><\/div>\n<div><\/div>\n<div><\/div>\n<div><\/div>\n<div style=\"text-align: center;\"><strong>Dansa<\/strong><\/div>\n<div>\n<p><a href=\"http:\/\/agora.xtec.cat\/ceip-josepcarner\/com-treballem\/espais-daprenentatge\/attachment\/dav\/\" rel=\"attachment wp-att-1032\"><img loading=\"lazy\" decoding=\"async\" class=\"wp-image-1032 aligncenter\" src=\"http:\/\/agora.xtec.cat\/ceip-josepcarner\/wp-content\/uploads\/usu220\/2015\/02\/IMG_20161108_160356-1024x768.jpg\" alt=\"2\" width=\"211\" height=\"158\" srcset=\"https:\/\/agora.xtec.cat\/ceip-josepcarner\/wp-content\/uploads\/usu220\/2015\/02\/IMG_20161108_160356-1024x768.jpg 1024w, https:\/\/agora.xtec.cat\/ceip-josepcarner\/wp-content\/uploads\/usu220\/2015\/02\/IMG_20161108_160356-300x225.jpg 300w, https:\/\/agora.xtec.cat\/ceip-josepcarner\/wp-content\/uploads\/usu220\/2015\/02\/IMG_20161108_160356-768x576.jpg 768w, https:\/\/agora.xtec.cat\/ceip-josepcarner\/wp-content\/uploads\/usu220\/2015\/02\/IMG_20161108_160356-200x150.jpg 200w\" sizes=\"auto, (max-width: 211px) 100vw, 211px\" \/><\/a><\/p>\n<p style=\"text-align: center;\"><strong>Ludoteca<\/strong><\/p>\n<p style=\"text-align: center;\"><a href=\"http:\/\/agora.xtec.cat\/ceip-josepcarner\/com-treballem\/espais-daprenentatge\/attachment\/ludoteca\/\" rel=\"attachment wp-att-1038\"><img loading=\"lazy\" decoding=\"async\" class=\"alignnone wp-image-1038\" src=\"http:\/\/agora.xtec.cat\/ceip-josepcarner\/wp-content\/uploads\/usu220\/2015\/02\/Ludoteca-1024x1024.jpg\" alt=\"ludoteca\" width=\"488\" height=\"488\" srcset=\"https:\/\/agora.xtec.cat\/ceip-josepcarner\/wp-content\/uploads\/usu220\/2015\/02\/Ludoteca-1024x1024.jpg 1024w, https:\/\/agora.xtec.cat\/ceip-josepcarner\/wp-content\/uploads\/usu220\/2015\/02\/Ludoteca-150x150.jpg 150w, https:\/\/agora.xtec.cat\/ceip-josepcarner\/wp-content\/uploads\/usu220\/2015\/02\/Ludoteca-300x300.jpg 300w, https:\/\/agora.xtec.cat\/ceip-josepcarner\/wp-content\/uploads\/usu220\/2015\/02\/Ludoteca-768x768.jpg 768w, https:\/\/agora.xtec.cat\/ceip-josepcarner\/wp-content\/uploads\/usu220\/2015\/02\/Ludoteca.jpg 1440w\" sizes=\"auto, (max-width: 488px) 100vw, 488px\" \/><\/a><\/p>\n<\/div>\n<div style=\"text-align: center;\"><strong>Teatre<\/strong><\/div>\n<div style=\"text-align: center;\"><a href=\"http:\/\/agora.xtec.cat\/ceip-josepcarner\/com-treballem\/espais-daprenentatge\/attachment\/teatre\/\" rel=\"attachment wp-att-1044\"><img loading=\"lazy\" decoding=\"async\" class=\"alignnone wp-image-1044\" src=\"http:\/\/agora.xtec.cat\/ceip-josepcarner\/wp-content\/uploads\/usu220\/2015\/02\/Teatre-1024x1024.jpg\" alt=\"teatre\" width=\"511\" height=\"511\" srcset=\"https:\/\/agora.xtec.cat\/ceip-josepcarner\/wp-content\/uploads\/usu220\/2015\/02\/Teatre-1024x1024.jpg 1024w, https:\/\/agora.xtec.cat\/ceip-josepcarner\/wp-content\/uploads\/usu220\/2015\/02\/Teatre-150x150.jpg 150w, https:\/\/agora.xtec.cat\/ceip-josepcarner\/wp-content\/uploads\/usu220\/2015\/02\/Teatre-300x300.jpg 300w, https:\/\/agora.xtec.cat\/ceip-josepcarner\/wp-content\/uploads\/usu220\/2015\/02\/Teatre-768x768.jpg 768w, https:\/\/agora.xtec.cat\/ceip-josepcarner\/wp-content\/uploads\/usu220\/2015\/02\/Teatre.jpg 1440w\" sizes=\"auto, (max-width: 511px) 100vw, 511px\" \/><\/a><\/div>\n<div><\/div>\n<div><\/div>\n<div><\/div>\n<h2 style=\"text-align: center;\"><span style=\"color: #993366;\"><strong>CAPSES APRENENTATGE<\/strong><\/span><\/h2>\n<p>Aquest link et portar\u00e0 a un v\u00eddeo de capses de CM i CS.<br \/>\n<iframe loading=\"lazy\" src=\"https:\/\/www.youtube.com\/embed\/gpvzpZKqwfE\" width=\"560\" height=\"315\" frameborder=\"0\" allowfullscreen=\"allowfullscreen\"><\/iframe><\/p>\n","protected":false},"excerpt":{"rendered":"<p>Treballem en espais que corresponen a les diferents intel.lig\u00e8ncies. Els alumnes dels diferents nivells treballen junts. L\u2019organitzaci\u00f3 dels espais ens permet dissenyar i organitzar entorns d\u2019aprenentatge que recullen els aspectes b\u00e0sics de les \u00e0rees del curr\u00edculum d\u2019infantil i prim\u00e0ria, tot incidint en el desenvolupament de les capacitats i compet\u00e8ncies b\u00e0siques. El repte \u00e9s respondre a [&hellip;]<\/p>\n","protected":false},"author":1,"featured_media":0,"parent":352,"menu_order":0,"comment_status":"closed","ping_status":"closed","template":"page-templates\/side-menu.php","meta":{"_bbp_topic_count":0,"_bbp_reply_count":0,"_bbp_total_topic_count":0,"_bbp_total_reply_count":0,"_bbp_voice_count":0,"_bbp_anonymous_reply_count":0,"_bbp_topic_count_hidden":0,"_bbp_reply_count_hidden":0,"_bbp_forum_subforum_count":0,"site-sidebar-layout":"default","site-content-layout":"","ast-site-content-layout":"","site-content-style":"default","site-sidebar-style":"default","ast-global-header-display":"","ast-banner-title-visibility":"","ast-main-header-display":"","ast-hfb-above-header-display":"","ast-hfb-below-header-display":"","ast-hfb-mobile-header-display":"","site-post-title":"","ast-breadcrumbs-content":"","ast-featured-img":"","footer-sml-layout":"","theme-transparent-header-meta":"","adv-header-id-meta":"","stick-header-meta":"","header-above-stick-meta":"","header-main-stick-meta":"","header-below-stick-meta":"","astra-migrate-meta-layouts":"default","ast-page-background-enabled":"default","ast-page-background-meta":{"desktop":{"background-color":"var(--ast-global-color-4)","background-image":"","background-repeat":"repeat","background-position":"center center","background-size":"auto","background-attachment":"scroll","background-type":"","background-media":"","overlay-type":"","overlay-color":"","overlay-opacity":"","overlay-gradient":""},"tablet":{"background-color":"","background-image":"","background-repeat":"repeat","background-position":"center center","background-size":"auto","background-attachment":"scroll","background-type":"","background-media":"","overlay-type":"","overlay-color":"","overlay-opacity":"","overlay-gradient":""},"mobile":{"background-color":"","background-image":"","background-repeat":"repeat","background-position":"center center","background-size":"auto","background-attachment":"scroll","background-type":"","background-media":"","overlay-type":"","overlay-color":"","overlay-opacity":"","overlay-gradient":""}},"ast-content-background-meta":{"desktop":{"background-color":"var(--ast-global-color-5)","background-image":"","background-repeat":"repeat","background-position":"center center","background-size":"auto","background-attachment":"scroll","background-type":"","background-media":"","overlay-type":"","overlay-color":"","overlay-opacity":"","overlay-gradient":""},"tablet":{"background-color":"var(--ast-global-color-5)","background-image":"","background-repeat":"repeat","background-position":"center center","background-size":"auto","background-attachment":"scroll","background-type":"","background-media":"","overlay-type":"","overlay-color":"","overlay-opacity":"","overlay-gradient":""},"mobile":{"background-color":"var(--ast-global-color-5)","background-image":"","background-repeat":"repeat","background-position":"center center","background-size":"auto","background-attachment":"scroll","background-type":"","background-media":"","overlay-type":"","overlay-color":"","overlay-opacity":"","overlay-gradient":""}},"footnotes":""},"class_list":["post-360","page","type-page","status-publish","hentry"],"post_mailing_queue_ids":[],"_links":{"self":[{"href":"https:\/\/agora.xtec.cat\/ceip-josepcarner\/wp-json\/wp\/v2\/pages\/360","targetHints":{"allow":["GET"]}}],"collection":[{"href":"https:\/\/agora.xtec.cat\/ceip-josepcarner\/wp-json\/wp\/v2\/pages"}],"about":[{"href":"https:\/\/agora.xtec.cat\/ceip-josepcarner\/wp-json\/wp\/v2\/types\/page"}],"author":[{"embeddable":true,"href":"https:\/\/agora.xtec.cat\/ceip-josepcarner\/wp-json\/wp\/v2\/users\/1"}],"replies":[{"embeddable":true,"href":"https:\/\/agora.xtec.cat\/ceip-josepcarner\/wp-json\/wp\/v2\/comments?post=360"}],"version-history":[{"count":3,"href":"https:\/\/agora.xtec.cat\/ceip-josepcarner\/wp-json\/wp\/v2\/pages\/360\/revisions"}],"predecessor-version":[{"id":1458,"href":"https:\/\/agora.xtec.cat\/ceip-josepcarner\/wp-json\/wp\/v2\/pages\/360\/revisions\/1458"}],"up":[{"embeddable":true,"href":"https:\/\/agora.xtec.cat\/ceip-josepcarner\/wp-json\/wp\/v2\/pages\/352"}],"wp:attachment":[{"href":"https:\/\/agora.xtec.cat\/ceip-josepcarner\/wp-json\/wp\/v2\/media?parent=360"}],"curies":[{"name":"wp","href":"https:\/\/api.w.org\/{rel}","templated":true}]}}