{"id":355,"date":"2015-02-17T21:50:38","date_gmt":"2015-02-17T20:50:38","guid":{"rendered":"http:\/\/agora.xtec.cat\/ceip-josepcarner\/?page_id=355"},"modified":"2018-01-20T13:36:13","modified_gmt":"2018-01-20T12:36:13","slug":"angles","status":"publish","type":"page","link":"https:\/\/agora.xtec.cat\/ceip-josepcarner\/com-treballem\/angles\/","title":{"rendered":"Angl\u00e8s"},"content":{"rendered":"<p><a href=\"http:\/\/josepcarnerinenglish.blogspot.com.es\/\/\">Bloc de recursos<\/a><\/p>\n<p>Treballem l&#8217;angl\u00e8s amb metodologia AICLE (<span id=\"result_box\" class=\"short_text\" lang=\"ca\">Aprenentatge <span class=\"hps\">integrat<\/span> <span class=\"hps\">de continguts<\/span> <span class=\"hps\">i<\/span> <span class=\"hps\">llengua<\/span><\/span>) des de\u00a0 P5.<\/p>\n<p>L\u2019aprenentatge de la llengua anglesa es fa per immersi\u00f3 ling\u00fc\u00edstica, i portem a terme diferents accions per a implicar tota la comunitat educativa: retolaci\u00f3 en angl\u00e8s dels diferents espais i mobiliari de l\u2019escola, pres\u00e8ncia de llibres en angl\u00e8s a la biblioteca,\u00a0\u00a0 correspond\u00e8ncies i videoconfer\u00e8ncies en angl\u00e8s amb altres escoles, etc. En definitiva, visualitzar la import\u00e0ncia de l\u2019angl\u00e8s i vivenciar-lo a l\u2019escola.<\/p>\n<p>A trav\u00e9s de l\u2019aplicaci\u00f3 de la immersi\u00f3 de la llengua anglesa, treballant per projectes, pretenem millorar les oportunitats i els resultats de la nostra escola pel que fa a la llengua anglesa, sobretot a nivell oral.<\/p>\n<p><strong>\u00a0<\/strong>Raons:<\/p>\n<p>El desig dels professionals especialistes de llengua anglesa, de millorar la compet\u00e8ncia ling\u00fc\u00edstica en llengua anglesa dels nostres alumnes.<\/p>\n<ul>\n<li>El sentiment del claustre de professors i de la comunitat en refer\u00e8ncia a la import\u00e0ncia de les lleng\u00fces estrangeres.<\/li>\n<li>Donar una resposta a la demanda social existent en aquest sentit, fruit de l\u2019evoluci\u00f3 de la societat actual.<\/li>\n<li>Utilitzar la llengua anglesa com eix transversal en la nostra l\u00ednia d\u2019escola de <strong>Treballs per Projectes <\/strong>dels diferents nivells al llarg de tota l\u2019educaci\u00f3 prim\u00e0ria.<\/li>\n<\/ul>\n<p><strong>Objectius<\/strong><\/p>\n<p>Els objectius que pretenem assolir incorporant continguts d\u2019altres \u00e0rees en llengua anglesa s\u00f3n els seg\u00fcents:<\/p>\n<ol>\n<li>Incrementar significativament el contacte dels alumnes amb la llengua anglesa.<\/li>\n<li>Utilitzar la llengua anglesa fora de l\u2019\u00e0mbit curricular exclusiu de l\u2019\u00e0rea de llengua anglesa.<\/li>\n<li>Estimular l\u2019\u00fas de la llengua anglesa en situacions externes a l\u2019aula.<\/li>\n<li>Augmentar la compet\u00e8ncia ling\u00fc\u00edstica dels alumnes mitjan\u00e7ant la comprensi\u00f3 i la producci\u00f3 oral.<\/li>\n<li>Incrementar la capacitat dels alumnes d\u2019utilitzar l\u2019angl\u00e8s com a vehicle de comunicaci\u00f3 i com a mitj\u00e0 per a l\u2019adquisici\u00f3 d\u2019altres coneixements.<\/li>\n<li>Desenvolupar la capacitat de treball individual i en grup dels alumnes a trav\u00e9s del treball per projectes elaborats individualment o en grup.<\/li>\n<\/ol>\n<p><strong>Com ho farem<\/strong><\/p>\n<p><strong>\u00a0<\/strong>Pretenem aconseguir aquests objectius utilitzant la metodologia CLIL ( Content and Language Integrated Learning) en els <strong>projectes dels diferents nivells<\/strong> per ampliar compet\u00e8ncies comunicatives, personals, i de conviv\u00e8ncia de l\u2019alumnat.<\/p>\n<address>AICLE= <span id=\"result_box\" class=\"short_text\" lang=\"ca\">Aprenentatge <span class=\"hps\">integrat<\/span> <span class=\"hps\">de continguts<\/span> <span class=\"hps\">i<\/span> <span class=\"hps\">llengua<\/span><\/span><\/address>\n<address>CLIL= Content and Language Integrated Learning<\/address>\n<address>Els dos termes fan refer\u00e8ncia a la mateixa metodologia.<\/address>\n<address>\u00a0<\/address>\n<address><em><strong><span style=\"color: #008000;\">Fotos Educaci\u00f3 Infantil<\/span><\/strong><\/em><\/address>\n<address><a href=\"http:\/\/agora.xtec.cat\/ceip-josepcarner\/wp-content\/uploads\/usu220\/2015\/02\/English-2.jpg\"><img loading=\"lazy\" decoding=\"async\" class=\"alignnone wp-image-798\" src=\"http:\/\/agora.xtec.cat\/ceip-josepcarner\/wp-content\/uploads\/usu220\/2015\/02\/English-2-1024x768.jpg\" alt=\"English 2\" width=\"392\" height=\"294\" srcset=\"https:\/\/agora.xtec.cat\/ceip-josepcarner\/wp-content\/uploads\/usu220\/2015\/02\/English-2-1024x768.jpg 1024w, https:\/\/agora.xtec.cat\/ceip-josepcarner\/wp-content\/uploads\/usu220\/2015\/02\/English-2-300x225.jpg 300w, https:\/\/agora.xtec.cat\/ceip-josepcarner\/wp-content\/uploads\/usu220\/2015\/02\/English-2-200x150.jpg 200w\" sizes=\"auto, (max-width: 392px) 100vw, 392px\" \/><\/a> <a href=\"http:\/\/agora.xtec.cat\/ceip-josepcarner\/wp-content\/uploads\/usu220\/2015\/02\/English-1_opt.jpg\"><img loading=\"lazy\" decoding=\"async\" class=\"alignnone wp-image-799\" src=\"http:\/\/agora.xtec.cat\/ceip-josepcarner\/wp-content\/uploads\/usu220\/2015\/02\/English-1_opt.jpg\" alt=\"English 1_opt\" width=\"331\" height=\"248\" srcset=\"https:\/\/agora.xtec.cat\/ceip-josepcarner\/wp-content\/uploads\/usu220\/2015\/02\/English-1_opt.jpg 400w, https:\/\/agora.xtec.cat\/ceip-josepcarner\/wp-content\/uploads\/usu220\/2015\/02\/English-1_opt-300x225.jpg 300w, https:\/\/agora.xtec.cat\/ceip-josepcarner\/wp-content\/uploads\/usu220\/2015\/02\/English-1_opt-200x150.jpg 200w\" sizes=\"auto, (max-width: 331px) 100vw, 331px\" \/><\/a><\/address>\n<address>\u00a0<\/address>\n<address>\u00a0<span style=\"color: #008000;\"><strong>Forfbal in English<\/strong><\/span><img loading=\"lazy\" decoding=\"async\" class=\"size-full wp-image-804\" src=\"http:\/\/agora.xtec.cat\/ceip-josepcarner\/wp-content\/uploads\/usu220\/2015\/02\/English-korball_opt.jpg\" alt=\"OLYMPUS DIGITAL CAMERA\" width=\"400\" height=\"300\" srcset=\"https:\/\/agora.xtec.cat\/ceip-josepcarner\/wp-content\/uploads\/usu220\/2015\/02\/English-korball_opt.jpg 400w, https:\/\/agora.xtec.cat\/ceip-josepcarner\/wp-content\/uploads\/usu220\/2015\/02\/English-korball_opt-300x225.jpg 300w, https:\/\/agora.xtec.cat\/ceip-josepcarner\/wp-content\/uploads\/usu220\/2015\/02\/English-korball_opt-200x150.jpg 200w\" sizes=\"auto, (max-width: 400px) 100vw, 400px\" \/><strong><span style=\"color: #008000;\">Auxiliars de conversa<br \/>\n<\/span><\/strong><a href=\"http:\/\/agora.xtec.cat\/ceip-josepcarner\/wp-content\/uploads\/usu220\/2015\/02\/Jemina.jpg\"><img loading=\"lazy\" decoding=\"async\" class=\"alignnone wp-image-807\" src=\"http:\/\/agora.xtec.cat\/ceip-josepcarner\/wp-content\/uploads\/usu220\/2015\/02\/Jemina-1024x768.jpg\" alt=\"Jemina\" width=\"396\" height=\"297\" srcset=\"https:\/\/agora.xtec.cat\/ceip-josepcarner\/wp-content\/uploads\/usu220\/2015\/02\/Jemina-1024x768.jpg 1024w, https:\/\/agora.xtec.cat\/ceip-josepcarner\/wp-content\/uploads\/usu220\/2015\/02\/Jemina-300x225.jpg 300w, https:\/\/agora.xtec.cat\/ceip-josepcarner\/wp-content\/uploads\/usu220\/2015\/02\/Jemina-200x150.jpg 200w, https:\/\/agora.xtec.cat\/ceip-josepcarner\/wp-content\/uploads\/usu220\/2015\/02\/Jemina.jpg 1600w\" sizes=\"auto, (max-width: 396px) 100vw, 396px\" \/><\/a><\/p>\n<p><strong><span style=\"color: #008000;\">English Theater<\/span><\/strong><\/p>\n<p><a href=\"http:\/\/agora.xtec.cat\/ceip-josepcarner\/com-treballem\/angles\/attachment\/img-20160315-wa0010-3\/\" rel=\"attachment wp-att-968\"><img loading=\"lazy\" decoding=\"async\" class=\"alignnone wp-image-968\" src=\"http:\/\/agora.xtec.cat\/ceip-josepcarner\/wp-content\/uploads\/usu220\/2015\/02\/IMG-20160315-WA0010-2-1024x576.jpg\" alt=\"img-20160315-wa0010\" width=\"343\" height=\"193\" srcset=\"https:\/\/agora.xtec.cat\/ceip-josepcarner\/wp-content\/uploads\/usu220\/2015\/02\/IMG-20160315-WA0010-2-1024x576.jpg 1024w, https:\/\/agora.xtec.cat\/ceip-josepcarner\/wp-content\/uploads\/usu220\/2015\/02\/IMG-20160315-WA0010-2-300x169.jpg 300w, https:\/\/agora.xtec.cat\/ceip-josepcarner\/wp-content\/uploads\/usu220\/2015\/02\/IMG-20160315-WA0010-2-768x432.jpg 768w, https:\/\/agora.xtec.cat\/ceip-josepcarner\/wp-content\/uploads\/usu220\/2015\/02\/IMG-20160315-WA0010-2.jpg 1600w\" sizes=\"auto, (max-width: 343px) 100vw, 343px\" \/><\/a><\/p>\n<\/address>\n","protected":false},"excerpt":{"rendered":"<p>Bloc de recursos Treballem l&#8217;angl\u00e8s amb metodologia AICLE (Aprenentatge integrat de continguts i llengua) des de\u00a0 P5. L\u2019aprenentatge de la llengua anglesa es fa per immersi\u00f3 ling\u00fc\u00edstica, i portem a terme diferents accions per a implicar tota la comunitat educativa: retolaci\u00f3 en angl\u00e8s dels diferents espais i mobiliari de l\u2019escola, pres\u00e8ncia de llibres en angl\u00e8s [&hellip;]<\/p>\n","protected":false},"author":1,"featured_media":0,"parent":352,"menu_order":0,"comment_status":"closed","ping_status":"closed","template":"page-templates\/side-menu.php","meta":{"_bbp_topic_count":0,"_bbp_reply_count":0,"_bbp_total_topic_count":0,"_bbp_total_reply_count":0,"_bbp_voice_count":0,"_bbp_anonymous_reply_count":0,"_bbp_topic_count_hidden":0,"_bbp_reply_count_hidden":0,"_bbp_forum_subforum_count":0,"site-sidebar-layout":"default","site-content-layout":"","ast-site-content-layout":"","site-content-style":"default","site-sidebar-style":"default","ast-global-header-display":"","ast-banner-title-visibility":"","ast-main-header-display":"","ast-hfb-above-header-display":"","ast-hfb-below-header-display":"","ast-hfb-mobile-header-display":"","site-post-title":"","ast-breadcrumbs-content":"","ast-featured-img":"","footer-sml-layout":"","theme-transparent-header-meta":"","adv-header-id-meta":"","stick-header-meta":"","header-above-stick-meta":"","header-main-stick-meta":"","header-below-stick-meta":"","astra-migrate-meta-layouts":"default","ast-page-background-enabled":"default","ast-page-background-meta":{"desktop":{"background-color":"var(--ast-global-color-4)","background-image":"","background-repeat":"repeat","background-position":"center center","background-size":"auto","background-attachment":"scroll","background-type":"","background-media":"","overlay-type":"","overlay-color":"","overlay-opacity":"","overlay-gradient":""},"tablet":{"background-color":"","background-image":"","background-repeat":"repeat","background-position":"center center","background-size":"auto","background-attachment":"scroll","background-type":"","background-media":"","overlay-type":"","overlay-color":"","overlay-opacity":"","overlay-gradient":""},"mobile":{"background-color":"","background-image":"","background-repeat":"repeat","background-position":"center center","background-size":"auto","background-attachment":"scroll","background-type":"","background-media":"","overlay-type":"","overlay-color":"","overlay-opacity":"","overlay-gradient":""}},"ast-content-background-meta":{"desktop":{"background-color":"var(--ast-global-color-5)","background-image":"","background-repeat":"repeat","background-position":"center center","background-size":"auto","background-attachment":"scroll","background-type":"","background-media":"","overlay-type":"","overlay-color":"","overlay-opacity":"","overlay-gradient":""},"tablet":{"background-color":"var(--ast-global-color-5)","background-image":"","background-repeat":"repeat","background-position":"center center","background-size":"auto","background-attachment":"scroll","background-type":"","background-media":"","overlay-type":"","overlay-color":"","overlay-opacity":"","overlay-gradient":""},"mobile":{"background-color":"var(--ast-global-color-5)","background-image":"","background-repeat":"repeat","background-position":"center center","background-size":"auto","background-attachment":"scroll","background-type":"","background-media":"","overlay-type":"","overlay-color":"","overlay-opacity":"","overlay-gradient":""}},"footnotes":""},"class_list":["post-355","page","type-page","status-publish","hentry"],"post_mailing_queue_ids":[],"_links":{"self":[{"href":"https:\/\/agora.xtec.cat\/ceip-josepcarner\/wp-json\/wp\/v2\/pages\/355","targetHints":{"allow":["GET"]}}],"collection":[{"href":"https:\/\/agora.xtec.cat\/ceip-josepcarner\/wp-json\/wp\/v2\/pages"}],"about":[{"href":"https:\/\/agora.xtec.cat\/ceip-josepcarner\/wp-json\/wp\/v2\/types\/page"}],"author":[{"embeddable":true,"href":"https:\/\/agora.xtec.cat\/ceip-josepcarner\/wp-json\/wp\/v2\/users\/1"}],"replies":[{"embeddable":true,"href":"https:\/\/agora.xtec.cat\/ceip-josepcarner\/wp-json\/wp\/v2\/comments?post=355"}],"version-history":[{"count":4,"href":"https:\/\/agora.xtec.cat\/ceip-josepcarner\/wp-json\/wp\/v2\/pages\/355\/revisions"}],"predecessor-version":[{"id":1285,"href":"https:\/\/agora.xtec.cat\/ceip-josepcarner\/wp-json\/wp\/v2\/pages\/355\/revisions\/1285"}],"up":[{"embeddable":true,"href":"https:\/\/agora.xtec.cat\/ceip-josepcarner\/wp-json\/wp\/v2\/pages\/352"}],"wp:attachment":[{"href":"https:\/\/agora.xtec.cat\/ceip-josepcarner\/wp-json\/wp\/v2\/media?parent=355"}],"curies":[{"name":"wp","href":"https:\/\/api.w.org\/{rel}","templated":true}]}}