{"id":26,"date":"2014-09-18T12:24:32","date_gmt":"2014-09-18T12:24:32","guid":{"rendered":"http:\/\/agora.xtec.cat\/ceip-josepcarner\/?page_id=26"},"modified":"2018-07-13T14:02:01","modified_gmt":"2018-07-13T12:02:01","slug":"historia","status":"publish","type":"page","link":"https:\/\/agora.xtec.cat\/ceip-josepcarner\/pagines-dinici\/historia\/","title":{"rendered":"Hist\u00f2ria"},"content":{"rendered":"<p><strong>El barri de la Salut<\/strong> est\u00e0 situat al nord-est de Badalona, la seva superf\u00edcie \u00e9s de 44,51 Ha (445.100m2) amb actualment 19.639 habitants.<\/p>\n<p>El 1915 se li coneixia com \u201cla barriada de ca l\u2019Anglasell\u201d o de \u201cla Torre de ca l\u2019Anglasell\u201d a causa d\u2019una torre propietat del marques de Sant Mori enderrocada el 1972. A partir de la segona d\u00e8cada del segle XX es va comen\u00e7ar el proc\u00e9s de parcel\u00b7laci\u00f3 i venda de les terres que fins al moment havien estat de cultiu amb la intenci\u00f3 de crear una nova zona d\u2019estiueig per a la gent de la ciutat, una zona \u201cper Fer salut\u201d . Aix\u00f2 coincideix amb la primera onada migrat\u00f2ria procedent majorit\u00e0riament del sud d\u2019Espanya.<\/p>\n<p>B\u00d2BILES: Als terrenys de la nostra escola hi havia una b\u00f2bila. Les b\u00f2biles s\u00f3n forns a on es couen els maons i teules. Aquests forns eren situats sobre terrenys argilosos d\u2019on s\u2019obtenia la argila que barrejada amb l\u2019aigua produ\u00efa el fang que modelat i assecat es co\u00efen en els forns que cremaven vint-i-dues hores al dia. La xemeneia era el forn a on es co\u00efen els maons. El forn estava enc\u00e8s tots els dies de l\u2019any i treballaven per torns dia i nit. Havia una fam\u00edlia que vivia a la f\u00e0brica i vigilava que mai s\u2019apagu\u00e9s el foc.<\/p>\n<p>Els maons amb els que es va n construir els edificis del barri van sortir d\u2019aquesta f\u00e0brica.<\/p>\n<p>La xemeneia original era rodona, la va partir un raig i es va reconstruir quadrada<\/p>\n<p>L\u2019 AQ\u00dcEDUCTE: L\u2019aigua, imprescindible per a disposar del fang, es transportava a trav\u00e9s d\u2019un aq\u00fceducte que partia d\u2019una mina d\u2019aigua m\u00e9s o menys allunyada. Aquest aq\u00fceducte des de la mina d\u2019aigua fins a la teuleria transcorria per finques alienes que exigia la constituci\u00f3 d\u2019acord i de pas per a atendre reparacions.<\/p>\n<p>PRIMERA ESCOLA: Al gener de 1957 s\u2019inaugura l\u2019escola de fusta a la pla\u00e7a Antonio Machado del barri de la Salut.<\/p>\n<p>TURO D\u2019EN CARITG: Comen\u00e7a la guerra civil y al barri arriben m\u00e9s persones prevenients de zones m\u00e9s castigades de la guerra, fugint de les bombes, es construeixen unes coves a la zona del Tur\u00f3 d\u2019en Caritg per a utilitzar-les com a refugis antiaeris que m\u00e9s tard es va convertir en vivendes.<\/p>\n<p>PASSEIG DE LA SALUT: En 1961 comencem las obres de la autopista A19 que divideix el barri i la ciutat i deixa al barri a\u00efllat al no fer un pas per a entrar i sortir d\u2019ell. Despr\u00e9s de la lluita dels ve\u00efns\u00a0 l\u2019\u00fanic que van aconseguir va ser que fessin una mica m\u00e9s gran el tub que servia per a drenar l\u2019aigua, i quan plovia l\u2019aigua podia arribar als genolls. El t\u00fanel de la vergonya, aix\u00ed es va dir durant molts anys. No va ser fins 1983 que entre la Generalitat y el Ajuntament van donar un pas digne al barri.<\/p>\n<p><strong>L&#8217;escola Josep Carner<\/strong> es va crear el <span class=\"inputtext\">30 de juliol de 1985 amb una doble linia d&#8217;Educaci\u00f3 Infantil<\/span> i Prim\u00e0ria al Barri de la Salut a Badalona. La seva titularitat \u00e9s del <span class=\"inputtext\">Departament d&#8217;Ensenyament<\/span>.<\/p>\n<p>Del Ladrillo al libro<\/p>\n<p><img loading=\"lazy\" decoding=\"async\" class=\"alignnone size-large wp-image-1999\" src=\"http:\/\/agora.xtec.cat\/ceip-josepcarner\/wp-content\/uploads\/usu220\/2014\/09\/Treballadors-de-la-b\u00f2bila-can-Navarra-1949.jpg\" alt=\"\" width=\"320\" height=\"200\" srcset=\"https:\/\/agora.xtec.cat\/ceip-josepcarner\/wp-content\/uploads\/usu220\/2014\/09\/Treballadors-de-la-b\u00f2bila-can-Navarra-1949.jpg 320w, https:\/\/agora.xtec.cat\/ceip-josepcarner\/wp-content\/uploads\/usu220\/2014\/09\/Treballadors-de-la-b\u00f2bila-can-Navarra-1949-300x188.jpg 300w\" sizes=\"auto, (max-width: 320px) 100vw, 320px\" \/>Treballadors de la b\u00f2bila can Navarra (1949)<\/p>\n<p><img loading=\"lazy\" decoding=\"async\" class=\"alignnone size-large wp-image-1997\" src=\"http:\/\/agora.xtec.cat\/ceip-josepcarner\/wp-content\/uploads\/usu220\/2014\/09\/Manifestaci\u00f3-per-lescola-p\u00fablica.-Badalona-anys-70.jpg\" alt=\"\" width=\"320\" height=\"226\" srcset=\"https:\/\/agora.xtec.cat\/ceip-josepcarner\/wp-content\/uploads\/usu220\/2014\/09\/Manifestaci\u00f3-per-lescola-p\u00fablica.-Badalona-anys-70.jpg 320w, https:\/\/agora.xtec.cat\/ceip-josepcarner\/wp-content\/uploads\/usu220\/2014\/09\/Manifestaci\u00f3-per-lescola-p\u00fablica.-Badalona-anys-70-300x212.jpg 300w\" sizes=\"auto, (max-width: 320px) 100vw, 320px\" \/>Manifestaci\u00f3 per l&#8217;escola p\u00fablica. Badalona anys 70.<img loading=\"lazy\" decoding=\"async\" class=\"alignnone size-large wp-image-1998\" src=\"http:\/\/agora.xtec.cat\/ceip-josepcarner\/wp-content\/uploads\/usu220\/2014\/09\/Pati-de-lescola-Josep-Carner-2018.jpg\" alt=\"\" width=\"320\" height=\"240\" srcset=\"https:\/\/agora.xtec.cat\/ceip-josepcarner\/wp-content\/uploads\/usu220\/2014\/09\/Pati-de-lescola-Josep-Carner-2018.jpg 320w, https:\/\/agora.xtec.cat\/ceip-josepcarner\/wp-content\/uploads\/usu220\/2014\/09\/Pati-de-lescola-Josep-Carner-2018-300x225.jpg 300w, https:\/\/agora.xtec.cat\/ceip-josepcarner\/wp-content\/uploads\/usu220\/2014\/09\/Pati-de-lescola-Josep-Carner-2018-200x150.jpg 200w\" sizes=\"auto, (max-width: 320px) 100vw, 320px\" \/>Fam\u00edlies de l&#8217;escola Josep Carner en lluita contra les retallades (2012) <img loading=\"lazy\" decoding=\"async\" class=\"alignnone size-full wp-image-1996\" src=\"http:\/\/agora.xtec.cat\/ceip-josepcarner\/wp-content\/uploads\/usu220\/2014\/09\/Fam\u00edlies-de-lescola-Josep-Carner-en-lluita-contra-les-retallades-2012.jpg\" alt=\"\" width=\"320\" height=\"240\" srcset=\"https:\/\/agora.xtec.cat\/ceip-josepcarner\/wp-content\/uploads\/usu220\/2014\/09\/Fam\u00edlies-de-lescola-Josep-Carner-en-lluita-contra-les-retallades-2012.jpg 320w, https:\/\/agora.xtec.cat\/ceip-josepcarner\/wp-content\/uploads\/usu220\/2014\/09\/Fam\u00edlies-de-lescola-Josep-Carner-en-lluita-contra-les-retallades-2012-300x225.jpg 300w, https:\/\/agora.xtec.cat\/ceip-josepcarner\/wp-content\/uploads\/usu220\/2014\/09\/Fam\u00edlies-de-lescola-Josep-Carner-en-lluita-contra-les-retallades-2012-200x150.jpg 200w\" sizes=\"auto, (max-width: 320px) 100vw, 320px\" \/>Pati de l&#8217;escola Josep Carner (2018)<\/p>\n<p><span style=\"text-decoration: underline;\"><b>Els nostres objectius<\/b><\/span><\/p>\n<div>\n<div>\n<ul>\n<li><span style=\"font-size: small;\"><b>Educar en la toler\u00e0ncia, el respecte i la interculturalitat. <\/b><\/span><\/li>\n<\/ul>\n<\/div>\n<div>\n<ul>\n<li><span style=\"font-size: small;\"><b>Potenciar el treball cooperatiu; la reflexi\u00f3; l\u2019atenci\u00f3;\u00a0 la imaginaci\u00f3 i la creativitat; el treball cient\u00edfic; <\/b><b>la sensibilitzaci\u00f3 envers el medi ambient; la sensibilitat art\u00edstica, cultural i musical. <\/b><\/span><\/li>\n<\/ul>\n<\/div>\n<div>\n<ul>\n<li><span style=\"font-size: small;\"><b>Integrar les TIC-TAC com a eines d\u2019aprenentatge i de millora de l\u2019activitat pedag\u00f2gica. <\/b><\/span><\/li>\n<\/ul>\n<\/div>\n<div>\n<ul>\n<li><span style=\"font-size: small;\"><b>Ser una escola oberta als projectes innovadors, en constant reflexi\u00f3 i recerca d\u2019objectius de millora. <\/b><\/span><\/li>\n<\/ul>\n<\/div>\n<div>\n<ul>\n<li><span style=\"font-size: small;\"><b>Incorporar metodologies que millorin els resultats educatius de l\u2019aumnat i que potenci\u00efn l\u2019<\/b><b><i>aprendre <\/i><\/b><b><i>a aprendre. <\/i><\/b><\/span><\/li>\n<\/ul>\n<\/div>\n<div>\n<ul>\n<li><span style=\"font-size: small;\"><b>Generar un clima saludable i acollidor; on totes les idees i iniciatives trobin l\u2019espai per a <\/b><b>desenvolupar-se i expressar-se. <\/b><\/span><\/li>\n<\/ul>\n<\/div>\n<div>\n<ul>\n<li><span style=\"font-size: small;\"><b>Fomentar una comunitat educativa participativa i compromesa amb el projecte educatiu del centre. <\/b><\/span><\/li>\n<\/ul>\n<\/div>\n<div>\n<ul>\n<li><b><span style=\"font-size: small;\">Aconseguir ser una escola de refer\u00e8ncia en l\u2019entorn.<\/span><\/b><\/li>\n<\/ul>\n<\/div>\n<\/div>\n<p><iframe loading=\"lazy\" src=\"https:\/\/www.youtube.com\/embed\/xsi-x5emLsM\" width=\"560\" height=\"315\" frameborder=\"0\" allowfullscreen=\"allowfullscreen\"><\/iframe><\/p>\n","protected":false},"excerpt":{"rendered":"<p>El barri de la Salut est\u00e0 situat al nord-est de Badalona, la seva superf\u00edcie \u00e9s de 44,51 Ha (445.100m2) amb actualment 19.639 habitants. El 1915 se li coneixia com \u201cla barriada de ca l\u2019Anglasell\u201d o de \u201cla Torre de ca l\u2019Anglasell\u201d a causa d\u2019una torre propietat del marques de Sant Mori enderrocada el 1972. A [&hellip;]<\/p>\n","protected":false},"author":2,"featured_media":0,"parent":7,"menu_order":20,"comment_status":"closed","ping_status":"closed","template":"page-templates\/side-menu.php","meta":{"_bbp_topic_count":0,"_bbp_reply_count":0,"_bbp_total_topic_count":0,"_bbp_total_reply_count":0,"_bbp_voice_count":0,"_bbp_anonymous_reply_count":0,"_bbp_topic_count_hidden":0,"_bbp_reply_count_hidden":0,"_bbp_forum_subforum_count":0,"site-sidebar-layout":"default","site-content-layout":"","ast-site-content-layout":"","site-content-style":"default","site-sidebar-style":"default","ast-global-header-display":"","ast-banner-title-visibility":"","ast-main-header-display":"","ast-hfb-above-header-display":"","ast-hfb-below-header-display":"","ast-hfb-mobile-header-display":"","site-post-title":"","ast-breadcrumbs-content":"","ast-featured-img":"","footer-sml-layout":"","theme-transparent-header-meta":"","adv-header-id-meta":"","stick-header-meta":"","header-above-stick-meta":"","header-main-stick-meta":"","header-below-stick-meta":"","astra-migrate-meta-layouts":"default","ast-page-background-enabled":"default","ast-page-background-meta":{"desktop":{"background-color":"var(--ast-global-color-4)","background-image":"","background-repeat":"repeat","background-position":"center center","background-size":"auto","background-attachment":"scroll","background-type":"","background-media":"","overlay-type":"","overlay-color":"","overlay-opacity":"","overlay-gradient":""},"tablet":{"background-color":"","background-image":"","background-repeat":"repeat","background-position":"center center","background-size":"auto","background-attachment":"scroll","background-type":"","background-media":"","overlay-type":"","overlay-color":"","overlay-opacity":"","overlay-gradient":""},"mobile":{"background-color":"","background-image":"","background-repeat":"repeat","background-position":"center center","background-size":"auto","background-attachment":"scroll","background-type":"","background-media":"","overlay-type":"","overlay-color":"","overlay-opacity":"","overlay-gradient":""}},"ast-content-background-meta":{"desktop":{"background-color":"var(--ast-global-color-5)","background-image":"","background-repeat":"repeat","background-position":"center center","background-size":"auto","background-attachment":"scroll","background-type":"","background-media":"","overlay-type":"","overlay-color":"","overlay-opacity":"","overlay-gradient":""},"tablet":{"background-color":"var(--ast-global-color-5)","background-image":"","background-repeat":"repeat","background-position":"center center","background-size":"auto","background-attachment":"scroll","background-type":"","background-media":"","overlay-type":"","overlay-color":"","overlay-opacity":"","overlay-gradient":""},"mobile":{"background-color":"var(--ast-global-color-5)","background-image":"","background-repeat":"repeat","background-position":"center center","background-size":"auto","background-attachment":"scroll","background-type":"","background-media":"","overlay-type":"","overlay-color":"","overlay-opacity":"","overlay-gradient":""}},"footnotes":""},"class_list":["post-26","page","type-page","status-publish","hentry"],"post_mailing_queue_ids":[],"_links":{"self":[{"href":"https:\/\/agora.xtec.cat\/ceip-josepcarner\/wp-json\/wp\/v2\/pages\/26","targetHints":{"allow":["GET"]}}],"collection":[{"href":"https:\/\/agora.xtec.cat\/ceip-josepcarner\/wp-json\/wp\/v2\/pages"}],"about":[{"href":"https:\/\/agora.xtec.cat\/ceip-josepcarner\/wp-json\/wp\/v2\/types\/page"}],"author":[{"embeddable":true,"href":"https:\/\/agora.xtec.cat\/ceip-josepcarner\/wp-json\/wp\/v2\/users\/2"}],"replies":[{"embeddable":true,"href":"https:\/\/agora.xtec.cat\/ceip-josepcarner\/wp-json\/wp\/v2\/comments?post=26"}],"version-history":[{"count":4,"href":"https:\/\/agora.xtec.cat\/ceip-josepcarner\/wp-json\/wp\/v2\/pages\/26\/revisions"}],"predecessor-version":[{"id":2000,"href":"https:\/\/agora.xtec.cat\/ceip-josepcarner\/wp-json\/wp\/v2\/pages\/26\/revisions\/2000"}],"up":[{"embeddable":true,"href":"https:\/\/agora.xtec.cat\/ceip-josepcarner\/wp-json\/wp\/v2\/pages\/7"}],"wp:attachment":[{"href":"https:\/\/agora.xtec.cat\/ceip-josepcarner\/wp-json\/wp\/v2\/media?parent=26"}],"curies":[{"name":"wp","href":"https:\/\/api.w.org\/{rel}","templated":true}]}}