{"id":24,"date":"2014-09-18T12:23:15","date_gmt":"2014-09-18T12:23:15","guid":{"rendered":"http:\/\/agora.xtec.cat\/ceip-josepcarner\/?page_id=24"},"modified":"2026-04-11T13:55:36","modified_gmt":"2026-04-11T11:55:36","slug":"on-som","status":"publish","type":"page","link":"https:\/\/agora.xtec.cat\/ceip-josepcarner\/pagines-dinici\/on-som\/","title":{"rendered":"On som"},"content":{"rendered":"<p style=\"color: #666666;\"><strong>Escola Josep Carner<\/strong><br \/>\nC\/Brasil s\/n<br \/>\n08914 Badalona<\/p>\n<p>Tel. 93 383 58 03<br \/>\na8041167@xtec.cat<\/p>\n<p>Coordenades: <span class=\"inputtext\">435225,950181 X<\/span> <span class=\"inputtext\">4588098,076397 Y<\/span><\/p>\n<p><iframe loading=\"lazy\" style=\"border: 0;\" src=\"https:\/\/www.google.com\/maps\/embed?pb=!1m16!1m12!1m3!1d2990.8778975470113!2d2.224122000000003!3d41.44187100000001!2m3!1f0!2f0!3f0!3m2!1i1024!2i768!4f13.1!2m1!1sescola+Josep+carner+08914+badalona!5e0!3m2!1sca!2ses!4v1424027477843\" width=\"400\" height=\"300\" frameborder=\"0\"><\/iframe><\/p>\n<p><strong>Com arribar-hi:<\/strong><\/p>\n<p>L\u2019Escola P\u00fablica Josep Carner es troba a Badalona, en els l\u00edmits dels barris de La Salut, Sant Joan de Llefi\u00e0 i Sant Mori de Llefi\u00e0.<\/p>\n<p><b>L\u00ednies de bus: B2, B4,\u00a0 B5, B19, B22, B23, B24, BD2, BD4 i BD5 <\/b><\/p>\n<p><b>L\u00ednies de metro: L2 (Estaci\u00f3 Sant Roc) i L10 (Estaci\u00f3 La Salut)<\/b><\/p>\n<p><b>Localitzar amb Google: <a href=\"https:\/\/maps.google.com\/maps?f=q&amp;hl=es&amp;q=Brasil,%2B08914%2BBadalona,%2BSpain\">https:\/\/maps.google.com\/maps?f=q&amp;hl=es&amp;q=Brasil,%2B08914%2BBadalona,%2BSpain<\/a><\/b><\/p>\n","protected":false},"excerpt":{"rendered":"<p>Escola Josep Carner C\/Brasil s\/n 08914 Badalona Tel. 93 383 58 03 a8041167@xtec.cat Coordenades: 435225,950181 X 4588098,076397 Y Com arribar-hi: L\u2019Escola P\u00fablica Josep Carner es troba a Badalona, en els l\u00edmits dels barris de La Salut, Sant Joan de Llefi\u00e0 i Sant Mori de Llefi\u00e0. L\u00ednies de bus: B2, B4,\u00a0 B5, B19, B22, B23, B24, [&hellip;]<\/p>\n","protected":false},"author":2,"featured_media":0,"parent":7,"menu_order":1,"comment_status":"closed","ping_status":"closed","template":"","meta":{"_bbp_topic_count":0,"_bbp_reply_count":0,"_bbp_total_topic_count":0,"_bbp_total_reply_count":0,"_bbp_voice_count":0,"_bbp_anonymous_reply_count":0,"_bbp_topic_count_hidden":0,"_bbp_reply_count_hidden":0,"_bbp_forum_subforum_count":0,"site-sidebar-layout":"default","site-content-layout":"","ast-site-content-layout":"default","site-content-style":"default","site-sidebar-style":"default","ast-global-header-display":"","ast-banner-title-visibility":"","ast-main-header-display":"","ast-hfb-above-header-display":"","ast-hfb-below-header-display":"","ast-hfb-mobile-header-display":"","site-post-title":"","ast-breadcrumbs-content":"","ast-featured-img":"","footer-sml-layout":"","theme-transparent-header-meta":"","adv-header-id-meta":"","stick-header-meta":"","header-above-stick-meta":"","header-main-stick-meta":"","header-below-stick-meta":"","astra-migrate-meta-layouts":"set","ast-page-background-enabled":"default","ast-page-background-meta":{"desktop":{"background-color":"var(--ast-global-color-4)","background-image":"","background-repeat":"repeat","background-position":"center center","background-size":"auto","background-attachment":"scroll","background-type":"","background-media":"","overlay-type":"","overlay-color":"","overlay-opacity":"","overlay-gradient":""},"tablet":{"background-color":"","background-image":"","background-repeat":"repeat","background-position":"center center","background-size":"auto","background-attachment":"scroll","background-type":"","background-media":"","overlay-type":"","overlay-color":"","overlay-opacity":"","overlay-gradient":""},"mobile":{"background-color":"","background-image":"","background-repeat":"repeat","background-position":"center center","background-size":"auto","background-attachment":"scroll","background-type":"","background-media":"","overlay-type":"","overlay-color":"","overlay-opacity":"","overlay-gradient":""}},"ast-content-background-meta":{"desktop":{"background-color":"var(--ast-global-color-5)","background-image":"","background-repeat":"repeat","background-position":"center center","background-size":"auto","background-attachment":"scroll","background-type":"","background-media":"","overlay-type":"","overlay-color":"","overlay-opacity":"","overlay-gradient":""},"tablet":{"background-color":"var(--ast-global-color-5)","background-image":"","background-repeat":"repeat","background-position":"center center","background-size":"auto","background-attachment":"scroll","background-type":"","background-media":"","overlay-type":"","overlay-color":"","overlay-opacity":"","overlay-gradient":""},"mobile":{"background-color":"var(--ast-global-color-5)","background-image":"","background-repeat":"repeat","background-position":"center center","background-size":"auto","background-attachment":"scroll","background-type":"","background-media":"","overlay-type":"","overlay-color":"","overlay-opacity":"","overlay-gradient":""}},"footnotes":""},"class_list":["post-24","page","type-page","status-publish","hentry"],"post_mailing_queue_ids":[],"_links":{"self":[{"href":"https:\/\/agora.xtec.cat\/ceip-josepcarner\/wp-json\/wp\/v2\/pages\/24","targetHints":{"allow":["GET"]}}],"collection":[{"href":"https:\/\/agora.xtec.cat\/ceip-josepcarner\/wp-json\/wp\/v2\/pages"}],"about":[{"href":"https:\/\/agora.xtec.cat\/ceip-josepcarner\/wp-json\/wp\/v2\/types\/page"}],"author":[{"embeddable":true,"href":"https:\/\/agora.xtec.cat\/ceip-josepcarner\/wp-json\/wp\/v2\/users\/2"}],"replies":[{"embeddable":true,"href":"https:\/\/agora.xtec.cat\/ceip-josepcarner\/wp-json\/wp\/v2\/comments?post=24"}],"version-history":[{"count":4,"href":"https:\/\/agora.xtec.cat\/ceip-josepcarner\/wp-json\/wp\/v2\/pages\/24\/revisions"}],"predecessor-version":[{"id":5263,"href":"https:\/\/agora.xtec.cat\/ceip-josepcarner\/wp-json\/wp\/v2\/pages\/24\/revisions\/5263"}],"up":[{"embeddable":true,"href":"https:\/\/agora.xtec.cat\/ceip-josepcarner\/wp-json\/wp\/v2\/pages\/7"}],"wp:attachment":[{"href":"https:\/\/agora.xtec.cat\/ceip-josepcarner\/wp-json\/wp\/v2\/media?parent=24"}],"curies":[{"name":"wp","href":"https:\/\/api.w.org\/{rel}","templated":true}]}}