{"id":73,"date":"2014-09-18T14:01:51","date_gmt":"2014-09-18T13:01:51","guid":{"rendered":"http:\/\/agora.xtec.cat\/ceip-joma\/?page_id=73"},"modified":"2026-02-06T16:17:24","modified_gmt":"2026-02-06T15:17:24","slug":"menjador-escolar","status":"publish","type":"page","link":"https:\/\/agora.xtec.cat\/ceip-joma\/menjador-escolar\/","title":{"rendered":"MENJADOR ESCOLAR"},"content":{"rendered":"<div style=\"width: 100%;\">Heu de clicar sobre les bombolles de cada mes per visualitzar el men\u00fa!<\/div>\n<div style=\"width: 100%;\">\n<div style=\"position: relative; padding-bottom: 56.25%; padding-top: 0; height: 0;\"><iframe loading=\"lazy\" style=\"position: absolute; top: 0; left: 0; width: 100%; height: 100%;\" title=\"Lista pizarra\" src=\"https:\/\/view.genially.com\/671a537b8608c66ff6d8452c\" width=\"1200px\" height=\"675px\" frameborder=\"0\" scrolling=\"yes\" allowfullscreen=\"allowfullscreen\" data-mce-fragment=\"1\"><\/iframe><\/div>\n<\/div>\n<p>&nbsp;<\/p>\n<p>Cliqueu sobre cada mes per visualitzar les activitats en el temps de lleure!<\/p>\n<div style=\"width: 100%;\">\n<div style=\"position: relative; padding-bottom: 56.25%; padding-top: 0; height: 0;\">\n<div style=\"width: 100%;\">\n<div style=\"position: relative; padding-bottom: 56.25%; padding-top: 0; height: 0;\"><iframe loading=\"lazy\" style=\"position: absolute; top: 0; left: 0; width: 100%; height: 100%;\" title=\"ACTIVITATS EDUCATIVES EN TEMPS DE LLEURE\" src=\"https:\/\/view.genially.com\/6985cc5ec32c59e7b1c074de\" width=\"1200\" height=\"675\" frameborder=\"0\" scrolling=\"yes\" allowfullscreen=\"allowfullscreen\"><\/iframe><\/div>\n<\/div>\n<\/div>\n<\/div>\n<p>&nbsp;<\/p>\n<p>Aqu\u00ed us deixem la <a href=\"https:\/\/agora.xtec.cat\/ceip-joma\/wp-content\/uploads\/usu1530\/2025\/09\/F.INSCRIPCIO-J.MASCLANS-2025-2026.pdf\">FITXA INSCRIPCI\u00d3 2025-2026<\/a><a href=\"https:\/\/agora.xtec.cat\/ceip-joma\/wp-content\/uploads\/usu1530\/2022\/08\/FITXA-INSCRIPCIO-MODEL-2022-2023-JOSEP-MASCLANS.pdf\">\u00a0<\/a>i la <a href=\"https:\/\/agora.xtec.cat\/ceip-joma\/wp-content\/uploads\/usu1530\/2025\/09\/NORMATIVA-JOSEP-MASCLANS-25-26.pdf\">NORMATIVA JOSEP MASCLANS 25-26<\/a>, aix\u00ed com la fitxa de <a href=\"https:\/\/agora.xtec.cat\/ceip-joma\/wp-content\/uploads\/usu1530\/2025\/09\/CONTINUACIO-DEL-SERVEI-JOSEP-MASCLANS25-26.pdf\">CONTINUACI\u00d3 DEL SERVEI 2025-2026<\/a><\/p>\n<p>En cas de ser nou usuari, heu d&#8217;omplir la fitxa d&#8217;inscripci\u00f3 i l&#8217;he de retornar degudament omplerta i signada a la coordinadora del menjador de l&#8217;escola. En cas que renoveu, cal que ompliu la fitxa &#8220;Continuaci\u00f3 del servei&#8221;.<\/p>\n<p><strong>MOLT IMPORTANT<\/strong>! Llegiu atentament la normativa de funcionament del menjador.<\/p>\n<p>&nbsp;<\/p>\n<p style=\"font-weight: 400;\">Si ja la van demanar el curs passat rebran un\u00a0 correu, ja els hi sortir\u00e0 tot emplenat; Nom\u00e9s hauran de revisar que tot sigui correcte o en el seu defecte, modificar el que calgui ( unitat familiar poden tenir algun fill m\u00e9s; demanar la beca per algun fill que comenci P3; canvi d\u2019adre\u00e7a o tel\u00e8fon; canvi de situaci\u00f3-separats, &#8230;)<\/p>\n<p style=\"font-weight: 400;\">En el cas de que no recordin la contrasenya, ens hauran de trucar i els hi actualitzarem\u00a0\u00a0 al moment perqu\u00e8 puguin seguir. <strong>Consell Comarcal 938051585<\/strong><\/p>\n<p style=\"font-weight: 400;\">Tota documentaci\u00f3 que ja hagin aportat, no caldr\u00e0 adjuntar-la novament sempre i quan no estigui caducada (DNI, NIE&#8230;)<\/p>\n<p style=\"font-weight: 400;\">S\u00ed no l\u2019han demanat en el curs 2023-24, hauran de procedir com a nova sol\u00b7licitud.<\/p>\n<p>Trobaran dos enlla\u00e7os: Renovaci\u00f3 i Nova sol\u00b7licitud<\/p>\n<p><a href=\"https:\/\/anoia.pigaim.cat\/menjador.2024\/\">https:\/\/anoia.pigaim.cat\/menjador.2024\/<\/a><\/p>\n<p>Trobareu totes les guies per poder-ho fer.<\/p>\n<p>&nbsp;<\/p>\n","protected":false},"excerpt":{"rendered":"<p>Heu de clicar sobre les bombolles de cada mes per visualitzar el men\u00fa! &nbsp; Cliqueu sobre cada mes per visualitzar les activitats en el temps de lleure! &nbsp; Aqu\u00ed us deixem la FITXA INSCRIPCI\u00d3 2025-2026\u00a0i la NORMATIVA JOSEP MASCLANS 25-26, aix\u00ed com la fitxa de CONTINUACI\u00d3 DEL SERVEI 2025-2026 En cas de ser nou usuari, [&hellip;]<\/p>\n","protected":false},"author":1,"featured_media":0,"parent":0,"menu_order":30,"comment_status":"closed","ping_status":"closed","template":"","meta":{"_bbp_topic_count":0,"_bbp_reply_count":0,"_bbp_total_topic_count":0,"_bbp_total_reply_count":0,"_bbp_voice_count":0,"_bbp_anonymous_reply_count":0,"_bbp_topic_count_hidden":0,"_bbp_reply_count_hidden":0,"_bbp_forum_subforum_count":0,"site-sidebar-layout":"default","site-content-layout":"","ast-site-content-layout":"default","site-content-style":"default","site-sidebar-style":"default","ast-global-header-display":"","ast-banner-title-visibility":"","ast-main-header-display":"","ast-hfb-above-header-display":"","ast-hfb-below-header-display":"","ast-hfb-mobile-header-display":"","site-post-title":"","ast-breadcrumbs-content":"","ast-featured-img":"","footer-sml-layout":"","theme-transparent-header-meta":"default","adv-header-id-meta":"","stick-header-meta":"","header-above-stick-meta":"","header-main-stick-meta":"","header-below-stick-meta":"","astra-migrate-meta-layouts":"set","ast-page-background-enabled":"default","ast-page-background-meta":{"desktop":{"background-color":"var(--ast-global-color-4)","background-image":"","background-repeat":"repeat","background-position":"center center","background-size":"auto","background-attachment":"scroll","background-type":"","background-media":"","overlay-type":"","overlay-color":"","overlay-opacity":"","overlay-gradient":""},"tablet":{"background-color":"","background-image":"","background-repeat":"repeat","background-position":"center center","background-size":"auto","background-attachment":"scroll","background-type":"","background-media":"","overlay-type":"","overlay-color":"","overlay-opacity":"","overlay-gradient":""},"mobile":{"background-color":"","background-image":"","background-repeat":"repeat","background-position":"center center","background-size":"auto","background-attachment":"scroll","background-type":"","background-media":"","overlay-type":"","overlay-color":"","overlay-opacity":"","overlay-gradient":""}},"ast-content-background-meta":{"desktop":{"background-color":"var(--ast-global-color-5)","background-image":"","background-repeat":"repeat","background-position":"center center","background-size":"auto","background-attachment":"scroll","background-type":"","background-media":"","overlay-type":"","overlay-color":"","overlay-opacity":"","overlay-gradient":""},"tablet":{"background-color":"var(--ast-global-color-5)","background-image":"","background-repeat":"repeat","background-position":"center center","background-size":"auto","background-attachment":"scroll","background-type":"","background-media":"","overlay-type":"","overlay-color":"","overlay-opacity":"","overlay-gradient":""},"mobile":{"background-color":"var(--ast-global-color-5)","background-image":"","background-repeat":"repeat","background-position":"center center","background-size":"auto","background-attachment":"scroll","background-type":"","background-media":"","overlay-type":"","overlay-color":"","overlay-opacity":"","overlay-gradient":""}},"footnotes":""},"class_list":["post-73","page","type-page","status-publish","hentry"],"post_mailing_queue_ids":[],"_links":{"self":[{"href":"https:\/\/agora.xtec.cat\/ceip-joma\/wp-json\/wp\/v2\/pages\/73","targetHints":{"allow":["GET"]}}],"collection":[{"href":"https:\/\/agora.xtec.cat\/ceip-joma\/wp-json\/wp\/v2\/pages"}],"about":[{"href":"https:\/\/agora.xtec.cat\/ceip-joma\/wp-json\/wp\/v2\/types\/page"}],"author":[{"embeddable":true,"href":"https:\/\/agora.xtec.cat\/ceip-joma\/wp-json\/wp\/v2\/users\/1"}],"replies":[{"embeddable":true,"href":"https:\/\/agora.xtec.cat\/ceip-joma\/wp-json\/wp\/v2\/comments?post=73"}],"version-history":[{"count":8,"href":"https:\/\/agora.xtec.cat\/ceip-joma\/wp-json\/wp\/v2\/pages\/73\/revisions"}],"predecessor-version":[{"id":5977,"href":"https:\/\/agora.xtec.cat\/ceip-joma\/wp-json\/wp\/v2\/pages\/73\/revisions\/5977"}],"wp:attachment":[{"href":"https:\/\/agora.xtec.cat\/ceip-joma\/wp-json\/wp\/v2\/media?parent=73"}],"curies":[{"name":"wp","href":"https:\/\/api.w.org\/{rel}","templated":true}]}}