{"id":650,"date":"2018-07-02T14:24:00","date_gmt":"2018-07-02T12:24:00","guid":{"rendered":"http:\/\/agora.xtec.cat\/ceip-joma\/?page_id=650"},"modified":"2018-07-02T14:35:49","modified_gmt":"2018-07-02T12:35:49","slug":"els-racons-de-matematiques","status":"publish","type":"page","link":"https:\/\/agora.xtec.cat\/ceip-joma\/els-racons-de-matematiques\/","title":{"rendered":"Els racons de matem\u00e0tiques"},"content":{"rendered":"<p align=\"justify\">A l\u2019escola solem estudiar Matem\u00e0tiques treballant amb diversos materials manipulables. Ho fem en totes les etapes i nivells, adaptant-nos a cada necessitat.<\/p>\n<p align=\"justify\">La sessi\u00f3 setmanal de racons s\u2019utilitza per treballar m\u00e9s \u00e0mpliament i amb grups de treball cooperatiu. Sempre complementem l\u2019experi\u00e8ncia anotant les viv\u00e8ncies i resolent algun problema.<\/p>\n<p>&nbsp;<\/p>\n<table width=\"1017\" cellspacing=\"0\" align=\"right\">\n<tbody>\n<tr>\n<td width=\"251\"><\/td>\n<td width=\"253\"><img loading=\"lazy\" decoding=\"async\" src=\"http:\/\/www.xtec.cat\/centres\/a8030698\/com_treballem\/mates\/mates2.jpg\" width=\"255\" height=\"340\" \/><\/td>\n<td width=\"505\"><img loading=\"lazy\" decoding=\"async\" src=\"http:\/\/www.xtec.cat\/centres\/a8030698\/com_treballem\/mates\/mates4.jpg\" width=\"255\" height=\"340\" \/><\/td>\n<\/tr>\n<\/tbody>\n<\/table>\n<p>&nbsp;<\/p>\n<p align=\"justify\">Treballar amb aquests materials ens ajuda a ampliar els nostres coneixements matem\u00e0tics en els apartats de geometria, volum, numeraci\u00f3, algoritmes o consci\u00e8ncia espaial.<\/p>\n<p align=\"justify\">Disposem de multilink, blocs multibase per a la numeraci\u00f3, creator, geoplans, mosaics, t\u00e0ngrams, pentomimos, construccions de volums, d\u00f2minos de sumes i restes, monedes i bitllets, etc.<\/p>\n<p>&nbsp;<\/p>\n<table width=\"1017\" cellspacing=\"0\">\n<tbody>\n<tr>\n<td width=\"341\"><img loading=\"lazy\" decoding=\"async\" src=\"http:\/\/www.xtec.cat\/centres\/a8030698\/com_treballem\/mates\/mates3.jpg\" width=\"340\" height=\"255\" \/><\/td>\n<td width=\"341\"><img loading=\"lazy\" decoding=\"async\" src=\"http:\/\/www.xtec.cat\/centres\/a8030698\/com_treballem\/mates\/mates5.jpg\" width=\"340\" height=\"255\" \/><\/td>\n<td width=\"341\"><img loading=\"lazy\" decoding=\"async\" src=\"http:\/\/www.xtec.cat\/centres\/a8030698\/com_treballem\/mates\/mates1.jpg\" width=\"340\" height=\"255\" \/><\/td>\n<\/tr>\n<\/tbody>\n<\/table>\n","protected":false},"excerpt":{"rendered":"<p>A l\u2019escola solem estudiar Matem\u00e0tiques treballant amb diversos materials manipulables. Ho fem en totes les etapes i nivells, adaptant-nos a cada necessitat. La sessi\u00f3 setmanal de racons s\u2019utilitza per treballar m\u00e9s \u00e0mpliament i amb grups de treball cooperatiu. Sempre complementem l\u2019experi\u00e8ncia anotant les viv\u00e8ncies i resolent algun problema. &nbsp; &nbsp; Treballar amb aquests materials ens [&hellip;]<\/p>\n","protected":false},"author":8,"featured_media":0,"parent":0,"menu_order":0,"comment_status":"closed","ping_status":"closed","template":"","meta":{"_bbp_topic_count":0,"_bbp_reply_count":0,"_bbp_total_topic_count":0,"_bbp_total_reply_count":0,"_bbp_voice_count":0,"_bbp_anonymous_reply_count":0,"_bbp_topic_count_hidden":0,"_bbp_reply_count_hidden":0,"_bbp_forum_subforum_count":0,"site-sidebar-layout":"default","site-content-layout":"","ast-site-content-layout":"","site-content-style":"default","site-sidebar-style":"default","ast-global-header-display":"","ast-banner-title-visibility":"","ast-main-header-display":"","ast-hfb-above-header-display":"","ast-hfb-below-header-display":"","ast-hfb-mobile-header-display":"","site-post-title":"","ast-breadcrumbs-content":"","ast-featured-img":"","footer-sml-layout":"","theme-transparent-header-meta":"","adv-header-id-meta":"","stick-header-meta":"","header-above-stick-meta":"","header-main-stick-meta":"","header-below-stick-meta":"","astra-migrate-meta-layouts":"default","ast-page-background-enabled":"default","ast-page-background-meta":{"desktop":{"background-color":"var(--ast-global-color-4)","background-image":"","background-repeat":"repeat","background-position":"center center","background-size":"auto","background-attachment":"scroll","background-type":"","background-media":"","overlay-type":"","overlay-color":"","overlay-opacity":"","overlay-gradient":""},"tablet":{"background-color":"","background-image":"","background-repeat":"repeat","background-position":"center center","background-size":"auto","background-attachment":"scroll","background-type":"","background-media":"","overlay-type":"","overlay-color":"","overlay-opacity":"","overlay-gradient":""},"mobile":{"background-color":"","background-image":"","background-repeat":"repeat","background-position":"center center","background-size":"auto","background-attachment":"scroll","background-type":"","background-media":"","overlay-type":"","overlay-color":"","overlay-opacity":"","overlay-gradient":""}},"ast-content-background-meta":{"desktop":{"background-color":"var(--ast-global-color-5)","background-image":"","background-repeat":"repeat","background-position":"center center","background-size":"auto","background-attachment":"scroll","background-type":"","background-media":"","overlay-type":"","overlay-color":"","overlay-opacity":"","overlay-gradient":""},"tablet":{"background-color":"var(--ast-global-color-5)","background-image":"","background-repeat":"repeat","background-position":"center center","background-size":"auto","background-attachment":"scroll","background-type":"","background-media":"","overlay-type":"","overlay-color":"","overlay-opacity":"","overlay-gradient":""},"mobile":{"background-color":"var(--ast-global-color-5)","background-image":"","background-repeat":"repeat","background-position":"center center","background-size":"auto","background-attachment":"scroll","background-type":"","background-media":"","overlay-type":"","overlay-color":"","overlay-opacity":"","overlay-gradient":""}},"footnotes":""},"class_list":["post-650","page","type-page","status-publish","hentry"],"post_mailing_queue_ids":[],"_links":{"self":[{"href":"https:\/\/agora.xtec.cat\/ceip-joma\/wp-json\/wp\/v2\/pages\/650","targetHints":{"allow":["GET"]}}],"collection":[{"href":"https:\/\/agora.xtec.cat\/ceip-joma\/wp-json\/wp\/v2\/pages"}],"about":[{"href":"https:\/\/agora.xtec.cat\/ceip-joma\/wp-json\/wp\/v2\/types\/page"}],"author":[{"embeddable":true,"href":"https:\/\/agora.xtec.cat\/ceip-joma\/wp-json\/wp\/v2\/users\/8"}],"replies":[{"embeddable":true,"href":"https:\/\/agora.xtec.cat\/ceip-joma\/wp-json\/wp\/v2\/comments?post=650"}],"version-history":[{"count":1,"href":"https:\/\/agora.xtec.cat\/ceip-joma\/wp-json\/wp\/v2\/pages\/650\/revisions"}],"predecessor-version":[{"id":651,"href":"https:\/\/agora.xtec.cat\/ceip-joma\/wp-json\/wp\/v2\/pages\/650\/revisions\/651"}],"wp:attachment":[{"href":"https:\/\/agora.xtec.cat\/ceip-joma\/wp-json\/wp\/v2\/media?parent=650"}],"curies":[{"name":"wp","href":"https:\/\/api.w.org\/{rel}","templated":true}]}}