{"id":635,"date":"2018-07-02T14:15:34","date_gmt":"2018-07-02T12:15:34","guid":{"rendered":"http:\/\/agora.xtec.cat\/ceip-joma\/?page_id=635"},"modified":"2018-07-10T12:28:57","modified_gmt":"2018-07-10T10:28:57","slug":"noves-tecnologies","status":"publish","type":"page","link":"https:\/\/agora.xtec.cat\/ceip-joma\/noves-tecnologies\/","title":{"rendered":"Noves tecnologies"},"content":{"rendered":"<p align=\"justify\">A l\u2019escola, des de fa molts anys, treballem utilitzant les noves tecnologies. Actualment, disposem de dues aules d\u2019inform\u00e0tica, una fixa i una m\u00f2bil, pissarres digitals interactives, tauletes i ordinadors a totes les aules.<\/p>\n<p>&nbsp;<\/p>\n<table width=\"1017\" cellspacing=\"0\">\n<tbody>\n<tr>\n<td width=\"341\"><img loading=\"lazy\" decoding=\"async\" src=\"http:\/\/www.xtec.cat\/centres\/a8030698\/com_treballem\/noves%20tecnologies\/ticinfantil.jpg\" width=\"340\" height=\"255\" \/><\/td>\n<td width=\"341\"><img loading=\"lazy\" decoding=\"async\" src=\"http:\/\/www.xtec.cat\/centres\/a8030698\/com_treballem\/noves%20tecnologies\/tic1.jpg\" width=\"340\" height=\"255\" \/><\/td>\n<td width=\"341\"><img loading=\"lazy\" decoding=\"async\" src=\"http:\/\/www.xtec.cat\/centres\/a8030698\/com_treballem\/noves%20tecnologies\/ticmobil.jpg\" width=\"340\" height=\"255\" \/><\/td>\n<\/tr>\n<\/tbody>\n<\/table>\n<p align=\"justify\">Els alumnes comencen l\u2019alfabetitzaci\u00f3 tecnol\u00f2gica a P3 i continua durant tota la seva escolaritzaci\u00f3. Pretenem que al finalitzar la Prim\u00e0ria els alumnes tinguin un nivell de compet\u00e8ncia digital indispensable per a tota persona que vulgui interactuar amb normalitat en la societat actual.<\/p>\n<table width=\"1017\" cellspacing=\"0\" align=\"right\">\n<tbody>\n<tr>\n<td width=\"169\"><\/td>\n<td width=\"338\"><img loading=\"lazy\" decoding=\"async\" src=\"http:\/\/www.xtec.cat\/centres\/a8030698\/com_treballem\/noves%20tecnologies\/ticfixa.jpg\" width=\"340\" height=\"255\" \/><\/td>\n<td width=\"502\"><img loading=\"lazy\" decoding=\"async\" src=\"http:\/\/www.xtec.cat\/centres\/a8030698\/com_treballem\/noves%20tecnologies\/tic2.jpg\" width=\"340\" height=\"255\" \/><\/td>\n<\/tr>\n<\/tbody>\n<\/table>\n","protected":false},"excerpt":{"rendered":"<p>A l\u2019escola, des de fa molts anys, treballem utilitzant les noves tecnologies. Actualment, disposem de dues aules d\u2019inform\u00e0tica, una fixa i una m\u00f2bil, pissarres digitals interactives, tauletes i ordinadors a totes les aules. &nbsp; Els alumnes comencen l\u2019alfabetitzaci\u00f3 tecnol\u00f2gica a P3 i continua durant tota la seva escolaritzaci\u00f3. Pretenem que al finalitzar la Prim\u00e0ria els [&hellip;]<\/p>\n","protected":false},"author":8,"featured_media":0,"parent":0,"menu_order":0,"comment_status":"closed","ping_status":"closed","template":"","meta":{"_bbp_topic_count":0,"_bbp_reply_count":0,"_bbp_total_topic_count":0,"_bbp_total_reply_count":0,"_bbp_voice_count":0,"_bbp_anonymous_reply_count":0,"_bbp_topic_count_hidden":0,"_bbp_reply_count_hidden":0,"_bbp_forum_subforum_count":0,"site-sidebar-layout":"default","site-content-layout":"","ast-site-content-layout":"","site-content-style":"default","site-sidebar-style":"default","ast-global-header-display":"","ast-banner-title-visibility":"","ast-main-header-display":"","ast-hfb-above-header-display":"","ast-hfb-below-header-display":"","ast-hfb-mobile-header-display":"","site-post-title":"","ast-breadcrumbs-content":"","ast-featured-img":"","footer-sml-layout":"","theme-transparent-header-meta":"","adv-header-id-meta":"","stick-header-meta":"","header-above-stick-meta":"","header-main-stick-meta":"","header-below-stick-meta":"","astra-migrate-meta-layouts":"default","ast-page-background-enabled":"default","ast-page-background-meta":{"desktop":{"background-color":"var(--ast-global-color-4)","background-image":"","background-repeat":"repeat","background-position":"center center","background-size":"auto","background-attachment":"scroll","background-type":"","background-media":"","overlay-type":"","overlay-color":"","overlay-opacity":"","overlay-gradient":""},"tablet":{"background-color":"","background-image":"","background-repeat":"repeat","background-position":"center center","background-size":"auto","background-attachment":"scroll","background-type":"","background-media":"","overlay-type":"","overlay-color":"","overlay-opacity":"","overlay-gradient":""},"mobile":{"background-color":"","background-image":"","background-repeat":"repeat","background-position":"center center","background-size":"auto","background-attachment":"scroll","background-type":"","background-media":"","overlay-type":"","overlay-color":"","overlay-opacity":"","overlay-gradient":""}},"ast-content-background-meta":{"desktop":{"background-color":"var(--ast-global-color-5)","background-image":"","background-repeat":"repeat","background-position":"center center","background-size":"auto","background-attachment":"scroll","background-type":"","background-media":"","overlay-type":"","overlay-color":"","overlay-opacity":"","overlay-gradient":""},"tablet":{"background-color":"var(--ast-global-color-5)","background-image":"","background-repeat":"repeat","background-position":"center center","background-size":"auto","background-attachment":"scroll","background-type":"","background-media":"","overlay-type":"","overlay-color":"","overlay-opacity":"","overlay-gradient":""},"mobile":{"background-color":"var(--ast-global-color-5)","background-image":"","background-repeat":"repeat","background-position":"center center","background-size":"auto","background-attachment":"scroll","background-type":"","background-media":"","overlay-type":"","overlay-color":"","overlay-opacity":"","overlay-gradient":""}},"footnotes":""},"class_list":["post-635","page","type-page","status-publish","hentry"],"post_mailing_queue_ids":[],"_links":{"self":[{"href":"https:\/\/agora.xtec.cat\/ceip-joma\/wp-json\/wp\/v2\/pages\/635","targetHints":{"allow":["GET"]}}],"collection":[{"href":"https:\/\/agora.xtec.cat\/ceip-joma\/wp-json\/wp\/v2\/pages"}],"about":[{"href":"https:\/\/agora.xtec.cat\/ceip-joma\/wp-json\/wp\/v2\/types\/page"}],"author":[{"embeddable":true,"href":"https:\/\/agora.xtec.cat\/ceip-joma\/wp-json\/wp\/v2\/users\/8"}],"replies":[{"embeddable":true,"href":"https:\/\/agora.xtec.cat\/ceip-joma\/wp-json\/wp\/v2\/comments?post=635"}],"version-history":[{"count":2,"href":"https:\/\/agora.xtec.cat\/ceip-joma\/wp-json\/wp\/v2\/pages\/635\/revisions"}],"predecessor-version":[{"id":669,"href":"https:\/\/agora.xtec.cat\/ceip-joma\/wp-json\/wp\/v2\/pages\/635\/revisions\/669"}],"wp:attachment":[{"href":"https:\/\/agora.xtec.cat\/ceip-joma\/wp-json\/wp\/v2\/media?parent=635"}],"curies":[{"name":"wp","href":"https:\/\/api.w.org\/{rel}","templated":true}]}}