{"id":623,"date":"2018-07-02T14:01:08","date_gmt":"2018-07-02T12:01:08","guid":{"rendered":"http:\/\/agora.xtec.cat\/ceip-joma\/?page_id=623"},"modified":"2021-02-16T18:17:29","modified_gmt":"2021-02-16T17:17:29","slug":"angles","status":"publish","type":"page","link":"https:\/\/agora.xtec.cat\/ceip-joma\/angles\/","title":{"rendered":"Angl\u00e8s"},"content":{"rendered":"<h1><\/h1>\n<p align=\"justify\">A la nostra escola, el treball de la Llengua Estrangera \u00e9s, des de fa molt temps, un objectiu prioritari i aix\u00ed queda recollit en el Projecte Ling\u00fc\u00edstic del centre, en el Projecte de Direcci\u00f3 i en el nostre Pla Anual. Volem fer possible que, al llarg de l&#8217;ensenyament obligatori, els alumnes dominin la llengua anglesa de manera que siguin capa\u00e7os d&#8217;utilitzar-la per comprendre coneixements espec\u00edfics de diferents \u00e0rees curriculars, per comunicar-se amb altres persones en situaci\u00f3 de simulaci\u00f3 i en la vida real i per accedir a la cultura i la comprensi\u00f3 de les altres persones.<\/p>\n<p align=\"justify\">Des de 1994 l&#8217;escola ha participat en nombrosos projectes d&#8217;innovaci\u00f3 i assessoraments sobre el tractament de l&#8217;angl\u00e8s, tant a l&#8217;educaci\u00f3 Infantil com a l&#8217;educaci\u00f3 Prim\u00e0ria. Hem portat \u00a0a terme diferents projectes : un projecte PILE (Pla Integrat de Lleng\u00fces Estrangeres) i diferents projectes COMENIUS i ERASMUS+ on el treball d&#8217;activitats compartides i l&#8217;intercanvi amb alumnes d&#8217;altres pa\u00efsos europeus han estat objectius claus , i l&#8217;angl\u00e8s ha estat la llengua de comunicaci\u00f3 entre nosaltres.<\/p>\n<p>&nbsp;<\/p>\n<table width=\"1017\" cellspacing=\"0\">\n<tbody>\n<tr>\n<td width=\"341\">\u00a0<img loading=\"lazy\" decoding=\"async\" src=\"http:\/\/www.xtec.cat\/centres\/a8030698\/com_treballem\/angles\/webangles1.jpg\" width=\"340\" height=\"255\" \/><\/td>\n<td width=\"341\"><a href=\"http:\/\/agora.xtec.cat\/ceip-joma\/wp-content\/uploads\/usu1530\/2018\/07\/IMG_1528.jpg\"><img loading=\"lazy\" decoding=\"async\" class=\"alignnone size-large wp-image-665\" src=\"http:\/\/agora.xtec.cat\/ceip-joma\/wp-content\/uploads\/usu1530\/2018\/07\/IMG_1528-1024x765.jpg\" alt=\"\" width=\"1024\" height=\"765\" srcset=\"https:\/\/agora.xtec.cat\/ceip-joma\/wp-content\/uploads\/usu1530\/2018\/07\/IMG_1528-1024x765.jpg 1024w, https:\/\/agora.xtec.cat\/ceip-joma\/wp-content\/uploads\/usu1530\/2018\/07\/IMG_1528-300x224.jpg 300w, https:\/\/agora.xtec.cat\/ceip-joma\/wp-content\/uploads\/usu1530\/2018\/07\/IMG_1528-768x574.jpg 768w, https:\/\/agora.xtec.cat\/ceip-joma\/wp-content\/uploads\/usu1530\/2018\/07\/IMG_1528-200x150.jpg 200w\" sizes=\"auto, (max-width: 1024px) 100vw, 1024px\" \/><\/a><\/td>\n<td width=\"341\"><\/td>\n<\/tr>\n<\/tbody>\n<\/table>\n<p align=\"justify\">Al centre treballem la Llengua Estrangera des de P\u00e0rvuls 4 anys. A l&#8217;educaci\u00f3 Infantil s&#8217;imparteixen no sols sessions de llengua anglesa, sin\u00f3 que els alumnes tenen una sessi\u00f3 setmanal de Psicomotricitat en angl\u00e8s.<\/p>\n<p align=\"justify\">A l&#8217;educaci\u00f3 Prim\u00e0ria, a m\u00e9s a m\u00e9s de les sessions habituals de llengua anglesa, els alumnes de tots els cicles tenen tamb\u00e9 una sessi\u00f3 setmanal de Science en angl\u00e8s.<\/p>\n<p align=\"justify\">Sempre intentem que l\u00b4angl\u00e8s tingui pres\u00e8ncia m\u00e9s enll\u00e0 de l\u00b4aula, mitjan\u00e7ant l\u00b4organitzaci\u00f3 de festes a l\u00b4escola com el Concert de Nadal i l\u00b4English Day i sigui present en la revista elaborada pels alumnes i en la retolaci\u00f3 del centre.<\/p>\n<p align=\"justify\">A m\u00e9s a m\u00e9s, intentem normalitzar la participaci\u00f3 dels nostres alumnes en col\u00f2nies d&#8217;angl\u00e8s.<\/p>\n<table style=\"width: 1017px;\" cellspacing=\"0\" align=\"right\">\n<tbody>\n<tr>\n<td style=\"width: 170px;\"><\/td>\n<td style=\"width: 444px;\"><a href=\"http:\/\/agora.xtec.cat\/ceip-joma\/wp-content\/uploads\/usu1530\/2018\/07\/IMG_0232.jpg\"><img loading=\"lazy\" decoding=\"async\" class=\"alignnone size-large wp-image-666\" src=\"http:\/\/agora.xtec.cat\/ceip-joma\/wp-content\/uploads\/usu1530\/2018\/07\/IMG_0232-1024x765.jpg\" alt=\"\" width=\"1024\" height=\"765\" srcset=\"https:\/\/agora.xtec.cat\/ceip-joma\/wp-content\/uploads\/usu1530\/2018\/07\/IMG_0232-1024x765.jpg 1024w, https:\/\/agora.xtec.cat\/ceip-joma\/wp-content\/uploads\/usu1530\/2018\/07\/IMG_0232-300x224.jpg 300w, https:\/\/agora.xtec.cat\/ceip-joma\/wp-content\/uploads\/usu1530\/2018\/07\/IMG_0232-768x574.jpg 768w, https:\/\/agora.xtec.cat\/ceip-joma\/wp-content\/uploads\/usu1530\/2018\/07\/IMG_0232-200x150.jpg 200w\" sizes=\"auto, (max-width: 1024px) 100vw, 1024px\" \/><\/a><\/td>\n<td style=\"width: 401px;\"><a href=\"http:\/\/agora.xtec.cat\/ceip-joma\/wp-content\/uploads\/usu1530\/2018\/07\/IMG_0463.jpg\"><img loading=\"lazy\" decoding=\"async\" class=\"alignnone size-large wp-image-667\" src=\"http:\/\/agora.xtec.cat\/ceip-joma\/wp-content\/uploads\/usu1530\/2018\/07\/IMG_0463-765x1024.jpg\" alt=\"\" width=\"765\" height=\"1024\" srcset=\"https:\/\/agora.xtec.cat\/ceip-joma\/wp-content\/uploads\/usu1530\/2018\/07\/IMG_0463-765x1024.jpg 765w, https:\/\/agora.xtec.cat\/ceip-joma\/wp-content\/uploads\/usu1530\/2018\/07\/IMG_0463-224x300.jpg 224w, https:\/\/agora.xtec.cat\/ceip-joma\/wp-content\/uploads\/usu1530\/2018\/07\/IMG_0463-768x1028.jpg 768w, https:\/\/agora.xtec.cat\/ceip-joma\/wp-content\/uploads\/usu1530\/2018\/07\/IMG_0463.jpg 1936w\" sizes=\"auto, (max-width: 765px) 100vw, 765px\" \/><\/a><\/td>\n<\/tr>\n<\/tbody>\n<\/table>\n","protected":false},"excerpt":{"rendered":"<p>A la nostra escola, el treball de la Llengua Estrangera \u00e9s, des de fa molt temps, un objectiu prioritari i aix\u00ed queda recollit en el Projecte Ling\u00fc\u00edstic del centre, en el Projecte de Direcci\u00f3 i en el nostre Pla Anual. Volem fer possible que, al llarg de l&#8217;ensenyament obligatori, els alumnes dominin la llengua anglesa [&hellip;]<\/p>\n","protected":false},"author":8,"featured_media":0,"parent":0,"menu_order":0,"comment_status":"closed","ping_status":"closed","template":"","meta":{"_bbp_topic_count":0,"_bbp_reply_count":0,"_bbp_total_topic_count":0,"_bbp_total_reply_count":0,"_bbp_voice_count":0,"_bbp_anonymous_reply_count":0,"_bbp_topic_count_hidden":0,"_bbp_reply_count_hidden":0,"_bbp_forum_subforum_count":0,"site-sidebar-layout":"default","site-content-layout":"","ast-site-content-layout":"","site-content-style":"default","site-sidebar-style":"default","ast-global-header-display":"","ast-banner-title-visibility":"","ast-main-header-display":"","ast-hfb-above-header-display":"","ast-hfb-below-header-display":"","ast-hfb-mobile-header-display":"","site-post-title":"","ast-breadcrumbs-content":"","ast-featured-img":"","footer-sml-layout":"","theme-transparent-header-meta":"","adv-header-id-meta":"","stick-header-meta":"","header-above-stick-meta":"","header-main-stick-meta":"","header-below-stick-meta":"","astra-migrate-meta-layouts":"default","ast-page-background-enabled":"default","ast-page-background-meta":{"desktop":{"background-color":"var(--ast-global-color-4)","background-image":"","background-repeat":"repeat","background-position":"center center","background-size":"auto","background-attachment":"scroll","background-type":"","background-media":"","overlay-type":"","overlay-color":"","overlay-opacity":"","overlay-gradient":""},"tablet":{"background-color":"","background-image":"","background-repeat":"repeat","background-position":"center center","background-size":"auto","background-attachment":"scroll","background-type":"","background-media":"","overlay-type":"","overlay-color":"","overlay-opacity":"","overlay-gradient":""},"mobile":{"background-color":"","background-image":"","background-repeat":"repeat","background-position":"center center","background-size":"auto","background-attachment":"scroll","background-type":"","background-media":"","overlay-type":"","overlay-color":"","overlay-opacity":"","overlay-gradient":""}},"ast-content-background-meta":{"desktop":{"background-color":"var(--ast-global-color-5)","background-image":"","background-repeat":"repeat","background-position":"center center","background-size":"auto","background-attachment":"scroll","background-type":"","background-media":"","overlay-type":"","overlay-color":"","overlay-opacity":"","overlay-gradient":""},"tablet":{"background-color":"var(--ast-global-color-5)","background-image":"","background-repeat":"repeat","background-position":"center center","background-size":"auto","background-attachment":"scroll","background-type":"","background-media":"","overlay-type":"","overlay-color":"","overlay-opacity":"","overlay-gradient":""},"mobile":{"background-color":"var(--ast-global-color-5)","background-image":"","background-repeat":"repeat","background-position":"center center","background-size":"auto","background-attachment":"scroll","background-type":"","background-media":"","overlay-type":"","overlay-color":"","overlay-opacity":"","overlay-gradient":""}},"footnotes":""},"class_list":["post-623","page","type-page","status-publish","hentry"],"post_mailing_queue_ids":[],"_links":{"self":[{"href":"https:\/\/agora.xtec.cat\/ceip-joma\/wp-json\/wp\/v2\/pages\/623","targetHints":{"allow":["GET"]}}],"collection":[{"href":"https:\/\/agora.xtec.cat\/ceip-joma\/wp-json\/wp\/v2\/pages"}],"about":[{"href":"https:\/\/agora.xtec.cat\/ceip-joma\/wp-json\/wp\/v2\/types\/page"}],"author":[{"embeddable":true,"href":"https:\/\/agora.xtec.cat\/ceip-joma\/wp-json\/wp\/v2\/users\/8"}],"replies":[{"embeddable":true,"href":"https:\/\/agora.xtec.cat\/ceip-joma\/wp-json\/wp\/v2\/comments?post=623"}],"version-history":[{"count":4,"href":"https:\/\/agora.xtec.cat\/ceip-joma\/wp-json\/wp\/v2\/pages\/623\/revisions"}],"predecessor-version":[{"id":3010,"href":"https:\/\/agora.xtec.cat\/ceip-joma\/wp-json\/wp\/v2\/pages\/623\/revisions\/3010"}],"wp:attachment":[{"href":"https:\/\/agora.xtec.cat\/ceip-joma\/wp-json\/wp\/v2\/media?parent=623"}],"curies":[{"name":"wp","href":"https:\/\/api.w.org\/{rel}","templated":true}]}}