{"id":525,"date":"2017-07-06T12:23:12","date_gmt":"2017-07-06T10:23:12","guid":{"rendered":"http:\/\/agora.xtec.cat\/ceip-joma\/?page_id=525"},"modified":"2022-02-18T09:56:01","modified_gmt":"2022-02-18T08:56:01","slug":"plantejament-institucional","status":"publish","type":"page","link":"https:\/\/agora.xtec.cat\/ceip-joma\/plantejament-institucional\/","title":{"rendered":"Plantejament Institucional"},"content":{"rendered":"<h2>Missi\u00f3:<\/h2>\n<p align=\"justify\">L\u2019Escola Josep Masclans som una escola catalana, p\u00fablica, inclusiva, plural, coeducativa, democr\u00e0tica i respectuosa amb totes les creences. Tenim com a finalitat potenciar el desenvolupament integral dels alumnes per formar ciutadans cr\u00edtics, tolerants, respectuosos amb les persones i el medi, participatius en la construcci\u00f3 d\u2019un m\u00f3n millor i incentivant un aprenentatge al llarg de la vida.<\/p>\n<h2>Visi\u00f3:<\/h2>\n<p>Volem aconseguir que els alumnes de l\u2019Escola Josep Masclans puguin desenvolupar al m\u00e0xim les seves compet\u00e8ncies:<\/p>\n<p>* Millorar el nivell educatiu de tot l\u2019alumnat i potenciar les seves habilitats socials, d\u2019esfor\u00e7, treball i estudi mitjan\u00e7ant l\u2019aprenentatge cooperatiu, l\u2019\u00fas de les noves tecnologies , l\u2019aprenentatge de les lleng\u00fces&#8230;<\/p>\n<p>* Ser coorresponsables de l\u2019educaci\u00f3 del infants conjuntament amb els pares.<\/p>\n<p>* Fer priorit\u00e0ria l\u2019atenci\u00f3 a la diversitat com a base d\u2019una escola inclusiva.<\/p>\n<p>* Refor\u00e7ar el sentiment de pertinen\u00e7a i arrelament a l\u2019entorn i al m\u00f3n en general.<\/p>\n<p>* Fomentar una formaci\u00f3 basada en l\u2019autonomia personal.<\/p>\n<p>* Desenvolupar les capacitats cr\u00edtica, creativa i afectiva en tots els \u00e0mbits de la personalitat i en la manera de relacionar-se amb els altres.<\/p>\n<p>* Afavorir i treballar per la cohesi\u00f3 social entre tots els membres de la comunitat educativa.<\/p>\n<h2>Valors:<\/h2>\n<p>L\u2019Escola Josep Masclans vol transmetre els seg\u00fcents valors:<\/p>\n<p>* Valors personals: autonomia personal, esperit cr\u00edtic, responsabilitat , esfor\u00e7, superaci\u00f3, coneixement i regulaci\u00f3 de les pr\u00f2pies emocions.<\/p>\n<p>* Valors del centre: di\u00e0leg, coher\u00e8ncia, solidaritat, igualtat, toler\u00e0ncia, inclusi\u00f3, participaci\u00f3 democr\u00e0tica, il\u2022lusi\u00f3 pel treball, innovaci\u00f3.<\/p>\n<p>* Valors socials: comprom\u00eds i iniciativa social, respecte, assertivitat, cooperaci\u00f3, cultura de la pau i sostenibilitat.<\/p>\n<p><a href=\"https:\/\/agora.xtec.cat\/ceip-joma\/wp-content\/uploads\/usu1530\/2022\/02\/NOU-PE-canvis.docx\">\u00a0PE <\/a><\/p>\n","protected":false},"excerpt":{"rendered":"<p>Missi\u00f3: L\u2019Escola Josep Masclans som una escola catalana, p\u00fablica, inclusiva, plural, coeducativa, democr\u00e0tica i respectuosa amb totes les creences. Tenim com a finalitat potenciar el desenvolupament integral dels alumnes per formar ciutadans cr\u00edtics, tolerants, respectuosos amb les persones i el medi, participatius en la construcci\u00f3 d\u2019un m\u00f3n millor i incentivant un aprenentatge al llarg de [&hellip;]<\/p>\n","protected":false},"author":1,"featured_media":0,"parent":0,"menu_order":0,"comment_status":"closed","ping_status":"closed","template":"","meta":{"_bbp_topic_count":0,"_bbp_reply_count":0,"_bbp_total_topic_count":0,"_bbp_total_reply_count":0,"_bbp_voice_count":0,"_bbp_anonymous_reply_count":0,"_bbp_topic_count_hidden":0,"_bbp_reply_count_hidden":0,"_bbp_forum_subforum_count":0,"site-sidebar-layout":"default","site-content-layout":"","ast-site-content-layout":"","site-content-style":"default","site-sidebar-style":"default","ast-global-header-display":"","ast-banner-title-visibility":"","ast-main-header-display":"","ast-hfb-above-header-display":"","ast-hfb-below-header-display":"","ast-hfb-mobile-header-display":"","site-post-title":"","ast-breadcrumbs-content":"","ast-featured-img":"","footer-sml-layout":"","theme-transparent-header-meta":"","adv-header-id-meta":"","stick-header-meta":"","header-above-stick-meta":"","header-main-stick-meta":"","header-below-stick-meta":"","astra-migrate-meta-layouts":"default","ast-page-background-enabled":"default","ast-page-background-meta":{"desktop":{"background-color":"var(--ast-global-color-4)","background-image":"","background-repeat":"repeat","background-position":"center center","background-size":"auto","background-attachment":"scroll","background-type":"","background-media":"","overlay-type":"","overlay-color":"","overlay-opacity":"","overlay-gradient":""},"tablet":{"background-color":"","background-image":"","background-repeat":"repeat","background-position":"center center","background-size":"auto","background-attachment":"scroll","background-type":"","background-media":"","overlay-type":"","overlay-color":"","overlay-opacity":"","overlay-gradient":""},"mobile":{"background-color":"","background-image":"","background-repeat":"repeat","background-position":"center center","background-size":"auto","background-attachment":"scroll","background-type":"","background-media":"","overlay-type":"","overlay-color":"","overlay-opacity":"","overlay-gradient":""}},"ast-content-background-meta":{"desktop":{"background-color":"var(--ast-global-color-5)","background-image":"","background-repeat":"repeat","background-position":"center center","background-size":"auto","background-attachment":"scroll","background-type":"","background-media":"","overlay-type":"","overlay-color":"","overlay-opacity":"","overlay-gradient":""},"tablet":{"background-color":"var(--ast-global-color-5)","background-image":"","background-repeat":"repeat","background-position":"center center","background-size":"auto","background-attachment":"scroll","background-type":"","background-media":"","overlay-type":"","overlay-color":"","overlay-opacity":"","overlay-gradient":""},"mobile":{"background-color":"var(--ast-global-color-5)","background-image":"","background-repeat":"repeat","background-position":"center center","background-size":"auto","background-attachment":"scroll","background-type":"","background-media":"","overlay-type":"","overlay-color":"","overlay-opacity":"","overlay-gradient":""}},"footnotes":""},"class_list":["post-525","page","type-page","status-publish","hentry"],"post_mailing_queue_ids":[],"_links":{"self":[{"href":"https:\/\/agora.xtec.cat\/ceip-joma\/wp-json\/wp\/v2\/pages\/525","targetHints":{"allow":["GET"]}}],"collection":[{"href":"https:\/\/agora.xtec.cat\/ceip-joma\/wp-json\/wp\/v2\/pages"}],"about":[{"href":"https:\/\/agora.xtec.cat\/ceip-joma\/wp-json\/wp\/v2\/types\/page"}],"author":[{"embeddable":true,"href":"https:\/\/agora.xtec.cat\/ceip-joma\/wp-json\/wp\/v2\/users\/1"}],"replies":[{"embeddable":true,"href":"https:\/\/agora.xtec.cat\/ceip-joma\/wp-json\/wp\/v2\/comments?post=525"}],"version-history":[{"count":3,"href":"https:\/\/agora.xtec.cat\/ceip-joma\/wp-json\/wp\/v2\/pages\/525\/revisions"}],"predecessor-version":[{"id":3660,"href":"https:\/\/agora.xtec.cat\/ceip-joma\/wp-json\/wp\/v2\/pages\/525\/revisions\/3660"}],"wp:attachment":[{"href":"https:\/\/agora.xtec.cat\/ceip-joma\/wp-json\/wp\/v2\/media?parent=525"}],"curies":[{"name":"wp","href":"https:\/\/api.w.org\/{rel}","templated":true}]}}