{"id":2794,"date":"2020-10-22T16:13:01","date_gmt":"2020-10-22T14:13:01","guid":{"rendered":"http:\/\/agora.xtec.cat\/ceip-joma\/?page_id=2794"},"modified":"2025-09-25T13:36:26","modified_gmt":"2025-09-25T11:36:26","slug":"pla-tac","status":"publish","type":"page","link":"https:\/\/agora.xtec.cat\/ceip-joma\/pla-tac\/","title":{"rendered":"Pla d&#8217;educaci\u00f3 digital"},"content":{"rendered":"<h2 style=\"text-align: center;\"><b><i>Condicions i usos dels comptes d\u2019alumnes i les seves fam\u00edlies<\/i><\/b><\/h2>\n<p><span style=\"font-weight: 400;\">Aquestes s\u00f3n les condicions i usos que els alumnes de l\u2019escola Josep Masclans han de fer del compte Gsuite i les diferents eines (Classroom, correu electr\u00f2nic,&#8230;) facilitat pel centre.<\/span><\/p>\n<p><span style=\"font-weight: 400;\">Cal tenir-les present a l\u2019hora de fer-lo servir.\u00a0<\/span><\/p>\n<table style=\"height: 564px;\">\n<tbody>\n<tr style=\"height: 35px;\">\n<td style=\"text-align: center; height: 35px; width: 419px;\"><b>Bones\u00a0 pr\u00e0ctiques<\/b><\/td>\n<td style=\"text-align: center; height: 35px; width: 398px;\"><b>Actitud sancionables<\/b><\/td>\n<\/tr>\n<tr style=\"height: 529px;\">\n<td style=\"height: 529px; width: 419px;\">\n<ul>\n<li style=\"font-weight: 400;\"><b>Tancar la sessi\u00f3<\/b><span style=\"font-weight: 400;\"> un cop finalitzada la feina.<\/span><\/li>\n<\/ul>\n<ul>\n<li style=\"font-weight: 400;\"><b>Tancar<\/b><span style=\"font-weight: 400;\">, si no \u00e9s el nostre ordinador, <\/span><b>una sessi\u00f3 oberta si un altre usuari se l\u2019ha descuidat.<\/b><\/li>\n<\/ul>\n<ul>\n<li style=\"font-weight: 400;\"><span style=\"font-weight: 400;\">L\u2019alumne\/a podr\u00e0 <\/span><b>editar el seu perfil amb una foto de carnet seva<\/b><span style=\"font-weight: 400;\">, en cap cas utilitzar\u00e0 el perfil per posar fotografies incoherents.<\/span><\/li>\n<\/ul>\n<ul>\n<li style=\"font-weight: 400;\"><b>No eliminar cap document <\/b><span style=\"font-weight: 400;\">compartit per mestres o de l\u2019escola.<\/span><\/li>\n<\/ul>\n<ul>\n<li style=\"font-weight: 400;\"><b>Preguntar al mestre<\/b><span style=\"font-weight: 400;\"> quan no se sap que s\u2019ha de fer.<\/span><\/li>\n<\/ul>\n<ul>\n<li style=\"font-weight: 400;\"><b>Recordar els passos fets<\/b><span style=\"font-weight: 400;\"> al comen\u00e7ar a descobrir un programa o App nou. (Anotar si cal).<\/span><\/li>\n<\/ul>\n<ul>\n<li style=\"font-weight: 400;\"><b>Compartir amb els companys <\/b><span style=\"font-weight: 400;\">estrat\u00e8gies de treball.<\/span><\/li>\n<\/ul>\n<ul>\n<li style=\"font-weight: 400;\"><span style=\"font-weight: 400;\">Recordar que el <\/span><b>retorn, dubtes i tasques<\/b><span style=\"font-weight: 400;\"> proposades es duran a terme <\/span><b>dins de l\u2019horari lectiu<\/b><span style=\"font-weight: 400;\"> dels mestres.<\/span><\/li>\n<\/ul>\n<\/td>\n<td style=\"height: 529px; width: 398px;\">\n<ul>\n<li style=\"font-weight: 400;\"><b>Utilitzar el vostre compte de l\u2019escola<\/b><span style=\"font-weight: 400;\"> per comunicar-se amb persones de fora de l\u2019escola.<\/span><\/li>\n<\/ul>\n<ul>\n<li style=\"font-weight: 400;\"><span style=\"font-weight: 400;\">.Deixar <\/span><b>comentaris irrespectuosos<\/b><span style=\"font-weight: 400;\"> o insultar.<\/span><\/li>\n<\/ul>\n<ul>\n<li style=\"font-weight: 400;\"><b>Remenar continguts d\u2019altres companys<\/b><span style=\"font-weight: 400;\">.<\/span><\/li>\n<\/ul>\n<ul>\n<li style=\"font-weight: 400;\"><b>Copiar\/apropiar-se de treballs<\/b><span style=\"font-weight: 400;\"> d\u2019altres.<\/span><\/li>\n<\/ul>\n<ul>\n<li style=\"font-weight: 400;\"><b>Suplantar la identitat<\/b><span style=\"font-weight: 400;\"> d\u2019una altra persona.<\/span><\/li>\n<\/ul>\n<ul>\n<li style=\"font-weight: 400;\"><b>Canviar la contrasenya<\/b><span style=\"font-weight: 400;\"> d\u2019un company\/a.<\/span><\/li>\n<\/ul>\n<ul>\n<li style=\"font-weight: 400;\"><b>Molestar\/assetjar<\/b><span style=\"font-weight: 400;\"> als companys\/es.<\/span><\/li>\n<\/ul>\n<ul>\n<li style=\"font-weight: 400;\"><span style=\"font-weight: 400;\">Entrar a <\/span><b>p\u00e0gines prohibides<\/b><span style=\"font-weight: 400;\">.<\/span><\/li>\n<\/ul>\n<ul>\n<li style=\"font-weight: 400;\"><b>Guardar arxius no adequats<\/b><span style=\"font-weight: 400;\"> al Drive.<\/span><\/li>\n<\/ul>\n<\/td>\n<\/tr>\n<\/tbody>\n<\/table>\n<ul>\n<li style=\"font-weight: 400;\"><span style=\"font-weight: 400;\">PRACTICAR QUALSEVOL D\u2019AQUESTES ACTITUTS SANCIONABLES COMPORTA LA SUSPENSI\u00d3 DEL VOSTRE COMPTE DURANT 1 SETMANA.<\/span><\/li>\n<li style=\"font-weight: 400;\"><span style=\"font-weight: 400;\">LA REINCID\u00c8NCIA COMPORTA LA SUSPENSI\u00d3 DURANT 15 DIES.<\/span><\/li>\n<li style=\"font-weight: 400;\"><span style=\"font-weight: 400;\">UNA 3\u00aa REINCID\u00c8NCIA COMPORTAR\u00c0 L\u2019ELIMINACI\u00d3 DEL VOSTRE USUARI.<\/span><\/li>\n<\/ul>\n<p><iframe loading=\"lazy\" src=\"https:\/\/www.youtube.com\/embed\/QQskoBN5tPY?start=44\" width=\"560\" height=\"315\" frameborder=\"0\"><\/iframe><\/p>\n<p><iframe loading=\"lazy\" src=\"https:\/\/www.youtube.com\/embed\/kwNN2OBxA6Y?start=16\" width=\"560\" height=\"315\" frameborder=\"0\"><\/iframe><\/p>\n<p>&nbsp;<\/p>\n<p>Podeu realitzar aquest q\u00fcestionari per con\u00e8ixer l&#8217;equipament inform\u00e0tic que disposeu a casa en cas de confinament!<\/p>\n<p><iframe loading=\"lazy\" src=\"https:\/\/docs.google.com\/forms\/d\/e\/1FAIpQLSc9xR-ar60jjm17hzWezfDGi-hSn0JrNz4aKpVlEweucuPI3Q\/viewform?embedded=true\" width=\"640\" height=\"1888\" frameborder=\"0\" data-mce-fragment=\"1\">S&#8217;est\u00e0 carregant\u2026<\/iframe><\/p>\n<p>ENQUESTA FAMILIES ESTRAT\u00c8GIA DIGITAL <a href=\"https:\/\/forms.gle\/yT2nsrh3RQr4qLFeA\">:https:\/\/forms.gle\/yT2nsrh3RQr4qLFeA<\/a><\/p>\n","protected":false},"excerpt":{"rendered":"<p>Condicions i usos dels comptes d\u2019alumnes i les seves fam\u00edlies Aquestes s\u00f3n les condicions i usos que els alumnes de l\u2019escola Josep Masclans han de fer del compte Gsuite i les diferents eines (Classroom, correu electr\u00f2nic,&#8230;) facilitat pel centre. Cal tenir-les present a l\u2019hora de fer-lo servir.\u00a0 Bones\u00a0 pr\u00e0ctiques Actitud sancionables Tancar la sessi\u00f3 un [&hellip;]<\/p>\n","protected":false},"author":19,"featured_media":0,"parent":0,"menu_order":0,"comment_status":"closed","ping_status":"closed","template":"","meta":{"_bbp_topic_count":0,"_bbp_reply_count":0,"_bbp_total_topic_count":0,"_bbp_total_reply_count":0,"_bbp_voice_count":0,"_bbp_anonymous_reply_count":0,"_bbp_topic_count_hidden":0,"_bbp_reply_count_hidden":0,"_bbp_forum_subforum_count":0,"site-sidebar-layout":"default","site-content-layout":"","ast-site-content-layout":"","site-content-style":"default","site-sidebar-style":"default","ast-global-header-display":"","ast-banner-title-visibility":"","ast-main-header-display":"","ast-hfb-above-header-display":"","ast-hfb-below-header-display":"","ast-hfb-mobile-header-display":"","site-post-title":"","ast-breadcrumbs-content":"","ast-featured-img":"","footer-sml-layout":"","theme-transparent-header-meta":"","adv-header-id-meta":"","stick-header-meta":"","header-above-stick-meta":"","header-main-stick-meta":"","header-below-stick-meta":"","astra-migrate-meta-layouts":"default","ast-page-background-enabled":"default","ast-page-background-meta":{"desktop":{"background-color":"var(--ast-global-color-4)","background-image":"","background-repeat":"repeat","background-position":"center center","background-size":"auto","background-attachment":"scroll","background-type":"","background-media":"","overlay-type":"","overlay-color":"","overlay-opacity":"","overlay-gradient":""},"tablet":{"background-color":"","background-image":"","background-repeat":"repeat","background-position":"center center","background-size":"auto","background-attachment":"scroll","background-type":"","background-media":"","overlay-type":"","overlay-color":"","overlay-opacity":"","overlay-gradient":""},"mobile":{"background-color":"","background-image":"","background-repeat":"repeat","background-position":"center center","background-size":"auto","background-attachment":"scroll","background-type":"","background-media":"","overlay-type":"","overlay-color":"","overlay-opacity":"","overlay-gradient":""}},"ast-content-background-meta":{"desktop":{"background-color":"var(--ast-global-color-5)","background-image":"","background-repeat":"repeat","background-position":"center center","background-size":"auto","background-attachment":"scroll","background-type":"","background-media":"","overlay-type":"","overlay-color":"","overlay-opacity":"","overlay-gradient":""},"tablet":{"background-color":"var(--ast-global-color-5)","background-image":"","background-repeat":"repeat","background-position":"center center","background-size":"auto","background-attachment":"scroll","background-type":"","background-media":"","overlay-type":"","overlay-color":"","overlay-opacity":"","overlay-gradient":""},"mobile":{"background-color":"var(--ast-global-color-5)","background-image":"","background-repeat":"repeat","background-position":"center center","background-size":"auto","background-attachment":"scroll","background-type":"","background-media":"","overlay-type":"","overlay-color":"","overlay-opacity":"","overlay-gradient":""}},"footnotes":""},"class_list":["post-2794","page","type-page","status-publish","hentry"],"post_mailing_queue_ids":[],"_links":{"self":[{"href":"https:\/\/agora.xtec.cat\/ceip-joma\/wp-json\/wp\/v2\/pages\/2794","targetHints":{"allow":["GET"]}}],"collection":[{"href":"https:\/\/agora.xtec.cat\/ceip-joma\/wp-json\/wp\/v2\/pages"}],"about":[{"href":"https:\/\/agora.xtec.cat\/ceip-joma\/wp-json\/wp\/v2\/types\/page"}],"author":[{"embeddable":true,"href":"https:\/\/agora.xtec.cat\/ceip-joma\/wp-json\/wp\/v2\/users\/19"}],"replies":[{"embeddable":true,"href":"https:\/\/agora.xtec.cat\/ceip-joma\/wp-json\/wp\/v2\/comments?post=2794"}],"version-history":[{"count":4,"href":"https:\/\/agora.xtec.cat\/ceip-joma\/wp-json\/wp\/v2\/pages\/2794\/revisions"}],"predecessor-version":[{"id":5731,"href":"https:\/\/agora.xtec.cat\/ceip-joma\/wp-json\/wp\/v2\/pages\/2794\/revisions\/5731"}],"wp:attachment":[{"href":"https:\/\/agora.xtec.cat\/ceip-joma\/wp-json\/wp\/v2\/media?parent=2794"}],"curies":[{"name":"wp","href":"https:\/\/api.w.org\/{rel}","templated":true}]}}