{"id":73,"date":"2014-09-18T14:01:51","date_gmt":"2014-09-18T13:01:51","guid":{"rendered":"http:\/\/agora.xtec.cat\/ceip-joaquim-blume\/?page_id=73"},"modified":"2026-04-01T22:50:31","modified_gmt":"2026-04-01T20:50:31","slug":"menjador-escolar","status":"publish","type":"page","link":"https:\/\/agora.xtec.cat\/ceip-joaquim-blume\/serveis\/menjador-escolar\/","title":{"rendered":"Menjador escolar"},"content":{"rendered":"<p>La gesti\u00f3 es fa a trav\u00e9s de l&#8217;AFA de l&#8217;escola i l&#8217;empresa que gestiona el nostre menjador escolar \u00e9s La vostra cuina. <strong>Disposem de cuina pr\u00f2pia.<\/strong><\/p>\n<p><a href=\"https:\/\/www.cateringlavostracuina.com\/men%C3%BAs\" target=\"_blank\" rel=\"noopener\"><strong>MEN\u00daS (es poden consultar tots els men\u00fas al mes corresponent)<\/strong><\/a><\/p>\n<p><a href=\"https:\/\/agora.xtec.cat\/ceip-joaquim-blume\/wp-content\/uploads\/usu1577\/2026\/04\/Abril_basal.pdf\" target=\"_blank\" rel=\"noopener\">Abril<\/a><\/p>\n<p><strong><a href=\"https:\/\/agora.xtec.cat\/ceip-joaquim-blume\/wp-content\/uploads\/usu1577\/2024\/09\/inscripcio-menjador-24-25.pdf\" target=\"_blank\" rel=\"noopener\">Inscripci\u00f3<\/a>:<\/strong> Totes les fam\u00edlies que vulguin que els seus fills i filles utilitzin el servei menjador, han de fer la inscripci\u00f3 o actualitzar la del curs anterior en cas que hi hagi algun canvi.<\/p>\n<p>Cal omplir aquest document i enviar-lo al correu:\u00a0joaquimblume@vostracuina.com<\/p>\n<p>Si teniu dubtes, podeu consultar amb la <strong>coordinadora del menjador al tel\u00e8fon: <b>689 66 08 47<\/b><\/strong><\/p>\n<p>Us atendr\u00e0 des del 5 de setembre en horari de 9 a 10h.<\/p>\n<p>L&#8217;alumnat d&#8217;I3 iniciar\u00e0 el menjador a partir del 17 de setembre.<\/p>\n<p><strong>Pagament:<\/strong> El preu del men\u00fa ser\u00e0 de<strong> 7,54 \u20ac per als usuaris fixos<\/strong> i <strong>8,29\u20ac per als usuaris temporals<\/strong>.<\/p>\n<p>Es pot pagar per domiciliaci\u00f3 banc\u00e0ria (es cobrar\u00e0 entre l&#8217;1 i el 7 de cada mes) o b\u00e9 per transfer\u00e8ncia (s&#8217;ha de fer entre l&#8217;1 i el 7 de cada mes).<\/p>\n<p>Si necessiteu altres m\u00e8todes de pagament, podeu parlar amb la coordinadora. <strong>MOLT IMPORTANT: N\u00famero de compte per fer els pagaments del menjador: ES34 0081 0073 1300 0116 0017<\/strong><\/p>\n<p>Tr\u00edptic informatiu fam\u00edlies<\/p>\n<div><\/div>\n<div><\/div>\n","protected":false},"excerpt":{"rendered":"<p>La gesti\u00f3 es fa a trav\u00e9s de l&#8217;AFA de l&#8217;escola i l&#8217;empresa que gestiona el nostre menjador escolar \u00e9s La vostra cuina. Disposem de cuina pr\u00f2pia.<br \/>\n<a href=\"https:\/\/www.cateringlavostracuina.com\/men%C3%BAs\" target=\"_blank\" rel=\"noopener\">MEN\u00daS (es poden consultar tots els men\u00fas al mes corresponent)<\/a><br \/>\n<a href=\"https:\/\/agora.xtec.cat\/ceip-joaquim-blume\/wp-content\/uploads\/usu1577\/2026\/04\/Abril_basal.pdf\" target=\"_blank\" rel=\"noopener\">Abril<\/a><br \/>\n<a href=\"https:\/\/agora.xtec.cat\/ceip-joaquim-blume\/wp-content\/uploads\/usu1577\/2024\/09\/inscripcio-menjador-24-25.pdf\" target=\"_blank\" rel=\"noopener\">Inscripci\u00f3<\/a>: Totes&hellip;  <a href=\"https:\/\/agora.xtec.cat\/ceip-joaquim-blume\/serveis\/menjador-escolar\/\" title=\"Read Menjador escolar\">Llegeix m\u00e9s\u00bb<\/a><\/p>\n","protected":false},"author":1,"featured_media":0,"parent":66,"menu_order":50,"comment_status":"closed","ping_status":"closed","template":"page-templates\/side-menu.php","meta":{"_bbp_topic_count":0,"_bbp_reply_count":0,"_bbp_total_topic_count":0,"_bbp_total_reply_count":0,"_bbp_voice_count":0,"_bbp_anonymous_reply_count":0,"_bbp_topic_count_hidden":0,"_bbp_reply_count_hidden":0,"_bbp_forum_subforum_count":0,"footnotes":""},"class_list":["post-73","page","type-page","status-publish","hentry"],"post_mailing_queue_ids":[],"_links":{"self":[{"href":"https:\/\/agora.xtec.cat\/ceip-joaquim-blume\/wp-json\/wp\/v2\/pages\/73","targetHints":{"allow":["GET"]}}],"collection":[{"href":"https:\/\/agora.xtec.cat\/ceip-joaquim-blume\/wp-json\/wp\/v2\/pages"}],"about":[{"href":"https:\/\/agora.xtec.cat\/ceip-joaquim-blume\/wp-json\/wp\/v2\/types\/page"}],"author":[{"embeddable":true,"href":"https:\/\/agora.xtec.cat\/ceip-joaquim-blume\/wp-json\/wp\/v2\/users\/1"}],"replies":[{"embeddable":true,"href":"https:\/\/agora.xtec.cat\/ceip-joaquim-blume\/wp-json\/wp\/v2\/comments?post=73"}],"version-history":[{"count":6,"href":"https:\/\/agora.xtec.cat\/ceip-joaquim-blume\/wp-json\/wp\/v2\/pages\/73\/revisions"}],"predecessor-version":[{"id":4454,"href":"https:\/\/agora.xtec.cat\/ceip-joaquim-blume\/wp-json\/wp\/v2\/pages\/73\/revisions\/4454"}],"up":[{"embeddable":true,"href":"https:\/\/agora.xtec.cat\/ceip-joaquim-blume\/wp-json\/wp\/v2\/pages\/66"}],"wp:attachment":[{"href":"https:\/\/agora.xtec.cat\/ceip-joaquim-blume\/wp-json\/wp\/v2\/media?parent=73"}],"curies":[{"name":"wp","href":"https:\/\/api.w.org\/{rel}","templated":true}]}}