{"id":518,"date":"2016-12-08T20:16:46","date_gmt":"2016-12-08T19:16:46","guid":{"rendered":"http:\/\/agora.xtec.cat\/ceip-joaquim-blume\/?page_id=518"},"modified":"2020-01-29T09:52:24","modified_gmt":"2020-01-29T08:52:24","slug":"hort","status":"publish","type":"page","link":"https:\/\/agora.xtec.cat\/ceip-joaquim-blume\/projecte-educatiu\/hort\/","title":{"rendered":"Hort"},"content":{"rendered":"<p>A l&#8217;escola fem el projecte &#8220;Hort Escolar&#8221;. Els alumnes d&#8217;educaci\u00f3 infantil i cicle inicial, en grups redu\u00efts, es cuiden de treure les males herbes, preparar la terra per la plantada, plantar, regar i recollir els fruits.<\/p>\n<p>Amb aquest projecte volem aprofundir en la cultura de la sostenibilitat i la cultura de la terra i produir aliments segurs, de qualitat i respectuosos amb el medi ambient.<\/p>\n<p>A m\u00e9s a m\u00e9s, volem potenciar el treball cooperatiu i la responsabilitat afavorint la conviv\u00e8ncia i l\u2019intercanvi de coneixements entre generacions diferents ja que avis voluntaris els ajuden i els expliquen com fer-ho.<\/p>\n<p><img loading=\"lazy\" decoding=\"async\" class=\"wp-image-1658 aligncenter\" src=\"https:\/\/agora.xtec.cat\/ceip-joaquim-blume\/wp-content\/uploads\/usu1577\/2020\/01\/hort2-300x230.jpg\" alt=\"\" width=\"466\" height=\"357\" srcset=\"https:\/\/agora.xtec.cat\/ceip-joaquim-blume\/wp-content\/uploads\/usu1577\/2020\/01\/hort2-300x230.jpg 300w, https:\/\/agora.xtec.cat\/ceip-joaquim-blume\/wp-content\/uploads\/usu1577\/2020\/01\/hort2-768x589.jpg 768w, https:\/\/agora.xtec.cat\/ceip-joaquim-blume\/wp-content\/uploads\/usu1577\/2020\/01\/hort2-1024x785.jpg 1024w\" sizes=\"auto, (max-width: 466px) 100vw, 466px\" \/><\/p>\n<p><img loading=\"lazy\" decoding=\"async\" class=\"wp-image-1158 aligncenter\" src=\"http:\/\/agora.xtec.cat\/ceip-joaquim-blume\/wp-content\/uploads\/usu1577\/2016\/12\/IMG_6822-web-300x225.jpg\" alt=\"\" width=\"471\" height=\"353\" srcset=\"https:\/\/agora.xtec.cat\/ceip-joaquim-blume\/wp-content\/uploads\/usu1577\/2016\/12\/IMG_6822-web-300x225.jpg 300w, https:\/\/agora.xtec.cat\/ceip-joaquim-blume\/wp-content\/uploads\/usu1577\/2016\/12\/IMG_6822-web-768x576.jpg 768w, https:\/\/agora.xtec.cat\/ceip-joaquim-blume\/wp-content\/uploads\/usu1577\/2016\/12\/IMG_6822-web-1024x768.jpg 1024w, https:\/\/agora.xtec.cat\/ceip-joaquim-blume\/wp-content\/uploads\/usu1577\/2016\/12\/IMG_6822-web-200x150.jpg 200w, https:\/\/agora.xtec.cat\/ceip-joaquim-blume\/wp-content\/uploads\/usu1577\/2016\/12\/IMG_6822-web.jpg 2016w\" sizes=\"auto, (max-width: 471px) 100vw, 471px\" \/><\/p>\n","protected":false},"excerpt":{"rendered":"<p>A l&#8217;escola fem el projecte &#8220;Hort Escolar&#8221;. Els alumnes d&#8217;educaci\u00f3 infantil i cicle inicial, en grups redu\u00efts, es cuiden de treure les males herbes, preparar la terra per la plantada, plantar, regar i recollir els fruits.<br \/>\nAmb aquest projecte volem aprofundir en la cultura de la&hellip;  <a href=\"https:\/\/agora.xtec.cat\/ceip-joaquim-blume\/projecte-educatiu\/hort\/\" title=\"Read Hort\">Llegeix m\u00e9s\u00bb<\/a><\/p>\n","protected":false},"author":1,"featured_media":0,"parent":64,"menu_order":40,"comment_status":"closed","ping_status":"closed","template":"page-templates\/side-menu.php","meta":{"_bbp_topic_count":0,"_bbp_reply_count":0,"_bbp_total_topic_count":0,"_bbp_total_reply_count":0,"_bbp_voice_count":0,"_bbp_anonymous_reply_count":0,"_bbp_topic_count_hidden":0,"_bbp_reply_count_hidden":0,"_bbp_forum_subforum_count":0,"footnotes":""},"class_list":["post-518","page","type-page","status-publish","hentry"],"post_mailing_queue_ids":[],"_links":{"self":[{"href":"https:\/\/agora.xtec.cat\/ceip-joaquim-blume\/wp-json\/wp\/v2\/pages\/518","targetHints":{"allow":["GET"]}}],"collection":[{"href":"https:\/\/agora.xtec.cat\/ceip-joaquim-blume\/wp-json\/wp\/v2\/pages"}],"about":[{"href":"https:\/\/agora.xtec.cat\/ceip-joaquim-blume\/wp-json\/wp\/v2\/types\/page"}],"author":[{"embeddable":true,"href":"https:\/\/agora.xtec.cat\/ceip-joaquim-blume\/wp-json\/wp\/v2\/users\/1"}],"replies":[{"embeddable":true,"href":"https:\/\/agora.xtec.cat\/ceip-joaquim-blume\/wp-json\/wp\/v2\/comments?post=518"}],"version-history":[{"count":4,"href":"https:\/\/agora.xtec.cat\/ceip-joaquim-blume\/wp-json\/wp\/v2\/pages\/518\/revisions"}],"predecessor-version":[{"id":1659,"href":"https:\/\/agora.xtec.cat\/ceip-joaquim-blume\/wp-json\/wp\/v2\/pages\/518\/revisions\/1659"}],"up":[{"embeddable":true,"href":"https:\/\/agora.xtec.cat\/ceip-joaquim-blume\/wp-json\/wp\/v2\/pages\/64"}],"wp:attachment":[{"href":"https:\/\/agora.xtec.cat\/ceip-joaquim-blume\/wp-json\/wp\/v2\/media?parent=518"}],"curies":[{"name":"wp","href":"https:\/\/api.w.org\/{rel}","templated":true}]}}