{"id":516,"date":"2016-12-08T20:15:48","date_gmt":"2016-12-08T19:15:48","guid":{"rendered":"http:\/\/agora.xtec.cat\/ceip-joaquim-blume\/?page_id=516"},"modified":"2017-12-13T11:39:42","modified_gmt":"2017-12-13T10:39:42","slug":"agenda-21","status":"publish","type":"page","link":"https:\/\/agora.xtec.cat\/ceip-joaquim-blume\/projecte-educatiu\/agenda-21\/","title":{"rendered":"Agenda 21 +"},"content":{"rendered":"<div>\n<div><span style=\"font-size: small;\"><span style=\"font-family: Arial;\"><span style=\"font-size: medium;\"><a href=\"http:\/\/agenda21escolarplussabadell.cat\/\">Agenda 21 +<\/a> \u00e9s un <\/span><\/span><\/span><span style=\"font-size: medium;\"><span style=\"font-family: Arial;\">programa pilot a 6 centres educatius de prim\u00e0ria de refor\u00e7 de la gesti\u00f3 ambiental dels centres. Enguany participa el nostre centre junt amb l&#8217;Andreu Castells, el Catalunya, El Concordia, el Mart\u00ed i Pol i el Pau Casals.<br \/>\n<\/span><\/span><\/div>\n<p><span style=\"font-size: medium;\"><span style=\"font-family: Arial;\"><br \/>\n<\/span><\/span><\/p>\n<\/div>\n<p><span style=\"font-size: medium;\"><span style=\"font-family: Arial;\">Uns dels objectius d&#8217;aquest projecte s\u00f3n la millora <\/span><span style=\"font-family: Arial;\">i estructuraci\u00f3 dels processos\/protocols interns de gesti\u00f3 d&#8217;energia, residus i aigua i la<\/span><span style=\"font-family: Arial;\"> reducci\u00f3 del consum d&#8217;energ\u00e8tic i d&#8217;aigua entre d&#8217;altres.<\/span><\/span><\/p>\n<div><span style=\"font-size: medium;\"><span style=\"font-family: Arial;\">\u00a0<\/span><\/span><\/div>\n<div><span style=\"font-size: medium;\"><span style=\"font-family: Arial;\">Us deixem un enlla\u00e7 de la entrevista al Joan Berlanga a <a href=\"http:\/\/www.radiosabadell.fm\/Noticies\/L-Agenda-21-incorpora-un-nou-programa-pilot-per-fer-una-auditoria-energetica-als-centres-educatius\" target=\"_blank\" rel=\"nofollow noopener noreferrer\">r\u00e0dio Sabadell<\/a>.<\/span><\/span><\/div>\n","protected":false},"excerpt":{"rendered":"<p><a href=\"http:\/\/agenda21escolarplussabadell.cat\/\">Agenda 21 +<\/a> \u00e9s un programa pilot a 6 centres educatius de prim\u00e0ria de refor\u00e7 de la gesti\u00f3 ambiental dels centres. Enguany participa el nostre centre junt amb l&#8217;Andreu Castells, el Catalunya, El Concordia, el Mart\u00ed i Pol i el Pau Casals.<\/p>\n<p>Uns dels objectius&hellip;  <a href=\"https:\/\/agora.xtec.cat\/ceip-joaquim-blume\/projecte-educatiu\/agenda-21\/\" title=\"Read Agenda 21 +\">Llegeix m\u00e9s\u00bb<\/a><\/p>\n","protected":false},"author":1,"featured_media":0,"parent":64,"menu_order":20,"comment_status":"closed","ping_status":"closed","template":"page-templates\/side-menu.php","meta":{"_bbp_topic_count":0,"_bbp_reply_count":0,"_bbp_total_topic_count":0,"_bbp_total_reply_count":0,"_bbp_voice_count":0,"_bbp_anonymous_reply_count":0,"_bbp_topic_count_hidden":0,"_bbp_reply_count_hidden":0,"_bbp_forum_subforum_count":0,"footnotes":""},"class_list":["post-516","page","type-page","status-publish","hentry"],"post_mailing_queue_ids":[],"_links":{"self":[{"href":"https:\/\/agora.xtec.cat\/ceip-joaquim-blume\/wp-json\/wp\/v2\/pages\/516","targetHints":{"allow":["GET"]}}],"collection":[{"href":"https:\/\/agora.xtec.cat\/ceip-joaquim-blume\/wp-json\/wp\/v2\/pages"}],"about":[{"href":"https:\/\/agora.xtec.cat\/ceip-joaquim-blume\/wp-json\/wp\/v2\/types\/page"}],"author":[{"embeddable":true,"href":"https:\/\/agora.xtec.cat\/ceip-joaquim-blume\/wp-json\/wp\/v2\/users\/1"}],"replies":[{"embeddable":true,"href":"https:\/\/agora.xtec.cat\/ceip-joaquim-blume\/wp-json\/wp\/v2\/comments?post=516"}],"version-history":[{"count":3,"href":"https:\/\/agora.xtec.cat\/ceip-joaquim-blume\/wp-json\/wp\/v2\/pages\/516\/revisions"}],"predecessor-version":[{"id":882,"href":"https:\/\/agora.xtec.cat\/ceip-joaquim-blume\/wp-json\/wp\/v2\/pages\/516\/revisions\/882"}],"up":[{"embeddable":true,"href":"https:\/\/agora.xtec.cat\/ceip-joaquim-blume\/wp-json\/wp\/v2\/pages\/64"}],"wp:attachment":[{"href":"https:\/\/agora.xtec.cat\/ceip-joaquim-blume\/wp-json\/wp\/v2\/media?parent=516"}],"curies":[{"name":"wp","href":"https:\/\/api.w.org\/{rel}","templated":true}]}}