{"id":4159,"date":"2025-02-06T10:17:03","date_gmt":"2025-02-06T09:17:03","guid":{"rendered":"https:\/\/agora.xtec.cat\/ceip-joaquim-blume\/?page_id=4159"},"modified":"2025-06-12T08:11:24","modified_gmt":"2025-06-12T06:11:24","slug":"autoritzacions","status":"publish","type":"page","link":"https:\/\/agora.xtec.cat\/ceip-joaquim-blume\/autoritzacions\/","title":{"rendered":"Autoritzacions escolars"},"content":{"rendered":"<p><a href=\"https:\/\/agora.xtec.cat\/ceip-joaquim-blume\/wp-content\/uploads\/usu1577\/2025\/06\/AUTORITZACIONS-ESCOLARS-2025.pdf\" target=\"_blank\" rel=\"noopener\">Autoritzacions generals<\/a><\/p>\n<p><a href=\"https:\/\/agora.xtec.cat\/ceip-joaquim-blume\/wp-content\/uploads\/usu1577\/2025\/02\/Administrament-de-medicaments.pdf\" target=\"_blank\" rel=\"noopener\">Autoritzaci\u00f3 per administrar medicament (cal adjuntar prescripci\u00f3 m\u00e8dica)<\/a><\/p>\n<p><a href=\"https:\/\/agora.xtec.cat\/ceip-joaquim-blume\/wp-content\/uploads\/usu1577\/2025\/02\/Autoritzacio-recollida-alumnes.pdf\" target=\"_blank\" rel=\"noopener\">Autoritzaci\u00f3 de recollida infants<\/a><\/p>\n<p><a href=\"https:\/\/agora.xtec.cat\/ceip-joaquim-blume\/wp-content\/uploads\/usu1577\/2025\/02\/Autoritzacio-alumnes-marxen-sols.pdf\" target=\"_blank\" rel=\"noopener\">Autoritzaci\u00f3 per marxar sols\/es a casa (a partir de 4t de prim\u00e0ria)<\/a><\/p>\n<p><a href=\"https:\/\/agora.xtec.cat\/ceip-joaquim-blume\/wp-content\/uploads\/usu1577\/2024\/09\/inscripcio-menjador-24-25.pdf\" target=\"_blank\" rel=\"noopener\">Inscripci\u00f3 al menjador<\/a><\/p>\n","protected":false},"excerpt":{"rendered":"<p><a href=\"https:\/\/agora.xtec.cat\/ceip-joaquim-blume\/wp-content\/uploads\/usu1577\/2025\/06\/AUTORITZACIONS-ESCOLARS-2025.pdf\" target=\"_blank\" rel=\"noopener\">Autoritzacions generals<\/a><br \/>\n<a href=\"https:\/\/agora.xtec.cat\/ceip-joaquim-blume\/wp-content\/uploads\/usu1577\/2025\/02\/Administrament-de-medicaments.pdf\" target=\"_blank\" rel=\"noopener\">Autoritzaci\u00f3 per administrar medicament (cal adjuntar prescripci\u00f3 m\u00e8dica)<\/a><br \/>\n<a href=\"https:\/\/agora.xtec.cat\/ceip-joaquim-blume\/wp-content\/uploads\/usu1577\/2025\/02\/Autoritzacio-recollida-alumnes.pdf\" target=\"_blank\" rel=\"noopener\">Autoritzaci\u00f3 de recollida infants<\/a><br \/>\n<a href=\"https:\/\/agora.xtec.cat\/ceip-joaquim-blume\/wp-content\/uploads\/usu1577\/2025\/02\/Autoritzacio-alumnes-marxen-sols.pdf\" target=\"_blank\" rel=\"noopener\">Autoritzaci\u00f3 per marxar sols\/es a casa (a partir de 4t de prim\u00e0ria)<\/a><br \/>\n<a href=\"https:\/\/agora.xtec.cat\/ceip-joaquim-blume\/wp-content\/uploads\/usu1577\/2024\/09\/inscripcio-menjador-24-25.pdf\" target=\"_blank\" rel=\"noopener\">Inscripci\u00f3 al menjador<\/a><\/p>\n","protected":false},"author":1,"featured_media":0,"parent":0,"menu_order":0,"comment_status":"closed","ping_status":"closed","template":"","meta":{"_bbp_topic_count":0,"_bbp_reply_count":0,"_bbp_total_topic_count":0,"_bbp_total_reply_count":0,"_bbp_voice_count":0,"_bbp_anonymous_reply_count":0,"_bbp_topic_count_hidden":0,"_bbp_reply_count_hidden":0,"_bbp_forum_subforum_count":0,"footnotes":""},"class_list":["post-4159","page","type-page","status-publish","hentry"],"post_mailing_queue_ids":[],"_links":{"self":[{"href":"https:\/\/agora.xtec.cat\/ceip-joaquim-blume\/wp-json\/wp\/v2\/pages\/4159","targetHints":{"allow":["GET"]}}],"collection":[{"href":"https:\/\/agora.xtec.cat\/ceip-joaquim-blume\/wp-json\/wp\/v2\/pages"}],"about":[{"href":"https:\/\/agora.xtec.cat\/ceip-joaquim-blume\/wp-json\/wp\/v2\/types\/page"}],"author":[{"embeddable":true,"href":"https:\/\/agora.xtec.cat\/ceip-joaquim-blume\/wp-json\/wp\/v2\/users\/1"}],"replies":[{"embeddable":true,"href":"https:\/\/agora.xtec.cat\/ceip-joaquim-blume\/wp-json\/wp\/v2\/comments?post=4159"}],"version-history":[{"count":5,"href":"https:\/\/agora.xtec.cat\/ceip-joaquim-blume\/wp-json\/wp\/v2\/pages\/4159\/revisions"}],"predecessor-version":[{"id":4311,"href":"https:\/\/agora.xtec.cat\/ceip-joaquim-blume\/wp-json\/wp\/v2\/pages\/4159\/revisions\/4311"}],"wp:attachment":[{"href":"https:\/\/agora.xtec.cat\/ceip-joaquim-blume\/wp-json\/wp\/v2\/media?parent=4159"}],"curies":[{"name":"wp","href":"https:\/\/api.w.org\/{rel}","templated":true}]}}