{"id":3711,"date":"2024-01-08T09:24:01","date_gmt":"2024-01-08T08:24:01","guid":{"rendered":"https:\/\/agora.xtec.cat\/ceip-joaquim-blume\/?page_id=3711"},"modified":"2025-10-14T16:01:35","modified_gmt":"2025-10-14T14:01:35","slug":"tis","status":"publish","type":"page","link":"https:\/\/agora.xtec.cat\/ceip-joaquim-blume\/tis\/","title":{"rendered":"TIS"},"content":{"rendered":"<p><strong>Programa de contractaci\u00f3 de t\u00e8cnics d\u2019integraci\u00f3 social<\/strong><\/p>\n<p><span style=\"font-weight: 400;\">El nostre centre disposa de professionals d\u2019atenci\u00f3 educativa amb la finalitat de garantir l\u2019equitat en l\u2019acc\u00e9s a l\u2019educaci\u00f3: T\u00e8cnic d\u2019integraci\u00f3 social<\/span><span style=\"font-weight: 400;\">.<\/span><\/p>\n<p><span style=\"font-weight: 400;\">La contractaci\u00f3 d\u2019aquests professionals est\u00e0 cofinan\u00e7at en un 40% per la Uni\u00f3 Europea i la resta pel Departament d\u2019Educaci\u00f3 i Formaci\u00f3 Professional aix\u00f2 comporta el compliment d\u2019unes mesures de publicitat i comunicaci\u00f3.<\/span><\/p>\n<p><span style=\"font-weight: 400;\">La incorporaci\u00f3 de t\u00e8cnics d\u2019integraci\u00f3 social<\/span><b>\u00a0t\u00e9 com a objecte<\/b><span style=\"font-weight: 400;\"> suplementar amb professionals d&#8217;atenci\u00f3 educativa l&#8217;activitat que es presta en els centres docents<\/span><span style=\"font-weight: 400;\">,<\/span><span style=\"font-weight: 400;\"> amb la finalitat de garantir l&#8217;equitat en l&#8217;acc\u00e9s a l\u2019educaci\u00f3.<\/span><\/p>\n<p><span style=\"font-weight: 400;\">Els objectius del <\/span><b>Programa de t\u00e8cnics d\u2019integraci\u00f3 social<\/b>\u00a0<b>cofinan\u00e7at per la Uni\u00f3 Europea<\/b><span style=\"font-weight: 400;\"> s\u00f3n:<\/span><\/p>\n<ul>\n<li>Prevenir l\u2019abandonament prematur i el frac\u00e0s escolar.<\/li>\n<li>Procurar el benestar emocional dels alumnes.<\/li>\n<li>Facilitar una bona conviv\u00e8ncia en els centres educatius.<\/li>\n<li>Contribuir a l\u2019orientaci\u00f3 dels alumnes.<\/li>\n<li>Fomentar la implicaci\u00f3 de les fam\u00edlies.<\/li>\n<li>Fomentar el vincle entre l\u2019escola i el seu entorn.<\/li>\n<li>Contribuir al desenvolupament de plans d\u2019\u00e0mbit comunitari.<\/li>\n<\/ul>\n<p>El resultat esperat del programa \u00e9s reduir l\u2019absentisme escolar i l\u2019abandonament prematur.<\/p>\n<p><img loading=\"lazy\" decoding=\"async\" class=\"alignleft size-full wp-image-4360\" src=\"https:\/\/agora.xtec.cat\/ceip-joaquim-blume\/wp-content\/uploads\/usu1577\/2025\/10\/logo-cofinancament.png\" alt=\"\" width=\"750\" height=\"200\" srcset=\"https:\/\/agora.xtec.cat\/ceip-joaquim-blume\/wp-content\/uploads\/usu1577\/2025\/10\/logo-cofinancament.png 750w, https:\/\/agora.xtec.cat\/ceip-joaquim-blume\/wp-content\/uploads\/usu1577\/2025\/10\/logo-cofinancament-300x80.png 300w\" sizes=\"auto, (max-width: 750px) 100vw, 750px\" \/><\/p>\n<p><a title=\"Descarrega el document\" href=\"https:\/\/espai.educacio.gencat.cat\/Personal\/Gestio-personal-centre\/PAE\/PublishingImages\/logo-cofinan%C3%A7ament.png\" target=\"_blank\" rel=\"noopener\"><img decoding=\"async\" src=\"https:\/\/espai.educacio.gencat.cat\/Personal\/Gestio-personal-centre\/PAE\/PublishingImages\/logo-cofinan%C3%A7ament.png\" alt=\"\" \/><\/a><\/p>\n","protected":false},"excerpt":{"rendered":"<p>Programa de contractaci\u00f3 de t\u00e8cnics d\u2019integraci\u00f3 social<br \/>\nEl nostre centre disposa de professionals d\u2019atenci\u00f3 educativa amb la finalitat de garantir l\u2019equitat en l\u2019acc\u00e9s a l\u2019educaci\u00f3: T\u00e8cnic d\u2019integraci\u00f3 social.<br \/>\nLa contractaci\u00f3 d\u2019aquests professionals est\u00e0 cofinan\u00e7at en un 40% per la Uni\u00f3 Europea i la resta pel Departament d\u2019Educaci\u00f3&hellip;  <a href=\"https:\/\/agora.xtec.cat\/ceip-joaquim-blume\/tis\/\" title=\"Read TIS\">Llegeix m\u00e9s\u00bb<\/a><\/p>\n","protected":false},"author":1,"featured_media":0,"parent":0,"menu_order":0,"comment_status":"closed","ping_status":"closed","template":"","meta":{"_bbp_topic_count":0,"_bbp_reply_count":0,"_bbp_total_topic_count":0,"_bbp_total_reply_count":0,"_bbp_voice_count":0,"_bbp_anonymous_reply_count":0,"_bbp_topic_count_hidden":0,"_bbp_reply_count_hidden":0,"_bbp_forum_subforum_count":0,"footnotes":""},"class_list":["post-3711","page","type-page","status-publish","hentry"],"post_mailing_queue_ids":[],"_links":{"self":[{"href":"https:\/\/agora.xtec.cat\/ceip-joaquim-blume\/wp-json\/wp\/v2\/pages\/3711","targetHints":{"allow":["GET"]}}],"collection":[{"href":"https:\/\/agora.xtec.cat\/ceip-joaquim-blume\/wp-json\/wp\/v2\/pages"}],"about":[{"href":"https:\/\/agora.xtec.cat\/ceip-joaquim-blume\/wp-json\/wp\/v2\/types\/page"}],"author":[{"embeddable":true,"href":"https:\/\/agora.xtec.cat\/ceip-joaquim-blume\/wp-json\/wp\/v2\/users\/1"}],"replies":[{"embeddable":true,"href":"https:\/\/agora.xtec.cat\/ceip-joaquim-blume\/wp-json\/wp\/v2\/comments?post=3711"}],"version-history":[{"count":4,"href":"https:\/\/agora.xtec.cat\/ceip-joaquim-blume\/wp-json\/wp\/v2\/pages\/3711\/revisions"}],"predecessor-version":[{"id":4361,"href":"https:\/\/agora.xtec.cat\/ceip-joaquim-blume\/wp-json\/wp\/v2\/pages\/3711\/revisions\/4361"}],"wp:attachment":[{"href":"https:\/\/agora.xtec.cat\/ceip-joaquim-blume\/wp-json\/wp\/v2\/media?parent=3711"}],"curies":[{"name":"wp","href":"https:\/\/api.w.org\/{rel}","templated":true}]}}