{"id":30,"date":"2014-09-18T12:30:23","date_gmt":"2014-09-18T10:30:23","guid":{"rendered":"http:\/\/agora.xtec.cat\/ceip-joaquim-blume\/?page_id=30"},"modified":"2026-01-16T12:55:35","modified_gmt":"2026-01-16T11:55:35","slug":"instal%c2%b7lacions","status":"publish","type":"page","link":"https:\/\/agora.xtec.cat\/ceip-joaquim-blume\/lescola\/instal%c2%b7lacions\/","title":{"rendered":"Instal\u00b7lacions"},"content":{"rendered":"<p>L&#8217;escola disposa d&#8217;una aula d&#8217;angl\u00e8s, una aula de m\u00fasica, una aula de rob\u00f2tica, una aula de psicomotricitat i uns patis ajardinats. Premeu al desplegable per accedir als diferents espais.<\/p>\n<p><img loading=\"lazy\" decoding=\"async\" class=\"alignleft wp-image-4067 size-medium\" src=\"https:\/\/agora.xtec.cat\/ceip-joaquim-blume\/wp-content\/uploads\/usu1577\/2025\/01\/WhatsApp-Image-2024-09-23-at-16.15.11-1-300x225.jpeg\" alt=\"\" width=\"300\" height=\"225\" srcset=\"https:\/\/agora.xtec.cat\/ceip-joaquim-blume\/wp-content\/uploads\/usu1577\/2025\/01\/WhatsApp-Image-2024-09-23-at-16.15.11-1-300x225.jpeg 300w, https:\/\/agora.xtec.cat\/ceip-joaquim-blume\/wp-content\/uploads\/usu1577\/2025\/01\/WhatsApp-Image-2024-09-23-at-16.15.11-1-1024x768.jpeg 1024w, https:\/\/agora.xtec.cat\/ceip-joaquim-blume\/wp-content\/uploads\/usu1577\/2025\/01\/WhatsApp-Image-2024-09-23-at-16.15.11-1-768x576.jpeg 768w, https:\/\/agora.xtec.cat\/ceip-joaquim-blume\/wp-content\/uploads\/usu1577\/2025\/01\/WhatsApp-Image-2024-09-23-at-16.15.11-1-1536x1152.jpeg 1536w, https:\/\/agora.xtec.cat\/ceip-joaquim-blume\/wp-content\/uploads\/usu1577\/2025\/01\/WhatsApp-Image-2024-09-23-at-16.15.11-1-200x150.jpeg 200w, https:\/\/agora.xtec.cat\/ceip-joaquim-blume\/wp-content\/uploads\/usu1577\/2025\/01\/WhatsApp-Image-2024-09-23-at-16.15.11-1.jpeg 2048w\" sizes=\"auto, (max-width: 300px) 100vw, 300px\" \/> <img loading=\"lazy\" decoding=\"async\" class=\"alignleft wp-image-4077 size-medium\" src=\"https:\/\/agora.xtec.cat\/ceip-joaquim-blume\/wp-content\/uploads\/usu1577\/2025\/01\/WhatsApp-Image-2025-01-17-at-19.59.55-1-300x225.jpeg\" alt=\"\" width=\"300\" height=\"225\" srcset=\"https:\/\/agora.xtec.cat\/ceip-joaquim-blume\/wp-content\/uploads\/usu1577\/2025\/01\/WhatsApp-Image-2025-01-17-at-19.59.55-1-300x225.jpeg 300w, https:\/\/agora.xtec.cat\/ceip-joaquim-blume\/wp-content\/uploads\/usu1577\/2025\/01\/WhatsApp-Image-2025-01-17-at-19.59.55-1-1024x768.jpeg 1024w, https:\/\/agora.xtec.cat\/ceip-joaquim-blume\/wp-content\/uploads\/usu1577\/2025\/01\/WhatsApp-Image-2025-01-17-at-19.59.55-1-768x576.jpeg 768w, https:\/\/agora.xtec.cat\/ceip-joaquim-blume\/wp-content\/uploads\/usu1577\/2025\/01\/WhatsApp-Image-2025-01-17-at-19.59.55-1-1536x1152.jpeg 1536w, https:\/\/agora.xtec.cat\/ceip-joaquim-blume\/wp-content\/uploads\/usu1577\/2025\/01\/WhatsApp-Image-2025-01-17-at-19.59.55-1-200x150.jpeg 200w, https:\/\/agora.xtec.cat\/ceip-joaquim-blume\/wp-content\/uploads\/usu1577\/2025\/01\/WhatsApp-Image-2025-01-17-at-19.59.55-1.jpeg 2000w\" sizes=\"auto, (max-width: 300px) 100vw, 300px\" \/> <img loading=\"lazy\" decoding=\"async\" class=\"alignleft wp-image-3784 size-medium\" src=\"https:\/\/agora.xtec.cat\/ceip-joaquim-blume\/wp-content\/uploads\/usu1577\/2024\/03\/0d75fa2f-6c53-4279-8ae0-7c22abece7c8-300x225.jpg\" alt=\"\" width=\"300\" height=\"225\" srcset=\"https:\/\/agora.xtec.cat\/ceip-joaquim-blume\/wp-content\/uploads\/usu1577\/2024\/03\/0d75fa2f-6c53-4279-8ae0-7c22abece7c8-300x225.jpg 300w, https:\/\/agora.xtec.cat\/ceip-joaquim-blume\/wp-content\/uploads\/usu1577\/2024\/03\/0d75fa2f-6c53-4279-8ae0-7c22abece7c8-1024x768.jpg 1024w, https:\/\/agora.xtec.cat\/ceip-joaquim-blume\/wp-content\/uploads\/usu1577\/2024\/03\/0d75fa2f-6c53-4279-8ae0-7c22abece7c8-768x576.jpg 768w, https:\/\/agora.xtec.cat\/ceip-joaquim-blume\/wp-content\/uploads\/usu1577\/2024\/03\/0d75fa2f-6c53-4279-8ae0-7c22abece7c8-1536x1152.jpg 1536w, https:\/\/agora.xtec.cat\/ceip-joaquim-blume\/wp-content\/uploads\/usu1577\/2024\/03\/0d75fa2f-6c53-4279-8ae0-7c22abece7c8-200x150.jpg 200w, https:\/\/agora.xtec.cat\/ceip-joaquim-blume\/wp-content\/uploads\/usu1577\/2024\/03\/0d75fa2f-6c53-4279-8ae0-7c22abece7c8.jpg 2000w\" sizes=\"auto, (max-width: 300px) 100vw, 300px\" \/> <img loading=\"lazy\" decoding=\"async\" class=\"alignleft wp-image-3780 size-medium\" src=\"https:\/\/agora.xtec.cat\/ceip-joaquim-blume\/wp-content\/uploads\/usu1577\/2024\/03\/IMG_2971-300x225.jpg\" alt=\"\" width=\"300\" height=\"225\" srcset=\"https:\/\/agora.xtec.cat\/ceip-joaquim-blume\/wp-content\/uploads\/usu1577\/2024\/03\/IMG_2971-300x225.jpg 300w, https:\/\/agora.xtec.cat\/ceip-joaquim-blume\/wp-content\/uploads\/usu1577\/2024\/03\/IMG_2971-1024x768.jpg 1024w, https:\/\/agora.xtec.cat\/ceip-joaquim-blume\/wp-content\/uploads\/usu1577\/2024\/03\/IMG_2971-768x576.jpg 768w, https:\/\/agora.xtec.cat\/ceip-joaquim-blume\/wp-content\/uploads\/usu1577\/2024\/03\/IMG_2971-1536x1152.jpg 1536w, https:\/\/agora.xtec.cat\/ceip-joaquim-blume\/wp-content\/uploads\/usu1577\/2024\/03\/IMG_2971-2048x1536.jpg 2048w, https:\/\/agora.xtec.cat\/ceip-joaquim-blume\/wp-content\/uploads\/usu1577\/2024\/03\/IMG_2971-200x150.jpg 200w\" sizes=\"auto, (max-width: 300px) 100vw, 300px\" \/> <img loading=\"lazy\" decoding=\"async\" class=\"alignleft wp-image-3778 size-medium\" src=\"https:\/\/agora.xtec.cat\/ceip-joaquim-blume\/wp-content\/uploads\/usu1577\/2024\/03\/IMG_2965-300x225.jpg\" alt=\"\" width=\"300\" height=\"225\" srcset=\"https:\/\/agora.xtec.cat\/ceip-joaquim-blume\/wp-content\/uploads\/usu1577\/2024\/03\/IMG_2965-300x225.jpg 300w, https:\/\/agora.xtec.cat\/ceip-joaquim-blume\/wp-content\/uploads\/usu1577\/2024\/03\/IMG_2965-1024x768.jpg 1024w, https:\/\/agora.xtec.cat\/ceip-joaquim-blume\/wp-content\/uploads\/usu1577\/2024\/03\/IMG_2965-768x576.jpg 768w, https:\/\/agora.xtec.cat\/ceip-joaquim-blume\/wp-content\/uploads\/usu1577\/2024\/03\/IMG_2965-1536x1152.jpg 1536w, https:\/\/agora.xtec.cat\/ceip-joaquim-blume\/wp-content\/uploads\/usu1577\/2024\/03\/IMG_2965-2048x1536.jpg 2048w, https:\/\/agora.xtec.cat\/ceip-joaquim-blume\/wp-content\/uploads\/usu1577\/2024\/03\/IMG_2965-200x150.jpg 200w\" sizes=\"auto, (max-width: 300px) 100vw, 300px\" \/><img loading=\"lazy\" decoding=\"async\" class=\"alignleft wp-image-4425 size-medium\" src=\"https:\/\/agora.xtec.cat\/ceip-joaquim-blume\/wp-content\/uploads\/usu1577\/2026\/01\/IMG_1574-1-300x225.jpg\" alt=\"\" width=\"300\" height=\"225\" srcset=\"https:\/\/agora.xtec.cat\/ceip-joaquim-blume\/wp-content\/uploads\/usu1577\/2026\/01\/IMG_1574-1-300x225.jpg 300w, https:\/\/agora.xtec.cat\/ceip-joaquim-blume\/wp-content\/uploads\/usu1577\/2026\/01\/IMG_1574-1-1024x768.jpg 1024w, https:\/\/agora.xtec.cat\/ceip-joaquim-blume\/wp-content\/uploads\/usu1577\/2026\/01\/IMG_1574-1-768x576.jpg 768w, https:\/\/agora.xtec.cat\/ceip-joaquim-blume\/wp-content\/uploads\/usu1577\/2026\/01\/IMG_1574-1-1536x1152.jpg 1536w, https:\/\/agora.xtec.cat\/ceip-joaquim-blume\/wp-content\/uploads\/usu1577\/2026\/01\/IMG_1574-1-2048x1536.jpg 2048w, https:\/\/agora.xtec.cat\/ceip-joaquim-blume\/wp-content\/uploads\/usu1577\/2026\/01\/IMG_1574-1-200x150.jpg 200w\" sizes=\"auto, (max-width: 300px) 100vw, 300px\" \/><img loading=\"lazy\" decoding=\"async\" class=\"alignleft wp-image-4065 size-medium\" src=\"https:\/\/agora.xtec.cat\/ceip-joaquim-blume\/wp-content\/uploads\/usu1577\/2025\/01\/obres-pati-2-291x300.jpeg\" alt=\"\" width=\"291\" height=\"300\" srcset=\"https:\/\/agora.xtec.cat\/ceip-joaquim-blume\/wp-content\/uploads\/usu1577\/2025\/01\/obres-pati-2-291x300.jpeg 291w, https:\/\/agora.xtec.cat\/ceip-joaquim-blume\/wp-content\/uploads\/usu1577\/2025\/01\/obres-pati-2-768x791.jpeg 768w, https:\/\/agora.xtec.cat\/ceip-joaquim-blume\/wp-content\/uploads\/usu1577\/2025\/01\/obres-pati-2.jpeg 899w\" sizes=\"auto, (max-width: 291px) 100vw, 291px\" \/><img loading=\"lazy\" decoding=\"async\" class=\"alignleft wp-image-3975 size-medium\" src=\"https:\/\/agora.xtec.cat\/ceip-joaquim-blume\/wp-content\/uploads\/usu1577\/2024\/09\/ESPAIS-NOUS-17-300x183.jpeg\" alt=\"\" width=\"300\" height=\"183\" srcset=\"https:\/\/agora.xtec.cat\/ceip-joaquim-blume\/wp-content\/uploads\/usu1577\/2024\/09\/ESPAIS-NOUS-17-300x183.jpeg 300w, https:\/\/agora.xtec.cat\/ceip-joaquim-blume\/wp-content\/uploads\/usu1577\/2024\/09\/ESPAIS-NOUS-17-1024x625.jpeg 1024w, https:\/\/agora.xtec.cat\/ceip-joaquim-blume\/wp-content\/uploads\/usu1577\/2024\/09\/ESPAIS-NOUS-17-768x469.jpeg 768w, https:\/\/agora.xtec.cat\/ceip-joaquim-blume\/wp-content\/uploads\/usu1577\/2024\/09\/ESPAIS-NOUS-17.jpeg 1114w\" sizes=\"auto, (max-width: 300px) 100vw, 300px\" \/><img loading=\"lazy\" decoding=\"async\" class=\"alignleft wp-image-4428 size-large\" src=\"https:\/\/agora.xtec.cat\/ceip-joaquim-blume\/wp-content\/uploads\/usu1577\/2026\/01\/PHOTO-2025-04-25-08-50-44-1024x576.jpg\" alt=\"\" width=\"1024\" height=\"576\" srcset=\"https:\/\/agora.xtec.cat\/ceip-joaquim-blume\/wp-content\/uploads\/usu1577\/2026\/01\/PHOTO-2025-04-25-08-50-44-1024x576.jpg 1024w, https:\/\/agora.xtec.cat\/ceip-joaquim-blume\/wp-content\/uploads\/usu1577\/2026\/01\/PHOTO-2025-04-25-08-50-44-300x169.jpg 300w, https:\/\/agora.xtec.cat\/ceip-joaquim-blume\/wp-content\/uploads\/usu1577\/2026\/01\/PHOTO-2025-04-25-08-50-44-768x432.jpg 768w, https:\/\/agora.xtec.cat\/ceip-joaquim-blume\/wp-content\/uploads\/usu1577\/2026\/01\/PHOTO-2025-04-25-08-50-44-1536x864.jpg 1536w, https:\/\/agora.xtec.cat\/ceip-joaquim-blume\/wp-content\/uploads\/usu1577\/2026\/01\/PHOTO-2025-04-25-08-50-44.jpg 1599w\" sizes=\"auto, (max-width: 1024px) 100vw, 1024px\" \/><\/p>\n\n\n<p><\/p>\n","protected":false},"excerpt":{"rendered":"<p>L&#8217;escola disposa d&#8217;una aula d&#8217;angl\u00e8s, una aula de m\u00fasica, una aula de rob\u00f2tica, una aula de psicomotricitat i uns patis ajardinats. Premeu al desplegable per accedir als diferents espais.<\/p>\n","protected":false},"author":1,"featured_media":0,"parent":22,"menu_order":30,"comment_status":"closed","ping_status":"closed","template":"page-templates\/side-menu.php","meta":{"_bbp_topic_count":0,"_bbp_reply_count":0,"_bbp_total_topic_count":0,"_bbp_total_reply_count":0,"_bbp_voice_count":0,"_bbp_anonymous_reply_count":0,"_bbp_topic_count_hidden":0,"_bbp_reply_count_hidden":0,"_bbp_forum_subforum_count":0,"footnotes":""},"class_list":["post-30","page","type-page","status-publish","hentry"],"post_mailing_queue_ids":[],"_links":{"self":[{"href":"https:\/\/agora.xtec.cat\/ceip-joaquim-blume\/wp-json\/wp\/v2\/pages\/30","targetHints":{"allow":["GET"]}}],"collection":[{"href":"https:\/\/agora.xtec.cat\/ceip-joaquim-blume\/wp-json\/wp\/v2\/pages"}],"about":[{"href":"https:\/\/agora.xtec.cat\/ceip-joaquim-blume\/wp-json\/wp\/v2\/types\/page"}],"author":[{"embeddable":true,"href":"https:\/\/agora.xtec.cat\/ceip-joaquim-blume\/wp-json\/wp\/v2\/users\/1"}],"replies":[{"embeddable":true,"href":"https:\/\/agora.xtec.cat\/ceip-joaquim-blume\/wp-json\/wp\/v2\/comments?post=30"}],"version-history":[{"count":6,"href":"https:\/\/agora.xtec.cat\/ceip-joaquim-blume\/wp-json\/wp\/v2\/pages\/30\/revisions"}],"predecessor-version":[{"id":4429,"href":"https:\/\/agora.xtec.cat\/ceip-joaquim-blume\/wp-json\/wp\/v2\/pages\/30\/revisions\/4429"}],"up":[{"embeddable":true,"href":"https:\/\/agora.xtec.cat\/ceip-joaquim-blume\/wp-json\/wp\/v2\/pages\/22"}],"wp:attachment":[{"href":"https:\/\/agora.xtec.cat\/ceip-joaquim-blume\/wp-json\/wp\/v2\/media?parent=30"}],"curies":[{"name":"wp","href":"https:\/\/api.w.org\/{rel}","templated":true}]}}