{"id":2880,"date":"2022-05-19T13:09:02","date_gmt":"2022-05-19T11:09:02","guid":{"rendered":"https:\/\/agora.xtec.cat\/ceip-joaquim-blume\/?page_id=2880"},"modified":"2022-11-16T14:25:20","modified_gmt":"2022-11-16T13:25:20","slug":"estrategia-digital-de-centre","status":"publish","type":"page","link":"https:\/\/agora.xtec.cat\/ceip-joaquim-blume\/estrategia-digital-de-centre\/","title":{"rendered":"Estrat\u00e8gia Digital del Centre (EDC)"},"content":{"rendered":"<p>L&#8217;estrat\u00e8gia digital de centre (EDC) defineix i concreta les l\u00ednies d&#8217;actuaci\u00f3 del centre que fan possible que docents, alumnat i centre assoleixin la compet\u00e8ncia digital.<\/p>\n<p>A continuaci\u00f3 podeu consultar la part estrat\u00e8gica i la cultura digital del centre.<\/p>\n<p><a href=\"https:\/\/agora.xtec.cat\/ceip-joaquim-blume\/estrategia-digital-de-centre\/part-estrategica\/\"><img loading=\"lazy\" decoding=\"async\" class=\"alignleft wp-image-3117\" src=\"https:\/\/agora.xtec.cat\/ceip-joaquim-blume\/wp-content\/uploads\/usu1577\/2022\/11\/PART-ESTRATEGICA.png\" alt=\"\" width=\"344\" height=\"229\" srcset=\"https:\/\/agora.xtec.cat\/ceip-joaquim-blume\/wp-content\/uploads\/usu1577\/2022\/11\/PART-ESTRATEGICA.png 907w, https:\/\/agora.xtec.cat\/ceip-joaquim-blume\/wp-content\/uploads\/usu1577\/2022\/11\/PART-ESTRATEGICA-300x200.png 300w, https:\/\/agora.xtec.cat\/ceip-joaquim-blume\/wp-content\/uploads\/usu1577\/2022\/11\/PART-ESTRATEGICA-768x511.png 768w\" sizes=\"auto, (max-width: 344px) 100vw, 344px\" \/><\/a><a href=\"https:\/\/agora.xtec.cat\/ceip-joaquim-blume\/estrategia-digital-de-centre\/cultura-digital\/\"><img loading=\"lazy\" decoding=\"async\" class=\"https:\/\/agora.xtec.cat\/ceip-joaquim-blume\/estrategia-digital-de-centre\/cultura-digital\/ alignright wp-image-3116\" src=\"https:\/\/agora.xtec.cat\/ceip-joaquim-blume\/wp-content\/uploads\/usu1577\/2022\/11\/CULTURA-DIGITAL.png\" alt=\"\" width=\"337\" height=\"228\" srcset=\"https:\/\/agora.xtec.cat\/ceip-joaquim-blume\/wp-content\/uploads\/usu1577\/2022\/11\/CULTURA-DIGITAL.png 878w, https:\/\/agora.xtec.cat\/ceip-joaquim-blume\/wp-content\/uploads\/usu1577\/2022\/11\/CULTURA-DIGITAL-300x203.png 300w, https:\/\/agora.xtec.cat\/ceip-joaquim-blume\/wp-content\/uploads\/usu1577\/2022\/11\/CULTURA-DIGITAL-768x519.png 768w\" sizes=\"auto, (max-width: 337px) 100vw, 337px\" \/><\/a><\/p>\n<p>&nbsp;<\/p>\n<p>&nbsp;<\/p>\n","protected":false},"excerpt":{"rendered":"<p>L&#8217;estrat\u00e8gia digital de centre (EDC) defineix i concreta les l\u00ednies d&#8217;actuaci\u00f3 del centre que fan possible que docents, alumnat i centre assoleixin la compet\u00e8ncia digital.<br \/>\nA continuaci\u00f3 podeu consultar la part estrat\u00e8gica i la cultura digital del centre.<br \/>\n<a href=\"https:\/\/agora.xtec.cat\/ceip-joaquim-blume\/estrategia-digital-de-centre\/part-estrategica\/\"><\/a><a href=\"https:\/\/agora.xtec.cat\/ceip-joaquim-blume\/estrategia-digital-de-centre\/cultura-digital\/\"><\/a><br \/>\n&nbsp;<br \/>\n&nbsp;<\/p>\n","protected":false},"author":1,"featured_media":0,"parent":0,"menu_order":0,"comment_status":"closed","ping_status":"closed","template":"page-templates\/side-menu.php","meta":{"_bbp_topic_count":0,"_bbp_reply_count":0,"_bbp_total_topic_count":0,"_bbp_total_reply_count":0,"_bbp_voice_count":0,"_bbp_anonymous_reply_count":0,"_bbp_topic_count_hidden":0,"_bbp_reply_count_hidden":0,"_bbp_forum_subforum_count":0,"footnotes":""},"class_list":["post-2880","page","type-page","status-publish","hentry"],"post_mailing_queue_ids":[],"_links":{"self":[{"href":"https:\/\/agora.xtec.cat\/ceip-joaquim-blume\/wp-json\/wp\/v2\/pages\/2880","targetHints":{"allow":["GET"]}}],"collection":[{"href":"https:\/\/agora.xtec.cat\/ceip-joaquim-blume\/wp-json\/wp\/v2\/pages"}],"about":[{"href":"https:\/\/agora.xtec.cat\/ceip-joaquim-blume\/wp-json\/wp\/v2\/types\/page"}],"author":[{"embeddable":true,"href":"https:\/\/agora.xtec.cat\/ceip-joaquim-blume\/wp-json\/wp\/v2\/users\/1"}],"replies":[{"embeddable":true,"href":"https:\/\/agora.xtec.cat\/ceip-joaquim-blume\/wp-json\/wp\/v2\/comments?post=2880"}],"version-history":[{"count":4,"href":"https:\/\/agora.xtec.cat\/ceip-joaquim-blume\/wp-json\/wp\/v2\/pages\/2880\/revisions"}],"predecessor-version":[{"id":3123,"href":"https:\/\/agora.xtec.cat\/ceip-joaquim-blume\/wp-json\/wp\/v2\/pages\/2880\/revisions\/3123"}],"wp:attachment":[{"href":"https:\/\/agora.xtec.cat\/ceip-joaquim-blume\/wp-json\/wp\/v2\/media?parent=2880"}],"curies":[{"name":"wp","href":"https:\/\/api.w.org\/{rel}","templated":true}]}}