{"id":26,"date":"2014-09-18T12:24:32","date_gmt":"2014-09-18T11:24:32","guid":{"rendered":"http:\/\/agora.xtec.cat\/ceip-joaquim-blume\/?page_id=26"},"modified":"2023-06-19T13:50:13","modified_gmt":"2023-06-19T11:50:13","slug":"historia","status":"publish","type":"page","link":"https:\/\/agora.xtec.cat\/ceip-joaquim-blume\/lescola\/historia\/","title":{"rendered":"Hist\u00f2ria"},"content":{"rendered":"<p>El Blume, com l&#8217;anomenem els que l&#8217;estimem, \u00e9s un centre educatiu que va sorgir gr\u00e0cies a la lluita ve\u00efnal, al seu esfor\u00e7 i a la seva generositat. \u00c9s per aquest motiu que presumim de ser l&#8217;escola del barri, l&#8217;escola de Sant Oleguer.<\/p>\n<p><img loading=\"lazy\" decoding=\"async\" class=\"alignleft wp-image-2163\" src=\"https:\/\/agora.xtec.cat\/ceip-joaquim-blume\/wp-content\/uploads\/usu1577\/2020\/05\/20191218122400395_page-0001.jpg\" alt=\"\" width=\"324\" height=\"223\" srcset=\"https:\/\/agora.xtec.cat\/ceip-joaquim-blume\/wp-content\/uploads\/usu1577\/2020\/05\/20191218122400395_page-0001.jpg 870w, https:\/\/agora.xtec.cat\/ceip-joaquim-blume\/wp-content\/uploads\/usu1577\/2020\/05\/20191218122400395_page-0001-300x206.jpg 300w, https:\/\/agora.xtec.cat\/ceip-joaquim-blume\/wp-content\/uploads\/usu1577\/2020\/05\/20191218122400395_page-0001-768x528.jpg 768w\" sizes=\"auto, (max-width: 324px) 100vw, 324px\" \/>Fa m\u00e9s de quaranta anys, als terrenys on actualment es troba l\u2019escola hi havia camps de cultiu i nom\u00e9s un bloc de pisos. En aquella \u00e8poca no hi havia cap col\u00b7legi p\u00fablic a la zona. Els ve\u00efns, veient la necessitat de tenir una escola al barri, fan una cooperativa. Tots aporten capital i compren els terrenys. Van a l&#8217;ajuntament demanant una escola i com que l\u2019ajuntament no disposa de terrenys al barri, els ve\u00efns cedeixen els terrenys perqu\u00e8 l\u2019ajuntament construeixi l\u2019escola.<\/p>\n<p><img loading=\"lazy\" decoding=\"async\" class=\"alignleft size-large wp-image-2164\" src=\"https:\/\/agora.xtec.cat\/ceip-joaquim-blume\/wp-content\/uploads\/usu1577\/2020\/05\/19820511-02.tif\" alt=\"\" width=\"1\" height=\"1\" \/><span style=\"font-family: inherit; font-size: 1em;\"><img loading=\"lazy\" decoding=\"async\" class=\" wp-image-2165 alignright\" src=\"https:\/\/agora.xtec.cat\/ceip-joaquim-blume\/wp-content\/uploads\/usu1577\/2020\/05\/periodico.jpg\" alt=\"\" width=\"269\" height=\"335\" srcset=\"https:\/\/agora.xtec.cat\/ceip-joaquim-blume\/wp-content\/uploads\/usu1577\/2020\/05\/periodico.jpg 511w, https:\/\/agora.xtec.cat\/ceip-joaquim-blume\/wp-content\/uploads\/usu1577\/2020\/05\/periodico-241x300.jpg 241w\" sizes=\"auto, (max-width: 269px) 100vw, 269px\" \/>L\u2019escola obre les seves portes per primera vegada al setembre de 1979, per\u00f2 no \u00e9s fins el 8 de maig de 1982 que no s\u2019inaugura. Durant aquests anys hi ha bastants problemes per construir el pati perqu\u00e8 per all\u00e0 passa una l\u00ednia d\u2019alta tensi\u00f3. Els ve\u00efns fan moltes protestes, arribant a quedar-se a dormir algunes nits dins de l\u2019edifici per aconseguir la resoluci\u00f3 dels conflictes. Al costat de l\u2019escola, en aquells anys, hi ha les Piscines Municipals i \u00e9s all\u00e0 on els alumnes van a fer pati durant el temps que l\u2019escola no disposa d\u2019un pati al propi edifici.<\/span><\/p>\n<p>A l\u2019inici el claustre \u00e9s conjunt amb l\u2019escola Amadeu Vives fins a l\u2019any 1984. El primer director \u00e9s el senyor Manuel Men\u00e9ndez. L\u2019escola d\u2019aquells temps arriba fins a vuit\u00e8 de EGB.<\/p>\n<p>Al 1995 s\u2019inicia l\u2019hort escolar aprofitant els terrenys que envolten l\u2019escola. Un projecte amb la col\u00b7laboraci\u00f3 ve\u00efnal i la participaci\u00f3 de tota la comunitat educativa.<\/p>\n<p>Al 1997, amb la implementaci\u00f3 de la nova llei LOGSE,\u00a0 desapareix set\u00e8 i vuit\u00e8 d\u2019EGB. Els alumnes que fan aquests cursos passen a formar part de l\u2019 ESO\u00a0 (Ensenyament Secundari Obligatori) i l\u2019\u00faltim curs que t\u00e9 l\u2019escola \u00e9s 6\u00e8 . Se\u2019ns queden aules buides, per\u00f2 aviat els trobem un nou \u00fas com \u00e9s l\u2019aula d\u2019inform\u00e0tica, l\u2019aula d\u2019angl\u00e8s, l\u2019aula de psicomotricitat, l\u2019aula de racons i l\u2019aula de r\u00e0dio.<\/p>\n<p><img loading=\"lazy\" decoding=\"async\" class=\"alignleft wp-image-2151\" src=\"https:\/\/agora.xtec.cat\/ceip-joaquim-blume\/wp-content\/uploads\/usu1577\/2020\/05\/rob\u00f2tica-1024x768.jpg\" alt=\"\" width=\"216\" height=\"162\" srcset=\"https:\/\/agora.xtec.cat\/ceip-joaquim-blume\/wp-content\/uploads\/usu1577\/2020\/05\/rob\u00f2tica-1024x768.jpg 1024w, https:\/\/agora.xtec.cat\/ceip-joaquim-blume\/wp-content\/uploads\/usu1577\/2020\/05\/rob\u00f2tica-300x225.jpg 300w, https:\/\/agora.xtec.cat\/ceip-joaquim-blume\/wp-content\/uploads\/usu1577\/2020\/05\/rob\u00f2tica-768x576.jpg 768w, https:\/\/agora.xtec.cat\/ceip-joaquim-blume\/wp-content\/uploads\/usu1577\/2020\/05\/rob\u00f2tica-200x150.jpg 200w\" sizes=\"auto, (max-width: 216px) 100vw, 216px\" \/>Amb la creaci\u00f3 de l\u2019aula d\u2019inform\u00e0tica, la tecnologia entra a l\u2019escola gr\u00e0cies a la col\u00b7laboraci\u00f3 altruista de persones externes a ella. Actualment a la nostra escola comptem amb m\u00e9s de 100 dispositius entre ordinadors i tauletes. Tamb\u00e9 disposem d\u2019equips de rob\u00f2tica i de pissarres digitals.<\/p>\n<p>&nbsp;<\/p>\n<p>&nbsp;<\/p>\n<p><img loading=\"lazy\" decoding=\"async\" class=\"wp-image-2152 alignright\" src=\"https:\/\/agora.xtec.cat\/ceip-joaquim-blume\/wp-content\/uploads\/usu1577\/2020\/05\/25aniversari.jpg\" alt=\"\" width=\"278\" height=\"209\" srcset=\"https:\/\/agora.xtec.cat\/ceip-joaquim-blume\/wp-content\/uploads\/usu1577\/2020\/05\/25aniversari.jpg 640w, https:\/\/agora.xtec.cat\/ceip-joaquim-blume\/wp-content\/uploads\/usu1577\/2020\/05\/25aniversari-300x225.jpg 300w, https:\/\/agora.xtec.cat\/ceip-joaquim-blume\/wp-content\/uploads\/usu1577\/2020\/05\/25aniversari-200x150.jpg 200w\" sizes=\"auto, (max-width: 278px) 100vw, 278px\" \/><\/p>\n<p><img loading=\"lazy\" decoding=\"async\" class=\"alignleft wp-image-2158\" src=\"https:\/\/agora.xtec.cat\/ceip-joaquim-blume\/wp-content\/uploads\/usu1577\/2020\/05\/NUEVO-LOGO-BLUME-DEFINITIVO-1-909x1024.gif\" alt=\"\" width=\"74\" height=\"83\" srcset=\"https:\/\/agora.xtec.cat\/ceip-joaquim-blume\/wp-content\/uploads\/usu1577\/2020\/05\/NUEVO-LOGO-BLUME-DEFINITIVO-1-909x1024.gif 909w, https:\/\/agora.xtec.cat\/ceip-joaquim-blume\/wp-content\/uploads\/usu1577\/2020\/05\/NUEVO-LOGO-BLUME-DEFINITIVO-1-266x300.gif 266w, https:\/\/agora.xtec.cat\/ceip-joaquim-blume\/wp-content\/uploads\/usu1577\/2020\/05\/NUEVO-LOGO-BLUME-DEFINITIVO-1-768x865.gif 768w\" sizes=\"auto, (max-width: 74px) 100vw, 74px\" \/>La celebraci\u00f3 del 25\u00e8 aniversari de l\u2019escola es fa a l\u2019any 2004.<span style=\"font-family: inherit; font-size: 1em;\">Aquest esdeveniment acull diversos\u00a0<\/span><span style=\"font-family: inherit; font-size: 1em;\">actes, des de la creaci\u00f3 d\u2019una pancarta, exposici\u00f3 d\u2019imatges, gravaci\u00f3 de CD amb can\u00e7ons, manualitats, elaboraci\u00f3 d\u2019una revista, una representaci\u00f3 teatral i el concurs de disseny del logotip de l\u2019escola. \u00c9s aqu\u00ed quan el nostre fam\u00f3s logotip apareix per primera vegada. L\u2019alumna Alba Gonz\u00e1lez guanya el concurs de disseny. Uns anys m\u00e9s tard es digitalitza donant-li un caire m\u00e9s modern.<\/span><\/p>\n<p>&nbsp;<\/p>\n<p>Al\u00a0 2009 s\u2019inaugura la llar d\u2019infants Joaquim Blume. Aviat comencem a veure molts ullets que ens miren amb curiositat. Establim un estret lligam amb els nostres ve\u00efns. Al Nadal anem a cantar nadales, anem plegats a veure l\u2019obra de Sant Jordi de la nostra escola, compartim projectes i experi\u00e8ncies. Hem col\u00b7laborat en la celebraci\u00f3 del seu 10\u00e8 aniversari&#8230; Estem molt contents de tenir la llar tan a prop!<\/p>\n<p>A l\u2019any 2011, despr\u00e9s de molt esperar, es fa la inauguraci\u00f3 de la Biblioteca de l\u2019escola. Desapareix la casa del conserge i es crea una biblioteca amb espais diferenciats per a petits i grans. Durant uns anys la Biblumeteca s\u2019obre tamb\u00e9 fora l\u2019horari escolar. En l\u2019actualitat l\u2019\u00fas de la biblioteca est\u00e0 recollit dins l\u2019horari de les classes. Cada setmana baixem una sessi\u00f3 per fomentar el gust per la lectura.<\/p>\n<p><img loading=\"lazy\" decoding=\"async\" class=\"alignleft wp-image-2154\" src=\"https:\/\/agora.xtec.cat\/ceip-joaquim-blume\/wp-content\/uploads\/usu1577\/2020\/05\/agenda21-1024x768.jpg\" alt=\"\" width=\"256\" height=\"192\" srcset=\"https:\/\/agora.xtec.cat\/ceip-joaquim-blume\/wp-content\/uploads\/usu1577\/2020\/05\/agenda21-1024x768.jpg 1024w, https:\/\/agora.xtec.cat\/ceip-joaquim-blume\/wp-content\/uploads\/usu1577\/2020\/05\/agenda21-300x225.jpg 300w, https:\/\/agora.xtec.cat\/ceip-joaquim-blume\/wp-content\/uploads\/usu1577\/2020\/05\/agenda21-768x576.jpg 768w, https:\/\/agora.xtec.cat\/ceip-joaquim-blume\/wp-content\/uploads\/usu1577\/2020\/05\/agenda21-200x150.jpg 200w\" sizes=\"auto, (max-width: 256px) 100vw, 256px\" \/>Al 2013 guanyem el concurs d\u2019esl\u00f2gans d\u2019Agenda 21. Des de fa temps formem part del programa d\u2019Agenda 21 que ens ajuda a transmetre als nostres alumnes els valors del respecte per la natura, l\u2019estalvi energ\u00e8tic i educaci\u00f3 en sostenibilitat. Durant tots aquests anys realitzem actuacions com la recuperaci\u00f3 de l\u2019hort escolar i implementem mesures d\u2019estalvi energ\u00e8tic tant en el consum de paper, com en el de d\u2019aigua i l\u2019electricitat.<\/p>\n<p>&nbsp;<\/p>\n<p><img loading=\"lazy\" decoding=\"async\" class=\"wp-image-2155 alignright\" src=\"https:\/\/agora.xtec.cat\/ceip-joaquim-blume\/wp-content\/uploads\/usu1577\/2020\/05\/palmera-1024x768.jpg\" alt=\"\" width=\"314\" height=\"236\" srcset=\"https:\/\/agora.xtec.cat\/ceip-joaquim-blume\/wp-content\/uploads\/usu1577\/2020\/05\/palmera-1024x768.jpg 1024w, https:\/\/agora.xtec.cat\/ceip-joaquim-blume\/wp-content\/uploads\/usu1577\/2020\/05\/palmera-300x225.jpg 300w, https:\/\/agora.xtec.cat\/ceip-joaquim-blume\/wp-content\/uploads\/usu1577\/2020\/05\/palmera-768x576.jpg 768w, https:\/\/agora.xtec.cat\/ceip-joaquim-blume\/wp-content\/uploads\/usu1577\/2020\/05\/palmera-200x150.jpg 200w\" sizes=\"auto, (max-width: 314px) 100vw, 314px\" \/><\/p>\n<p>L\u2019any 2014 hem d\u2019acomiadar a la nostra estimada palmera, element emblem\u00e0tic de la nostra escola. Despr\u00e9s de fer-nos ombra quan feia calor, de ser el recer de molts ocells, de fer castells de sorra al seu voltant&#8230; la nostra estimada palmera, ha de ser tallada degut a una malaltia provocada per un insecte anomenat &#8220;Morrut Roig&#8221; Picudo rojo. Tota l\u2019escola li fa el comiat que es mereix. Encara la trobem a faltar!<\/p>\n<p>&nbsp;<\/p>\n<p>&nbsp;<\/p>\n<p>Al\u00a0 2015 comencem a formar part del programa A-Cordant, un projecte impulsat per l\u2019Orquestra Simf\u00f2nica i l\u2019Ajuntament de Sabadell per a la formaci\u00f3 d\u2019orquestres als centres educatius .Un m\u00fasic de l\u2019Orquestra Simf\u00f2nica del Vall\u00e8s i estudiants del Conservatori de m\u00fasica, venen a impartir classe de viol\u00ed, viola i violoncel. Una experi\u00e8ncia \u00fanica per a molts dels nostres alumnes i l\u2019oportunitat d\u2019accedir a la m\u00fasica amb tots els beneficis educatius que comporta, a m\u00e9s a m\u00e9s d\u2019afavorir l\u2019escolta activa, el treball en equip, l\u2019esfor\u00e7 i la const\u00e0ncia.<\/p>\n<p><img loading=\"lazy\" decoding=\"async\" class=\"wp-image-1848 aligncenter\" src=\"https:\/\/agora.xtec.cat\/ceip-joaquim-blume\/wp-content\/uploads\/usu1577\/2020\/03\/acordant.jpg\" alt=\"\" width=\"635\" height=\"140\" srcset=\"https:\/\/agora.xtec.cat\/ceip-joaquim-blume\/wp-content\/uploads\/usu1577\/2020\/03\/acordant.jpg 1000w, https:\/\/agora.xtec.cat\/ceip-joaquim-blume\/wp-content\/uploads\/usu1577\/2020\/03\/acordant-300x66.jpg 300w, https:\/\/agora.xtec.cat\/ceip-joaquim-blume\/wp-content\/uploads\/usu1577\/2020\/03\/acordant-768x169.jpg 768w\" sizes=\"auto, (max-width: 635px) 100vw, 635px\" \/><\/p>\n<p>A l\u2019any 2016 entrem a formar\u00a0part <span style=\"font-family: inherit; font-size: 1em;\">del programa MAGNET de la Fundaci\u00f3 Jaume Bofill. Se\u2019ns ofereix l\u2019oportunitat de ser Escola Magnet. El claustre de professors est\u00e0 d\u2019acord en la necessitat de fer un canvi metodol\u00f2gic a l\u2019escola per tal d\u2019oferir un projecte educatiu de qualitat i innovador. Fem alian\u00e7a amb el Centre de Recerca de la Matem\u00e0tica, donat que entenem que la matem\u00e0tica ens ajuda a entendre el m\u00f3n. Aquest canvi ve acompanyat d\u2019una important inversi\u00f3 en tecnologies: pissarres digitals a totes les aules, tauletes i material de rob\u00f2tica dels 3 als 12 anys. Entre totes i tots creem el nostre lema \u201d<\/span><strong style=\"font-family: inherit; font-size: 1em;\">AL BLUME TOTS COMPTEM, SUMA-T\u2019HI<\/strong><span style=\"font-family: inherit; font-size: 1em;\">\u201d<\/span><\/p>\n<p>Al curs 2019-2020 celebrem el 40\u00e8 aniversari de l\u2019escola amb un acte que reuneix a tota la comunitat educativa i comptem amb l&#8217;assist\u00e8ncia de personalitats com, el Conseller d\u2019educaci\u00f3, el Sr. Josep Bargall\u00f3 i l\u2019alcaldessa de Sabadell, Marta Farr\u00e9s; juntament amb d&#8217;altres autoritats com el Delegat de Govern a Barcelona i el Sr director dels Serveis Territorials d&#8217;Educaci\u00f3 del Vall\u00e9s Occidental.<\/p>\n<p><img loading=\"lazy\" decoding=\"async\" class=\"alignleft size-full wp-image-1845\" src=\"https:\/\/agora.xtec.cat\/ceip-joaquim-blume\/wp-content\/uploads\/usu1577\/2020\/03\/new-banner-copia.jpg\" alt=\"\" width=\"1000\" height=\"220\" srcset=\"https:\/\/agora.xtec.cat\/ceip-joaquim-blume\/wp-content\/uploads\/usu1577\/2020\/03\/new-banner-copia.jpg 1000w, https:\/\/agora.xtec.cat\/ceip-joaquim-blume\/wp-content\/uploads\/usu1577\/2020\/03\/new-banner-copia-300x66.jpg 300w, https:\/\/agora.xtec.cat\/ceip-joaquim-blume\/wp-content\/uploads\/usu1577\/2020\/03\/new-banner-copia-768x169.jpg 768w\" sizes=\"auto, (max-width: 1000px) 100vw, 1000px\" \/><\/p>\n<p>&nbsp;<\/p>\n<p>&nbsp;<\/p>\n<p>&nbsp;<\/p>\n<p>&nbsp;<\/p>\n<div style=\"text-align: center;\">\n<div style=\"margin: 8px 0px 4px;\"><a href=\"https:\/\/www.calameo.com\/books\/004070572603db89e1816\" target=\"_blank\" rel=\"noopener noreferrer\">Eix Cronologic Escola Joaquim Blume<\/a><\/div>\n<p><iframe loading=\"lazy\" src=\"\/\/v.calameo.com\/?bkcode=004070572603db89e1816\" width=\"300\" height=\"194\" frameborder=\"0\"><\/iframe><\/p>\n<\/div>\n<p><img loading=\"lazy\" decoding=\"async\" class=\"alignleft wp-image-2580 size-medium\" src=\"https:\/\/agora.xtec.cat\/ceip-joaquim-blume\/wp-content\/uploads\/usu1577\/2021\/07\/Blume-1-300x226.jpg\" alt=\"\" width=\"300\" height=\"226\" srcset=\"https:\/\/agora.xtec.cat\/ceip-joaquim-blume\/wp-content\/uploads\/usu1577\/2021\/07\/Blume-1-300x226.jpg 300w, https:\/\/agora.xtec.cat\/ceip-joaquim-blume\/wp-content\/uploads\/usu1577\/2021\/07\/Blume-1-1024x772.jpg 1024w, https:\/\/agora.xtec.cat\/ceip-joaquim-blume\/wp-content\/uploads\/usu1577\/2021\/07\/Blume-1-768x579.jpg 768w, https:\/\/agora.xtec.cat\/ceip-joaquim-blume\/wp-content\/uploads\/usu1577\/2021\/07\/Blume-1-1536x1158.jpg 1536w, https:\/\/agora.xtec.cat\/ceip-joaquim-blume\/wp-content\/uploads\/usu1577\/2021\/07\/Blume-1-200x150.jpg 200w, https:\/\/agora.xtec.cat\/ceip-joaquim-blume\/wp-content\/uploads\/usu1577\/2021\/07\/Blume-1.jpg 1592w\" sizes=\"auto, (max-width: 300px) 100vw, 300px\" \/><\/p>\n<p><img loading=\"lazy\" decoding=\"async\" class=\"alignleft wp-image-2581 size-medium\" src=\"https:\/\/agora.xtec.cat\/ceip-joaquim-blume\/wp-content\/uploads\/usu1577\/2021\/07\/Blume-2-300x226.jpg\" alt=\"\" width=\"300\" height=\"226\" srcset=\"https:\/\/agora.xtec.cat\/ceip-joaquim-blume\/wp-content\/uploads\/usu1577\/2021\/07\/Blume-2-300x226.jpg 300w, https:\/\/agora.xtec.cat\/ceip-joaquim-blume\/wp-content\/uploads\/usu1577\/2021\/07\/Blume-2-1024x770.jpg 1024w, https:\/\/agora.xtec.cat\/ceip-joaquim-blume\/wp-content\/uploads\/usu1577\/2021\/07\/Blume-2-768x578.jpg 768w, https:\/\/agora.xtec.cat\/ceip-joaquim-blume\/wp-content\/uploads\/usu1577\/2021\/07\/Blume-2-1536x1156.jpg 1536w, https:\/\/agora.xtec.cat\/ceip-joaquim-blume\/wp-content\/uploads\/usu1577\/2021\/07\/Blume-2-200x150.jpg 200w, https:\/\/agora.xtec.cat\/ceip-joaquim-blume\/wp-content\/uploads\/usu1577\/2021\/07\/Blume-2.jpg 1595w\" sizes=\"auto, (max-width: 300px) 100vw, 300px\" \/><img loading=\"lazy\" decoding=\"async\" class=\"alignleft wp-image-2582 size-medium\" src=\"https:\/\/agora.xtec.cat\/ceip-joaquim-blume\/wp-content\/uploads\/usu1577\/2021\/07\/Blume-3-300x216.jpg\" alt=\"\" width=\"300\" height=\"216\" srcset=\"https:\/\/agora.xtec.cat\/ceip-joaquim-blume\/wp-content\/uploads\/usu1577\/2021\/07\/Blume-3-300x216.jpg 300w, https:\/\/agora.xtec.cat\/ceip-joaquim-blume\/wp-content\/uploads\/usu1577\/2021\/07\/Blume-3-1024x736.jpg 1024w, https:\/\/agora.xtec.cat\/ceip-joaquim-blume\/wp-content\/uploads\/usu1577\/2021\/07\/Blume-3-768x552.jpg 768w, https:\/\/agora.xtec.cat\/ceip-joaquim-blume\/wp-content\/uploads\/usu1577\/2021\/07\/Blume-3-1536x1104.jpg 1536w, https:\/\/agora.xtec.cat\/ceip-joaquim-blume\/wp-content\/uploads\/usu1577\/2021\/07\/Blume-3.jpg 1600w\" sizes=\"auto, (max-width: 300px) 100vw, 300px\" \/><\/p>\n<p>&nbsp;<\/p>\n<p>&nbsp;<\/p>\n<p>&nbsp;<\/p>\n<p>&nbsp;<\/p>\n<p>&nbsp;<\/p>\n<p>&nbsp;<\/p>\n<p>FONT: fotos que surten del negatiu original de la fam\u00edlia Marcet i Garcia Planas on surt el Joaquim Blume fent una demostraci\u00f3 a les piscines Marcet de Sabadell.<\/p>\n<p>&nbsp;<\/p>\n","protected":false},"excerpt":{"rendered":"<p>El Blume, com l&#8217;anomenem els que l&#8217;estimem, \u00e9s un centre educatiu que va sorgir gr\u00e0cies a la lluita ve\u00efnal, al seu esfor\u00e7 i a la seva generositat. \u00c9s per aquest motiu que presumim de ser l&#8217;escola del barri, l&#8217;escola de Sant Oleguer.<br \/>\nFa m\u00e9s de quaranta&hellip;  <a href=\"https:\/\/agora.xtec.cat\/ceip-joaquim-blume\/lescola\/historia\/\" title=\"Read Hist\u00f2ria\">Llegeix m\u00e9s\u00bb<\/a><\/p>\n","protected":false},"author":1,"featured_media":0,"parent":22,"menu_order":20,"comment_status":"closed","ping_status":"closed","template":"page-templates\/side-menu.php","meta":{"_bbp_topic_count":0,"_bbp_reply_count":0,"_bbp_total_topic_count":0,"_bbp_total_reply_count":0,"_bbp_voice_count":0,"_bbp_anonymous_reply_count":0,"_bbp_topic_count_hidden":0,"_bbp_reply_count_hidden":0,"_bbp_forum_subforum_count":0,"footnotes":""},"class_list":["post-26","page","type-page","status-publish","hentry"],"post_mailing_queue_ids":[],"_links":{"self":[{"href":"https:\/\/agora.xtec.cat\/ceip-joaquim-blume\/wp-json\/wp\/v2\/pages\/26","targetHints":{"allow":["GET"]}}],"collection":[{"href":"https:\/\/agora.xtec.cat\/ceip-joaquim-blume\/wp-json\/wp\/v2\/pages"}],"about":[{"href":"https:\/\/agora.xtec.cat\/ceip-joaquim-blume\/wp-json\/wp\/v2\/types\/page"}],"author":[{"embeddable":true,"href":"https:\/\/agora.xtec.cat\/ceip-joaquim-blume\/wp-json\/wp\/v2\/users\/1"}],"replies":[{"embeddable":true,"href":"https:\/\/agora.xtec.cat\/ceip-joaquim-blume\/wp-json\/wp\/v2\/comments?post=26"}],"version-history":[{"count":3,"href":"https:\/\/agora.xtec.cat\/ceip-joaquim-blume\/wp-json\/wp\/v2\/pages\/26\/revisions"}],"predecessor-version":[{"id":3511,"href":"https:\/\/agora.xtec.cat\/ceip-joaquim-blume\/wp-json\/wp\/v2\/pages\/26\/revisions\/3511"}],"up":[{"embeddable":true,"href":"https:\/\/agora.xtec.cat\/ceip-joaquim-blume\/wp-json\/wp\/v2\/pages\/22"}],"wp:attachment":[{"href":"https:\/\/agora.xtec.cat\/ceip-joaquim-blume\/wp-json\/wp\/v2\/media?parent=26"}],"curies":[{"name":"wp","href":"https:\/\/api.w.org\/{rel}","templated":true}]}}